{"id":693742,"date":"2022-05-17T11:55:11","date_gmt":"2022-05-17T09:55:11","guid":{"rendered":"https:\/\/tonymora.com\/shop\/1966-daslu-lini-club-negro-savoy-roe\/"},"modified":"2026-05-11T19:34:48","modified_gmt":"2026-05-11T17:34:48","slug":"1966-daslu-lini-club-schwarz-savoy-roe","status":"publish","type":"product","link":"https:\/\/tonymora.com\/de\/produkt\/1966-daslu-lini-club-schwarz-savoy-roe\/","title":{"rendered":"1966 DASLU LINI CLUB SCHWARZ \/ SAVOY ROE"},"content":{"rendered":"<p>Wir lieben das Spiel mit kontrastierenden Farben, deshalb pr\u00e4sentieren wir dieses neue Modell in schwarzem Kalbsleder. Die klassische beigefarbene Gestaltung der Spitze und die N\u00e4hte auf dem Schaft, ebenfalls in Beige, heben das Design dieses sch\u00f6nen Paares hervor. Die perfekten Begleiter, die jeden Moment zu etwas Besonderem machen.<\/p>\n","protected":false},"excerpt":{"rendered":"<p>Eine markante Silhouette, die jeden Look aufwertet. Authentische Inspiration und unverwechselbare Pers\u00f6nlichkeit.<\/p>\n<p>F\u00fcr alle, die Stil mit Bedeutung und echter Ausstrahlung suchen.<\/p>\n","protected":false},"featured_media":693714,"template":"","meta":{"_mbp_gutenberg_autopost":false},"product_brand":[757,759,761,763,765,767],"product_cat":[169,170,167,1141,168,1135],"product_tag":[],"class_list":{"0":"post-693742","1":"product","2":"type-product","3":"status-publish","4":"has-post-thumbnail","6":"product_brand-talla-mujer-36","7":"product_brand-talla-mujer-37","8":"product_brand-talla-mujer-38","9":"product_brand-talla-mujer-39","10":"product_brand-talla-mujer-40","11":"product_brand-talla-mujer-41","12":"product_cat-casual-damenstiefel","13":"product_cat-cowboystiefel-damen","14":"product_cat-damen","15":"product_cat-lederstiefel-damen","16":"product_cat-line-dancing-stiefel-damen","17":"product_cat-rabatte-damenstiefel","19":"first","20":"instock","21":"taxable","22":"shipping-taxable","23":"purchasable","24":"product-type-variable"},"_links":{"self":[{"href":"https:\/\/tonymora.com\/de\/wp-json\/wp\/v2\/product\/693742","targetHints":{"allow":["GET"]}}],"collection":[{"href":"https:\/\/tonymora.com\/de\/wp-json\/wp\/v2\/product"}],"about":[{"href":"https:\/\/tonymora.com\/de\/wp-json\/wp\/v2\/types\/product"}],"wp:featuredmedia":[{"embeddable":true,"href":"https:\/\/tonymora.com\/de\/wp-json\/wp\/v2\/media\/693714"}],"wp:attachment":[{"href":"https:\/\/tonymora.com\/de\/wp-json\/wp\/v2\/media?parent=693742"}],"wp:term":[{"taxonomy":"product_brand","embeddable":true,"href":"https:\/\/tonymora.com\/de\/wp-json\/wp\/v2\/product_brand?post=693742"},{"taxonomy":"product_cat","embeddable":true,"href":"https:\/\/tonymora.com\/de\/wp-json\/wp\/v2\/product_cat?post=693742"},{"taxonomy":"product_tag","embeddable":true,"href":"https:\/\/tonymora.com\/de\/wp-json\/wp\/v2\/product_tag?post=693742"}],"curies":[{"name":"wp","href":"https:\/\/api.w.org\/{rel}","templated":true}]}}