{"id":694082,"date":"2022-05-18T10:08:52","date_gmt":"2022-05-18T08:08:52","guid":{"rendered":"https:\/\/tonymora.com\/shop\/2247-j-lini-kasur-testa-savoy-roe-ayers-rosa\/"},"modified":"2026-05-11T19:34:48","modified_gmt":"2026-05-11T17:34:48","slug":"2247-j-lini-kasur-testa-savoy-roe-ayers-rosa","status":"publish","type":"product","link":"https:\/\/tonymora.com\/de\/produkt\/2247-j-lini-kasur-testa-savoy-roe-ayers-rosa\/","title":{"rendered":"2247 J LINI KASUR TESTA \/ SAVOY ROE \/ AYERS PINKE"},"content":{"rendered":"<p>Originell und auff\u00e4llig, so l\u00e4sst sich dieser Stil am besten beschreiben. Die handwerklichen F\u00e4higkeiten, die es braucht, um diesen Stiefel zu entwerfen, sind unglaublich, da es sich um eines der speziellsten und komplexesten Designs handelt, die wir in der Tony Mora Familie haben. Jedes Teil wird St\u00fcck f\u00fcr St\u00fcck zugeschnitten, dann \u00fcbereinandergelegt und mit nur einer einzigen Naht verbunden. Wenn Sie ein Fan des Exklusiven sind, sind diese Stiefel wie f\u00fcr Sie gemacht!<\/p>\n","protected":false},"excerpt":{"rendered":"<p>Ein Angebot mit Herz, das Sie wirklich begleitet.<br \/>\nIdeal, um Sie Tag und Nacht mit derselben Zuversicht zu begleiten.<\/p>\n","protected":false},"featured_media":694072,"template":"","meta":{"_mbp_gutenberg_autopost":false},"product_brand":[759,761,763,767],"product_cat":[169,170,167],"product_tag":[],"class_list":{"0":"post-694082","1":"product","2":"type-product","3":"status-publish","4":"has-post-thumbnail","6":"product_brand-talla-mujer-37","7":"product_brand-talla-mujer-38","8":"product_brand-talla-mujer-39","9":"product_brand-talla-mujer-41","10":"product_cat-casual-damenstiefel","11":"product_cat-cowboystiefel-damen","12":"product_cat-damen","14":"first","15":"outofstock","16":"taxable","17":"shipping-taxable","18":"purchasable","19":"product-type-variable"},"_links":{"self":[{"href":"https:\/\/tonymora.com\/de\/wp-json\/wp\/v2\/product\/694082","targetHints":{"allow":["GET"]}}],"collection":[{"href":"https:\/\/tonymora.com\/de\/wp-json\/wp\/v2\/product"}],"about":[{"href":"https:\/\/tonymora.com\/de\/wp-json\/wp\/v2\/types\/product"}],"wp:featuredmedia":[{"embeddable":true,"href":"https:\/\/tonymora.com\/de\/wp-json\/wp\/v2\/media\/694072"}],"wp:attachment":[{"href":"https:\/\/tonymora.com\/de\/wp-json\/wp\/v2\/media?parent=694082"}],"wp:term":[{"taxonomy":"product_brand","embeddable":true,"href":"https:\/\/tonymora.com\/de\/wp-json\/wp\/v2\/product_brand?post=694082"},{"taxonomy":"product_cat","embeddable":true,"href":"https:\/\/tonymora.com\/de\/wp-json\/wp\/v2\/product_cat?post=694082"},{"taxonomy":"product_tag","embeddable":true,"href":"https:\/\/tonymora.com\/de\/wp-json\/wp\/v2\/product_tag?post=694082"}],"curies":[{"name":"wp","href":"https:\/\/api.w.org\/{rel}","templated":true}]}}