{"id":694175,"date":"2022-05-18T10:23:49","date_gmt":"2022-05-18T08:23:49","guid":{"rendered":"https:\/\/tonymora.com\/shop\/4866-j-lini-palma-negro-savoy-roe\/"},"modified":"2023-07-27T08:51:21","modified_gmt":"2023-07-27T06:51:21","slug":"4866-j-lini-palma-schwarz-savoy-roe","status":"publish","type":"product","link":"https:\/\/tonymora.com\/de\/produkt\/4866-j-lini-palma-schwarz-savoy-roe\/","title":{"rendered":"4866 J LINI PALMA SCHWARZ \/ SAVOY ROE"},"content":{"rendered":"<p>Mit diesem Modell pr\u00e4sentieren wir das perfekte Beispiel f\u00fcr die filigrane Handwerkskunst, die uns auszeichnet. Jeder Schnitt des Designs wird mit feinster Pr\u00e4zision ausgef\u00fchrt, um das klassische schwarze Leder mit einem sch\u00f6nen beige Hintergrund zu kombinieren. F\u00fcr zus\u00e4tzlichen Schutz sind die Kanten der Schnitte von Hand vern\u00e4ht, was diesem Modell einen eleganten Abschluss verleiht.<\/p>\n","protected":false},"excerpt":{"rendered":"<p>Unaufdringliche Eleganz f\u00fcr Kenner. Ein Klassiker mit viel Pers\u00f6nlichkeit.<\/p>\n<p>Ein Kleidungsst\u00fcck, das Ihre Identit\u00e4t unterstreicht und Ihnen m\u00fchelos Stil verleiht.<\/p>\n","protected":false},"featured_media":694165,"template":"","meta":{"_mbp_gutenberg_autopost":false},"product_brand":[763],"product_cat":[169,167,168],"product_tag":[],"class_list":{"0":"post-694175","1":"product","2":"type-product","3":"status-publish","4":"has-post-thumbnail","6":"product_brand-talla-mujer-39","7":"product_cat-casual-damenstiefel","8":"product_cat-damen","9":"product_cat-line-dancing-stiefel-damen","11":"first","12":"instock","13":"taxable","14":"shipping-taxable","15":"product-type-variable"},"supplier_id":null,"supplier_sku":"","barcode":null,"atum_controlled":true,"out_stock_date":null,"out_stock_threshold":null,"inheritable":true,"inbound_stock":0,"stock_on_hold":0,"sold_today":0,"sales_last_days":0,"reserved_stock":0,"customer_returns":0,"warehouse_damage":0,"lost_in_post":0,"other_logs":0,"out_stock_days":0,"lost_sales":0,"has_location":false,"update_date":"2025-10-27T12:36:55","atum_locations":[],"atum_stock_status":"instock","restock_status":false,"low_stock_amount":"","sales_update_date":"2024-04-24T22:32:20","calc_backorders":null,"yoast_head":"<!-- This site is optimized with the Yoast SEO plugin v27.2 - https:\/\/yoast.com\/product\/yoast-seo-wordpress\/ -->\n<title>4866 J LINI PALMA SCHWARZ \/ SAVOY ROE - Tony Mora\u00ae Boots Official Store<\/title>\n<meta name=\"description\" content=\"Jeder Schnitt des Designs wird mit feinster Pr\u00e4zision ausgef\u00fchrt, um das klassische schwarze Leder mit einem sch\u00f6nen beige Hintergrund.\" \/>\n<meta name=\"robots\" content=\"index, follow, max-snippet:-1, max-image-preview:large, max-video-preview:-1\" \/>\n<link rel=\"canonical\" href=\"https:\/\/tonymora.com\/de\/produkt\/4866-j-lini-palma-schwarz-savoy-roe\/\" \/>\n<meta property=\"og:locale\" content=\"de_DE\" \/>\n<meta property=\"og:type\" content=\"article\" \/>\n<meta property=\"og:title\" content=\"4866 J LINI PALMA SCHWARZ \/ SAVOY ROE - Tony Mora\u00ae Boots Official Store\" \/>\n<meta property=\"og:description\" content=\"Jeder Schnitt des Designs wird mit feinster Pr\u00e4zision ausgef\u00fchrt, um das klassische schwarze Leder mit einem sch\u00f6nen beige Hintergrund.\" \/>\n<meta property=\"og:url\" content=\"https:\/\/tonymora.com\/de\/produkt\/4866-j-lini-palma-schwarz-savoy-roe\/\" \/>\n<meta property=\"og:site_name\" content=\"Tony Mora\u00ae Boots Official Store\" \/>\n<meta property=\"article:publisher\" content=\"https:\/\/www.facebook.com\/Tonymoraofficial\/\" \/>\n<meta property=\"article:modified_time\" content=\"2023-07-27T06:51:21+00:00\" \/>\n<meta property=\"og:image\" content=\"https:\/\/tonymora.com\/wp-content\/uploads\/2022\/05\/07-4866-j-linicabra-palma.jpg\" \/>\n\t<meta property=\"og:image:width\" content=\"866\" \/>\n\t<meta property=\"og:image:height\" content=\"1032\" \/>\n\t<meta property=\"og:image:type\" content=\"image\/jpeg\" \/>\n<meta name=\"twitter:card\" content=\"summary_large_image\" \/>\n<script type=\"application\/ld+json\" class=\"yoast-schema-graph\">{\"@context\":\"https:\/\/schema.org\",\"@graph\":[{\"@type\":\"WebPage\",\"@id\":\"https:\/\/tonymora.com\/de\/produkt\/4866-j-lini-palma-schwarz-savoy-roe\/\",\"url\":\"https:\/\/tonymora.com\/de\/produkt\/4866-j-lini-palma-schwarz-savoy-roe\/\",\"name\":\"4866 J LINI PALMA SCHWARZ \/ SAVOY ROE - Tony Mora\u00ae Boots Official Store\",\"isPartOf\":{\"@id\":\"https:\/\/tonymora.com\/de\/#website\"},\"primaryImageOfPage\":{\"@id\":\"https:\/\/tonymora.com\/de\/produkt\/4866-j-lini-palma-schwarz-savoy-roe\/#primaryimage\"},\"image\":{\"@id\":\"https:\/\/tonymora.com\/de\/produkt\/4866-j-lini-palma-schwarz-savoy-roe\/#primaryimage\"},\"thumbnailUrl\":\"https:\/\/tonymora.com\/wp-content\/uploads\/2022\/05\/07-4866-j-linicabra-palma.jpg\",\"datePublished\":\"2022-05-18T08:23:49+00:00\",\"dateModified\":\"2023-07-27T06:51:21+00:00\",\"description\":\"Jeder Schnitt des Designs wird mit feinster Pr\u00e4zision ausgef\u00fchrt, um das klassische schwarze Leder mit einem sch\u00f6nen beige Hintergrund.\",\"breadcrumb\":{\"@id\":\"https:\/\/tonymora.com\/de\/produkt\/4866-j-lini-palma-schwarz-savoy-roe\/#breadcrumb\"},\"inLanguage\":\"de\",\"potentialAction\":[{\"@type\":\"ReadAction\",\"target\":[\"https:\/\/tonymora.com\/de\/produkt\/4866-j-lini-palma-schwarz-savoy-roe\/\"]}]},{\"@type\":\"ImageObject\",\"inLanguage\":\"de\",\"@id\":\"https:\/\/tonymora.com\/de\/produkt\/4866-j-lini-palma-schwarz-savoy-roe\/#primaryimage\",\"url\":\"https:\/\/tonymora.com\/wp-content\/uploads\/2022\/05\/07-4866-j-linicabra-palma.jpg\",\"contentUrl\":\"https:\/\/tonymora.com\/wp-content\/uploads\/2022\/05\/07-4866-j-linicabra-palma.jpg\",\"width\":866,\"height\":1032},{\"@type\":\"BreadcrumbList\",\"@id\":\"https:\/\/tonymora.com\/de\/produkt\/4866-j-lini-palma-schwarz-savoy-roe\/#breadcrumb\",\"itemListElement\":[{\"@type\":\"ListItem\",\"position\":1,\"name\":\"Portada\",\"item\":\"https:\/\/tonymora.com\/de\/\"},{\"@type\":\"ListItem\",\"position\":2,\"name\":\"Shop\",\"item\":\"https:\/\/tonymora.com\/de\/shop\/\"},{\"@type\":\"ListItem\",\"position\":3,\"name\":\"Damen\",\"item\":\"https:\/\/tonymora.com\/de\/produkt-kategorie\/damen\/\"},{\"@type\":\"ListItem\",\"position\":4,\"name\":\"4866 J LINI PALMA SCHWARZ \/ SAVOY ROE\"}]},{\"@type\":\"WebSite\",\"@id\":\"https:\/\/tonymora.com\/de\/#website\",\"url\":\"https:\/\/tonymora.com\/de\/\",\"name\":\"Tony Mora\u00ae Boots Official Store\",\"description\":\"Cowboy Boots\",\"publisher\":{\"@id\":\"https:\/\/tonymora.com\/de\/#organization\"},\"potentialAction\":[{\"@type\":\"SearchAction\",\"target\":{\"@type\":\"EntryPoint\",\"urlTemplate\":\"https:\/\/tonymora.com\/de\/?s={search_term_string}\"},\"query-input\":{\"@type\":\"PropertyValueSpecification\",\"valueRequired\":true,\"valueName\":\"search_term_string\"}}],\"inLanguage\":\"de\"},{\"@type\":\"Organization\",\"@id\":\"https:\/\/tonymora.com\/de\/#organization\",\"name\":\"Tony Mora Boots\",\"url\":\"https:\/\/tonymora.com\/de\/\",\"logo\":{\"@type\":\"ImageObject\",\"inLanguage\":\"de\",\"@id\":\"https:\/\/tonymora.com\/de\/#\/schema\/logo\/image\/\",\"url\":\"https:\/\/tonymora.com\/wp-content\/uploads\/2023\/12\/LOGO.jpg\",\"contentUrl\":\"https:\/\/tonymora.com\/wp-content\/uploads\/2023\/12\/LOGO.jpg\",\"width\":2272,\"height\":1411,\"caption\":\"Tony Mora Boots\"},\"image\":{\"@id\":\"https:\/\/tonymora.com\/de\/#\/schema\/logo\/image\/\"},\"sameAs\":[\"https:\/\/www.facebook.com\/Tonymoraofficial\/\",\"https:\/\/www.instagram.com\/tonymoraofficial\/?hl=es\"]}]}<\/script>\n<!-- \/ Yoast SEO plugin. -->","yoast_head_json":{"title":"4866 J LINI PALMA SCHWARZ \/ SAVOY ROE - Tony Mora\u00ae Boots Official Store","description":"Jeder Schnitt des Designs wird mit feinster Pr\u00e4zision ausgef\u00fchrt, um das klassische schwarze Leder mit einem sch\u00f6nen beige Hintergrund.","robots":{"index":"index","follow":"follow","max-snippet":"max-snippet:-1","max-image-preview":"max-image-preview:large","max-video-preview":"max-video-preview:-1"},"canonical":"https:\/\/tonymora.com\/de\/produkt\/4866-j-lini-palma-schwarz-savoy-roe\/","og_locale":"de_DE","og_type":"article","og_title":"4866 J LINI PALMA SCHWARZ \/ SAVOY ROE - Tony Mora\u00ae Boots Official Store","og_description":"Jeder Schnitt des Designs wird mit feinster Pr\u00e4zision ausgef\u00fchrt, um das klassische schwarze Leder mit einem sch\u00f6nen beige Hintergrund.","og_url":"https:\/\/tonymora.com\/de\/produkt\/4866-j-lini-palma-schwarz-savoy-roe\/","og_site_name":"Tony Mora\u00ae Boots Official Store","article_publisher":"https:\/\/www.facebook.com\/Tonymoraofficial\/","article_modified_time":"2023-07-27T06:51:21+00:00","og_image":[{"width":866,"height":1032,"url":"https:\/\/tonymora.com\/wp-content\/uploads\/2022\/05\/07-4866-j-linicabra-palma.jpg","type":"image\/jpeg"}],"twitter_card":"summary_large_image","schema":{"@context":"https:\/\/schema.org","@graph":[{"@type":"WebPage","@id":"https:\/\/tonymora.com\/de\/produkt\/4866-j-lini-palma-schwarz-savoy-roe\/","url":"https:\/\/tonymora.com\/de\/produkt\/4866-j-lini-palma-schwarz-savoy-roe\/","name":"4866 J LINI PALMA SCHWARZ \/ SAVOY ROE - Tony Mora\u00ae Boots Official Store","isPartOf":{"@id":"https:\/\/tonymora.com\/de\/#website"},"primaryImageOfPage":{"@id":"https:\/\/tonymora.com\/de\/produkt\/4866-j-lini-palma-schwarz-savoy-roe\/#primaryimage"},"image":{"@id":"https:\/\/tonymora.com\/de\/produkt\/4866-j-lini-palma-schwarz-savoy-roe\/#primaryimage"},"thumbnailUrl":"https:\/\/tonymora.com\/wp-content\/uploads\/2022\/05\/07-4866-j-linicabra-palma.jpg","datePublished":"2022-05-18T08:23:49+00:00","dateModified":"2023-07-27T06:51:21+00:00","description":"Jeder Schnitt des Designs wird mit feinster Pr\u00e4zision ausgef\u00fchrt, um das klassische schwarze Leder mit einem sch\u00f6nen beige Hintergrund.","breadcrumb":{"@id":"https:\/\/tonymora.com\/de\/produkt\/4866-j-lini-palma-schwarz-savoy-roe\/#breadcrumb"},"inLanguage":"de","potentialAction":[{"@type":"ReadAction","target":["https:\/\/tonymora.com\/de\/produkt\/4866-j-lini-palma-schwarz-savoy-roe\/"]}]},{"@type":"ImageObject","inLanguage":"de","@id":"https:\/\/tonymora.com\/de\/produkt\/4866-j-lini-palma-schwarz-savoy-roe\/#primaryimage","url":"https:\/\/tonymora.com\/wp-content\/uploads\/2022\/05\/07-4866-j-linicabra-palma.jpg","contentUrl":"https:\/\/tonymora.com\/wp-content\/uploads\/2022\/05\/07-4866-j-linicabra-palma.jpg","width":866,"height":1032},{"@type":"BreadcrumbList","@id":"https:\/\/tonymora.com\/de\/produkt\/4866-j-lini-palma-schwarz-savoy-roe\/#breadcrumb","itemListElement":[{"@type":"ListItem","position":1,"name":"Portada","item":"https:\/\/tonymora.com\/de\/"},{"@type":"ListItem","position":2,"name":"Shop","item":"https:\/\/tonymora.com\/de\/shop\/"},{"@type":"ListItem","position":3,"name":"Damen","item":"https:\/\/tonymora.com\/de\/produkt-kategorie\/damen\/"},{"@type":"ListItem","position":4,"name":"4866 J LINI PALMA SCHWARZ \/ SAVOY ROE"}]},{"@type":"WebSite","@id":"https:\/\/tonymora.com\/de\/#website","url":"https:\/\/tonymora.com\/de\/","name":"Tony Mora\u00ae Boots Official Store","description":"Cowboy Boots","publisher":{"@id":"https:\/\/tonymora.com\/de\/#organization"},"potentialAction":[{"@type":"SearchAction","target":{"@type":"EntryPoint","urlTemplate":"https:\/\/tonymora.com\/de\/?s={search_term_string}"},"query-input":{"@type":"PropertyValueSpecification","valueRequired":true,"valueName":"search_term_string"}}],"inLanguage":"de"},{"@type":"Organization","@id":"https:\/\/tonymora.com\/de\/#organization","name":"Tony Mora Boots","url":"https:\/\/tonymora.com\/de\/","logo":{"@type":"ImageObject","inLanguage":"de","@id":"https:\/\/tonymora.com\/de\/#\/schema\/logo\/image\/","url":"https:\/\/tonymora.com\/wp-content\/uploads\/2023\/12\/LOGO.jpg","contentUrl":"https:\/\/tonymora.com\/wp-content\/uploads\/2023\/12\/LOGO.jpg","width":2272,"height":1411,"caption":"Tony Mora Boots"},"image":{"@id":"https:\/\/tonymora.com\/de\/#\/schema\/logo\/image\/"},"sameAs":["https:\/\/www.facebook.com\/Tonymoraofficial\/","https:\/\/www.instagram.com\/tonymoraofficial\/?hl=es"]}]}},"_links":{"self":[{"href":"https:\/\/tonymora.com\/de\/wp-json\/wp\/v2\/product\/694175","targetHints":{"allow":["GET"]}}],"collection":[{"href":"https:\/\/tonymora.com\/de\/wp-json\/wp\/v2\/product"}],"about":[{"href":"https:\/\/tonymora.com\/de\/wp-json\/wp\/v2\/types\/product"}],"wp:featuredmedia":[{"embeddable":true,"href":"https:\/\/tonymora.com\/de\/wp-json\/wp\/v2\/media\/694165"}],"wp:attachment":[{"href":"https:\/\/tonymora.com\/de\/wp-json\/wp\/v2\/media?parent=694175"}],"wp:term":[{"taxonomy":"product_brand","embeddable":true,"href":"https:\/\/tonymora.com\/de\/wp-json\/wp\/v2\/product_brand?post=694175"},{"taxonomy":"product_cat","embeddable":true,"href":"https:\/\/tonymora.com\/de\/wp-json\/wp\/v2\/product_cat?post=694175"},{"taxonomy":"product_tag","embeddable":true,"href":"https:\/\/tonymora.com\/de\/wp-json\/wp\/v2\/product_tag?post=694175"}],"curies":[{"name":"wp","href":"https:\/\/api.w.org\/{rel}","templated":true}]}}