{"id":694335,"date":"2022-05-18T11:49:55","date_gmt":"2022-05-18T09:49:55","guid":{"rendered":"https:\/\/tonymora.com\/shop\/1703-juana90-irene-congo-vino\/"},"modified":"2023-11-09T12:29:13","modified_gmt":"2023-11-09T11:29:13","slug":"1703-juana90-irene-congo-kam","status":"publish","type":"product","link":"https:\/\/tonymora.com\/de\/produkt\/1703-juana90-irene-congo-kam\/","title":{"rendered":"1703 JUANA90 IRENE CONGO KAM"},"content":{"rendered":"<p>Lernen Sie unser neues Modell kennen &#8211; aus 100% nat\u00fcrlichem Leder und von h\u00f6chster Qualit\u00e4t gefertigt, damit Sie immer elegant und modisch unterwegs sind. Die runde Spitze und der klassische hohe Absatz mit einer H\u00f6he von 6 cm sind ideal, um die Stiefel den ganzen Tag \u00fcber zu tragen. Ihre Sch\u00e4fte sind mit einer wei\u00dfen Fadenstickerei verziert, die die Eleganz des weinroten Leders zus\u00e4tzlich unterstreicht. Diese Stiefel passen perfekt zu Ihnen!<\/p>\n","protected":false},"excerpt":{"rendered":"<p>Unaufdringliche Eleganz f\u00fcr Kenner. Absolute Eleganz in dunklem Ton. Entworfen, um Momente zu genie\u00dfen, nicht um Trends zu folgen.<\/p>\n","protected":false},"featured_media":694325,"template":"","meta":{"_mbp_gutenberg_autopost":false},"product_brand":[767],"product_cat":[169,167],"product_tag":[],"class_list":{"0":"post-694335","1":"product","2":"type-product","3":"status-publish","4":"has-post-thumbnail","6":"product_brand-talla-mujer-41","7":"product_cat-casual-damenstiefel","8":"product_cat-damen","10":"first","11":"outofstock","12":"taxable","13":"shipping-taxable","14":"purchasable","15":"product-type-variable"},"supplier_id":null,"supplier_sku":"","barcode":null,"atum_controlled":true,"out_stock_date":null,"out_stock_threshold":null,"inheritable":true,"inbound_stock":0,"stock_on_hold":0,"sold_today":0,"sales_last_days":0,"reserved_stock":0,"customer_returns":0,"warehouse_damage":0,"lost_in_post":0,"other_logs":0,"out_stock_days":0,"lost_sales":0,"has_location":false,"update_date":"2024-11-14T11:13:11","atum_locations":[],"atum_stock_status":"outofstock","restock_status":false,"low_stock_amount":"","sales_update_date":"2024-11-14T11:13:11","calc_backorders":null,"yoast_head":"<!-- This site is optimized with the Yoast SEO plugin v27.2 - https:\/\/yoast.com\/product\/yoast-seo-wordpress\/ -->\n<title>1703 JUANA90 IRENE CONGO KAM - Tony Mora\u00ae Boots Official Store<\/title>\n<meta name=\"description\" content=\"Lernen Sie unser neues Modell kennen - aus 100% nat\u00fcrlichem Leder und von h\u00f6chster Qualit\u00e4t gefertigt, damit Sie immer elegant und modisch.\" \/>\n<meta name=\"robots\" content=\"index, follow, max-snippet:-1, max-image-preview:large, max-video-preview:-1\" \/>\n<link rel=\"canonical\" href=\"https:\/\/tonymora.com\/de\/produkt\/1703-juana90-irene-congo-kam\/\" \/>\n<meta property=\"og:locale\" content=\"de_DE\" \/>\n<meta property=\"og:type\" content=\"article\" \/>\n<meta property=\"og:title\" content=\"1703 JUANA90 IRENE CONGO KAM - Tony Mora\u00ae Boots Official Store\" \/>\n<meta property=\"og:description\" content=\"Lernen Sie unser neues Modell kennen - aus 100% nat\u00fcrlichem Leder und von h\u00f6chster Qualit\u00e4t gefertigt, damit Sie immer elegant und modisch.\" \/>\n<meta property=\"og:url\" content=\"https:\/\/tonymora.com\/de\/produkt\/1703-juana90-irene-congo-kam\/\" \/>\n<meta property=\"og:site_name\" content=\"Tony Mora\u00ae Boots Official Store\" \/>\n<meta property=\"article:publisher\" content=\"https:\/\/www.facebook.com\/Tonymoraofficial\/\" \/>\n<meta property=\"article:modified_time\" content=\"2023-11-09T11:29:13+00:00\" \/>\n<meta property=\"og:image\" content=\"https:\/\/tonymora.com\/wp-content\/uploads\/2022\/05\/09-1703-juana-90-irene-congo-vino.jpg\" \/>\n\t<meta property=\"og:image:width\" content=\"866\" \/>\n\t<meta property=\"og:image:height\" content=\"1032\" \/>\n\t<meta property=\"og:image:type\" content=\"image\/jpeg\" \/>\n<meta name=\"twitter:card\" content=\"summary_large_image\" \/>\n<script type=\"application\/ld+json\" class=\"yoast-schema-graph\">{\"@context\":\"https:\/\/schema.org\",\"@graph\":[{\"@type\":\"WebPage\",\"@id\":\"https:\/\/tonymora.com\/de\/produkt\/1703-juana90-irene-congo-kam\/\",\"url\":\"https:\/\/tonymora.com\/de\/produkt\/1703-juana90-irene-congo-kam\/\",\"name\":\"1703 JUANA90 IRENE CONGO KAM - Tony Mora\u00ae Boots Official Store\",\"isPartOf\":{\"@id\":\"https:\/\/tonymora.com\/de\/#website\"},\"primaryImageOfPage\":{\"@id\":\"https:\/\/tonymora.com\/de\/produkt\/1703-juana90-irene-congo-kam\/#primaryimage\"},\"image\":{\"@id\":\"https:\/\/tonymora.com\/de\/produkt\/1703-juana90-irene-congo-kam\/#primaryimage\"},\"thumbnailUrl\":\"https:\/\/tonymora.com\/wp-content\/uploads\/2022\/05\/09-1703-juana-90-irene-congo-vino.jpg\",\"datePublished\":\"2022-05-18T09:49:55+00:00\",\"dateModified\":\"2023-11-09T11:29:13+00:00\",\"description\":\"Lernen Sie unser neues Modell kennen - aus 100% nat\u00fcrlichem Leder und von h\u00f6chster Qualit\u00e4t gefertigt, damit Sie immer elegant und modisch.\",\"breadcrumb\":{\"@id\":\"https:\/\/tonymora.com\/de\/produkt\/1703-juana90-irene-congo-kam\/#breadcrumb\"},\"inLanguage\":\"de\",\"potentialAction\":[{\"@type\":\"ReadAction\",\"target\":[\"https:\/\/tonymora.com\/de\/produkt\/1703-juana90-irene-congo-kam\/\"]}]},{\"@type\":\"ImageObject\",\"inLanguage\":\"de\",\"@id\":\"https:\/\/tonymora.com\/de\/produkt\/1703-juana90-irene-congo-kam\/#primaryimage\",\"url\":\"https:\/\/tonymora.com\/wp-content\/uploads\/2022\/05\/09-1703-juana-90-irene-congo-vino.jpg\",\"contentUrl\":\"https:\/\/tonymora.com\/wp-content\/uploads\/2022\/05\/09-1703-juana-90-irene-congo-vino.jpg\",\"width\":866,\"height\":1032},{\"@type\":\"BreadcrumbList\",\"@id\":\"https:\/\/tonymora.com\/de\/produkt\/1703-juana90-irene-congo-kam\/#breadcrumb\",\"itemListElement\":[{\"@type\":\"ListItem\",\"position\":1,\"name\":\"Portada\",\"item\":\"https:\/\/tonymora.com\/de\/\"},{\"@type\":\"ListItem\",\"position\":2,\"name\":\"Shop\",\"item\":\"https:\/\/tonymora.com\/de\/shop\/\"},{\"@type\":\"ListItem\",\"position\":3,\"name\":\"Damen\",\"item\":\"https:\/\/tonymora.com\/de\/produkt-kategorie\/damen\/\"},{\"@type\":\"ListItem\",\"position\":4,\"name\":\"1703 JUANA90 IRENE CONGO KAM\"}]},{\"@type\":\"WebSite\",\"@id\":\"https:\/\/tonymora.com\/de\/#website\",\"url\":\"https:\/\/tonymora.com\/de\/\",\"name\":\"Tony Mora\u00ae Boots Official Store\",\"description\":\"Cowboy Boots\",\"publisher\":{\"@id\":\"https:\/\/tonymora.com\/de\/#organization\"},\"potentialAction\":[{\"@type\":\"SearchAction\",\"target\":{\"@type\":\"EntryPoint\",\"urlTemplate\":\"https:\/\/tonymora.com\/de\/?s={search_term_string}\"},\"query-input\":{\"@type\":\"PropertyValueSpecification\",\"valueRequired\":true,\"valueName\":\"search_term_string\"}}],\"inLanguage\":\"de\"},{\"@type\":\"Organization\",\"@id\":\"https:\/\/tonymora.com\/de\/#organization\",\"name\":\"Tony Mora Boots\",\"url\":\"https:\/\/tonymora.com\/de\/\",\"logo\":{\"@type\":\"ImageObject\",\"inLanguage\":\"de\",\"@id\":\"https:\/\/tonymora.com\/de\/#\/schema\/logo\/image\/\",\"url\":\"https:\/\/tonymora.com\/wp-content\/uploads\/2023\/12\/LOGO.jpg\",\"contentUrl\":\"https:\/\/tonymora.com\/wp-content\/uploads\/2023\/12\/LOGO.jpg\",\"width\":2272,\"height\":1411,\"caption\":\"Tony Mora Boots\"},\"image\":{\"@id\":\"https:\/\/tonymora.com\/de\/#\/schema\/logo\/image\/\"},\"sameAs\":[\"https:\/\/www.facebook.com\/Tonymoraofficial\/\",\"https:\/\/www.instagram.com\/tonymoraofficial\/?hl=es\"]}]}<\/script>\n<!-- \/ Yoast SEO plugin. -->","yoast_head_json":{"title":"1703 JUANA90 IRENE CONGO KAM - Tony Mora\u00ae Boots Official Store","description":"Lernen Sie unser neues Modell kennen - aus 100% nat\u00fcrlichem Leder und von h\u00f6chster Qualit\u00e4t gefertigt, damit Sie immer elegant und modisch.","robots":{"index":"index","follow":"follow","max-snippet":"max-snippet:-1","max-image-preview":"max-image-preview:large","max-video-preview":"max-video-preview:-1"},"canonical":"https:\/\/tonymora.com\/de\/produkt\/1703-juana90-irene-congo-kam\/","og_locale":"de_DE","og_type":"article","og_title":"1703 JUANA90 IRENE CONGO KAM - Tony Mora\u00ae Boots Official Store","og_description":"Lernen Sie unser neues Modell kennen - aus 100% nat\u00fcrlichem Leder und von h\u00f6chster Qualit\u00e4t gefertigt, damit Sie immer elegant und modisch.","og_url":"https:\/\/tonymora.com\/de\/produkt\/1703-juana90-irene-congo-kam\/","og_site_name":"Tony Mora\u00ae Boots Official Store","article_publisher":"https:\/\/www.facebook.com\/Tonymoraofficial\/","article_modified_time":"2023-11-09T11:29:13+00:00","og_image":[{"width":866,"height":1032,"url":"https:\/\/tonymora.com\/wp-content\/uploads\/2022\/05\/09-1703-juana-90-irene-congo-vino.jpg","type":"image\/jpeg"}],"twitter_card":"summary_large_image","schema":{"@context":"https:\/\/schema.org","@graph":[{"@type":"WebPage","@id":"https:\/\/tonymora.com\/de\/produkt\/1703-juana90-irene-congo-kam\/","url":"https:\/\/tonymora.com\/de\/produkt\/1703-juana90-irene-congo-kam\/","name":"1703 JUANA90 IRENE CONGO KAM - Tony Mora\u00ae Boots Official Store","isPartOf":{"@id":"https:\/\/tonymora.com\/de\/#website"},"primaryImageOfPage":{"@id":"https:\/\/tonymora.com\/de\/produkt\/1703-juana90-irene-congo-kam\/#primaryimage"},"image":{"@id":"https:\/\/tonymora.com\/de\/produkt\/1703-juana90-irene-congo-kam\/#primaryimage"},"thumbnailUrl":"https:\/\/tonymora.com\/wp-content\/uploads\/2022\/05\/09-1703-juana-90-irene-congo-vino.jpg","datePublished":"2022-05-18T09:49:55+00:00","dateModified":"2023-11-09T11:29:13+00:00","description":"Lernen Sie unser neues Modell kennen - aus 100% nat\u00fcrlichem Leder und von h\u00f6chster Qualit\u00e4t gefertigt, damit Sie immer elegant und modisch.","breadcrumb":{"@id":"https:\/\/tonymora.com\/de\/produkt\/1703-juana90-irene-congo-kam\/#breadcrumb"},"inLanguage":"de","potentialAction":[{"@type":"ReadAction","target":["https:\/\/tonymora.com\/de\/produkt\/1703-juana90-irene-congo-kam\/"]}]},{"@type":"ImageObject","inLanguage":"de","@id":"https:\/\/tonymora.com\/de\/produkt\/1703-juana90-irene-congo-kam\/#primaryimage","url":"https:\/\/tonymora.com\/wp-content\/uploads\/2022\/05\/09-1703-juana-90-irene-congo-vino.jpg","contentUrl":"https:\/\/tonymora.com\/wp-content\/uploads\/2022\/05\/09-1703-juana-90-irene-congo-vino.jpg","width":866,"height":1032},{"@type":"BreadcrumbList","@id":"https:\/\/tonymora.com\/de\/produkt\/1703-juana90-irene-congo-kam\/#breadcrumb","itemListElement":[{"@type":"ListItem","position":1,"name":"Portada","item":"https:\/\/tonymora.com\/de\/"},{"@type":"ListItem","position":2,"name":"Shop","item":"https:\/\/tonymora.com\/de\/shop\/"},{"@type":"ListItem","position":3,"name":"Damen","item":"https:\/\/tonymora.com\/de\/produkt-kategorie\/damen\/"},{"@type":"ListItem","position":4,"name":"1703 JUANA90 IRENE CONGO KAM"}]},{"@type":"WebSite","@id":"https:\/\/tonymora.com\/de\/#website","url":"https:\/\/tonymora.com\/de\/","name":"Tony Mora\u00ae Boots Official Store","description":"Cowboy Boots","publisher":{"@id":"https:\/\/tonymora.com\/de\/#organization"},"potentialAction":[{"@type":"SearchAction","target":{"@type":"EntryPoint","urlTemplate":"https:\/\/tonymora.com\/de\/?s={search_term_string}"},"query-input":{"@type":"PropertyValueSpecification","valueRequired":true,"valueName":"search_term_string"}}],"inLanguage":"de"},{"@type":"Organization","@id":"https:\/\/tonymora.com\/de\/#organization","name":"Tony Mora Boots","url":"https:\/\/tonymora.com\/de\/","logo":{"@type":"ImageObject","inLanguage":"de","@id":"https:\/\/tonymora.com\/de\/#\/schema\/logo\/image\/","url":"https:\/\/tonymora.com\/wp-content\/uploads\/2023\/12\/LOGO.jpg","contentUrl":"https:\/\/tonymora.com\/wp-content\/uploads\/2023\/12\/LOGO.jpg","width":2272,"height":1411,"caption":"Tony Mora Boots"},"image":{"@id":"https:\/\/tonymora.com\/de\/#\/schema\/logo\/image\/"},"sameAs":["https:\/\/www.facebook.com\/Tonymoraofficial\/","https:\/\/www.instagram.com\/tonymoraofficial\/?hl=es"]}]}},"_links":{"self":[{"href":"https:\/\/tonymora.com\/de\/wp-json\/wp\/v2\/product\/694335","targetHints":{"allow":["GET"]}}],"collection":[{"href":"https:\/\/tonymora.com\/de\/wp-json\/wp\/v2\/product"}],"about":[{"href":"https:\/\/tonymora.com\/de\/wp-json\/wp\/v2\/types\/product"}],"wp:featuredmedia":[{"embeddable":true,"href":"https:\/\/tonymora.com\/de\/wp-json\/wp\/v2\/media\/694325"}],"wp:attachment":[{"href":"https:\/\/tonymora.com\/de\/wp-json\/wp\/v2\/media?parent=694335"}],"wp:term":[{"taxonomy":"product_brand","embeddable":true,"href":"https:\/\/tonymora.com\/de\/wp-json\/wp\/v2\/product_brand?post=694335"},{"taxonomy":"product_cat","embeddable":true,"href":"https:\/\/tonymora.com\/de\/wp-json\/wp\/v2\/product_cat?post=694335"},{"taxonomy":"product_tag","embeddable":true,"href":"https:\/\/tonymora.com\/de\/wp-json\/wp\/v2\/product_tag?post=694335"}],"curies":[{"name":"wp","href":"https:\/\/api.w.org\/{rel}","templated":true}]}}