{"id":694452,"date":"2022-05-23T11:54:44","date_gmt":"2022-05-23T09:54:44","guid":{"rendered":"https:\/\/tonymora.com\/shop\/2048-juana90-irene-washed-marino-piton-marron\/"},"modified":"2025-08-01T09:13:48","modified_gmt":"2025-08-01T07:13:48","slug":"2048-juana90-irene-washed-marino-piton-braun","status":"publish","type":"product","link":"https:\/\/tonymora.com\/de\/produkt\/2048-juana90-irene-washed-marino-piton-braun\/","title":{"rendered":"2048 JUANA90 IRENE WASHED MARINO \/ PITON BRAUN"},"content":{"rendered":"<p>Eleganter Stiefel mit gegens\u00e4tzlichen Details: hochwertiges marineblaues Kalbsleder auf dem Schaft steht im Kontrast zu dem s\u00fc\u00dfen Schmetterlingsdekor aus braunem Pythonleder und setzt farbliche Akzente. Der hohe Absatz von 6 cm macht sie perfekt und bequem zu tragen, ohne zu erm\u00fcden. Handgefertigt mit Goodyear Welt Comfort &#8211; probieren Sie sie an!<\/p>\n","protected":false},"excerpt":{"rendered":"<p>Ein Kleidungsst\u00fcck, das mit unaufdringlicher Selbstsicherheit besticht. Ein Klassiker mit viel Pers\u00f6nlichkeit.<br \/>\nDer letzte Schliff, der Schlichtheit in etwas Unvergessliches verwandelt.<\/p>\n","protected":false},"featured_media":694442,"template":"","meta":{"_mbp_gutenberg_autopost":false},"product_brand":[759,763],"product_cat":[169,167,224],"product_tag":[],"class_list":{"0":"post-694452","1":"product","2":"type-product","3":"status-publish","4":"has-post-thumbnail","6":"product_brand-talla-mujer-37","7":"product_brand-talla-mujer-39","8":"product_cat-casual-damenstiefel","9":"product_cat-damen","10":"product_cat-luxusstiefel-damen","12":"first","13":"outofstock","14":"taxable","15":"shipping-taxable","16":"product-type-variable"},"supplier_id":null,"supplier_sku":"","barcode":null,"atum_controlled":true,"out_stock_date":null,"out_stock_threshold":null,"inheritable":true,"inbound_stock":0,"stock_on_hold":0,"sold_today":0,"sales_last_days":0,"reserved_stock":0,"customer_returns":0,"warehouse_damage":0,"lost_in_post":0,"other_logs":0,"out_stock_days":0,"lost_sales":0,"has_location":false,"update_date":"2025-10-27T12:37:57","atum_locations":[],"atum_stock_status":"outofstock","restock_status":false,"low_stock_amount":"","sales_update_date":"2024-11-14T11:13:11","calc_backorders":null,"yoast_head":"<!-- This site is optimized with the Yoast SEO plugin v27.2 - https:\/\/yoast.com\/product\/yoast-seo-wordpress\/ -->\n<title>Marineblaue Cowboystiefel mit quadratischem Absatz | Tony Mora<\/title>\n<meta name=\"description\" content=\"Cowboystiefel f\u00fcr Damen aus marineblauem Leder mit braunen Pythondetails. Bequemer 6-cm-Absatz und Goodyear-Rahmenkonstruktion. Stil und Qualit\u00e4t garantiert.\" \/>\n<meta name=\"robots\" content=\"index, follow, max-snippet:-1, max-image-preview:large, max-video-preview:-1\" \/>\n<link rel=\"canonical\" href=\"https:\/\/tonymora.com\/de\/produkt\/2048-juana90-irene-washed-marino-piton-braun\/\" \/>\n<meta property=\"og:locale\" content=\"de_DE\" \/>\n<meta property=\"og:type\" content=\"article\" \/>\n<meta property=\"og:title\" content=\"Marineblaue Cowboystiefel mit quadratischem Absatz | Tony Mora\" \/>\n<meta property=\"og:description\" content=\"Cowboystiefel f\u00fcr Damen aus marineblauem Leder mit braunen Pythondetails. Bequemer 6-cm-Absatz und Goodyear-Rahmenkonstruktion. Stil und Qualit\u00e4t garantiert.\" \/>\n<meta property=\"og:url\" content=\"https:\/\/tonymora.com\/de\/produkt\/2048-juana90-irene-washed-marino-piton-braun\/\" \/>\n<meta property=\"og:site_name\" content=\"Tony Mora\u00ae Boots Official Store\" \/>\n<meta property=\"article:publisher\" content=\"https:\/\/www.facebook.com\/Tonymoraofficial\/\" \/>\n<meta property=\"article:modified_time\" content=\"2025-08-01T07:13:48+00:00\" \/>\n<meta property=\"og:image\" content=\"https:\/\/tonymora.com\/wp-content\/uploads\/2022\/05\/09-2048-juana90-irene-washed-marino.jpg\" \/>\n\t<meta property=\"og:image:width\" content=\"866\" \/>\n\t<meta property=\"og:image:height\" content=\"1032\" \/>\n\t<meta property=\"og:image:type\" content=\"image\/jpeg\" \/>\n<meta name=\"twitter:card\" content=\"summary_large_image\" \/>\n<script type=\"application\/ld+json\" class=\"yoast-schema-graph\">{\"@context\":\"https:\/\/schema.org\",\"@graph\":[{\"@type\":\"WebPage\",\"@id\":\"https:\/\/tonymora.com\/de\/produkt\/2048-juana90-irene-washed-marino-piton-braun\/\",\"url\":\"https:\/\/tonymora.com\/de\/produkt\/2048-juana90-irene-washed-marino-piton-braun\/\",\"name\":\"Marineblaue Cowboystiefel mit quadratischem Absatz | Tony Mora\",\"isPartOf\":{\"@id\":\"https:\/\/tonymora.com\/de\/#website\"},\"primaryImageOfPage\":{\"@id\":\"https:\/\/tonymora.com\/de\/produkt\/2048-juana90-irene-washed-marino-piton-braun\/#primaryimage\"},\"image\":{\"@id\":\"https:\/\/tonymora.com\/de\/produkt\/2048-juana90-irene-washed-marino-piton-braun\/#primaryimage\"},\"thumbnailUrl\":\"https:\/\/tonymora.com\/wp-content\/uploads\/2022\/05\/09-2048-juana90-irene-washed-marino.jpg\",\"datePublished\":\"2022-05-23T09:54:44+00:00\",\"dateModified\":\"2025-08-01T07:13:48+00:00\",\"description\":\"Cowboystiefel f\u00fcr Damen aus marineblauem Leder mit braunen Pythondetails. Bequemer 6-cm-Absatz und Goodyear-Rahmenkonstruktion. Stil und Qualit\u00e4t garantiert.\",\"breadcrumb\":{\"@id\":\"https:\/\/tonymora.com\/de\/produkt\/2048-juana90-irene-washed-marino-piton-braun\/#breadcrumb\"},\"inLanguage\":\"de\",\"potentialAction\":[{\"@type\":\"ReadAction\",\"target\":[\"https:\/\/tonymora.com\/de\/produkt\/2048-juana90-irene-washed-marino-piton-braun\/\"]}]},{\"@type\":\"ImageObject\",\"inLanguage\":\"de\",\"@id\":\"https:\/\/tonymora.com\/de\/produkt\/2048-juana90-irene-washed-marino-piton-braun\/#primaryimage\",\"url\":\"https:\/\/tonymora.com\/wp-content\/uploads\/2022\/05\/09-2048-juana90-irene-washed-marino.jpg\",\"contentUrl\":\"https:\/\/tonymora.com\/wp-content\/uploads\/2022\/05\/09-2048-juana90-irene-washed-marino.jpg\",\"width\":866,\"height\":1032},{\"@type\":\"BreadcrumbList\",\"@id\":\"https:\/\/tonymora.com\/de\/produkt\/2048-juana90-irene-washed-marino-piton-braun\/#breadcrumb\",\"itemListElement\":[{\"@type\":\"ListItem\",\"position\":1,\"name\":\"Portada\",\"item\":\"https:\/\/tonymora.com\/de\/\"},{\"@type\":\"ListItem\",\"position\":2,\"name\":\"Shop\",\"item\":\"https:\/\/tonymora.com\/de\/shop\/\"},{\"@type\":\"ListItem\",\"position\":3,\"name\":\"Damen\",\"item\":\"https:\/\/tonymora.com\/de\/produkt-kategorie\/damen\/\"},{\"@type\":\"ListItem\",\"position\":4,\"name\":\"2048 JUANA90 IRENE WASHED MARINO \/ PITON BRAUN\"}]},{\"@type\":\"WebSite\",\"@id\":\"https:\/\/tonymora.com\/de\/#website\",\"url\":\"https:\/\/tonymora.com\/de\/\",\"name\":\"Tony Mora\u00ae Boots Official Store\",\"description\":\"Cowboy Boots\",\"publisher\":{\"@id\":\"https:\/\/tonymora.com\/de\/#organization\"},\"potentialAction\":[{\"@type\":\"SearchAction\",\"target\":{\"@type\":\"EntryPoint\",\"urlTemplate\":\"https:\/\/tonymora.com\/de\/?s={search_term_string}\"},\"query-input\":{\"@type\":\"PropertyValueSpecification\",\"valueRequired\":true,\"valueName\":\"search_term_string\"}}],\"inLanguage\":\"de\"},{\"@type\":\"Organization\",\"@id\":\"https:\/\/tonymora.com\/de\/#organization\",\"name\":\"Tony Mora Boots\",\"url\":\"https:\/\/tonymora.com\/de\/\",\"logo\":{\"@type\":\"ImageObject\",\"inLanguage\":\"de\",\"@id\":\"https:\/\/tonymora.com\/de\/#\/schema\/logo\/image\/\",\"url\":\"https:\/\/tonymora.com\/wp-content\/uploads\/2023\/12\/LOGO.jpg\",\"contentUrl\":\"https:\/\/tonymora.com\/wp-content\/uploads\/2023\/12\/LOGO.jpg\",\"width\":2272,\"height\":1411,\"caption\":\"Tony Mora Boots\"},\"image\":{\"@id\":\"https:\/\/tonymora.com\/de\/#\/schema\/logo\/image\/\"},\"sameAs\":[\"https:\/\/www.facebook.com\/Tonymoraofficial\/\",\"https:\/\/www.instagram.com\/tonymoraofficial\/?hl=es\"]}]}<\/script>\n<!-- \/ Yoast SEO plugin. -->","yoast_head_json":{"title":"Marineblaue Cowboystiefel mit quadratischem Absatz | Tony Mora","description":"Cowboystiefel f\u00fcr Damen aus marineblauem Leder mit braunen Pythondetails. Bequemer 6-cm-Absatz und Goodyear-Rahmenkonstruktion. Stil und Qualit\u00e4t garantiert.","robots":{"index":"index","follow":"follow","max-snippet":"max-snippet:-1","max-image-preview":"max-image-preview:large","max-video-preview":"max-video-preview:-1"},"canonical":"https:\/\/tonymora.com\/de\/produkt\/2048-juana90-irene-washed-marino-piton-braun\/","og_locale":"de_DE","og_type":"article","og_title":"Marineblaue Cowboystiefel mit quadratischem Absatz | Tony Mora","og_description":"Cowboystiefel f\u00fcr Damen aus marineblauem Leder mit braunen Pythondetails. Bequemer 6-cm-Absatz und Goodyear-Rahmenkonstruktion. Stil und Qualit\u00e4t garantiert.","og_url":"https:\/\/tonymora.com\/de\/produkt\/2048-juana90-irene-washed-marino-piton-braun\/","og_site_name":"Tony Mora\u00ae Boots Official Store","article_publisher":"https:\/\/www.facebook.com\/Tonymoraofficial\/","article_modified_time":"2025-08-01T07:13:48+00:00","og_image":[{"width":866,"height":1032,"url":"https:\/\/tonymora.com\/wp-content\/uploads\/2022\/05\/09-2048-juana90-irene-washed-marino.jpg","type":"image\/jpeg"}],"twitter_card":"summary_large_image","schema":{"@context":"https:\/\/schema.org","@graph":[{"@type":"WebPage","@id":"https:\/\/tonymora.com\/de\/produkt\/2048-juana90-irene-washed-marino-piton-braun\/","url":"https:\/\/tonymora.com\/de\/produkt\/2048-juana90-irene-washed-marino-piton-braun\/","name":"Marineblaue Cowboystiefel mit quadratischem Absatz | Tony Mora","isPartOf":{"@id":"https:\/\/tonymora.com\/de\/#website"},"primaryImageOfPage":{"@id":"https:\/\/tonymora.com\/de\/produkt\/2048-juana90-irene-washed-marino-piton-braun\/#primaryimage"},"image":{"@id":"https:\/\/tonymora.com\/de\/produkt\/2048-juana90-irene-washed-marino-piton-braun\/#primaryimage"},"thumbnailUrl":"https:\/\/tonymora.com\/wp-content\/uploads\/2022\/05\/09-2048-juana90-irene-washed-marino.jpg","datePublished":"2022-05-23T09:54:44+00:00","dateModified":"2025-08-01T07:13:48+00:00","description":"Cowboystiefel f\u00fcr Damen aus marineblauem Leder mit braunen Pythondetails. Bequemer 6-cm-Absatz und Goodyear-Rahmenkonstruktion. Stil und Qualit\u00e4t garantiert.","breadcrumb":{"@id":"https:\/\/tonymora.com\/de\/produkt\/2048-juana90-irene-washed-marino-piton-braun\/#breadcrumb"},"inLanguage":"de","potentialAction":[{"@type":"ReadAction","target":["https:\/\/tonymora.com\/de\/produkt\/2048-juana90-irene-washed-marino-piton-braun\/"]}]},{"@type":"ImageObject","inLanguage":"de","@id":"https:\/\/tonymora.com\/de\/produkt\/2048-juana90-irene-washed-marino-piton-braun\/#primaryimage","url":"https:\/\/tonymora.com\/wp-content\/uploads\/2022\/05\/09-2048-juana90-irene-washed-marino.jpg","contentUrl":"https:\/\/tonymora.com\/wp-content\/uploads\/2022\/05\/09-2048-juana90-irene-washed-marino.jpg","width":866,"height":1032},{"@type":"BreadcrumbList","@id":"https:\/\/tonymora.com\/de\/produkt\/2048-juana90-irene-washed-marino-piton-braun\/#breadcrumb","itemListElement":[{"@type":"ListItem","position":1,"name":"Portada","item":"https:\/\/tonymora.com\/de\/"},{"@type":"ListItem","position":2,"name":"Shop","item":"https:\/\/tonymora.com\/de\/shop\/"},{"@type":"ListItem","position":3,"name":"Damen","item":"https:\/\/tonymora.com\/de\/produkt-kategorie\/damen\/"},{"@type":"ListItem","position":4,"name":"2048 JUANA90 IRENE WASHED MARINO \/ PITON BRAUN"}]},{"@type":"WebSite","@id":"https:\/\/tonymora.com\/de\/#website","url":"https:\/\/tonymora.com\/de\/","name":"Tony Mora\u00ae Boots Official Store","description":"Cowboy Boots","publisher":{"@id":"https:\/\/tonymora.com\/de\/#organization"},"potentialAction":[{"@type":"SearchAction","target":{"@type":"EntryPoint","urlTemplate":"https:\/\/tonymora.com\/de\/?s={search_term_string}"},"query-input":{"@type":"PropertyValueSpecification","valueRequired":true,"valueName":"search_term_string"}}],"inLanguage":"de"},{"@type":"Organization","@id":"https:\/\/tonymora.com\/de\/#organization","name":"Tony Mora Boots","url":"https:\/\/tonymora.com\/de\/","logo":{"@type":"ImageObject","inLanguage":"de","@id":"https:\/\/tonymora.com\/de\/#\/schema\/logo\/image\/","url":"https:\/\/tonymora.com\/wp-content\/uploads\/2023\/12\/LOGO.jpg","contentUrl":"https:\/\/tonymora.com\/wp-content\/uploads\/2023\/12\/LOGO.jpg","width":2272,"height":1411,"caption":"Tony Mora Boots"},"image":{"@id":"https:\/\/tonymora.com\/de\/#\/schema\/logo\/image\/"},"sameAs":["https:\/\/www.facebook.com\/Tonymoraofficial\/","https:\/\/www.instagram.com\/tonymoraofficial\/?hl=es"]}]}},"_links":{"self":[{"href":"https:\/\/tonymora.com\/de\/wp-json\/wp\/v2\/product\/694452","targetHints":{"allow":["GET"]}}],"collection":[{"href":"https:\/\/tonymora.com\/de\/wp-json\/wp\/v2\/product"}],"about":[{"href":"https:\/\/tonymora.com\/de\/wp-json\/wp\/v2\/types\/product"}],"wp:featuredmedia":[{"embeddable":true,"href":"https:\/\/tonymora.com\/de\/wp-json\/wp\/v2\/media\/694442"}],"wp:attachment":[{"href":"https:\/\/tonymora.com\/de\/wp-json\/wp\/v2\/media?parent=694452"}],"wp:term":[{"taxonomy":"product_brand","embeddable":true,"href":"https:\/\/tonymora.com\/de\/wp-json\/wp\/v2\/product_brand?post=694452"},{"taxonomy":"product_cat","embeddable":true,"href":"https:\/\/tonymora.com\/de\/wp-json\/wp\/v2\/product_cat?post=694452"},{"taxonomy":"product_tag","embeddable":true,"href":"https:\/\/tonymora.com\/de\/wp-json\/wp\/v2\/product_tag?post=694452"}],"curies":[{"name":"wp","href":"https:\/\/api.w.org\/{rel}","templated":true}]}}