{"id":694503,"date":"2022-05-23T12:02:01","date_gmt":"2022-05-23T10:02:01","guid":{"rendered":"https:\/\/tonymora.com\/shop\/2684-j-lini-vintage-kaki-brash\/"},"modified":"2026-03-07T15:40:56","modified_gmt":"2026-03-07T14:40:56","slug":"2684-j-lini-vintage-kaki-brash","status":"publish","type":"product","link":"https:\/\/tonymora.com\/de\/produkt\/2684-j-lini-vintage-kaki-brash\/","title":{"rendered":"2684 J LINI VINTAGE KAKI BRASH"},"content":{"rendered":"<p>Wir pr\u00e4sentieren Ihnen unsere Stiefelette aus einem Leder im Used-Look, der ihr einen Touch Vintage verleiht. Die Stiefel werden aus Kalbsleder hergestellt und sorgf\u00e4ltig mit einer Lederkratztechnik bearbeitet, die ihnen ein gealtertes Aussehen gibt, und dann mit Bienenwachs schattiert, was jedes Paar einzigartig macht. Sp\u00fcren Sie die Eleganz und Zartheit des Farbtons Khaki \u2013 die perfekten Schuhe, um jeden Moment zu genie\u00dfen.<\/p>\n","protected":false},"excerpt":{"rendered":"<p>Unaufdringliche Eleganz f\u00fcr Kenner. Der perfekte Touch, der Pers\u00f6nlichkeit verleiht.<br \/>\nF\u00fcr alle, die Stil mit Bedeutung und echter Ausstrahlung suchen.<\/p>\n","protected":false},"featured_media":717823,"template":"","meta":{"_mbp_gutenberg_autopost":false},"product_brand":[757,761,763],"product_cat":[223,1174,167,226,1141,1135],"product_tag":[],"class_list":{"0":"post-694503","1":"product","2":"type-product","3":"status-publish","4":"has-post-thumbnail","6":"product_brand-talla-mujer-36","7":"product_brand-talla-mujer-38","8":"product_brand-talla-mujer-39","9":"product_cat-bikerstiefel-damen","10":"product_cat-black-friday-de","11":"product_cat-damen","12":"product_cat-damen-stiefeletten","13":"product_cat-lederstiefel-damen","14":"product_cat-rabatte-damenstiefel","16":"first","17":"instock","18":"taxable","19":"shipping-taxable","20":"purchasable","21":"product-type-variable"},"supplier_id":null,"supplier_sku":"","barcode":null,"atum_controlled":true,"out_stock_date":null,"out_stock_threshold":null,"inheritable":true,"inbound_stock":0,"stock_on_hold":4,"sold_today":1,"sales_last_days":1,"reserved_stock":0,"customer_returns":0,"warehouse_damage":0,"lost_in_post":0,"other_logs":0,"out_stock_days":0,"lost_sales":0,"has_location":false,"update_date":"2026-03-19T14:36:41","atum_locations":[],"atum_stock_status":"instock","restock_status":false,"low_stock_amount":"","sales_update_date":"2026-03-07T13:36:37","calc_backorders":null,"yoast_head":"<!-- This site is optimized with the Yoast SEO plugin v27.4 - https:\/\/yoast.com\/product\/yoast-seo-wordpress\/ -->\n<title>Vintage-Stiefeletten aus khakifarbenem Leder mit geb\u00fcrstetem Finish | Tony Mora<\/title>\n<meta name=\"description\" content=\"Khakifarbene Stiefeletten aus Antikleder mit geb\u00fcrstetem Finish. Vintage- und handgefertigter Stil, perfekt f\u00fcr jeden Schritt. Qualit\u00e4t und Design von Tony Mora.\" \/>\n<meta name=\"robots\" content=\"index, follow, max-snippet:-1, max-image-preview:large, max-video-preview:-1\" \/>\n<link rel=\"canonical\" href=\"https:\/\/tonymora.com\/de\/produkt\/2684-j-lini-vintage-kaki-brash\/\" \/>\n<meta property=\"og:locale\" content=\"de_DE\" \/>\n<meta property=\"og:type\" content=\"article\" \/>\n<meta property=\"og:title\" content=\"Vintage-Stiefeletten aus khakifarbenem Leder mit geb\u00fcrstetem Finish | Tony Mora\" \/>\n<meta property=\"og:description\" content=\"Khakifarbene Stiefeletten aus Antikleder mit geb\u00fcrstetem Finish. Vintage- und handgefertigter Stil, perfekt f\u00fcr jeden Schritt. Qualit\u00e4t und Design von Tony Mora.\" \/>\n<meta property=\"og:url\" content=\"https:\/\/tonymora.com\/de\/produkt\/2684-j-lini-vintage-kaki-brash\/\" \/>\n<meta property=\"og:site_name\" content=\"Tony Mora\u00ae Boots Official Store\" \/>\n<meta property=\"article:publisher\" content=\"https:\/\/www.facebook.com\/Tonymoraofficial\/\" \/>\n<meta property=\"article:modified_time\" content=\"2026-03-07T14:40:56+00:00\" \/>\n<meta property=\"og:image\" content=\"https:\/\/tonymora.com\/wp-content\/uploads\/2022\/05\/48-1.jpg\" \/>\n\t<meta property=\"og:image:width\" content=\"866\" \/>\n\t<meta property=\"og:image:height\" content=\"1032\" \/>\n\t<meta property=\"og:image:type\" content=\"image\/jpeg\" \/>\n<meta name=\"twitter:card\" content=\"summary_large_image\" \/>\n<script type=\"application\/ld+json\" class=\"yoast-schema-graph\">{\"@context\":\"https:\\\/\\\/schema.org\",\"@graph\":[{\"@type\":\"WebPage\",\"@id\":\"https:\\\/\\\/tonymora.com\\\/de\\\/produkt\\\/2684-j-lini-vintage-kaki-brash\\\/\",\"url\":\"https:\\\/\\\/tonymora.com\\\/de\\\/produkt\\\/2684-j-lini-vintage-kaki-brash\\\/\",\"name\":\"Vintage-Stiefeletten aus khakifarbenem Leder mit geb\u00fcrstetem Finish | Tony Mora\",\"isPartOf\":{\"@id\":\"https:\\\/\\\/tonymora.com\\\/de\\\/#website\"},\"primaryImageOfPage\":{\"@id\":\"https:\\\/\\\/tonymora.com\\\/de\\\/produkt\\\/2684-j-lini-vintage-kaki-brash\\\/#primaryimage\"},\"image\":{\"@id\":\"https:\\\/\\\/tonymora.com\\\/de\\\/produkt\\\/2684-j-lini-vintage-kaki-brash\\\/#primaryimage\"},\"thumbnailUrl\":\"https:\\\/\\\/tonymora.com\\\/wp-content\\\/uploads\\\/2022\\\/05\\\/48-1.jpg\",\"datePublished\":\"2022-05-23T10:02:01+00:00\",\"dateModified\":\"2026-03-07T14:40:56+00:00\",\"description\":\"Khakifarbene Stiefeletten aus Antikleder mit geb\u00fcrstetem Finish. Vintage- und handgefertigter Stil, perfekt f\u00fcr jeden Schritt. Qualit\u00e4t und Design von Tony Mora.\",\"breadcrumb\":{\"@id\":\"https:\\\/\\\/tonymora.com\\\/de\\\/produkt\\\/2684-j-lini-vintage-kaki-brash\\\/#breadcrumb\"},\"inLanguage\":\"de\",\"potentialAction\":[{\"@type\":\"ReadAction\",\"target\":[\"https:\\\/\\\/tonymora.com\\\/de\\\/produkt\\\/2684-j-lini-vintage-kaki-brash\\\/\"]}]},{\"@type\":\"ImageObject\",\"inLanguage\":\"de\",\"@id\":\"https:\\\/\\\/tonymora.com\\\/de\\\/produkt\\\/2684-j-lini-vintage-kaki-brash\\\/#primaryimage\",\"url\":\"https:\\\/\\\/tonymora.com\\\/wp-content\\\/uploads\\\/2022\\\/05\\\/48-1.jpg\",\"contentUrl\":\"https:\\\/\\\/tonymora.com\\\/wp-content\\\/uploads\\\/2022\\\/05\\\/48-1.jpg\",\"width\":866,\"height\":1032,\"caption\":\"Botines de piel envejecida color kaki con acabado brash.\"},{\"@type\":\"BreadcrumbList\",\"@id\":\"https:\\\/\\\/tonymora.com\\\/de\\\/produkt\\\/2684-j-lini-vintage-kaki-brash\\\/#breadcrumb\",\"itemListElement\":[{\"@type\":\"ListItem\",\"position\":1,\"name\":\"Portada\",\"item\":\"https:\\\/\\\/tonymora.com\\\/de\\\/\"},{\"@type\":\"ListItem\",\"position\":2,\"name\":\"Shop\",\"item\":\"https:\\\/\\\/tonymora.com\\\/de\\\/shop\\\/\"},{\"@type\":\"ListItem\",\"position\":3,\"name\":\"Damen\",\"item\":\"https:\\\/\\\/tonymora.com\\\/de\\\/produkt-kategorie\\\/damen\\\/\"},{\"@type\":\"ListItem\",\"position\":4,\"name\":\"2684 J LINI VINTAGE KAKI BRASH\"}]},{\"@type\":\"WebSite\",\"@id\":\"https:\\\/\\\/tonymora.com\\\/de\\\/#website\",\"url\":\"https:\\\/\\\/tonymora.com\\\/de\\\/\",\"name\":\"Tony Mora\u00ae Boots Official Store\",\"description\":\"Cowboy Boots\",\"publisher\":{\"@id\":\"https:\\\/\\\/tonymora.com\\\/de\\\/#organization\"},\"potentialAction\":[{\"@type\":\"SearchAction\",\"target\":{\"@type\":\"EntryPoint\",\"urlTemplate\":\"https:\\\/\\\/tonymora.com\\\/de\\\/?s={search_term_string}\"},\"query-input\":{\"@type\":\"PropertyValueSpecification\",\"valueRequired\":true,\"valueName\":\"search_term_string\"}}],\"inLanguage\":\"de\"},{\"@type\":\"Organization\",\"@id\":\"https:\\\/\\\/tonymora.com\\\/de\\\/#organization\",\"name\":\"Tony Mora Boots\",\"url\":\"https:\\\/\\\/tonymora.com\\\/de\\\/\",\"logo\":{\"@type\":\"ImageObject\",\"inLanguage\":\"de\",\"@id\":\"https:\\\/\\\/tonymora.com\\\/de\\\/#\\\/schema\\\/logo\\\/image\\\/\",\"url\":\"https:\\\/\\\/tonymora.com\\\/wp-content\\\/uploads\\\/2023\\\/12\\\/LOGO.jpg\",\"contentUrl\":\"https:\\\/\\\/tonymora.com\\\/wp-content\\\/uploads\\\/2023\\\/12\\\/LOGO.jpg\",\"width\":2272,\"height\":1411,\"caption\":\"Tony Mora Boots\"},\"image\":{\"@id\":\"https:\\\/\\\/tonymora.com\\\/de\\\/#\\\/schema\\\/logo\\\/image\\\/\"},\"sameAs\":[\"https:\\\/\\\/www.facebook.com\\\/Tonymoraofficial\\\/\",\"https:\\\/\\\/www.instagram.com\\\/tonymoraofficial\\\/?hl=es\"]}]}<\/script>\n<!-- \/ Yoast SEO plugin. -->","yoast_head_json":{"title":"Vintage-Stiefeletten aus khakifarbenem Leder mit geb\u00fcrstetem Finish | Tony Mora","description":"Khakifarbene Stiefeletten aus Antikleder mit geb\u00fcrstetem Finish. Vintage- und handgefertigter Stil, perfekt f\u00fcr jeden Schritt. Qualit\u00e4t und Design von Tony Mora.","robots":{"index":"index","follow":"follow","max-snippet":"max-snippet:-1","max-image-preview":"max-image-preview:large","max-video-preview":"max-video-preview:-1"},"canonical":"https:\/\/tonymora.com\/de\/produkt\/2684-j-lini-vintage-kaki-brash\/","og_locale":"de_DE","og_type":"article","og_title":"Vintage-Stiefeletten aus khakifarbenem Leder mit geb\u00fcrstetem Finish | Tony Mora","og_description":"Khakifarbene Stiefeletten aus Antikleder mit geb\u00fcrstetem Finish. Vintage- und handgefertigter Stil, perfekt f\u00fcr jeden Schritt. Qualit\u00e4t und Design von Tony Mora.","og_url":"https:\/\/tonymora.com\/de\/produkt\/2684-j-lini-vintage-kaki-brash\/","og_site_name":"Tony Mora\u00ae Boots Official Store","article_publisher":"https:\/\/www.facebook.com\/Tonymoraofficial\/","article_modified_time":"2026-03-07T14:40:56+00:00","og_image":[{"width":866,"height":1032,"url":"https:\/\/tonymora.com\/wp-content\/uploads\/2022\/05\/48-1.jpg","type":"image\/jpeg"}],"twitter_card":"summary_large_image","schema":{"@context":"https:\/\/schema.org","@graph":[{"@type":"WebPage","@id":"https:\/\/tonymora.com\/de\/produkt\/2684-j-lini-vintage-kaki-brash\/","url":"https:\/\/tonymora.com\/de\/produkt\/2684-j-lini-vintage-kaki-brash\/","name":"Vintage-Stiefeletten aus khakifarbenem Leder mit geb\u00fcrstetem Finish | Tony Mora","isPartOf":{"@id":"https:\/\/tonymora.com\/de\/#website"},"primaryImageOfPage":{"@id":"https:\/\/tonymora.com\/de\/produkt\/2684-j-lini-vintage-kaki-brash\/#primaryimage"},"image":{"@id":"https:\/\/tonymora.com\/de\/produkt\/2684-j-lini-vintage-kaki-brash\/#primaryimage"},"thumbnailUrl":"https:\/\/tonymora.com\/wp-content\/uploads\/2022\/05\/48-1.jpg","datePublished":"2022-05-23T10:02:01+00:00","dateModified":"2026-03-07T14:40:56+00:00","description":"Khakifarbene Stiefeletten aus Antikleder mit geb\u00fcrstetem Finish. Vintage- und handgefertigter Stil, perfekt f\u00fcr jeden Schritt. Qualit\u00e4t und Design von Tony Mora.","breadcrumb":{"@id":"https:\/\/tonymora.com\/de\/produkt\/2684-j-lini-vintage-kaki-brash\/#breadcrumb"},"inLanguage":"de","potentialAction":[{"@type":"ReadAction","target":["https:\/\/tonymora.com\/de\/produkt\/2684-j-lini-vintage-kaki-brash\/"]}]},{"@type":"ImageObject","inLanguage":"de","@id":"https:\/\/tonymora.com\/de\/produkt\/2684-j-lini-vintage-kaki-brash\/#primaryimage","url":"https:\/\/tonymora.com\/wp-content\/uploads\/2022\/05\/48-1.jpg","contentUrl":"https:\/\/tonymora.com\/wp-content\/uploads\/2022\/05\/48-1.jpg","width":866,"height":1032,"caption":"Botines de piel envejecida color kaki con acabado brash."},{"@type":"BreadcrumbList","@id":"https:\/\/tonymora.com\/de\/produkt\/2684-j-lini-vintage-kaki-brash\/#breadcrumb","itemListElement":[{"@type":"ListItem","position":1,"name":"Portada","item":"https:\/\/tonymora.com\/de\/"},{"@type":"ListItem","position":2,"name":"Shop","item":"https:\/\/tonymora.com\/de\/shop\/"},{"@type":"ListItem","position":3,"name":"Damen","item":"https:\/\/tonymora.com\/de\/produkt-kategorie\/damen\/"},{"@type":"ListItem","position":4,"name":"2684 J LINI VINTAGE KAKI BRASH"}]},{"@type":"WebSite","@id":"https:\/\/tonymora.com\/de\/#website","url":"https:\/\/tonymora.com\/de\/","name":"Tony Mora\u00ae Boots Official Store","description":"Cowboy Boots","publisher":{"@id":"https:\/\/tonymora.com\/de\/#organization"},"potentialAction":[{"@type":"SearchAction","target":{"@type":"EntryPoint","urlTemplate":"https:\/\/tonymora.com\/de\/?s={search_term_string}"},"query-input":{"@type":"PropertyValueSpecification","valueRequired":true,"valueName":"search_term_string"}}],"inLanguage":"de"},{"@type":"Organization","@id":"https:\/\/tonymora.com\/de\/#organization","name":"Tony Mora Boots","url":"https:\/\/tonymora.com\/de\/","logo":{"@type":"ImageObject","inLanguage":"de","@id":"https:\/\/tonymora.com\/de\/#\/schema\/logo\/image\/","url":"https:\/\/tonymora.com\/wp-content\/uploads\/2023\/12\/LOGO.jpg","contentUrl":"https:\/\/tonymora.com\/wp-content\/uploads\/2023\/12\/LOGO.jpg","width":2272,"height":1411,"caption":"Tony Mora Boots"},"image":{"@id":"https:\/\/tonymora.com\/de\/#\/schema\/logo\/image\/"},"sameAs":["https:\/\/www.facebook.com\/Tonymoraofficial\/","https:\/\/www.instagram.com\/tonymoraofficial\/?hl=es"]}]}},"_links":{"self":[{"href":"https:\/\/tonymora.com\/de\/wp-json\/wp\/v2\/product\/694503","targetHints":{"allow":["GET"]}}],"collection":[{"href":"https:\/\/tonymora.com\/de\/wp-json\/wp\/v2\/product"}],"about":[{"href":"https:\/\/tonymora.com\/de\/wp-json\/wp\/v2\/types\/product"}],"wp:featuredmedia":[{"embeddable":true,"href":"https:\/\/tonymora.com\/de\/wp-json\/wp\/v2\/media\/717823"}],"wp:attachment":[{"href":"https:\/\/tonymora.com\/de\/wp-json\/wp\/v2\/media?parent=694503"}],"wp:term":[{"taxonomy":"product_brand","embeddable":true,"href":"https:\/\/tonymora.com\/de\/wp-json\/wp\/v2\/product_brand?post=694503"},{"taxonomy":"product_cat","embeddable":true,"href":"https:\/\/tonymora.com\/de\/wp-json\/wp\/v2\/product_cat?post=694503"},{"taxonomy":"product_tag","embeddable":true,"href":"https:\/\/tonymora.com\/de\/wp-json\/wp\/v2\/product_tag?post=694503"}],"curies":[{"name":"wp","href":"https:\/\/api.w.org\/{rel}","templated":true}]}}