{"id":694582,"date":"2022-05-24T08:53:01","date_gmt":"2022-05-24T06:53:01","guid":{"rendered":"https:\/\/tonymora.com\/shop\/684-daslu-lini-piton-crema\/"},"modified":"2025-08-01T09:13:56","modified_gmt":"2025-08-01T07:13:56","slug":"684-daslu-lini-piton-crema","status":"publish","type":"product","link":"https:\/\/tonymora.com\/de\/produkt\/684-daslu-lini-piton-crema\/","title":{"rendered":"684 DASLU LINI PITON CREMA"},"content":{"rendered":"<p>Ein Stil, den Sie nicht bereuen werden, im klassischen Design. Die Stiefel sind aus beige Pythonhaut mit einem besonderen Glanz, der mit jeder Farbe zu jedem Anlass kombiniert werden kann. Der Innenrei\u00dfverschluss erleichtert das Anziehen und verleiht ihnen einen modischen Touch. Der mittelhohe Absatz ist ideal, um sie jeden Tag zu tragen. Ein notwendiger Klassiker.<\/p>\n","protected":false},"excerpt":{"rendered":"<p>Eine Wahl, die sich vom ersten Moment an besonders anf\u00fchlt. Entworfen f\u00fcr besondere Momente, nicht f\u00fcr Trends.<\/p>\n","protected":false},"featured_media":694572,"template":"","meta":{"_mbp_gutenberg_autopost":false},"product_brand":[757,759,763,765,767],"product_cat":[1174,167,226,224,1139,1135],"product_tag":[],"class_list":{"0":"post-694582","1":"product","2":"type-product","3":"status-publish","4":"has-post-thumbnail","6":"product_brand-talla-mujer-36","7":"product_brand-talla-mujer-37","8":"product_brand-talla-mujer-39","9":"product_brand-talla-mujer-40","10":"product_brand-talla-mujer-41","11":"product_cat-black-friday-de","12":"product_cat-damen","13":"product_cat-damen-stiefeletten","14":"product_cat-luxusstiefel-damen","15":"product_cat-python-stiefel-damen","16":"product_cat-rabatte-damenstiefel","18":"first","19":"instock","20":"taxable","21":"shipping-taxable","22":"purchasable","23":"product-type-variable"},"supplier_id":null,"supplier_sku":"","barcode":null,"atum_controlled":true,"out_stock_date":null,"out_stock_threshold":null,"inheritable":true,"inbound_stock":0,"stock_on_hold":0,"sold_today":0,"sales_last_days":0,"reserved_stock":0,"customer_returns":0,"warehouse_damage":0,"lost_in_post":0,"other_logs":0,"out_stock_days":0,"lost_sales":0,"has_location":false,"update_date":"2025-08-01T05:14:00","atum_locations":[],"atum_stock_status":"instock","restock_status":false,"low_stock_amount":"","sales_update_date":"2024-04-24T22:32:20","calc_backorders":null,"yoast_head":"<!-- This site is optimized with the Yoast SEO plugin v27.2 - https:\/\/yoast.com\/product\/yoast-seo-wordpress\/ -->\n<title>Cremefarbene Python-Stiefeletten f\u00fcr Damen | Tony Mora Stiefeletten aus exotischem Leder<\/title>\n<meta name=\"description\" content=\"Beige Stiefeletten aus Pythonleder mit besonderem Glanz, Innenrei\u00dfverschluss und mittlerem Absatz. Elegant und bequem f\u00fcr jeden Anlass. Ein unverzichtbarer Klassiker.\" \/>\n<meta name=\"robots\" content=\"index, follow, max-snippet:-1, max-image-preview:large, max-video-preview:-1\" \/>\n<link rel=\"canonical\" href=\"https:\/\/tonymora.com\/de\/produkt\/684-daslu-lini-piton-crema\/\" \/>\n<meta property=\"og:locale\" content=\"de_DE\" \/>\n<meta property=\"og:type\" content=\"article\" \/>\n<meta property=\"og:title\" content=\"Cremefarbene Python-Stiefeletten f\u00fcr Damen | Tony Mora Stiefeletten aus exotischem Leder\" \/>\n<meta property=\"og:description\" content=\"Beige Stiefeletten aus Pythonleder mit besonderem Glanz, Innenrei\u00dfverschluss und mittlerem Absatz. Elegant und bequem f\u00fcr jeden Anlass. Ein unverzichtbarer Klassiker.\" \/>\n<meta property=\"og:url\" content=\"https:\/\/tonymora.com\/de\/produkt\/684-daslu-lini-piton-crema\/\" \/>\n<meta property=\"og:site_name\" content=\"Tony Mora\u00ae Boots Official Store\" \/>\n<meta property=\"article:publisher\" content=\"https:\/\/www.facebook.com\/Tonymoraofficial\/\" \/>\n<meta property=\"article:modified_time\" content=\"2025-08-01T07:13:56+00:00\" \/>\n<meta property=\"og:image\" content=\"https:\/\/tonymora.com\/wp-content\/uploads\/2022\/05\/10-684-daslu-lini-piton-crema.jpg\" \/>\n\t<meta property=\"og:image:width\" content=\"866\" \/>\n\t<meta property=\"og:image:height\" content=\"1032\" \/>\n\t<meta property=\"og:image:type\" content=\"image\/jpeg\" \/>\n<meta name=\"twitter:card\" content=\"summary_large_image\" \/>\n<script type=\"application\/ld+json\" class=\"yoast-schema-graph\">{\"@context\":\"https:\/\/schema.org\",\"@graph\":[{\"@type\":\"WebPage\",\"@id\":\"https:\/\/tonymora.com\/de\/produkt\/684-daslu-lini-piton-crema\/\",\"url\":\"https:\/\/tonymora.com\/de\/produkt\/684-daslu-lini-piton-crema\/\",\"name\":\"Cremefarbene Python-Stiefeletten f\u00fcr Damen | Tony Mora Stiefeletten aus exotischem Leder\",\"isPartOf\":{\"@id\":\"https:\/\/tonymora.com\/de\/#website\"},\"primaryImageOfPage\":{\"@id\":\"https:\/\/tonymora.com\/de\/produkt\/684-daslu-lini-piton-crema\/#primaryimage\"},\"image\":{\"@id\":\"https:\/\/tonymora.com\/de\/produkt\/684-daslu-lini-piton-crema\/#primaryimage\"},\"thumbnailUrl\":\"https:\/\/tonymora.com\/wp-content\/uploads\/2022\/05\/10-684-daslu-lini-piton-crema.jpg\",\"datePublished\":\"2022-05-24T06:53:01+00:00\",\"dateModified\":\"2025-08-01T07:13:56+00:00\",\"description\":\"Beige Stiefeletten aus Pythonleder mit besonderem Glanz, Innenrei\u00dfverschluss und mittlerem Absatz. Elegant und bequem f\u00fcr jeden Anlass. Ein unverzichtbarer Klassiker.\",\"breadcrumb\":{\"@id\":\"https:\/\/tonymora.com\/de\/produkt\/684-daslu-lini-piton-crema\/#breadcrumb\"},\"inLanguage\":\"de\",\"potentialAction\":[{\"@type\":\"ReadAction\",\"target\":[\"https:\/\/tonymora.com\/de\/produkt\/684-daslu-lini-piton-crema\/\"]}]},{\"@type\":\"ImageObject\",\"inLanguage\":\"de\",\"@id\":\"https:\/\/tonymora.com\/de\/produkt\/684-daslu-lini-piton-crema\/#primaryimage\",\"url\":\"https:\/\/tonymora.com\/wp-content\/uploads\/2022\/05\/10-684-daslu-lini-piton-crema.jpg\",\"contentUrl\":\"https:\/\/tonymora.com\/wp-content\/uploads\/2022\/05\/10-684-daslu-lini-piton-crema.jpg\",\"width\":866,\"height\":1032},{\"@type\":\"BreadcrumbList\",\"@id\":\"https:\/\/tonymora.com\/de\/produkt\/684-daslu-lini-piton-crema\/#breadcrumb\",\"itemListElement\":[{\"@type\":\"ListItem\",\"position\":1,\"name\":\"Portada\",\"item\":\"https:\/\/tonymora.com\/de\/\"},{\"@type\":\"ListItem\",\"position\":2,\"name\":\"Shop\",\"item\":\"https:\/\/tonymora.com\/de\/shop\/\"},{\"@type\":\"ListItem\",\"position\":3,\"name\":\"Damen\",\"item\":\"https:\/\/tonymora.com\/de\/produkt-kategorie\/damen\/\"},{\"@type\":\"ListItem\",\"position\":4,\"name\":\"684 DASLU LINI PITON CREMA\"}]},{\"@type\":\"WebSite\",\"@id\":\"https:\/\/tonymora.com\/de\/#website\",\"url\":\"https:\/\/tonymora.com\/de\/\",\"name\":\"Tony Mora\u00ae Boots Official Store\",\"description\":\"Cowboy Boots\",\"publisher\":{\"@id\":\"https:\/\/tonymora.com\/de\/#organization\"},\"potentialAction\":[{\"@type\":\"SearchAction\",\"target\":{\"@type\":\"EntryPoint\",\"urlTemplate\":\"https:\/\/tonymora.com\/de\/?s={search_term_string}\"},\"query-input\":{\"@type\":\"PropertyValueSpecification\",\"valueRequired\":true,\"valueName\":\"search_term_string\"}}],\"inLanguage\":\"de\"},{\"@type\":\"Organization\",\"@id\":\"https:\/\/tonymora.com\/de\/#organization\",\"name\":\"Tony Mora Boots\",\"url\":\"https:\/\/tonymora.com\/de\/\",\"logo\":{\"@type\":\"ImageObject\",\"inLanguage\":\"de\",\"@id\":\"https:\/\/tonymora.com\/de\/#\/schema\/logo\/image\/\",\"url\":\"https:\/\/tonymora.com\/wp-content\/uploads\/2023\/12\/LOGO.jpg\",\"contentUrl\":\"https:\/\/tonymora.com\/wp-content\/uploads\/2023\/12\/LOGO.jpg\",\"width\":2272,\"height\":1411,\"caption\":\"Tony Mora Boots\"},\"image\":{\"@id\":\"https:\/\/tonymora.com\/de\/#\/schema\/logo\/image\/\"},\"sameAs\":[\"https:\/\/www.facebook.com\/Tonymoraofficial\/\",\"https:\/\/www.instagram.com\/tonymoraofficial\/?hl=es\"]}]}<\/script>\n<!-- \/ Yoast SEO plugin. -->","yoast_head_json":{"title":"Cremefarbene Python-Stiefeletten f\u00fcr Damen | Tony Mora Stiefeletten aus exotischem Leder","description":"Beige Stiefeletten aus Pythonleder mit besonderem Glanz, Innenrei\u00dfverschluss und mittlerem Absatz. Elegant und bequem f\u00fcr jeden Anlass. Ein unverzichtbarer Klassiker.","robots":{"index":"index","follow":"follow","max-snippet":"max-snippet:-1","max-image-preview":"max-image-preview:large","max-video-preview":"max-video-preview:-1"},"canonical":"https:\/\/tonymora.com\/de\/produkt\/684-daslu-lini-piton-crema\/","og_locale":"de_DE","og_type":"article","og_title":"Cremefarbene Python-Stiefeletten f\u00fcr Damen | Tony Mora Stiefeletten aus exotischem Leder","og_description":"Beige Stiefeletten aus Pythonleder mit besonderem Glanz, Innenrei\u00dfverschluss und mittlerem Absatz. Elegant und bequem f\u00fcr jeden Anlass. Ein unverzichtbarer Klassiker.","og_url":"https:\/\/tonymora.com\/de\/produkt\/684-daslu-lini-piton-crema\/","og_site_name":"Tony Mora\u00ae Boots Official Store","article_publisher":"https:\/\/www.facebook.com\/Tonymoraofficial\/","article_modified_time":"2025-08-01T07:13:56+00:00","og_image":[{"width":866,"height":1032,"url":"https:\/\/tonymora.com\/wp-content\/uploads\/2022\/05\/10-684-daslu-lini-piton-crema.jpg","type":"image\/jpeg"}],"twitter_card":"summary_large_image","schema":{"@context":"https:\/\/schema.org","@graph":[{"@type":"WebPage","@id":"https:\/\/tonymora.com\/de\/produkt\/684-daslu-lini-piton-crema\/","url":"https:\/\/tonymora.com\/de\/produkt\/684-daslu-lini-piton-crema\/","name":"Cremefarbene Python-Stiefeletten f\u00fcr Damen | Tony Mora Stiefeletten aus exotischem Leder","isPartOf":{"@id":"https:\/\/tonymora.com\/de\/#website"},"primaryImageOfPage":{"@id":"https:\/\/tonymora.com\/de\/produkt\/684-daslu-lini-piton-crema\/#primaryimage"},"image":{"@id":"https:\/\/tonymora.com\/de\/produkt\/684-daslu-lini-piton-crema\/#primaryimage"},"thumbnailUrl":"https:\/\/tonymora.com\/wp-content\/uploads\/2022\/05\/10-684-daslu-lini-piton-crema.jpg","datePublished":"2022-05-24T06:53:01+00:00","dateModified":"2025-08-01T07:13:56+00:00","description":"Beige Stiefeletten aus Pythonleder mit besonderem Glanz, Innenrei\u00dfverschluss und mittlerem Absatz. Elegant und bequem f\u00fcr jeden Anlass. Ein unverzichtbarer Klassiker.","breadcrumb":{"@id":"https:\/\/tonymora.com\/de\/produkt\/684-daslu-lini-piton-crema\/#breadcrumb"},"inLanguage":"de","potentialAction":[{"@type":"ReadAction","target":["https:\/\/tonymora.com\/de\/produkt\/684-daslu-lini-piton-crema\/"]}]},{"@type":"ImageObject","inLanguage":"de","@id":"https:\/\/tonymora.com\/de\/produkt\/684-daslu-lini-piton-crema\/#primaryimage","url":"https:\/\/tonymora.com\/wp-content\/uploads\/2022\/05\/10-684-daslu-lini-piton-crema.jpg","contentUrl":"https:\/\/tonymora.com\/wp-content\/uploads\/2022\/05\/10-684-daslu-lini-piton-crema.jpg","width":866,"height":1032},{"@type":"BreadcrumbList","@id":"https:\/\/tonymora.com\/de\/produkt\/684-daslu-lini-piton-crema\/#breadcrumb","itemListElement":[{"@type":"ListItem","position":1,"name":"Portada","item":"https:\/\/tonymora.com\/de\/"},{"@type":"ListItem","position":2,"name":"Shop","item":"https:\/\/tonymora.com\/de\/shop\/"},{"@type":"ListItem","position":3,"name":"Damen","item":"https:\/\/tonymora.com\/de\/produkt-kategorie\/damen\/"},{"@type":"ListItem","position":4,"name":"684 DASLU LINI PITON CREMA"}]},{"@type":"WebSite","@id":"https:\/\/tonymora.com\/de\/#website","url":"https:\/\/tonymora.com\/de\/","name":"Tony Mora\u00ae Boots Official Store","description":"Cowboy Boots","publisher":{"@id":"https:\/\/tonymora.com\/de\/#organization"},"potentialAction":[{"@type":"SearchAction","target":{"@type":"EntryPoint","urlTemplate":"https:\/\/tonymora.com\/de\/?s={search_term_string}"},"query-input":{"@type":"PropertyValueSpecification","valueRequired":true,"valueName":"search_term_string"}}],"inLanguage":"de"},{"@type":"Organization","@id":"https:\/\/tonymora.com\/de\/#organization","name":"Tony Mora Boots","url":"https:\/\/tonymora.com\/de\/","logo":{"@type":"ImageObject","inLanguage":"de","@id":"https:\/\/tonymora.com\/de\/#\/schema\/logo\/image\/","url":"https:\/\/tonymora.com\/wp-content\/uploads\/2023\/12\/LOGO.jpg","contentUrl":"https:\/\/tonymora.com\/wp-content\/uploads\/2023\/12\/LOGO.jpg","width":2272,"height":1411,"caption":"Tony Mora Boots"},"image":{"@id":"https:\/\/tonymora.com\/de\/#\/schema\/logo\/image\/"},"sameAs":["https:\/\/www.facebook.com\/Tonymoraofficial\/","https:\/\/www.instagram.com\/tonymoraofficial\/?hl=es"]}]}},"_links":{"self":[{"href":"https:\/\/tonymora.com\/de\/wp-json\/wp\/v2\/product\/694582","targetHints":{"allow":["GET"]}}],"collection":[{"href":"https:\/\/tonymora.com\/de\/wp-json\/wp\/v2\/product"}],"about":[{"href":"https:\/\/tonymora.com\/de\/wp-json\/wp\/v2\/types\/product"}],"wp:featuredmedia":[{"embeddable":true,"href":"https:\/\/tonymora.com\/de\/wp-json\/wp\/v2\/media\/694572"}],"wp:attachment":[{"href":"https:\/\/tonymora.com\/de\/wp-json\/wp\/v2\/media?parent=694582"}],"wp:term":[{"taxonomy":"product_brand","embeddable":true,"href":"https:\/\/tonymora.com\/de\/wp-json\/wp\/v2\/product_brand?post=694582"},{"taxonomy":"product_cat","embeddable":true,"href":"https:\/\/tonymora.com\/de\/wp-json\/wp\/v2\/product_cat?post=694582"},{"taxonomy":"product_tag","embeddable":true,"href":"https:\/\/tonymora.com\/de\/wp-json\/wp\/v2\/product_tag?post=694582"}],"curies":[{"name":"wp","href":"https:\/\/api.w.org\/{rel}","templated":true}]}}