{"id":694721,"date":"2022-05-24T09:23:17","date_gmt":"2022-05-24T07:23:17","guid":{"rendered":"https:\/\/tonymora.com\/shop\/621-daslu-lini-piton-marino\/"},"modified":"2023-11-09T12:20:59","modified_gmt":"2023-11-09T11:20:59","slug":"621-daslu-lini-piton-marino","status":"publish","type":"product","link":"https:\/\/tonymora.com\/de\/produkt\/621-daslu-lini-piton-marino\/","title":{"rendered":"621 DASLU LINI PITON MARINO"},"content":{"rendered":"<p>Die luxuri\u00f6seste Stiefelette von Tony Mora &#8211; aus exotischem Pythonleder in elegantem Marineblau, langlebig und sehr weich beim Ber\u00fchren. Mit einem klassischen Touch, der Ihnen das Gef\u00fchl gibt, etwas ganz Besonderes zu sein. Sie k\u00f6nnen sie mit all Ihren Styles kombinieren, um sie jeden Tag oder zu einem besonderen Anlass zu tragen. Mit ihrem mittelhohen Absatz, der schmalen Schuhspitze und der Rahmennaht im Goodyear Welted System k\u00f6nnen Sie den Komfort und Luxus dieser Stiefelette \u00fcberall genie\u00dfen.<\/p>\n","protected":false},"excerpt":{"rendered":"<p>Charakter und Eleganz in perfekter Balance. Klassischer Stil mit modernem Flair.<\/p>\n<p>Ein Kleidungsst\u00fcck, das Ihre Pers\u00f6nlichkeit unterstreicht und Ihnen m\u00fchelose Eleganz verleiht.<\/p>\n","protected":false},"featured_media":704117,"template":"","meta":{"_mbp_gutenberg_autopost":false},"product_brand":[757,759,765,767],"product_cat":[1174,167,226,224,1139,1135],"product_tag":[],"class_list":{"0":"post-694721","1":"product","2":"type-product","3":"status-publish","4":"has-post-thumbnail","6":"product_brand-talla-mujer-36","7":"product_brand-talla-mujer-37","8":"product_brand-talla-mujer-40","9":"product_brand-talla-mujer-41","10":"product_cat-black-friday-de","11":"product_cat-damen","12":"product_cat-damen-stiefeletten","13":"product_cat-luxusstiefel-damen","14":"product_cat-python-stiefel-damen","15":"product_cat-rabatte-damenstiefel","17":"first","18":"instock","19":"taxable","20":"shipping-taxable","21":"purchasable","22":"product-type-variable"},"supplier_id":null,"supplier_sku":"","barcode":null,"atum_controlled":true,"out_stock_date":null,"out_stock_threshold":null,"inheritable":true,"inbound_stock":0,"stock_on_hold":0,"sold_today":0,"sales_last_days":0,"reserved_stock":0,"customer_returns":0,"warehouse_damage":0,"lost_in_post":0,"other_logs":0,"out_stock_days":0,"lost_sales":0,"has_location":false,"update_date":"2026-03-12T13:44:05","atum_locations":[],"atum_stock_status":"instock","restock_status":false,"low_stock_amount":"","sales_update_date":"2026-03-12T13:44:05","calc_backorders":null,"yoast_head":"<!-- This site is optimized with the Yoast SEO plugin v27.4 - https:\/\/yoast.com\/product\/yoast-seo-wordpress\/ -->\n<title>621 DASLU LINI PITON MARINO - Tony Mora\u00ae Boots Official Store<\/title>\n<meta name=\"description\" content=\"Die luxuri\u00f6seste Stiefelette von Tony Mora - aus exotischem Pythonleder in elegantem Marineblau, langlebig und sehr weich beim Ber\u00fchren.\" \/>\n<meta name=\"robots\" content=\"index, follow, max-snippet:-1, max-image-preview:large, max-video-preview:-1\" \/>\n<link rel=\"canonical\" href=\"https:\/\/tonymora.com\/de\/produkt\/621-daslu-lini-piton-marino\/\" \/>\n<meta property=\"og:locale\" content=\"de_DE\" \/>\n<meta property=\"og:type\" content=\"article\" \/>\n<meta property=\"og:title\" content=\"621 DASLU LINI PITON MARINO - Tony Mora\u00ae Boots Official Store\" \/>\n<meta property=\"og:description\" content=\"Die luxuri\u00f6seste Stiefelette von Tony Mora - aus exotischem Pythonleder in elegantem Marineblau, langlebig und sehr weich beim Ber\u00fchren.\" \/>\n<meta property=\"og:url\" content=\"https:\/\/tonymora.com\/de\/produkt\/621-daslu-lini-piton-marino\/\" \/>\n<meta property=\"og:site_name\" content=\"Tony Mora\u00ae Boots Official Store\" \/>\n<meta property=\"article:publisher\" content=\"https:\/\/www.facebook.com\/Tonymoraofficial\/\" \/>\n<meta property=\"article:modified_time\" content=\"2023-11-09T11:20:59+00:00\" \/>\n<meta property=\"og:image\" content=\"https:\/\/tonymora.com\/wp-content\/uploads\/2022\/05\/03-621-DASLU-LINI-PITON-BC-MARINO.jpg\" \/>\n\t<meta property=\"og:image:width\" content=\"866\" \/>\n\t<meta property=\"og:image:height\" content=\"1032\" \/>\n\t<meta property=\"og:image:type\" content=\"image\/jpeg\" \/>\n<meta name=\"twitter:card\" content=\"summary_large_image\" \/>\n<script type=\"application\/ld+json\" class=\"yoast-schema-graph\">{\"@context\":\"https:\\\/\\\/schema.org\",\"@graph\":[{\"@type\":\"WebPage\",\"@id\":\"https:\\\/\\\/tonymora.com\\\/de\\\/produkt\\\/621-daslu-lini-piton-marino\\\/\",\"url\":\"https:\\\/\\\/tonymora.com\\\/de\\\/produkt\\\/621-daslu-lini-piton-marino\\\/\",\"name\":\"621 DASLU LINI PITON MARINO - Tony Mora\u00ae Boots Official Store\",\"isPartOf\":{\"@id\":\"https:\\\/\\\/tonymora.com\\\/de\\\/#website\"},\"primaryImageOfPage\":{\"@id\":\"https:\\\/\\\/tonymora.com\\\/de\\\/produkt\\\/621-daslu-lini-piton-marino\\\/#primaryimage\"},\"image\":{\"@id\":\"https:\\\/\\\/tonymora.com\\\/de\\\/produkt\\\/621-daslu-lini-piton-marino\\\/#primaryimage\"},\"thumbnailUrl\":\"https:\\\/\\\/tonymora.com\\\/wp-content\\\/uploads\\\/2022\\\/05\\\/03-621-DASLU-LINI-PITON-BC-MARINO.jpg\",\"datePublished\":\"2022-05-24T07:23:17+00:00\",\"dateModified\":\"2023-11-09T11:20:59+00:00\",\"description\":\"Die luxuri\u00f6seste Stiefelette von Tony Mora - aus exotischem Pythonleder in elegantem Marineblau, langlebig und sehr weich beim Ber\u00fchren.\",\"breadcrumb\":{\"@id\":\"https:\\\/\\\/tonymora.com\\\/de\\\/produkt\\\/621-daslu-lini-piton-marino\\\/#breadcrumb\"},\"inLanguage\":\"de\",\"potentialAction\":[{\"@type\":\"ReadAction\",\"target\":[\"https:\\\/\\\/tonymora.com\\\/de\\\/produkt\\\/621-daslu-lini-piton-marino\\\/\"]}]},{\"@type\":\"ImageObject\",\"inLanguage\":\"de\",\"@id\":\"https:\\\/\\\/tonymora.com\\\/de\\\/produkt\\\/621-daslu-lini-piton-marino\\\/#primaryimage\",\"url\":\"https:\\\/\\\/tonymora.com\\\/wp-content\\\/uploads\\\/2022\\\/05\\\/03-621-DASLU-LINI-PITON-BC-MARINO.jpg\",\"contentUrl\":\"https:\\\/\\\/tonymora.com\\\/wp-content\\\/uploads\\\/2022\\\/05\\\/03-621-DASLU-LINI-PITON-BC-MARINO.jpg\",\"width\":866,\"height\":1032},{\"@type\":\"BreadcrumbList\",\"@id\":\"https:\\\/\\\/tonymora.com\\\/de\\\/produkt\\\/621-daslu-lini-piton-marino\\\/#breadcrumb\",\"itemListElement\":[{\"@type\":\"ListItem\",\"position\":1,\"name\":\"Portada\",\"item\":\"https:\\\/\\\/tonymora.com\\\/de\\\/\"},{\"@type\":\"ListItem\",\"position\":2,\"name\":\"Shop\",\"item\":\"https:\\\/\\\/tonymora.com\\\/de\\\/shop\\\/\"},{\"@type\":\"ListItem\",\"position\":3,\"name\":\"Damen\",\"item\":\"https:\\\/\\\/tonymora.com\\\/de\\\/produkt-kategorie\\\/damen\\\/\"},{\"@type\":\"ListItem\",\"position\":4,\"name\":\"621 DASLU LINI PITON MARINO\"}]},{\"@type\":\"WebSite\",\"@id\":\"https:\\\/\\\/tonymora.com\\\/de\\\/#website\",\"url\":\"https:\\\/\\\/tonymora.com\\\/de\\\/\",\"name\":\"Tony Mora\u00ae Boots Official Store\",\"description\":\"Cowboy Boots\",\"publisher\":{\"@id\":\"https:\\\/\\\/tonymora.com\\\/de\\\/#organization\"},\"potentialAction\":[{\"@type\":\"SearchAction\",\"target\":{\"@type\":\"EntryPoint\",\"urlTemplate\":\"https:\\\/\\\/tonymora.com\\\/de\\\/?s={search_term_string}\"},\"query-input\":{\"@type\":\"PropertyValueSpecification\",\"valueRequired\":true,\"valueName\":\"search_term_string\"}}],\"inLanguage\":\"de\"},{\"@type\":\"Organization\",\"@id\":\"https:\\\/\\\/tonymora.com\\\/de\\\/#organization\",\"name\":\"Tony Mora Boots\",\"url\":\"https:\\\/\\\/tonymora.com\\\/de\\\/\",\"logo\":{\"@type\":\"ImageObject\",\"inLanguage\":\"de\",\"@id\":\"https:\\\/\\\/tonymora.com\\\/de\\\/#\\\/schema\\\/logo\\\/image\\\/\",\"url\":\"https:\\\/\\\/tonymora.com\\\/wp-content\\\/uploads\\\/2023\\\/12\\\/LOGO.jpg\",\"contentUrl\":\"https:\\\/\\\/tonymora.com\\\/wp-content\\\/uploads\\\/2023\\\/12\\\/LOGO.jpg\",\"width\":2272,\"height\":1411,\"caption\":\"Tony Mora Boots\"},\"image\":{\"@id\":\"https:\\\/\\\/tonymora.com\\\/de\\\/#\\\/schema\\\/logo\\\/image\\\/\"},\"sameAs\":[\"https:\\\/\\\/www.facebook.com\\\/Tonymoraofficial\\\/\",\"https:\\\/\\\/www.instagram.com\\\/tonymoraofficial\\\/?hl=es\"]}]}<\/script>\n<!-- \/ Yoast SEO plugin. -->","yoast_head_json":{"title":"621 DASLU LINI PITON MARINO - Tony Mora\u00ae Boots Official Store","description":"Die luxuri\u00f6seste Stiefelette von Tony Mora - aus exotischem Pythonleder in elegantem Marineblau, langlebig und sehr weich beim Ber\u00fchren.","robots":{"index":"index","follow":"follow","max-snippet":"max-snippet:-1","max-image-preview":"max-image-preview:large","max-video-preview":"max-video-preview:-1"},"canonical":"https:\/\/tonymora.com\/de\/produkt\/621-daslu-lini-piton-marino\/","og_locale":"de_DE","og_type":"article","og_title":"621 DASLU LINI PITON MARINO - Tony Mora\u00ae Boots Official Store","og_description":"Die luxuri\u00f6seste Stiefelette von Tony Mora - aus exotischem Pythonleder in elegantem Marineblau, langlebig und sehr weich beim Ber\u00fchren.","og_url":"https:\/\/tonymora.com\/de\/produkt\/621-daslu-lini-piton-marino\/","og_site_name":"Tony Mora\u00ae Boots Official Store","article_publisher":"https:\/\/www.facebook.com\/Tonymoraofficial\/","article_modified_time":"2023-11-09T11:20:59+00:00","og_image":[{"width":866,"height":1032,"url":"https:\/\/tonymora.com\/wp-content\/uploads\/2022\/05\/03-621-DASLU-LINI-PITON-BC-MARINO.jpg","type":"image\/jpeg"}],"twitter_card":"summary_large_image","schema":{"@context":"https:\/\/schema.org","@graph":[{"@type":"WebPage","@id":"https:\/\/tonymora.com\/de\/produkt\/621-daslu-lini-piton-marino\/","url":"https:\/\/tonymora.com\/de\/produkt\/621-daslu-lini-piton-marino\/","name":"621 DASLU LINI PITON MARINO - Tony Mora\u00ae Boots Official Store","isPartOf":{"@id":"https:\/\/tonymora.com\/de\/#website"},"primaryImageOfPage":{"@id":"https:\/\/tonymora.com\/de\/produkt\/621-daslu-lini-piton-marino\/#primaryimage"},"image":{"@id":"https:\/\/tonymora.com\/de\/produkt\/621-daslu-lini-piton-marino\/#primaryimage"},"thumbnailUrl":"https:\/\/tonymora.com\/wp-content\/uploads\/2022\/05\/03-621-DASLU-LINI-PITON-BC-MARINO.jpg","datePublished":"2022-05-24T07:23:17+00:00","dateModified":"2023-11-09T11:20:59+00:00","description":"Die luxuri\u00f6seste Stiefelette von Tony Mora - aus exotischem Pythonleder in elegantem Marineblau, langlebig und sehr weich beim Ber\u00fchren.","breadcrumb":{"@id":"https:\/\/tonymora.com\/de\/produkt\/621-daslu-lini-piton-marino\/#breadcrumb"},"inLanguage":"de","potentialAction":[{"@type":"ReadAction","target":["https:\/\/tonymora.com\/de\/produkt\/621-daslu-lini-piton-marino\/"]}]},{"@type":"ImageObject","inLanguage":"de","@id":"https:\/\/tonymora.com\/de\/produkt\/621-daslu-lini-piton-marino\/#primaryimage","url":"https:\/\/tonymora.com\/wp-content\/uploads\/2022\/05\/03-621-DASLU-LINI-PITON-BC-MARINO.jpg","contentUrl":"https:\/\/tonymora.com\/wp-content\/uploads\/2022\/05\/03-621-DASLU-LINI-PITON-BC-MARINO.jpg","width":866,"height":1032},{"@type":"BreadcrumbList","@id":"https:\/\/tonymora.com\/de\/produkt\/621-daslu-lini-piton-marino\/#breadcrumb","itemListElement":[{"@type":"ListItem","position":1,"name":"Portada","item":"https:\/\/tonymora.com\/de\/"},{"@type":"ListItem","position":2,"name":"Shop","item":"https:\/\/tonymora.com\/de\/shop\/"},{"@type":"ListItem","position":3,"name":"Damen","item":"https:\/\/tonymora.com\/de\/produkt-kategorie\/damen\/"},{"@type":"ListItem","position":4,"name":"621 DASLU LINI PITON MARINO"}]},{"@type":"WebSite","@id":"https:\/\/tonymora.com\/de\/#website","url":"https:\/\/tonymora.com\/de\/","name":"Tony Mora\u00ae Boots Official Store","description":"Cowboy Boots","publisher":{"@id":"https:\/\/tonymora.com\/de\/#organization"},"potentialAction":[{"@type":"SearchAction","target":{"@type":"EntryPoint","urlTemplate":"https:\/\/tonymora.com\/de\/?s={search_term_string}"},"query-input":{"@type":"PropertyValueSpecification","valueRequired":true,"valueName":"search_term_string"}}],"inLanguage":"de"},{"@type":"Organization","@id":"https:\/\/tonymora.com\/de\/#organization","name":"Tony Mora Boots","url":"https:\/\/tonymora.com\/de\/","logo":{"@type":"ImageObject","inLanguage":"de","@id":"https:\/\/tonymora.com\/de\/#\/schema\/logo\/image\/","url":"https:\/\/tonymora.com\/wp-content\/uploads\/2023\/12\/LOGO.jpg","contentUrl":"https:\/\/tonymora.com\/wp-content\/uploads\/2023\/12\/LOGO.jpg","width":2272,"height":1411,"caption":"Tony Mora Boots"},"image":{"@id":"https:\/\/tonymora.com\/de\/#\/schema\/logo\/image\/"},"sameAs":["https:\/\/www.facebook.com\/Tonymoraofficial\/","https:\/\/www.instagram.com\/tonymoraofficial\/?hl=es"]}]}},"_links":{"self":[{"href":"https:\/\/tonymora.com\/de\/wp-json\/wp\/v2\/product\/694721","targetHints":{"allow":["GET"]}}],"collection":[{"href":"https:\/\/tonymora.com\/de\/wp-json\/wp\/v2\/product"}],"about":[{"href":"https:\/\/tonymora.com\/de\/wp-json\/wp\/v2\/types\/product"}],"wp:featuredmedia":[{"embeddable":true,"href":"https:\/\/tonymora.com\/de\/wp-json\/wp\/v2\/media\/704117"}],"wp:attachment":[{"href":"https:\/\/tonymora.com\/de\/wp-json\/wp\/v2\/media?parent=694721"}],"wp:term":[{"taxonomy":"product_brand","embeddable":true,"href":"https:\/\/tonymora.com\/de\/wp-json\/wp\/v2\/product_brand?post=694721"},{"taxonomy":"product_cat","embeddable":true,"href":"https:\/\/tonymora.com\/de\/wp-json\/wp\/v2\/product_cat?post=694721"},{"taxonomy":"product_tag","embeddable":true,"href":"https:\/\/tonymora.com\/de\/wp-json\/wp\/v2\/product_tag?post=694721"}],"curies":[{"name":"wp","href":"https:\/\/api.w.org\/{rel}","templated":true}]}}