{"id":694784,"date":"2022-05-24T09:37:25","date_gmt":"2022-05-24T07:37:25","guid":{"rendered":"https:\/\/tonymora.com\/shop\/2052-virgi-lini-kasur-terracota\/"},"modified":"2023-11-09T12:19:25","modified_gmt":"2023-11-09T11:19:25","slug":"2052-virgi-lini-kasur-terracotta","status":"publish","type":"product","link":"https:\/\/tonymora.com\/de\/produkt\/2052-virgi-lini-kasur-terracotta\/","title":{"rendered":"2052 VIRGI LINI KASUR TERRACOTTA"},"content":{"rendered":"<p>Ein Paar Stiefel mit klassischer schmaler Spitze und mittlerem Absatz. Die Sch\u00e4fte haben ein einzigartiges Design: eine lebendige Fadenstickerei, die mit den Farbt\u00f6nen spielt und einen Kontrast zu dem 100%igen Kalbsleder setzt, das einen r\u00f6tlich-braunen Schimmer hat. Die perfekten Stiefel f\u00fcr jede Gelegenheit. Verlieben Sie sich in sie und genie\u00dfen Sie jeden Schritt!<\/p>\n","protected":false},"excerpt":{"rendered":"<p>Ein St\u00fcck, das mit unaufdringlicher Selbstsicherheit besticht. Authentische Inspiration und eine unverwechselbare Pers\u00f6nlichkeit.<br \/>\nDer letzte Schliff, der Schlichtheit in etwas Unvergessliches verwandelt.<\/p>\n","protected":false},"featured_media":695262,"template":"","meta":{"_mbp_gutenberg_autopost":false},"product_brand":[757,759,761,763,765,767],"product_cat":[169,170,167,1141,168,1135],"product_tag":[],"class_list":{"0":"post-694784","1":"product","2":"type-product","3":"status-publish","4":"has-post-thumbnail","6":"product_brand-talla-mujer-36","7":"product_brand-talla-mujer-37","8":"product_brand-talla-mujer-38","9":"product_brand-talla-mujer-39","10":"product_brand-talla-mujer-40","11":"product_brand-talla-mujer-41","12":"product_cat-casual-damenstiefel","13":"product_cat-cowboystiefel-damen","14":"product_cat-damen","15":"product_cat-lederstiefel-damen","16":"product_cat-line-dancing-stiefel-damen","17":"product_cat-rabatte-damenstiefel","19":"first","20":"instock","21":"taxable","22":"shipping-taxable","23":"purchasable","24":"product-type-variable"},"supplier_id":null,"supplier_sku":"","barcode":null,"atum_controlled":true,"out_stock_date":null,"out_stock_threshold":null,"inheritable":true,"inbound_stock":0,"stock_on_hold":0,"sold_today":0,"sales_last_days":0,"reserved_stock":0,"customer_returns":0,"warehouse_damage":0,"lost_in_post":0,"other_logs":0,"out_stock_days":0,"lost_sales":0,"has_location":false,"update_date":"2024-07-08T12:10:55","atum_locations":[],"atum_stock_status":"instock","restock_status":false,"low_stock_amount":"","sales_update_date":"2024-07-08T12:10:55","calc_backorders":null,"yoast_head":"<!-- This site is optimized with the Yoast SEO plugin v27.3 - https:\/\/yoast.com\/product\/yoast-seo-wordpress\/ -->\n<title>2052 VIRGI LINI KASUR TERRACOTTA - Tony Mora\u00ae Boots Official Store<\/title>\n<meta name=\"description\" content=\"Ein Paar Stiefel mit klassischer schmaler Spitze und mittlerem Absatz. Die Sch\u00e4fte haben ein einzigartiges Design\" \/>\n<meta name=\"robots\" content=\"index, follow, max-snippet:-1, max-image-preview:large, max-video-preview:-1\" \/>\n<link rel=\"canonical\" href=\"https:\/\/tonymora.com\/de\/produkt\/2052-virgi-lini-kasur-terracotta\/\" \/>\n<meta property=\"og:locale\" content=\"de_DE\" \/>\n<meta property=\"og:type\" content=\"article\" \/>\n<meta property=\"og:title\" content=\"2052 VIRGI LINI KASUR TERRACOTTA - Tony Mora\u00ae Boots Official Store\" \/>\n<meta property=\"og:description\" content=\"Ein Paar Stiefel mit klassischer schmaler Spitze und mittlerem Absatz. Die Sch\u00e4fte haben ein einzigartiges Design\" \/>\n<meta property=\"og:url\" content=\"https:\/\/tonymora.com\/de\/produkt\/2052-virgi-lini-kasur-terracotta\/\" \/>\n<meta property=\"og:site_name\" content=\"Tony Mora\u00ae Boots Official Store\" \/>\n<meta property=\"article:publisher\" content=\"https:\/\/www.facebook.com\/Tonymoraofficial\/\" \/>\n<meta property=\"article:modified_time\" content=\"2023-11-09T11:19:25+00:00\" \/>\n<meta property=\"og:image\" content=\"https:\/\/tonymora.com\/wp-content\/uploads\/2022\/05\/02-2052-virgi-lini-kasur-terracota-1.jpg\" \/>\n\t<meta property=\"og:image:width\" content=\"866\" \/>\n\t<meta property=\"og:image:height\" content=\"1032\" \/>\n\t<meta property=\"og:image:type\" content=\"image\/jpeg\" \/>\n<meta name=\"twitter:card\" content=\"summary_large_image\" \/>\n<script type=\"application\/ld+json\" class=\"yoast-schema-graph\">{\"@context\":\"https:\\\/\\\/schema.org\",\"@graph\":[{\"@type\":\"WebPage\",\"@id\":\"https:\\\/\\\/tonymora.com\\\/de\\\/produkt\\\/2052-virgi-lini-kasur-terracotta\\\/\",\"url\":\"https:\\\/\\\/tonymora.com\\\/de\\\/produkt\\\/2052-virgi-lini-kasur-terracotta\\\/\",\"name\":\"2052 VIRGI LINI KASUR TERRACOTTA - Tony Mora\u00ae Boots Official Store\",\"isPartOf\":{\"@id\":\"https:\\\/\\\/tonymora.com\\\/de\\\/#website\"},\"primaryImageOfPage\":{\"@id\":\"https:\\\/\\\/tonymora.com\\\/de\\\/produkt\\\/2052-virgi-lini-kasur-terracotta\\\/#primaryimage\"},\"image\":{\"@id\":\"https:\\\/\\\/tonymora.com\\\/de\\\/produkt\\\/2052-virgi-lini-kasur-terracotta\\\/#primaryimage\"},\"thumbnailUrl\":\"https:\\\/\\\/tonymora.com\\\/wp-content\\\/uploads\\\/2022\\\/05\\\/02-2052-virgi-lini-kasur-terracota-1.jpg\",\"datePublished\":\"2022-05-24T07:37:25+00:00\",\"dateModified\":\"2023-11-09T11:19:25+00:00\",\"description\":\"Ein Paar Stiefel mit klassischer schmaler Spitze und mittlerem Absatz. Die Sch\u00e4fte haben ein einzigartiges Design\",\"breadcrumb\":{\"@id\":\"https:\\\/\\\/tonymora.com\\\/de\\\/produkt\\\/2052-virgi-lini-kasur-terracotta\\\/#breadcrumb\"},\"inLanguage\":\"de\",\"potentialAction\":[{\"@type\":\"ReadAction\",\"target\":[\"https:\\\/\\\/tonymora.com\\\/de\\\/produkt\\\/2052-virgi-lini-kasur-terracotta\\\/\"]}]},{\"@type\":\"ImageObject\",\"inLanguage\":\"de\",\"@id\":\"https:\\\/\\\/tonymora.com\\\/de\\\/produkt\\\/2052-virgi-lini-kasur-terracotta\\\/#primaryimage\",\"url\":\"https:\\\/\\\/tonymora.com\\\/wp-content\\\/uploads\\\/2022\\\/05\\\/02-2052-virgi-lini-kasur-terracota-1.jpg\",\"contentUrl\":\"https:\\\/\\\/tonymora.com\\\/wp-content\\\/uploads\\\/2022\\\/05\\\/02-2052-virgi-lini-kasur-terracota-1.jpg\",\"width\":866,\"height\":1032},{\"@type\":\"BreadcrumbList\",\"@id\":\"https:\\\/\\\/tonymora.com\\\/de\\\/produkt\\\/2052-virgi-lini-kasur-terracotta\\\/#breadcrumb\",\"itemListElement\":[{\"@type\":\"ListItem\",\"position\":1,\"name\":\"Portada\",\"item\":\"https:\\\/\\\/tonymora.com\\\/de\\\/\"},{\"@type\":\"ListItem\",\"position\":2,\"name\":\"Shop\",\"item\":\"https:\\\/\\\/tonymora.com\\\/de\\\/shop\\\/\"},{\"@type\":\"ListItem\",\"position\":3,\"name\":\"Damen\",\"item\":\"https:\\\/\\\/tonymora.com\\\/de\\\/produkt-kategorie\\\/damen\\\/\"},{\"@type\":\"ListItem\",\"position\":4,\"name\":\"2052 VIRGI LINI KASUR TERRACOTTA\"}]},{\"@type\":\"WebSite\",\"@id\":\"https:\\\/\\\/tonymora.com\\\/de\\\/#website\",\"url\":\"https:\\\/\\\/tonymora.com\\\/de\\\/\",\"name\":\"Tony Mora\u00ae Boots Official Store\",\"description\":\"Cowboy Boots\",\"publisher\":{\"@id\":\"https:\\\/\\\/tonymora.com\\\/de\\\/#organization\"},\"potentialAction\":[{\"@type\":\"SearchAction\",\"target\":{\"@type\":\"EntryPoint\",\"urlTemplate\":\"https:\\\/\\\/tonymora.com\\\/de\\\/?s={search_term_string}\"},\"query-input\":{\"@type\":\"PropertyValueSpecification\",\"valueRequired\":true,\"valueName\":\"search_term_string\"}}],\"inLanguage\":\"de\"},{\"@type\":\"Organization\",\"@id\":\"https:\\\/\\\/tonymora.com\\\/de\\\/#organization\",\"name\":\"Tony Mora Boots\",\"url\":\"https:\\\/\\\/tonymora.com\\\/de\\\/\",\"logo\":{\"@type\":\"ImageObject\",\"inLanguage\":\"de\",\"@id\":\"https:\\\/\\\/tonymora.com\\\/de\\\/#\\\/schema\\\/logo\\\/image\\\/\",\"url\":\"https:\\\/\\\/tonymora.com\\\/wp-content\\\/uploads\\\/2023\\\/12\\\/LOGO.jpg\",\"contentUrl\":\"https:\\\/\\\/tonymora.com\\\/wp-content\\\/uploads\\\/2023\\\/12\\\/LOGO.jpg\",\"width\":2272,\"height\":1411,\"caption\":\"Tony Mora Boots\"},\"image\":{\"@id\":\"https:\\\/\\\/tonymora.com\\\/de\\\/#\\\/schema\\\/logo\\\/image\\\/\"},\"sameAs\":[\"https:\\\/\\\/www.facebook.com\\\/Tonymoraofficial\\\/\",\"https:\\\/\\\/www.instagram.com\\\/tonymoraofficial\\\/?hl=es\"]}]}<\/script>\n<!-- \/ Yoast SEO plugin. -->","yoast_head_json":{"title":"2052 VIRGI LINI KASUR TERRACOTTA - Tony Mora\u00ae Boots Official Store","description":"Ein Paar Stiefel mit klassischer schmaler Spitze und mittlerem Absatz. Die Sch\u00e4fte haben ein einzigartiges Design","robots":{"index":"index","follow":"follow","max-snippet":"max-snippet:-1","max-image-preview":"max-image-preview:large","max-video-preview":"max-video-preview:-1"},"canonical":"https:\/\/tonymora.com\/de\/produkt\/2052-virgi-lini-kasur-terracotta\/","og_locale":"de_DE","og_type":"article","og_title":"2052 VIRGI LINI KASUR TERRACOTTA - Tony Mora\u00ae Boots Official Store","og_description":"Ein Paar Stiefel mit klassischer schmaler Spitze und mittlerem Absatz. Die Sch\u00e4fte haben ein einzigartiges Design","og_url":"https:\/\/tonymora.com\/de\/produkt\/2052-virgi-lini-kasur-terracotta\/","og_site_name":"Tony Mora\u00ae Boots Official Store","article_publisher":"https:\/\/www.facebook.com\/Tonymoraofficial\/","article_modified_time":"2023-11-09T11:19:25+00:00","og_image":[{"width":866,"height":1032,"url":"https:\/\/tonymora.com\/wp-content\/uploads\/2022\/05\/02-2052-virgi-lini-kasur-terracota-1.jpg","type":"image\/jpeg"}],"twitter_card":"summary_large_image","schema":{"@context":"https:\/\/schema.org","@graph":[{"@type":"WebPage","@id":"https:\/\/tonymora.com\/de\/produkt\/2052-virgi-lini-kasur-terracotta\/","url":"https:\/\/tonymora.com\/de\/produkt\/2052-virgi-lini-kasur-terracotta\/","name":"2052 VIRGI LINI KASUR TERRACOTTA - Tony Mora\u00ae Boots Official Store","isPartOf":{"@id":"https:\/\/tonymora.com\/de\/#website"},"primaryImageOfPage":{"@id":"https:\/\/tonymora.com\/de\/produkt\/2052-virgi-lini-kasur-terracotta\/#primaryimage"},"image":{"@id":"https:\/\/tonymora.com\/de\/produkt\/2052-virgi-lini-kasur-terracotta\/#primaryimage"},"thumbnailUrl":"https:\/\/tonymora.com\/wp-content\/uploads\/2022\/05\/02-2052-virgi-lini-kasur-terracota-1.jpg","datePublished":"2022-05-24T07:37:25+00:00","dateModified":"2023-11-09T11:19:25+00:00","description":"Ein Paar Stiefel mit klassischer schmaler Spitze und mittlerem Absatz. Die Sch\u00e4fte haben ein einzigartiges Design","breadcrumb":{"@id":"https:\/\/tonymora.com\/de\/produkt\/2052-virgi-lini-kasur-terracotta\/#breadcrumb"},"inLanguage":"de","potentialAction":[{"@type":"ReadAction","target":["https:\/\/tonymora.com\/de\/produkt\/2052-virgi-lini-kasur-terracotta\/"]}]},{"@type":"ImageObject","inLanguage":"de","@id":"https:\/\/tonymora.com\/de\/produkt\/2052-virgi-lini-kasur-terracotta\/#primaryimage","url":"https:\/\/tonymora.com\/wp-content\/uploads\/2022\/05\/02-2052-virgi-lini-kasur-terracota-1.jpg","contentUrl":"https:\/\/tonymora.com\/wp-content\/uploads\/2022\/05\/02-2052-virgi-lini-kasur-terracota-1.jpg","width":866,"height":1032},{"@type":"BreadcrumbList","@id":"https:\/\/tonymora.com\/de\/produkt\/2052-virgi-lini-kasur-terracotta\/#breadcrumb","itemListElement":[{"@type":"ListItem","position":1,"name":"Portada","item":"https:\/\/tonymora.com\/de\/"},{"@type":"ListItem","position":2,"name":"Shop","item":"https:\/\/tonymora.com\/de\/shop\/"},{"@type":"ListItem","position":3,"name":"Damen","item":"https:\/\/tonymora.com\/de\/produkt-kategorie\/damen\/"},{"@type":"ListItem","position":4,"name":"2052 VIRGI LINI KASUR TERRACOTTA"}]},{"@type":"WebSite","@id":"https:\/\/tonymora.com\/de\/#website","url":"https:\/\/tonymora.com\/de\/","name":"Tony Mora\u00ae Boots Official Store","description":"Cowboy Boots","publisher":{"@id":"https:\/\/tonymora.com\/de\/#organization"},"potentialAction":[{"@type":"SearchAction","target":{"@type":"EntryPoint","urlTemplate":"https:\/\/tonymora.com\/de\/?s={search_term_string}"},"query-input":{"@type":"PropertyValueSpecification","valueRequired":true,"valueName":"search_term_string"}}],"inLanguage":"de"},{"@type":"Organization","@id":"https:\/\/tonymora.com\/de\/#organization","name":"Tony Mora Boots","url":"https:\/\/tonymora.com\/de\/","logo":{"@type":"ImageObject","inLanguage":"de","@id":"https:\/\/tonymora.com\/de\/#\/schema\/logo\/image\/","url":"https:\/\/tonymora.com\/wp-content\/uploads\/2023\/12\/LOGO.jpg","contentUrl":"https:\/\/tonymora.com\/wp-content\/uploads\/2023\/12\/LOGO.jpg","width":2272,"height":1411,"caption":"Tony Mora Boots"},"image":{"@id":"https:\/\/tonymora.com\/de\/#\/schema\/logo\/image\/"},"sameAs":["https:\/\/www.facebook.com\/Tonymoraofficial\/","https:\/\/www.instagram.com\/tonymoraofficial\/?hl=es"]}]}},"_links":{"self":[{"href":"https:\/\/tonymora.com\/de\/wp-json\/wp\/v2\/product\/694784","targetHints":{"allow":["GET"]}}],"collection":[{"href":"https:\/\/tonymora.com\/de\/wp-json\/wp\/v2\/product"}],"about":[{"href":"https:\/\/tonymora.com\/de\/wp-json\/wp\/v2\/types\/product"}],"wp:featuredmedia":[{"embeddable":true,"href":"https:\/\/tonymora.com\/de\/wp-json\/wp\/v2\/media\/695262"}],"wp:attachment":[{"href":"https:\/\/tonymora.com\/de\/wp-json\/wp\/v2\/media?parent=694784"}],"wp:term":[{"taxonomy":"product_brand","embeddable":true,"href":"https:\/\/tonymora.com\/de\/wp-json\/wp\/v2\/product_brand?post=694784"},{"taxonomy":"product_cat","embeddable":true,"href":"https:\/\/tonymora.com\/de\/wp-json\/wp\/v2\/product_cat?post=694784"},{"taxonomy":"product_tag","embeddable":true,"href":"https:\/\/tonymora.com\/de\/wp-json\/wp\/v2\/product_tag?post=694784"}],"curies":[{"name":"wp","href":"https:\/\/api.w.org\/{rel}","templated":true}]}}