{"id":695065,"date":"2022-05-24T10:32:37","date_gmt":"2022-05-24T08:32:37","guid":{"rendered":"https:\/\/tonymora.com\/shop\/2684-j-lini-vintage-rojo-brash\/"},"modified":"2023-07-27T08:34:23","modified_gmt":"2023-07-27T06:34:23","slug":"2684-j-lini-vintage-rot-brash","status":"publish","type":"product","link":"https:\/\/tonymora.com\/de\/produkt\/2684-j-lini-vintage-rot-brash\/","title":{"rendered":"2684 J LINI VINTAGE ROT BRASH"},"content":{"rendered":"<p class=\"p1\">Wir pr\u00e4sentieren Ihnen unsere Stiefelette aus einem Leder im Used-Look, der ihr einen Touch Vintage verleiht. Die Stiefel werden aus Kalbsleder hergestellt und sorgf\u00e4ltig mit einer Lederkratztechnik bearbeitet, die ihnen ein gealtertes Aussehen gibt, und dann mit Bienenwachs schattiert, was jedes Paar einzigartig macht. Setzen Sie ein Zeichen mit der Kraft und Energie dieser sch\u00f6nen roten Farbe! Ob zu Jeans oder zu einem sch\u00f6nen Kleid, sie sind der beste Begleiter f\u00fcr jede Gelegenheit.<\/p>\n","protected":false},"excerpt":{"rendered":"<p>Eine Wahl, die sich auf den ersten Blick besonders anf\u00fchlt. Ideal, um Sie Tag und Nacht mit der gleichen Souver\u00e4nit\u00e4t zu begleiten.<\/p>\n","protected":false},"featured_media":695301,"template":"","meta":{"_mbp_gutenberg_autopost":false},"product_brand":[757,759,761,763,765,767],"product_cat":[1174,169,167,226,1141,1135],"product_tag":[],"class_list":{"0":"post-695065","1":"product","2":"type-product","3":"status-publish","4":"has-post-thumbnail","6":"product_brand-talla-mujer-36","7":"product_brand-talla-mujer-37","8":"product_brand-talla-mujer-38","9":"product_brand-talla-mujer-39","10":"product_brand-talla-mujer-40","11":"product_brand-talla-mujer-41","12":"product_cat-black-friday-de","13":"product_cat-casual-damenstiefel","14":"product_cat-damen","15":"product_cat-damen-stiefeletten","16":"product_cat-lederstiefel-damen","17":"product_cat-rabatte-damenstiefel","19":"first","20":"outofstock","21":"taxable","22":"shipping-taxable","23":"purchasable","24":"product-type-variable"},"yoast_head":"<!-- This site is optimized with the Yoast SEO plugin v27.4 - https:\/\/yoast.com\/product\/yoast-seo-wordpress\/ -->\n<title>2684 J LINI VINTAGE ROT BRASH - Tony Mora\u00ae Boots Official Store<\/title>\n<meta name=\"description\" content=\"Wir pr\u00e4sentieren Ihnen unsere Stiefelette aus einem Leder im Used-Look, der ihr einen Touch Vintage verleiht.\" \/>\n<meta name=\"robots\" content=\"index, follow, max-snippet:-1, max-image-preview:large, max-video-preview:-1\" \/>\n<link rel=\"canonical\" href=\"https:\/\/tonymora.com\/de\/produkt\/2684-j-lini-vintage-rot-brash\/\" \/>\n<meta property=\"og:locale\" content=\"de_DE\" \/>\n<meta property=\"og:type\" content=\"article\" \/>\n<meta property=\"og:title\" content=\"2684 J LINI VINTAGE ROT BRASH - Tony Mora\u00ae Boots Official Store\" \/>\n<meta property=\"og:description\" content=\"Wir pr\u00e4sentieren Ihnen unsere Stiefelette aus einem Leder im Used-Look, der ihr einen Touch Vintage verleiht.\" \/>\n<meta property=\"og:url\" content=\"https:\/\/tonymora.com\/de\/produkt\/2684-j-lini-vintage-rot-brash\/\" \/>\n<meta property=\"og:site_name\" content=\"Tony Mora\u00ae Boots Official Store\" \/>\n<meta property=\"article:publisher\" content=\"https:\/\/www.facebook.com\/Tonymoraofficial\/\" \/>\n<meta property=\"article:modified_time\" content=\"2023-07-27T06:34:23+00:00\" \/>\n<meta property=\"og:image\" content=\"https:\/\/tonymora.com\/wp-content\/uploads\/2022\/05\/02-2684-vintage-rojo.jpg\" \/>\n\t<meta property=\"og:image:width\" content=\"866\" \/>\n\t<meta property=\"og:image:height\" content=\"1032\" \/>\n\t<meta property=\"og:image:type\" content=\"image\/jpeg\" \/>\n<meta name=\"twitter:card\" content=\"summary_large_image\" \/>\n<script type=\"application\/ld+json\" class=\"yoast-schema-graph\">{\"@context\":\"https:\\\/\\\/schema.org\",\"@graph\":[{\"@type\":\"WebPage\",\"@id\":\"https:\\\/\\\/tonymora.com\\\/de\\\/produkt\\\/2684-j-lini-vintage-rot-brash\\\/\",\"url\":\"https:\\\/\\\/tonymora.com\\\/de\\\/produkt\\\/2684-j-lini-vintage-rot-brash\\\/\",\"name\":\"2684 J LINI VINTAGE ROT BRASH - Tony Mora\u00ae Boots Official Store\",\"isPartOf\":{\"@id\":\"https:\\\/\\\/tonymora.com\\\/de\\\/#website\"},\"primaryImageOfPage\":{\"@id\":\"https:\\\/\\\/tonymora.com\\\/de\\\/produkt\\\/2684-j-lini-vintage-rot-brash\\\/#primaryimage\"},\"image\":{\"@id\":\"https:\\\/\\\/tonymora.com\\\/de\\\/produkt\\\/2684-j-lini-vintage-rot-brash\\\/#primaryimage\"},\"thumbnailUrl\":\"https:\\\/\\\/tonymora.com\\\/wp-content\\\/uploads\\\/2022\\\/05\\\/02-2684-vintage-rojo.jpg\",\"datePublished\":\"2022-05-24T08:32:37+00:00\",\"dateModified\":\"2023-07-27T06:34:23+00:00\",\"description\":\"Wir pr\u00e4sentieren Ihnen unsere Stiefelette aus einem Leder im Used-Look, der ihr einen Touch Vintage verleiht.\",\"breadcrumb\":{\"@id\":\"https:\\\/\\\/tonymora.com\\\/de\\\/produkt\\\/2684-j-lini-vintage-rot-brash\\\/#breadcrumb\"},\"inLanguage\":\"de\",\"potentialAction\":[{\"@type\":\"ReadAction\",\"target\":[\"https:\\\/\\\/tonymora.com\\\/de\\\/produkt\\\/2684-j-lini-vintage-rot-brash\\\/\"]}]},{\"@type\":\"ImageObject\",\"inLanguage\":\"de\",\"@id\":\"https:\\\/\\\/tonymora.com\\\/de\\\/produkt\\\/2684-j-lini-vintage-rot-brash\\\/#primaryimage\",\"url\":\"https:\\\/\\\/tonymora.com\\\/wp-content\\\/uploads\\\/2022\\\/05\\\/02-2684-vintage-rojo.jpg\",\"contentUrl\":\"https:\\\/\\\/tonymora.com\\\/wp-content\\\/uploads\\\/2022\\\/05\\\/02-2684-vintage-rojo.jpg\",\"width\":866,\"height\":1032},{\"@type\":\"BreadcrumbList\",\"@id\":\"https:\\\/\\\/tonymora.com\\\/de\\\/produkt\\\/2684-j-lini-vintage-rot-brash\\\/#breadcrumb\",\"itemListElement\":[{\"@type\":\"ListItem\",\"position\":1,\"name\":\"Portada\",\"item\":\"https:\\\/\\\/tonymora.com\\\/de\\\/\"},{\"@type\":\"ListItem\",\"position\":2,\"name\":\"Shop\",\"item\":\"https:\\\/\\\/tonymora.com\\\/de\\\/shop\\\/\"},{\"@type\":\"ListItem\",\"position\":3,\"name\":\"Damen\",\"item\":\"https:\\\/\\\/tonymora.com\\\/de\\\/produkt-kategorie\\\/damen\\\/\"},{\"@type\":\"ListItem\",\"position\":4,\"name\":\"2684 J LINI VINTAGE ROT BRASH\"}]},{\"@type\":\"WebSite\",\"@id\":\"https:\\\/\\\/tonymora.com\\\/de\\\/#website\",\"url\":\"https:\\\/\\\/tonymora.com\\\/de\\\/\",\"name\":\"Tony Mora\u00ae Boots Official Store\",\"description\":\"Cowboy Boots\",\"publisher\":{\"@id\":\"https:\\\/\\\/tonymora.com\\\/de\\\/#organization\"},\"potentialAction\":[{\"@type\":\"SearchAction\",\"target\":{\"@type\":\"EntryPoint\",\"urlTemplate\":\"https:\\\/\\\/tonymora.com\\\/de\\\/?s={search_term_string}\"},\"query-input\":{\"@type\":\"PropertyValueSpecification\",\"valueRequired\":true,\"valueName\":\"search_term_string\"}}],\"inLanguage\":\"de\"},{\"@type\":\"Organization\",\"@id\":\"https:\\\/\\\/tonymora.com\\\/de\\\/#organization\",\"name\":\"Tony Mora Boots\",\"url\":\"https:\\\/\\\/tonymora.com\\\/de\\\/\",\"logo\":{\"@type\":\"ImageObject\",\"inLanguage\":\"de\",\"@id\":\"https:\\\/\\\/tonymora.com\\\/de\\\/#\\\/schema\\\/logo\\\/image\\\/\",\"url\":\"https:\\\/\\\/tonymora.com\\\/wp-content\\\/uploads\\\/2023\\\/12\\\/LOGO.jpg\",\"contentUrl\":\"https:\\\/\\\/tonymora.com\\\/wp-content\\\/uploads\\\/2023\\\/12\\\/LOGO.jpg\",\"width\":2272,\"height\":1411,\"caption\":\"Tony Mora Boots\"},\"image\":{\"@id\":\"https:\\\/\\\/tonymora.com\\\/de\\\/#\\\/schema\\\/logo\\\/image\\\/\"},\"sameAs\":[\"https:\\\/\\\/www.facebook.com\\\/Tonymoraofficial\\\/\",\"https:\\\/\\\/www.instagram.com\\\/tonymoraofficial\\\/?hl=es\"]}]}<\/script>\n<!-- \/ Yoast SEO plugin. -->","yoast_head_json":{"title":"2684 J LINI VINTAGE ROT BRASH - Tony Mora\u00ae Boots Official Store","description":"Wir pr\u00e4sentieren Ihnen unsere Stiefelette aus einem Leder im Used-Look, der ihr einen Touch Vintage verleiht.","robots":{"index":"index","follow":"follow","max-snippet":"max-snippet:-1","max-image-preview":"max-image-preview:large","max-video-preview":"max-video-preview:-1"},"canonical":"https:\/\/tonymora.com\/de\/produkt\/2684-j-lini-vintage-rot-brash\/","og_locale":"de_DE","og_type":"article","og_title":"2684 J LINI VINTAGE ROT BRASH - Tony Mora\u00ae Boots Official Store","og_description":"Wir pr\u00e4sentieren Ihnen unsere Stiefelette aus einem Leder im Used-Look, der ihr einen Touch Vintage verleiht.","og_url":"https:\/\/tonymora.com\/de\/produkt\/2684-j-lini-vintage-rot-brash\/","og_site_name":"Tony Mora\u00ae Boots Official Store","article_publisher":"https:\/\/www.facebook.com\/Tonymoraofficial\/","article_modified_time":"2023-07-27T06:34:23+00:00","og_image":[{"width":866,"height":1032,"url":"https:\/\/tonymora.com\/wp-content\/uploads\/2022\/05\/02-2684-vintage-rojo.jpg","type":"image\/jpeg"}],"twitter_card":"summary_large_image","schema":{"@context":"https:\/\/schema.org","@graph":[{"@type":"WebPage","@id":"https:\/\/tonymora.com\/de\/produkt\/2684-j-lini-vintage-rot-brash\/","url":"https:\/\/tonymora.com\/de\/produkt\/2684-j-lini-vintage-rot-brash\/","name":"2684 J LINI VINTAGE ROT BRASH - Tony Mora\u00ae Boots Official Store","isPartOf":{"@id":"https:\/\/tonymora.com\/de\/#website"},"primaryImageOfPage":{"@id":"https:\/\/tonymora.com\/de\/produkt\/2684-j-lini-vintage-rot-brash\/#primaryimage"},"image":{"@id":"https:\/\/tonymora.com\/de\/produkt\/2684-j-lini-vintage-rot-brash\/#primaryimage"},"thumbnailUrl":"https:\/\/tonymora.com\/wp-content\/uploads\/2022\/05\/02-2684-vintage-rojo.jpg","datePublished":"2022-05-24T08:32:37+00:00","dateModified":"2023-07-27T06:34:23+00:00","description":"Wir pr\u00e4sentieren Ihnen unsere Stiefelette aus einem Leder im Used-Look, der ihr einen Touch Vintage verleiht.","breadcrumb":{"@id":"https:\/\/tonymora.com\/de\/produkt\/2684-j-lini-vintage-rot-brash\/#breadcrumb"},"inLanguage":"de","potentialAction":[{"@type":"ReadAction","target":["https:\/\/tonymora.com\/de\/produkt\/2684-j-lini-vintage-rot-brash\/"]}]},{"@type":"ImageObject","inLanguage":"de","@id":"https:\/\/tonymora.com\/de\/produkt\/2684-j-lini-vintage-rot-brash\/#primaryimage","url":"https:\/\/tonymora.com\/wp-content\/uploads\/2022\/05\/02-2684-vintage-rojo.jpg","contentUrl":"https:\/\/tonymora.com\/wp-content\/uploads\/2022\/05\/02-2684-vintage-rojo.jpg","width":866,"height":1032},{"@type":"BreadcrumbList","@id":"https:\/\/tonymora.com\/de\/produkt\/2684-j-lini-vintage-rot-brash\/#breadcrumb","itemListElement":[{"@type":"ListItem","position":1,"name":"Portada","item":"https:\/\/tonymora.com\/de\/"},{"@type":"ListItem","position":2,"name":"Shop","item":"https:\/\/tonymora.com\/de\/shop\/"},{"@type":"ListItem","position":3,"name":"Damen","item":"https:\/\/tonymora.com\/de\/produkt-kategorie\/damen\/"},{"@type":"ListItem","position":4,"name":"2684 J LINI VINTAGE ROT BRASH"}]},{"@type":"WebSite","@id":"https:\/\/tonymora.com\/de\/#website","url":"https:\/\/tonymora.com\/de\/","name":"Tony Mora\u00ae Boots Official Store","description":"Cowboy Boots","publisher":{"@id":"https:\/\/tonymora.com\/de\/#organization"},"potentialAction":[{"@type":"SearchAction","target":{"@type":"EntryPoint","urlTemplate":"https:\/\/tonymora.com\/de\/?s={search_term_string}"},"query-input":{"@type":"PropertyValueSpecification","valueRequired":true,"valueName":"search_term_string"}}],"inLanguage":"de"},{"@type":"Organization","@id":"https:\/\/tonymora.com\/de\/#organization","name":"Tony Mora Boots","url":"https:\/\/tonymora.com\/de\/","logo":{"@type":"ImageObject","inLanguage":"de","@id":"https:\/\/tonymora.com\/de\/#\/schema\/logo\/image\/","url":"https:\/\/tonymora.com\/wp-content\/uploads\/2023\/12\/LOGO.jpg","contentUrl":"https:\/\/tonymora.com\/wp-content\/uploads\/2023\/12\/LOGO.jpg","width":2272,"height":1411,"caption":"Tony Mora Boots"},"image":{"@id":"https:\/\/tonymora.com\/de\/#\/schema\/logo\/image\/"},"sameAs":["https:\/\/www.facebook.com\/Tonymoraofficial\/","https:\/\/www.instagram.com\/tonymoraofficial\/?hl=es"]}]}},"_links":{"self":[{"href":"https:\/\/tonymora.com\/de\/wp-json\/wp\/v2\/product\/695065","targetHints":{"allow":["GET"]}}],"collection":[{"href":"https:\/\/tonymora.com\/de\/wp-json\/wp\/v2\/product"}],"about":[{"href":"https:\/\/tonymora.com\/de\/wp-json\/wp\/v2\/types\/product"}],"wp:featuredmedia":[{"embeddable":true,"href":"https:\/\/tonymora.com\/de\/wp-json\/wp\/v2\/media\/695301"}],"wp:attachment":[{"href":"https:\/\/tonymora.com\/de\/wp-json\/wp\/v2\/media?parent=695065"}],"wp:term":[{"taxonomy":"product_brand","embeddable":true,"href":"https:\/\/tonymora.com\/de\/wp-json\/wp\/v2\/product_brand?post=695065"},{"taxonomy":"product_cat","embeddable":true,"href":"https:\/\/tonymora.com\/de\/wp-json\/wp\/v2\/product_cat?post=695065"},{"taxonomy":"product_tag","embeddable":true,"href":"https:\/\/tonymora.com\/de\/wp-json\/wp\/v2\/product_tag?post=695065"}],"curies":[{"name":"wp","href":"https:\/\/api.w.org\/{rel}","templated":true}]}}