{"id":697191,"date":"2024-06-16T10:52:14","date_gmt":"2024-06-16T08:52:14","guid":{"rendered":"https:\/\/tonymora.com\/producto\/2107-daslu-daslu-piton-bw\/"},"modified":"2024-06-14T15:34:08","modified_gmt":"2024-06-14T13:34:08","slug":"2107-daslu-daslu-piton-bw","status":"publish","type":"product","link":"https:\/\/tonymora.com\/de\/produkt\/2107-daslu-daslu-piton-bw\/","title":{"rendered":"2107 DASLU DASLU PITON BW"},"content":{"rendered":"<p><span data-sheets-value=\"{&quot;1&quot;:2,&quot;2&quot;:&quot;Diese Stiefel sind die perfekte Kombination aus elegant und sexy. Seine hohen Sch\u00e4fte lassen die Beine schlank wirken und enden in einer eleganten schmalen Schuhspitze. Der hohe Absatz verleiht ihm einen sexy Touch. Angefertigt aus weichem Pythonleder in einem nat\u00fcrlichen Schwarz-Wei\u00df-Ton ist jedes Stiefelpaar durch sein Spiel mit Farben und Kontrasten einzigartig. Trauen Sie sich, die gewagte Seite von Tony Mora zu tragen!&quot;}\" data-sheets-userformat=\"{&quot;2&quot;:513,&quot;3&quot;:{&quot;1&quot;:0},&quot;12&quot;:0}\">Diese Stiefel sind die perfekte Kombination aus elegant und sexy. Seine hohen Sch\u00e4fte lassen die Beine schlank wirken und enden in einer eleganten schmalen Schuhspitze. Der hohe Absatz verleiht ihm einen sexy Touch. Angefertigt aus weichem Pythonleder in einem nat\u00fcrlichen Schwarz-Wei\u00df-Ton ist jedes Stiefelpaar durch sein Spiel mit Farben und Kontrasten einzigartig. Trauen Sie sich, die gewagte Seite von Tony Mora zu tragen!<\/span><\/p>\n","protected":false},"excerpt":{"rendered":"<p>Zeitlose Eleganz mit unverwechselbarer Ausstrahlung. Absolute Eleganz mit einem Hauch von Dunkelheit. Ein Kleidungsst\u00fcck, das heute, morgen und in vielen Jahren mit derselben Wirkung getragen werden kann.<\/p>\n","protected":false},"featured_media":697172,"template":"","meta":{"_mbp_gutenberg_autopost":false},"product_brand":[757,759,761,763,765,767],"product_cat":[1174,167,224],"product_tag":[],"class_list":{"0":"post-697191","1":"product","2":"type-product","3":"status-publish","4":"has-post-thumbnail","6":"product_brand-talla-mujer-36","7":"product_brand-talla-mujer-37","8":"product_brand-talla-mujer-38","9":"product_brand-talla-mujer-39","10":"product_brand-talla-mujer-40","11":"product_brand-talla-mujer-41","12":"product_cat-black-friday-de","13":"product_cat-damen","14":"product_cat-luxusstiefel-damen","16":"first","17":"instock","18":"taxable","19":"shipping-taxable","20":"purchasable","21":"product-type-variable"},"supplier_id":null,"supplier_sku":"","barcode":null,"atum_controlled":true,"out_stock_date":null,"out_stock_threshold":null,"inheritable":true,"inbound_stock":0,"stock_on_hold":3,"sold_today":3,"sales_last_days":3,"reserved_stock":0,"customer_returns":0,"warehouse_damage":0,"lost_in_post":0,"other_logs":0,"out_stock_days":0,"lost_sales":0,"has_location":false,"update_date":"2026-03-16T15:24:46","atum_locations":[],"atum_stock_status":"instock","restock_status":false,"low_stock_amount":"","sales_update_date":"2024-08-22T12:48:30","calc_backorders":null,"yoast_head":"<!-- This site is optimized with the Yoast SEO plugin v27.4 - https:\/\/yoast.com\/product\/yoast-seo-wordpress\/ -->\n<title>2107 DASLU DASLU PITON BW - Tony Mora\u00ae Boots Official Store<\/title>\n<meta name=\"description\" content=\"Perfekte Kombination aus elegant und sexy. Seine hohen Sch\u00e4fte lassen die Beine schlank wirken und einer eleganten schmalen Schuhspitze.\" \/>\n<meta name=\"robots\" content=\"index, follow, max-snippet:-1, max-image-preview:large, max-video-preview:-1\" \/>\n<link rel=\"canonical\" href=\"https:\/\/tonymora.com\/de\/produkt\/2107-daslu-daslu-piton-bw\/\" \/>\n<meta property=\"og:locale\" content=\"de_DE\" \/>\n<meta property=\"og:type\" content=\"article\" \/>\n<meta property=\"og:title\" content=\"2107 DASLU DASLU PITON BW - Tony Mora\u00ae Boots Official Store\" \/>\n<meta property=\"og:description\" content=\"Perfekte Kombination aus elegant und sexy. Seine hohen Sch\u00e4fte lassen die Beine schlank wirken und einer eleganten schmalen Schuhspitze.\" \/>\n<meta property=\"og:url\" content=\"https:\/\/tonymora.com\/de\/produkt\/2107-daslu-daslu-piton-bw\/\" \/>\n<meta property=\"og:site_name\" content=\"Tony Mora\u00ae Boots Official Store\" \/>\n<meta property=\"article:publisher\" content=\"https:\/\/www.facebook.com\/Tonymoraofficial\/\" \/>\n<meta property=\"og:image\" content=\"https:\/\/tonymora.com\/wp-content\/uploads\/2022\/09\/09-2107-daslu-daslu-piton-black-and-white.jpg\" \/>\n\t<meta property=\"og:image:width\" content=\"866\" \/>\n\t<meta property=\"og:image:height\" content=\"1032\" \/>\n\t<meta property=\"og:image:type\" content=\"image\/jpeg\" \/>\n<meta name=\"twitter:card\" content=\"summary_large_image\" \/>\n<meta name=\"twitter:label1\" content=\"Gesch\u00e4tzte Lesezeit\" \/>\n\t<meta name=\"twitter:data1\" content=\"1\u00a0Minute\" \/>\n<script type=\"application\/ld+json\" class=\"yoast-schema-graph\">{\"@context\":\"https:\\\/\\\/schema.org\",\"@graph\":[{\"@type\":\"WebPage\",\"@id\":\"https:\\\/\\\/tonymora.com\\\/de\\\/produkt\\\/2107-daslu-daslu-piton-bw\\\/\",\"url\":\"https:\\\/\\\/tonymora.com\\\/de\\\/produkt\\\/2107-daslu-daslu-piton-bw\\\/\",\"name\":\"2107 DASLU DASLU PITON BW - Tony Mora\u00ae Boots Official Store\",\"isPartOf\":{\"@id\":\"https:\\\/\\\/tonymora.com\\\/de\\\/#website\"},\"primaryImageOfPage\":{\"@id\":\"https:\\\/\\\/tonymora.com\\\/de\\\/produkt\\\/2107-daslu-daslu-piton-bw\\\/#primaryimage\"},\"image\":{\"@id\":\"https:\\\/\\\/tonymora.com\\\/de\\\/produkt\\\/2107-daslu-daslu-piton-bw\\\/#primaryimage\"},\"thumbnailUrl\":\"https:\\\/\\\/tonymora.com\\\/wp-content\\\/uploads\\\/2022\\\/09\\\/09-2107-daslu-daslu-piton-black-and-white.jpg\",\"datePublished\":\"2024-06-16T08:52:14+00:00\",\"description\":\"Perfekte Kombination aus elegant und sexy. Seine hohen Sch\u00e4fte lassen die Beine schlank wirken und einer eleganten schmalen Schuhspitze.\",\"breadcrumb\":{\"@id\":\"https:\\\/\\\/tonymora.com\\\/de\\\/produkt\\\/2107-daslu-daslu-piton-bw\\\/#breadcrumb\"},\"inLanguage\":\"de\",\"potentialAction\":[{\"@type\":\"ReadAction\",\"target\":[\"https:\\\/\\\/tonymora.com\\\/de\\\/produkt\\\/2107-daslu-daslu-piton-bw\\\/\"]}]},{\"@type\":\"ImageObject\",\"inLanguage\":\"de\",\"@id\":\"https:\\\/\\\/tonymora.com\\\/de\\\/produkt\\\/2107-daslu-daslu-piton-bw\\\/#primaryimage\",\"url\":\"https:\\\/\\\/tonymora.com\\\/wp-content\\\/uploads\\\/2022\\\/09\\\/09-2107-daslu-daslu-piton-black-and-white.jpg\",\"contentUrl\":\"https:\\\/\\\/tonymora.com\\\/wp-content\\\/uploads\\\/2022\\\/09\\\/09-2107-daslu-daslu-piton-black-and-white.jpg\",\"width\":866,\"height\":1032,\"caption\":\"Botas altas de piel de pit\u00f3n en blanco y negro. Dise\u00f1o sofisticado con tac\u00f3n alto y punta fina.\"},{\"@type\":\"BreadcrumbList\",\"@id\":\"https:\\\/\\\/tonymora.com\\\/de\\\/produkt\\\/2107-daslu-daslu-piton-bw\\\/#breadcrumb\",\"itemListElement\":[{\"@type\":\"ListItem\",\"position\":1,\"name\":\"Portada\",\"item\":\"https:\\\/\\\/tonymora.com\\\/de\\\/\"},{\"@type\":\"ListItem\",\"position\":2,\"name\":\"Shop\",\"item\":\"https:\\\/\\\/tonymora.com\\\/de\\\/shop\\\/\"},{\"@type\":\"ListItem\",\"position\":3,\"name\":\"Damen\",\"item\":\"https:\\\/\\\/tonymora.com\\\/de\\\/produkt-kategorie\\\/damen\\\/\"},{\"@type\":\"ListItem\",\"position\":4,\"name\":\"Exotische Stiefel Damen\",\"item\":\"https:\\\/\\\/tonymora.com\\\/de\\\/produkt-kategorie\\\/damen\\\/luxusstiefel-damen\\\/\"},{\"@type\":\"ListItem\",\"position\":5,\"name\":\"2107 DASLU DASLU PITON BW\"}]},{\"@type\":\"WebSite\",\"@id\":\"https:\\\/\\\/tonymora.com\\\/de\\\/#website\",\"url\":\"https:\\\/\\\/tonymora.com\\\/de\\\/\",\"name\":\"Tony Mora\u00ae Boots Official Store\",\"description\":\"Cowboy Boots\",\"publisher\":{\"@id\":\"https:\\\/\\\/tonymora.com\\\/de\\\/#organization\"},\"potentialAction\":[{\"@type\":\"SearchAction\",\"target\":{\"@type\":\"EntryPoint\",\"urlTemplate\":\"https:\\\/\\\/tonymora.com\\\/de\\\/?s={search_term_string}\"},\"query-input\":{\"@type\":\"PropertyValueSpecification\",\"valueRequired\":true,\"valueName\":\"search_term_string\"}}],\"inLanguage\":\"de\"},{\"@type\":\"Organization\",\"@id\":\"https:\\\/\\\/tonymora.com\\\/de\\\/#organization\",\"name\":\"Tony Mora Boots\",\"url\":\"https:\\\/\\\/tonymora.com\\\/de\\\/\",\"logo\":{\"@type\":\"ImageObject\",\"inLanguage\":\"de\",\"@id\":\"https:\\\/\\\/tonymora.com\\\/de\\\/#\\\/schema\\\/logo\\\/image\\\/\",\"url\":\"https:\\\/\\\/tonymora.com\\\/wp-content\\\/uploads\\\/2023\\\/12\\\/LOGO.jpg\",\"contentUrl\":\"https:\\\/\\\/tonymora.com\\\/wp-content\\\/uploads\\\/2023\\\/12\\\/LOGO.jpg\",\"width\":2272,\"height\":1411,\"caption\":\"Tony Mora Boots\"},\"image\":{\"@id\":\"https:\\\/\\\/tonymora.com\\\/de\\\/#\\\/schema\\\/logo\\\/image\\\/\"},\"sameAs\":[\"https:\\\/\\\/www.facebook.com\\\/Tonymoraofficial\\\/\",\"https:\\\/\\\/www.instagram.com\\\/tonymoraofficial\\\/?hl=es\"]}]}<\/script>\n<!-- \/ Yoast SEO plugin. -->","yoast_head_json":{"title":"2107 DASLU DASLU PITON BW - Tony Mora\u00ae Boots Official Store","description":"Perfekte Kombination aus elegant und sexy. Seine hohen Sch\u00e4fte lassen die Beine schlank wirken und einer eleganten schmalen Schuhspitze.","robots":{"index":"index","follow":"follow","max-snippet":"max-snippet:-1","max-image-preview":"max-image-preview:large","max-video-preview":"max-video-preview:-1"},"canonical":"https:\/\/tonymora.com\/de\/produkt\/2107-daslu-daslu-piton-bw\/","og_locale":"de_DE","og_type":"article","og_title":"2107 DASLU DASLU PITON BW - Tony Mora\u00ae Boots Official Store","og_description":"Perfekte Kombination aus elegant und sexy. Seine hohen Sch\u00e4fte lassen die Beine schlank wirken und einer eleganten schmalen Schuhspitze.","og_url":"https:\/\/tonymora.com\/de\/produkt\/2107-daslu-daslu-piton-bw\/","og_site_name":"Tony Mora\u00ae Boots Official Store","article_publisher":"https:\/\/www.facebook.com\/Tonymoraofficial\/","og_image":[{"width":866,"height":1032,"url":"https:\/\/tonymora.com\/wp-content\/uploads\/2022\/09\/09-2107-daslu-daslu-piton-black-and-white.jpg","type":"image\/jpeg"}],"twitter_card":"summary_large_image","twitter_misc":{"Gesch\u00e4tzte Lesezeit":"1\u00a0Minute"},"schema":{"@context":"https:\/\/schema.org","@graph":[{"@type":"WebPage","@id":"https:\/\/tonymora.com\/de\/produkt\/2107-daslu-daslu-piton-bw\/","url":"https:\/\/tonymora.com\/de\/produkt\/2107-daslu-daslu-piton-bw\/","name":"2107 DASLU DASLU PITON BW - Tony Mora\u00ae Boots Official Store","isPartOf":{"@id":"https:\/\/tonymora.com\/de\/#website"},"primaryImageOfPage":{"@id":"https:\/\/tonymora.com\/de\/produkt\/2107-daslu-daslu-piton-bw\/#primaryimage"},"image":{"@id":"https:\/\/tonymora.com\/de\/produkt\/2107-daslu-daslu-piton-bw\/#primaryimage"},"thumbnailUrl":"https:\/\/tonymora.com\/wp-content\/uploads\/2022\/09\/09-2107-daslu-daslu-piton-black-and-white.jpg","datePublished":"2024-06-16T08:52:14+00:00","description":"Perfekte Kombination aus elegant und sexy. Seine hohen Sch\u00e4fte lassen die Beine schlank wirken und einer eleganten schmalen Schuhspitze.","breadcrumb":{"@id":"https:\/\/tonymora.com\/de\/produkt\/2107-daslu-daslu-piton-bw\/#breadcrumb"},"inLanguage":"de","potentialAction":[{"@type":"ReadAction","target":["https:\/\/tonymora.com\/de\/produkt\/2107-daslu-daslu-piton-bw\/"]}]},{"@type":"ImageObject","inLanguage":"de","@id":"https:\/\/tonymora.com\/de\/produkt\/2107-daslu-daslu-piton-bw\/#primaryimage","url":"https:\/\/tonymora.com\/wp-content\/uploads\/2022\/09\/09-2107-daslu-daslu-piton-black-and-white.jpg","contentUrl":"https:\/\/tonymora.com\/wp-content\/uploads\/2022\/09\/09-2107-daslu-daslu-piton-black-and-white.jpg","width":866,"height":1032,"caption":"Botas altas de piel de pit\u00f3n en blanco y negro. Dise\u00f1o sofisticado con tac\u00f3n alto y punta fina."},{"@type":"BreadcrumbList","@id":"https:\/\/tonymora.com\/de\/produkt\/2107-daslu-daslu-piton-bw\/#breadcrumb","itemListElement":[{"@type":"ListItem","position":1,"name":"Portada","item":"https:\/\/tonymora.com\/de\/"},{"@type":"ListItem","position":2,"name":"Shop","item":"https:\/\/tonymora.com\/de\/shop\/"},{"@type":"ListItem","position":3,"name":"Damen","item":"https:\/\/tonymora.com\/de\/produkt-kategorie\/damen\/"},{"@type":"ListItem","position":4,"name":"Exotische Stiefel Damen","item":"https:\/\/tonymora.com\/de\/produkt-kategorie\/damen\/luxusstiefel-damen\/"},{"@type":"ListItem","position":5,"name":"2107 DASLU DASLU PITON BW"}]},{"@type":"WebSite","@id":"https:\/\/tonymora.com\/de\/#website","url":"https:\/\/tonymora.com\/de\/","name":"Tony Mora\u00ae Boots Official Store","description":"Cowboy Boots","publisher":{"@id":"https:\/\/tonymora.com\/de\/#organization"},"potentialAction":[{"@type":"SearchAction","target":{"@type":"EntryPoint","urlTemplate":"https:\/\/tonymora.com\/de\/?s={search_term_string}"},"query-input":{"@type":"PropertyValueSpecification","valueRequired":true,"valueName":"search_term_string"}}],"inLanguage":"de"},{"@type":"Organization","@id":"https:\/\/tonymora.com\/de\/#organization","name":"Tony Mora Boots","url":"https:\/\/tonymora.com\/de\/","logo":{"@type":"ImageObject","inLanguage":"de","@id":"https:\/\/tonymora.com\/de\/#\/schema\/logo\/image\/","url":"https:\/\/tonymora.com\/wp-content\/uploads\/2023\/12\/LOGO.jpg","contentUrl":"https:\/\/tonymora.com\/wp-content\/uploads\/2023\/12\/LOGO.jpg","width":2272,"height":1411,"caption":"Tony Mora Boots"},"image":{"@id":"https:\/\/tonymora.com\/de\/#\/schema\/logo\/image\/"},"sameAs":["https:\/\/www.facebook.com\/Tonymoraofficial\/","https:\/\/www.instagram.com\/tonymoraofficial\/?hl=es"]}]}},"_links":{"self":[{"href":"https:\/\/tonymora.com\/de\/wp-json\/wp\/v2\/product\/697191","targetHints":{"allow":["GET"]}}],"collection":[{"href":"https:\/\/tonymora.com\/de\/wp-json\/wp\/v2\/product"}],"about":[{"href":"https:\/\/tonymora.com\/de\/wp-json\/wp\/v2\/types\/product"}],"wp:featuredmedia":[{"embeddable":true,"href":"https:\/\/tonymora.com\/de\/wp-json\/wp\/v2\/media\/697172"}],"wp:attachment":[{"href":"https:\/\/tonymora.com\/de\/wp-json\/wp\/v2\/media?parent=697191"}],"wp:term":[{"taxonomy":"product_brand","embeddable":true,"href":"https:\/\/tonymora.com\/de\/wp-json\/wp\/v2\/product_brand?post=697191"},{"taxonomy":"product_cat","embeddable":true,"href":"https:\/\/tonymora.com\/de\/wp-json\/wp\/v2\/product_cat?post=697191"},{"taxonomy":"product_tag","embeddable":true,"href":"https:\/\/tonymora.com\/de\/wp-json\/wp\/v2\/product_tag?post=697191"}],"curies":[{"name":"wp","href":"https:\/\/api.w.org\/{rel}","templated":true}]}}