{"id":697255,"date":"2022-09-26T15:22:27","date_gmt":"2022-09-26T13:22:27","guid":{"rendered":"https:\/\/tonymora.com\/producto\/433-cocodrilo-marron-elegance\/"},"modified":"2023-11-09T11:45:26","modified_gmt":"2023-11-09T10:45:26","slug":"433-cocodrilo-braun-elegance","status":"publish","type":"product","link":"https:\/\/tonymora.com\/de\/produkt\/433-cocodrilo-braun-elegance\/","title":{"rendered":"433 COCODRILO BRAUN ELEGANCE"},"content":{"rendered":"<p>Widerstandsf\u00e4higkeit, Langlebigkeit und Sch\u00f6nheit sind Eigenschaften, die zweifelsohne das Krokodilleder auszeichnen, das wir f\u00fcr diesen exklusiven G\u00fcrtel ausgew\u00e4hlt haben. Ein sehr weicher und angenehm zu ber\u00fchrender Lederg\u00fcrtel, ein Leder aus kleinen Schuppen, die ein Spiel der Texturen hervorrufen. Au\u00dferdem verleiht ihm die braune Farbe einen eleganten Touch, so dass man ihn zu jedem Anlass anziehen kann. Trauen Sie sich, dieses einzigartige St\u00fcck zu tragen.<\/p>\n","protected":false},"excerpt":{"rendered":"<p>Charakter und Eleganz in perfekter Balance.<br \/>\nDer letzte Schliff, der Schlichtheit in etwas Unvergessliches verwandelt.<\/p>\n","protected":false},"featured_media":698127,"template":"","meta":{"_mbp_gutenberg_autopost":false},"product_brand":[],"product_cat":[1174,263],"product_tag":[],"class_list":{"0":"post-697255","1":"product","2":"type-product","3":"status-publish","4":"has-post-thumbnail","6":"product_cat-black-friday-de","7":"product_cat-guertel","9":"first","10":"outofstock","11":"taxable","12":"shipping-taxable","13":"product-type-variable"},"_links":{"self":[{"href":"https:\/\/tonymora.com\/de\/wp-json\/wp\/v2\/product\/697255","targetHints":{"allow":["GET"]}}],"collection":[{"href":"https:\/\/tonymora.com\/de\/wp-json\/wp\/v2\/product"}],"about":[{"href":"https:\/\/tonymora.com\/de\/wp-json\/wp\/v2\/types\/product"}],"wp:featuredmedia":[{"embeddable":true,"href":"https:\/\/tonymora.com\/de\/wp-json\/wp\/v2\/media\/698127"}],"wp:attachment":[{"href":"https:\/\/tonymora.com\/de\/wp-json\/wp\/v2\/media?parent=697255"}],"wp:term":[{"taxonomy":"product_brand","embeddable":true,"href":"https:\/\/tonymora.com\/de\/wp-json\/wp\/v2\/product_brand?post=697255"},{"taxonomy":"product_cat","embeddable":true,"href":"https:\/\/tonymora.com\/de\/wp-json\/wp\/v2\/product_cat?post=697255"},{"taxonomy":"product_tag","embeddable":true,"href":"https:\/\/tonymora.com\/de\/wp-json\/wp\/v2\/product_tag?post=697255"}],"curies":[{"name":"wp","href":"https:\/\/api.w.org\/{rel}","templated":true}]}}