{"id":697447,"date":"2022-09-26T16:18:28","date_gmt":"2022-09-26T14:18:28","guid":{"rendered":"https:\/\/tonymora.com\/producto\/2993-avestruz-rojo\/"},"modified":"2025-11-30T14:36:13","modified_gmt":"2025-11-30T13:36:13","slug":"0086-braviertes-braunes-kalbfleisch","status":"publish","type":"product","link":"https:\/\/tonymora.com\/de\/produkt\/0086-braviertes-braunes-kalbfleisch\/","title":{"rendered":"0086 GRAVIERTES KALBFLEISCH BRAUN"},"content":{"rendered":"<p class=\"p1\">Tauchen Sie ein in die Eleganz unseres exklusiven G\u00fcrtels, der aus weichem Rindsleder gefertigt ist, das sich angenehm anf\u00fchlt und au\u00dfergew\u00f6hnlich haltbar ist. Dieser vielseitige G\u00fcrtel in gl\u00e4nzendem Braun ist die perfekte Erg\u00e4nzung f\u00fcr jeden Look und verleiht ihm einen Hauch von Raffinesse und Stil.<\/p>\n<p class=\"p1\">Die exklusive florale Gravur in Kombination mit einer antiken goldfarbenen Schnalle verleiht ihr eine einzigartige Note, die nicht unbemerkt bleibt. Dank der hohen Qualit\u00e4t des Leders garantieren wir eine ausgezeichnete Widerstandsf\u00e4higkeit gegen den t\u00e4glichen Gebrauch und den Lauf der Zeit.<\/p>\n","protected":false},"excerpt":{"rendered":"<p>Charakter und Eleganz in perfekter Balance. Funktionalit\u00e4t mit einem Hauch von Raffinesse.<br \/>\nEntworfen f\u00fcr unvergessliche Momente, nicht f\u00fcr kurzlebige Trends.<\/p>\n","protected":false},"featured_media":712128,"template":"","meta":{"_mbp_gutenberg_autopost":false},"product_brand":[],"product_cat":[1174,167,1156,1157],"product_tag":[],"class_list":{"0":"post-697447","1":"product","2":"type-product","3":"status-publish","4":"has-post-thumbnail","6":"product_cat-black-friday-de","7":"product_cat-damen","8":"product_cat-damen-ledergurtel","9":"product_cat-lederguertel-fuer-herren","11":"first","12":"instock","13":"taxable","14":"shipping-taxable","15":"purchasable","16":"product-type-variable"},"supplier_id":null,"supplier_sku":"","barcode":null,"atum_controlled":true,"out_stock_date":null,"out_stock_threshold":null,"inheritable":true,"inbound_stock":0,"stock_on_hold":3,"sold_today":2,"sales_last_days":2,"reserved_stock":0,"customer_returns":0,"warehouse_damage":0,"lost_in_post":0,"other_logs":0,"out_stock_days":0,"lost_sales":0,"has_location":false,"update_date":"2026-04-01T11:40:11","atum_locations":[],"atum_stock_status":"instock","restock_status":false,"low_stock_amount":"","sales_update_date":"2024-11-14T11:11:26","calc_backorders":null,"yoast_head":"<!-- This site is optimized with the Yoast SEO plugin v27.2 - https:\/\/yoast.com\/product\/yoast-seo-wordpress\/ -->\n<title>Brauner Lederg\u00fcrtel mit floraler Gravur | Tony Mora<\/title>\n<meta name=\"description\" content=\"Brauner Rindslederg\u00fcrtel mit floraler Pr\u00e4gung und goldener Schnalle. Handgefertigt, elegant und langlebig. Perfekt, um Ihrem Look einen Hauch von Raffinesse zu verleihen.\" \/>\n<meta name=\"robots\" content=\"index, follow, max-snippet:-1, max-image-preview:large, max-video-preview:-1\" \/>\n<link rel=\"canonical\" href=\"https:\/\/tonymora.com\/de\/produkt\/0086-braviertes-braunes-kalbfleisch\/\" \/>\n<meta property=\"og:locale\" content=\"de_DE\" \/>\n<meta property=\"og:type\" content=\"article\" \/>\n<meta property=\"og:title\" content=\"Brauner Lederg\u00fcrtel mit floraler Gravur | Tony Mora\" \/>\n<meta property=\"og:description\" content=\"Brauner Rindslederg\u00fcrtel mit floraler Pr\u00e4gung und goldener Schnalle. Handgefertigt, elegant und langlebig. Perfekt, um Ihrem Look einen Hauch von Raffinesse zu verleihen.\" \/>\n<meta property=\"og:url\" content=\"https:\/\/tonymora.com\/de\/produkt\/0086-braviertes-braunes-kalbfleisch\/\" \/>\n<meta property=\"og:site_name\" content=\"Tony Mora\u00ae Boots Official Store\" \/>\n<meta property=\"article:publisher\" content=\"https:\/\/www.facebook.com\/Tonymoraofficial\/\" \/>\n<meta property=\"article:modified_time\" content=\"2025-11-30T13:36:13+00:00\" \/>\n<meta property=\"og:image\" content=\"https:\/\/tonymora.com\/wp-content\/uploads\/2022\/09\/1-2.jpg\" \/>\n\t<meta property=\"og:image:width\" content=\"866\" \/>\n\t<meta property=\"og:image:height\" content=\"1032\" \/>\n\t<meta property=\"og:image:type\" content=\"image\/jpeg\" \/>\n<meta name=\"twitter:card\" content=\"summary_large_image\" \/>\n<meta name=\"twitter:label1\" content=\"Gesch\u00e4tzte Lesezeit\" \/>\n\t<meta name=\"twitter:data1\" content=\"1\u00a0Minute\" \/>\n<script type=\"application\/ld+json\" class=\"yoast-schema-graph\">{\"@context\":\"https:\/\/schema.org\",\"@graph\":[{\"@type\":\"WebPage\",\"@id\":\"https:\/\/tonymora.com\/de\/produkt\/0086-braviertes-braunes-kalbfleisch\/\",\"url\":\"https:\/\/tonymora.com\/de\/produkt\/0086-braviertes-braunes-kalbfleisch\/\",\"name\":\"Brauner Lederg\u00fcrtel mit floraler Gravur | Tony Mora\",\"isPartOf\":{\"@id\":\"https:\/\/tonymora.com\/de\/#website\"},\"primaryImageOfPage\":{\"@id\":\"https:\/\/tonymora.com\/de\/produkt\/0086-braviertes-braunes-kalbfleisch\/#primaryimage\"},\"image\":{\"@id\":\"https:\/\/tonymora.com\/de\/produkt\/0086-braviertes-braunes-kalbfleisch\/#primaryimage\"},\"thumbnailUrl\":\"https:\/\/tonymora.com\/wp-content\/uploads\/2022\/09\/1-2.jpg\",\"datePublished\":\"2022-09-26T14:18:28+00:00\",\"dateModified\":\"2025-11-30T13:36:13+00:00\",\"description\":\"Brauner Rindslederg\u00fcrtel mit floraler Pr\u00e4gung und goldener Schnalle. Handgefertigt, elegant und langlebig. Perfekt, um Ihrem Look einen Hauch von Raffinesse zu verleihen.\",\"breadcrumb\":{\"@id\":\"https:\/\/tonymora.com\/de\/produkt\/0086-braviertes-braunes-kalbfleisch\/#breadcrumb\"},\"inLanguage\":\"de\",\"potentialAction\":[{\"@type\":\"ReadAction\",\"target\":[\"https:\/\/tonymora.com\/de\/produkt\/0086-braviertes-braunes-kalbfleisch\/\"]}]},{\"@type\":\"ImageObject\",\"inLanguage\":\"de\",\"@id\":\"https:\/\/tonymora.com\/de\/produkt\/0086-braviertes-braunes-kalbfleisch\/#primaryimage\",\"url\":\"https:\/\/tonymora.com\/wp-content\/uploads\/2022\/09\/1-2.jpg\",\"contentUrl\":\"https:\/\/tonymora.com\/wp-content\/uploads\/2022\/09\/1-2.jpg\",\"width\":866,\"height\":1032},{\"@type\":\"BreadcrumbList\",\"@id\":\"https:\/\/tonymora.com\/de\/produkt\/0086-braviertes-braunes-kalbfleisch\/#breadcrumb\",\"itemListElement\":[{\"@type\":\"ListItem\",\"position\":1,\"name\":\"Portada\",\"item\":\"https:\/\/tonymora.com\/de\/\"},{\"@type\":\"ListItem\",\"position\":2,\"name\":\"Shop\",\"item\":\"https:\/\/tonymora.com\/de\/shop\/\"},{\"@type\":\"ListItem\",\"position\":3,\"name\":\"Damen Lederg\u00fcrtel\",\"item\":\"https:\/\/tonymora.com\/de\/produkt-kategorie\/damen-ledergurtel\/\"},{\"@type\":\"ListItem\",\"position\":4,\"name\":\"0086 GRAVIERTES KALBFLEISCH BRAUN\"}]},{\"@type\":\"WebSite\",\"@id\":\"https:\/\/tonymora.com\/de\/#website\",\"url\":\"https:\/\/tonymora.com\/de\/\",\"name\":\"Tony Mora\u00ae Boots Official Store\",\"description\":\"Cowboy Boots\",\"publisher\":{\"@id\":\"https:\/\/tonymora.com\/de\/#organization\"},\"potentialAction\":[{\"@type\":\"SearchAction\",\"target\":{\"@type\":\"EntryPoint\",\"urlTemplate\":\"https:\/\/tonymora.com\/de\/?s={search_term_string}\"},\"query-input\":{\"@type\":\"PropertyValueSpecification\",\"valueRequired\":true,\"valueName\":\"search_term_string\"}}],\"inLanguage\":\"de\"},{\"@type\":\"Organization\",\"@id\":\"https:\/\/tonymora.com\/de\/#organization\",\"name\":\"Tony Mora Boots\",\"url\":\"https:\/\/tonymora.com\/de\/\",\"logo\":{\"@type\":\"ImageObject\",\"inLanguage\":\"de\",\"@id\":\"https:\/\/tonymora.com\/de\/#\/schema\/logo\/image\/\",\"url\":\"https:\/\/tonymora.com\/wp-content\/uploads\/2023\/12\/LOGO.jpg\",\"contentUrl\":\"https:\/\/tonymora.com\/wp-content\/uploads\/2023\/12\/LOGO.jpg\",\"width\":2272,\"height\":1411,\"caption\":\"Tony Mora Boots\"},\"image\":{\"@id\":\"https:\/\/tonymora.com\/de\/#\/schema\/logo\/image\/\"},\"sameAs\":[\"https:\/\/www.facebook.com\/Tonymoraofficial\/\",\"https:\/\/www.instagram.com\/tonymoraofficial\/?hl=es\"]}]}<\/script>\n<!-- \/ Yoast SEO plugin. -->","yoast_head_json":{"title":"Brauner Lederg\u00fcrtel mit floraler Gravur | Tony Mora","description":"Brauner Rindslederg\u00fcrtel mit floraler Pr\u00e4gung und goldener Schnalle. Handgefertigt, elegant und langlebig. Perfekt, um Ihrem Look einen Hauch von Raffinesse zu verleihen.","robots":{"index":"index","follow":"follow","max-snippet":"max-snippet:-1","max-image-preview":"max-image-preview:large","max-video-preview":"max-video-preview:-1"},"canonical":"https:\/\/tonymora.com\/de\/produkt\/0086-braviertes-braunes-kalbfleisch\/","og_locale":"de_DE","og_type":"article","og_title":"Brauner Lederg\u00fcrtel mit floraler Gravur | Tony Mora","og_description":"Brauner Rindslederg\u00fcrtel mit floraler Pr\u00e4gung und goldener Schnalle. Handgefertigt, elegant und langlebig. Perfekt, um Ihrem Look einen Hauch von Raffinesse zu verleihen.","og_url":"https:\/\/tonymora.com\/de\/produkt\/0086-braviertes-braunes-kalbfleisch\/","og_site_name":"Tony Mora\u00ae Boots Official Store","article_publisher":"https:\/\/www.facebook.com\/Tonymoraofficial\/","article_modified_time":"2025-11-30T13:36:13+00:00","og_image":[{"width":866,"height":1032,"url":"https:\/\/tonymora.com\/wp-content\/uploads\/2022\/09\/1-2.jpg","type":"image\/jpeg"}],"twitter_card":"summary_large_image","twitter_misc":{"Gesch\u00e4tzte Lesezeit":"1\u00a0Minute"},"schema":{"@context":"https:\/\/schema.org","@graph":[{"@type":"WebPage","@id":"https:\/\/tonymora.com\/de\/produkt\/0086-braviertes-braunes-kalbfleisch\/","url":"https:\/\/tonymora.com\/de\/produkt\/0086-braviertes-braunes-kalbfleisch\/","name":"Brauner Lederg\u00fcrtel mit floraler Gravur | Tony Mora","isPartOf":{"@id":"https:\/\/tonymora.com\/de\/#website"},"primaryImageOfPage":{"@id":"https:\/\/tonymora.com\/de\/produkt\/0086-braviertes-braunes-kalbfleisch\/#primaryimage"},"image":{"@id":"https:\/\/tonymora.com\/de\/produkt\/0086-braviertes-braunes-kalbfleisch\/#primaryimage"},"thumbnailUrl":"https:\/\/tonymora.com\/wp-content\/uploads\/2022\/09\/1-2.jpg","datePublished":"2022-09-26T14:18:28+00:00","dateModified":"2025-11-30T13:36:13+00:00","description":"Brauner Rindslederg\u00fcrtel mit floraler Pr\u00e4gung und goldener Schnalle. Handgefertigt, elegant und langlebig. Perfekt, um Ihrem Look einen Hauch von Raffinesse zu verleihen.","breadcrumb":{"@id":"https:\/\/tonymora.com\/de\/produkt\/0086-braviertes-braunes-kalbfleisch\/#breadcrumb"},"inLanguage":"de","potentialAction":[{"@type":"ReadAction","target":["https:\/\/tonymora.com\/de\/produkt\/0086-braviertes-braunes-kalbfleisch\/"]}]},{"@type":"ImageObject","inLanguage":"de","@id":"https:\/\/tonymora.com\/de\/produkt\/0086-braviertes-braunes-kalbfleisch\/#primaryimage","url":"https:\/\/tonymora.com\/wp-content\/uploads\/2022\/09\/1-2.jpg","contentUrl":"https:\/\/tonymora.com\/wp-content\/uploads\/2022\/09\/1-2.jpg","width":866,"height":1032},{"@type":"BreadcrumbList","@id":"https:\/\/tonymora.com\/de\/produkt\/0086-braviertes-braunes-kalbfleisch\/#breadcrumb","itemListElement":[{"@type":"ListItem","position":1,"name":"Portada","item":"https:\/\/tonymora.com\/de\/"},{"@type":"ListItem","position":2,"name":"Shop","item":"https:\/\/tonymora.com\/de\/shop\/"},{"@type":"ListItem","position":3,"name":"Damen Lederg\u00fcrtel","item":"https:\/\/tonymora.com\/de\/produkt-kategorie\/damen-ledergurtel\/"},{"@type":"ListItem","position":4,"name":"0086 GRAVIERTES KALBFLEISCH BRAUN"}]},{"@type":"WebSite","@id":"https:\/\/tonymora.com\/de\/#website","url":"https:\/\/tonymora.com\/de\/","name":"Tony Mora\u00ae Boots Official Store","description":"Cowboy Boots","publisher":{"@id":"https:\/\/tonymora.com\/de\/#organization"},"potentialAction":[{"@type":"SearchAction","target":{"@type":"EntryPoint","urlTemplate":"https:\/\/tonymora.com\/de\/?s={search_term_string}"},"query-input":{"@type":"PropertyValueSpecification","valueRequired":true,"valueName":"search_term_string"}}],"inLanguage":"de"},{"@type":"Organization","@id":"https:\/\/tonymora.com\/de\/#organization","name":"Tony Mora Boots","url":"https:\/\/tonymora.com\/de\/","logo":{"@type":"ImageObject","inLanguage":"de","@id":"https:\/\/tonymora.com\/de\/#\/schema\/logo\/image\/","url":"https:\/\/tonymora.com\/wp-content\/uploads\/2023\/12\/LOGO.jpg","contentUrl":"https:\/\/tonymora.com\/wp-content\/uploads\/2023\/12\/LOGO.jpg","width":2272,"height":1411,"caption":"Tony Mora Boots"},"image":{"@id":"https:\/\/tonymora.com\/de\/#\/schema\/logo\/image\/"},"sameAs":["https:\/\/www.facebook.com\/Tonymoraofficial\/","https:\/\/www.instagram.com\/tonymoraofficial\/?hl=es"]}]}},"_links":{"self":[{"href":"https:\/\/tonymora.com\/de\/wp-json\/wp\/v2\/product\/697447","targetHints":{"allow":["GET"]}}],"collection":[{"href":"https:\/\/tonymora.com\/de\/wp-json\/wp\/v2\/product"}],"about":[{"href":"https:\/\/tonymora.com\/de\/wp-json\/wp\/v2\/types\/product"}],"wp:featuredmedia":[{"embeddable":true,"href":"https:\/\/tonymora.com\/de\/wp-json\/wp\/v2\/media\/712128"}],"wp:attachment":[{"href":"https:\/\/tonymora.com\/de\/wp-json\/wp\/v2\/media?parent=697447"}],"wp:term":[{"taxonomy":"product_brand","embeddable":true,"href":"https:\/\/tonymora.com\/de\/wp-json\/wp\/v2\/product_brand?post=697447"},{"taxonomy":"product_cat","embeddable":true,"href":"https:\/\/tonymora.com\/de\/wp-json\/wp\/v2\/product_cat?post=697447"},{"taxonomy":"product_tag","embeddable":true,"href":"https:\/\/tonymora.com\/de\/wp-json\/wp\/v2\/product_tag?post=697447"}],"curies":[{"name":"wp","href":"https:\/\/api.w.org\/{rel}","templated":true}]}}