{"id":697532,"date":"2022-09-27T08:42:34","date_gmt":"2022-09-27T06:42:34","guid":{"rendered":"https:\/\/tonymora.com\/producto\/1020-python-cafe\/"},"modified":"2022-11-30T15:01:11","modified_gmt":"2022-11-30T14:01:11","slug":"1020-python-cafe","status":"publish","type":"product","link":"https:\/\/tonymora.com\/de\/produkt\/1020-python-cafe\/","title":{"rendered":"1020 PYTHON CAFE"},"content":{"rendered":"<p>Sch\u00f6nheit, Eleganz und Langlebigkeit sind Eigenschaften, die zweifelsohne das Pythonleder charakterisieren, das wir f\u00fcr diesen exklusiven G\u00fcrtel ausgew\u00e4hlt haben. Es ist ein sehr weicher und angenehm anzufassender Lederg\u00fcrtel. Der kaffeebraune Farbton verleiht ihm<br \/>\neinen unverwechselbaren und eleganten Touch, perfekt f\u00fcr jede Gelegenheit. Trauen Sie sich, dieses einzigartige St\u00fcck zu tragen.<\/p>\n","protected":false},"excerpt":{"rendered":"<p>Ein Kleidungsst\u00fcck, das mit unaufdringlicher Selbstsicherheit besticht. Ein Accessoire mit Pers\u00f6nlichkeit und nat\u00fcrlicher Eleganz.<br \/>\nEntworfen f\u00fcr alle, die Eleganz als Lebenseinstellung verstehen.<\/p>\n","protected":false},"featured_media":698160,"template":"","meta":{"_mbp_gutenberg_autopost":false},"product_brand":[],"product_cat":[1174,263],"product_tag":[],"class_list":{"0":"post-697532","1":"product","2":"type-product","3":"status-publish","4":"has-post-thumbnail","6":"product_cat-black-friday-de","7":"product_cat-guertel","9":"first","10":"outofstock","11":"taxable","12":"shipping-taxable","13":"product-type-variable"},"yoast_head":"<!-- This site is optimized with the Yoast SEO plugin v27.4 - https:\/\/yoast.com\/product\/yoast-seo-wordpress\/ -->\n<title>1020 PYTHON CAFE - Tony Mora\u00ae Boots Official Store<\/title>\n<meta name=\"description\" content=\"Sch\u00f6nheit, Eleganz und Langlebigkeit sind Eigenschaften, die zweifelsohne das Pythonleder charakterisieren.\" \/>\n<meta name=\"robots\" content=\"index, follow, max-snippet:-1, max-image-preview:large, max-video-preview:-1\" \/>\n<link rel=\"canonical\" href=\"https:\/\/tonymora.com\/de\/produkt\/1020-python-cafe\/\" \/>\n<meta property=\"og:locale\" content=\"de_DE\" \/>\n<meta property=\"og:type\" content=\"article\" \/>\n<meta property=\"og:title\" content=\"1020 PYTHON CAFE - Tony Mora\u00ae Boots Official Store\" \/>\n<meta property=\"og:description\" content=\"Sch\u00f6nheit, Eleganz und Langlebigkeit sind Eigenschaften, die zweifelsohne das Pythonleder charakterisieren.\" \/>\n<meta property=\"og:url\" content=\"https:\/\/tonymora.com\/de\/produkt\/1020-python-cafe\/\" \/>\n<meta property=\"og:site_name\" content=\"Tony Mora\u00ae Boots Official Store\" \/>\n<meta property=\"article:publisher\" content=\"https:\/\/www.facebook.com\/Tonymoraofficial\/\" \/>\n<meta property=\"article:modified_time\" content=\"2022-11-30T14:01:11+00:00\" \/>\n<meta property=\"og:image\" content=\"https:\/\/tonymora.com\/wp-content\/uploads\/2022\/09\/1020-PYTHON-CAF\u0090.jpg\" \/>\n\t<meta property=\"og:image:width\" content=\"866\" \/>\n\t<meta property=\"og:image:height\" content=\"1032\" \/>\n\t<meta property=\"og:image:type\" content=\"image\/jpeg\" \/>\n<meta name=\"twitter:card\" content=\"summary_large_image\" \/>\n<script type=\"application\/ld+json\" class=\"yoast-schema-graph\">{\"@context\":\"https:\\\/\\\/schema.org\",\"@graph\":[{\"@type\":\"WebPage\",\"@id\":\"https:\\\/\\\/tonymora.com\\\/de\\\/produkt\\\/1020-python-cafe\\\/\",\"url\":\"https:\\\/\\\/tonymora.com\\\/de\\\/produkt\\\/1020-python-cafe\\\/\",\"name\":\"1020 PYTHON CAFE - Tony Mora\u00ae Boots Official Store\",\"isPartOf\":{\"@id\":\"https:\\\/\\\/tonymora.com\\\/de\\\/#website\"},\"primaryImageOfPage\":{\"@id\":\"https:\\\/\\\/tonymora.com\\\/de\\\/produkt\\\/1020-python-cafe\\\/#primaryimage\"},\"image\":{\"@id\":\"https:\\\/\\\/tonymora.com\\\/de\\\/produkt\\\/1020-python-cafe\\\/#primaryimage\"},\"thumbnailUrl\":\"https:\\\/\\\/tonymora.com\\\/wp-content\\\/uploads\\\/2022\\\/09\\\/1020-PYTHON-CAF\u0090.jpg\",\"datePublished\":\"2022-09-27T06:42:34+00:00\",\"dateModified\":\"2022-11-30T14:01:11+00:00\",\"description\":\"Sch\u00f6nheit, Eleganz und Langlebigkeit sind Eigenschaften, die zweifelsohne das Pythonleder charakterisieren.\",\"breadcrumb\":{\"@id\":\"https:\\\/\\\/tonymora.com\\\/de\\\/produkt\\\/1020-python-cafe\\\/#breadcrumb\"},\"inLanguage\":\"de\",\"potentialAction\":[{\"@type\":\"ReadAction\",\"target\":[\"https:\\\/\\\/tonymora.com\\\/de\\\/produkt\\\/1020-python-cafe\\\/\"]}]},{\"@type\":\"ImageObject\",\"inLanguage\":\"de\",\"@id\":\"https:\\\/\\\/tonymora.com\\\/de\\\/produkt\\\/1020-python-cafe\\\/#primaryimage\",\"url\":\"https:\\\/\\\/tonymora.com\\\/wp-content\\\/uploads\\\/2022\\\/09\\\/1020-PYTHON-CAF\u0090.jpg\",\"contentUrl\":\"https:\\\/\\\/tonymora.com\\\/wp-content\\\/uploads\\\/2022\\\/09\\\/1020-PYTHON-CAF\u0090.jpg\",\"width\":866,\"height\":1032,\"caption\":\"1020 python cafe\"},{\"@type\":\"BreadcrumbList\",\"@id\":\"https:\\\/\\\/tonymora.com\\\/de\\\/produkt\\\/1020-python-cafe\\\/#breadcrumb\",\"itemListElement\":[{\"@type\":\"ListItem\",\"position\":1,\"name\":\"Portada\",\"item\":\"https:\\\/\\\/tonymora.com\\\/de\\\/\"},{\"@type\":\"ListItem\",\"position\":2,\"name\":\"Shop\",\"item\":\"https:\\\/\\\/tonymora.com\\\/de\\\/shop\\\/\"},{\"@type\":\"ListItem\",\"position\":3,\"name\":\"G\u00fcrtel\",\"item\":\"https:\\\/\\\/tonymora.com\\\/de\\\/produkt-kategorie\\\/guertel\\\/\"},{\"@type\":\"ListItem\",\"position\":4,\"name\":\"1020 PYTHON CAFE\"}]},{\"@type\":\"WebSite\",\"@id\":\"https:\\\/\\\/tonymora.com\\\/de\\\/#website\",\"url\":\"https:\\\/\\\/tonymora.com\\\/de\\\/\",\"name\":\"Tony Mora\u00ae Boots Official Store\",\"description\":\"Cowboy Boots\",\"publisher\":{\"@id\":\"https:\\\/\\\/tonymora.com\\\/de\\\/#organization\"},\"potentialAction\":[{\"@type\":\"SearchAction\",\"target\":{\"@type\":\"EntryPoint\",\"urlTemplate\":\"https:\\\/\\\/tonymora.com\\\/de\\\/?s={search_term_string}\"},\"query-input\":{\"@type\":\"PropertyValueSpecification\",\"valueRequired\":true,\"valueName\":\"search_term_string\"}}],\"inLanguage\":\"de\"},{\"@type\":\"Organization\",\"@id\":\"https:\\\/\\\/tonymora.com\\\/de\\\/#organization\",\"name\":\"Tony Mora Boots\",\"url\":\"https:\\\/\\\/tonymora.com\\\/de\\\/\",\"logo\":{\"@type\":\"ImageObject\",\"inLanguage\":\"de\",\"@id\":\"https:\\\/\\\/tonymora.com\\\/de\\\/#\\\/schema\\\/logo\\\/image\\\/\",\"url\":\"https:\\\/\\\/tonymora.com\\\/wp-content\\\/uploads\\\/2023\\\/12\\\/LOGO.jpg\",\"contentUrl\":\"https:\\\/\\\/tonymora.com\\\/wp-content\\\/uploads\\\/2023\\\/12\\\/LOGO.jpg\",\"width\":2272,\"height\":1411,\"caption\":\"Tony Mora Boots\"},\"image\":{\"@id\":\"https:\\\/\\\/tonymora.com\\\/de\\\/#\\\/schema\\\/logo\\\/image\\\/\"},\"sameAs\":[\"https:\\\/\\\/www.facebook.com\\\/Tonymoraofficial\\\/\",\"https:\\\/\\\/www.instagram.com\\\/tonymoraofficial\\\/?hl=es\"]}]}<\/script>\n<!-- \/ Yoast SEO plugin. -->","yoast_head_json":{"title":"1020 PYTHON CAFE - Tony Mora\u00ae Boots Official Store","description":"Sch\u00f6nheit, Eleganz und Langlebigkeit sind Eigenschaften, die zweifelsohne das Pythonleder charakterisieren.","robots":{"index":"index","follow":"follow","max-snippet":"max-snippet:-1","max-image-preview":"max-image-preview:large","max-video-preview":"max-video-preview:-1"},"canonical":"https:\/\/tonymora.com\/de\/produkt\/1020-python-cafe\/","og_locale":"de_DE","og_type":"article","og_title":"1020 PYTHON CAFE - Tony Mora\u00ae Boots Official Store","og_description":"Sch\u00f6nheit, Eleganz und Langlebigkeit sind Eigenschaften, die zweifelsohne das Pythonleder charakterisieren.","og_url":"https:\/\/tonymora.com\/de\/produkt\/1020-python-cafe\/","og_site_name":"Tony Mora\u00ae Boots Official Store","article_publisher":"https:\/\/www.facebook.com\/Tonymoraofficial\/","article_modified_time":"2022-11-30T14:01:11+00:00","og_image":[{"width":866,"height":1032,"url":"https:\/\/tonymora.com\/wp-content\/uploads\/2022\/09\/1020-PYTHON-CAF\u0090.jpg","type":"image\/jpeg"}],"twitter_card":"summary_large_image","schema":{"@context":"https:\/\/schema.org","@graph":[{"@type":"WebPage","@id":"https:\/\/tonymora.com\/de\/produkt\/1020-python-cafe\/","url":"https:\/\/tonymora.com\/de\/produkt\/1020-python-cafe\/","name":"1020 PYTHON CAFE - Tony Mora\u00ae Boots Official Store","isPartOf":{"@id":"https:\/\/tonymora.com\/de\/#website"},"primaryImageOfPage":{"@id":"https:\/\/tonymora.com\/de\/produkt\/1020-python-cafe\/#primaryimage"},"image":{"@id":"https:\/\/tonymora.com\/de\/produkt\/1020-python-cafe\/#primaryimage"},"thumbnailUrl":"https:\/\/tonymora.com\/wp-content\/uploads\/2022\/09\/1020-PYTHON-CAF\u0090.jpg","datePublished":"2022-09-27T06:42:34+00:00","dateModified":"2022-11-30T14:01:11+00:00","description":"Sch\u00f6nheit, Eleganz und Langlebigkeit sind Eigenschaften, die zweifelsohne das Pythonleder charakterisieren.","breadcrumb":{"@id":"https:\/\/tonymora.com\/de\/produkt\/1020-python-cafe\/#breadcrumb"},"inLanguage":"de","potentialAction":[{"@type":"ReadAction","target":["https:\/\/tonymora.com\/de\/produkt\/1020-python-cafe\/"]}]},{"@type":"ImageObject","inLanguage":"de","@id":"https:\/\/tonymora.com\/de\/produkt\/1020-python-cafe\/#primaryimage","url":"https:\/\/tonymora.com\/wp-content\/uploads\/2022\/09\/1020-PYTHON-CAF\u0090.jpg","contentUrl":"https:\/\/tonymora.com\/wp-content\/uploads\/2022\/09\/1020-PYTHON-CAF\u0090.jpg","width":866,"height":1032,"caption":"1020 python cafe"},{"@type":"BreadcrumbList","@id":"https:\/\/tonymora.com\/de\/produkt\/1020-python-cafe\/#breadcrumb","itemListElement":[{"@type":"ListItem","position":1,"name":"Portada","item":"https:\/\/tonymora.com\/de\/"},{"@type":"ListItem","position":2,"name":"Shop","item":"https:\/\/tonymora.com\/de\/shop\/"},{"@type":"ListItem","position":3,"name":"G\u00fcrtel","item":"https:\/\/tonymora.com\/de\/produkt-kategorie\/guertel\/"},{"@type":"ListItem","position":4,"name":"1020 PYTHON CAFE"}]},{"@type":"WebSite","@id":"https:\/\/tonymora.com\/de\/#website","url":"https:\/\/tonymora.com\/de\/","name":"Tony Mora\u00ae Boots Official Store","description":"Cowboy Boots","publisher":{"@id":"https:\/\/tonymora.com\/de\/#organization"},"potentialAction":[{"@type":"SearchAction","target":{"@type":"EntryPoint","urlTemplate":"https:\/\/tonymora.com\/de\/?s={search_term_string}"},"query-input":{"@type":"PropertyValueSpecification","valueRequired":true,"valueName":"search_term_string"}}],"inLanguage":"de"},{"@type":"Organization","@id":"https:\/\/tonymora.com\/de\/#organization","name":"Tony Mora Boots","url":"https:\/\/tonymora.com\/de\/","logo":{"@type":"ImageObject","inLanguage":"de","@id":"https:\/\/tonymora.com\/de\/#\/schema\/logo\/image\/","url":"https:\/\/tonymora.com\/wp-content\/uploads\/2023\/12\/LOGO.jpg","contentUrl":"https:\/\/tonymora.com\/wp-content\/uploads\/2023\/12\/LOGO.jpg","width":2272,"height":1411,"caption":"Tony Mora Boots"},"image":{"@id":"https:\/\/tonymora.com\/de\/#\/schema\/logo\/image\/"},"sameAs":["https:\/\/www.facebook.com\/Tonymoraofficial\/","https:\/\/www.instagram.com\/tonymoraofficial\/?hl=es"]}]}},"_links":{"self":[{"href":"https:\/\/tonymora.com\/de\/wp-json\/wp\/v2\/product\/697532","targetHints":{"allow":["GET"]}}],"collection":[{"href":"https:\/\/tonymora.com\/de\/wp-json\/wp\/v2\/product"}],"about":[{"href":"https:\/\/tonymora.com\/de\/wp-json\/wp\/v2\/types\/product"}],"wp:featuredmedia":[{"embeddable":true,"href":"https:\/\/tonymora.com\/de\/wp-json\/wp\/v2\/media\/698160"}],"wp:attachment":[{"href":"https:\/\/tonymora.com\/de\/wp-json\/wp\/v2\/media?parent=697532"}],"wp:term":[{"taxonomy":"product_brand","embeddable":true,"href":"https:\/\/tonymora.com\/de\/wp-json\/wp\/v2\/product_brand?post=697532"},{"taxonomy":"product_cat","embeddable":true,"href":"https:\/\/tonymora.com\/de\/wp-json\/wp\/v2\/product_cat?post=697532"},{"taxonomy":"product_tag","embeddable":true,"href":"https:\/\/tonymora.com\/de\/wp-json\/wp\/v2\/product_tag?post=697532"}],"curies":[{"name":"wp","href":"https:\/\/api.w.org\/{rel}","templated":true}]}}