{"id":697736,"date":"2022-09-27T09:47:33","date_gmt":"2022-09-27T07:47:33","guid":{"rendered":"https:\/\/tonymora.com\/producto\/2000-boto-alaro-palermo-cuero-afelpado-verde\/"},"modified":"2023-11-09T10:47:12","modified_gmt":"2023-11-09T09:47:12","slug":"2000-boto-alaro-palermo-cuero-afelpado-gruen","status":"publish","type":"product","link":"https:\/\/tonymora.com\/de\/produkt\/2000-boto-alaro-palermo-cuero-afelpado-gruen\/","title":{"rendered":"2000 BOTO ALARO PALERMO CUERO AFELPADO VERDE"},"content":{"rendered":"<p>Stiefel mit breiter und klassisch runder Spitze und niedrigem Absatz. In einer eleganten Farbkombination gestaltet: zuerst das Leder Palermo mit einer weichen Wachsschicht, die dem Braun ein Farbenspiel verleiht; dann gr\u00fcne Wildledersch\u00e4fte, die mit den Texturen der Lederarten kontrastieren. Dieses Modell hat einen Rei\u00dfverschluss auf der R\u00fcckseite mit Gummizug, der das Anziehen erleichtert und sich an die Form Ihrer Beine anpasst. Jedes Detail sorgf\u00e4ltig durchdacht und ausgearbeitet, damit Sie es genie\u00dfen k\u00f6nnen.<\/p>\n","protected":false},"excerpt":{"rendered":"<p>Charakter und Eleganz in perfekter Balance. Sorgf\u00e4ltig durchdachte Details, die handgefertigt und einzigartig wirken.<br \/>\nEntworfen f\u00fcr all jene, die Eleganz als Lebenseinstellung verstehen.<\/p>\n","protected":false},"featured_media":697726,"template":"","meta":{"_mbp_gutenberg_autopost":false},"product_brand":[757,759,761,763,765],"product_cat":[1174,169,167,1141,1135],"product_tag":[],"class_list":{"0":"post-697736","1":"product","2":"type-product","3":"status-publish","4":"has-post-thumbnail","6":"product_brand-talla-mujer-36","7":"product_brand-talla-mujer-37","8":"product_brand-talla-mujer-38","9":"product_brand-talla-mujer-39","10":"product_brand-talla-mujer-40","11":"product_cat-black-friday-de","12":"product_cat-casual-damenstiefel","13":"product_cat-damen","14":"product_cat-lederstiefel-damen","15":"product_cat-rabatte-damenstiefel","17":"first","18":"instock","19":"taxable","20":"shipping-taxable","21":"purchasable","22":"product-type-variable"},"supplier_id":null,"supplier_sku":"","barcode":null,"atum_controlled":true,"out_stock_date":null,"out_stock_threshold":null,"inheritable":true,"inbound_stock":0,"stock_on_hold":1,"sold_today":0,"sales_last_days":0,"reserved_stock":0,"customer_returns":0,"warehouse_damage":0,"lost_in_post":0,"other_logs":0,"out_stock_days":0,"lost_sales":0,"has_location":false,"update_date":"2025-04-07T23:04:09","atum_locations":[],"atum_stock_status":"instock","restock_status":false,"low_stock_amount":"","sales_update_date":"2024-04-24T22:32:22","calc_backorders":null,"yoast_head":"<!-- This site is optimized with the Yoast SEO plugin v27.2 - https:\/\/yoast.com\/product\/yoast-seo-wordpress\/ -->\n<title>2000 BOTO ALARO PALERMO CUERO AFELPADO VERDE - Tony Mora\u00ae Boots Official Store<\/title>\n<meta name=\"description\" content=\"Stiefel mit breiter und klassisch runder Spitze und niedrigem Absatz. In einer eleganten Farbkombination gestaltet: zuerst das Leder Palermo.\" \/>\n<meta name=\"robots\" content=\"index, follow, max-snippet:-1, max-image-preview:large, max-video-preview:-1\" \/>\n<link rel=\"canonical\" href=\"https:\/\/tonymora.com\/de\/produkt\/2000-boto-alaro-palermo-cuero-afelpado-gruen\/\" \/>\n<meta property=\"og:locale\" content=\"de_DE\" \/>\n<meta property=\"og:type\" content=\"article\" \/>\n<meta property=\"og:title\" content=\"2000 BOTO ALARO PALERMO CUERO AFELPADO VERDE - Tony Mora\u00ae Boots Official Store\" \/>\n<meta property=\"og:description\" content=\"Stiefel mit breiter und klassisch runder Spitze und niedrigem Absatz. In einer eleganten Farbkombination gestaltet: zuerst das Leder Palermo.\" \/>\n<meta property=\"og:url\" content=\"https:\/\/tonymora.com\/de\/produkt\/2000-boto-alaro-palermo-cuero-afelpado-gruen\/\" \/>\n<meta property=\"og:site_name\" content=\"Tony Mora\u00ae Boots Official Store\" \/>\n<meta property=\"article:publisher\" content=\"https:\/\/www.facebook.com\/Tonymoraofficial\/\" \/>\n<meta property=\"article:modified_time\" content=\"2023-11-09T09:47:12+00:00\" \/>\n<meta property=\"og:image\" content=\"https:\/\/tonymora.com\/wp-content\/uploads\/2022\/09\/10-2000-BOTO-ALARO-PALERMO-CUERO-SERRAJE-AFELPADO-VERDE.jpg\" \/>\n\t<meta property=\"og:image:width\" content=\"866\" \/>\n\t<meta property=\"og:image:height\" content=\"1032\" \/>\n\t<meta property=\"og:image:type\" content=\"image\/jpeg\" \/>\n<meta name=\"twitter:card\" content=\"summary_large_image\" \/>\n<script type=\"application\/ld+json\" class=\"yoast-schema-graph\">{\"@context\":\"https:\/\/schema.org\",\"@graph\":[{\"@type\":\"WebPage\",\"@id\":\"https:\/\/tonymora.com\/de\/produkt\/2000-boto-alaro-palermo-cuero-afelpado-gruen\/\",\"url\":\"https:\/\/tonymora.com\/de\/produkt\/2000-boto-alaro-palermo-cuero-afelpado-gruen\/\",\"name\":\"2000 BOTO ALARO PALERMO CUERO AFELPADO VERDE - Tony Mora\u00ae Boots Official Store\",\"isPartOf\":{\"@id\":\"https:\/\/tonymora.com\/de\/#website\"},\"primaryImageOfPage\":{\"@id\":\"https:\/\/tonymora.com\/de\/produkt\/2000-boto-alaro-palermo-cuero-afelpado-gruen\/#primaryimage\"},\"image\":{\"@id\":\"https:\/\/tonymora.com\/de\/produkt\/2000-boto-alaro-palermo-cuero-afelpado-gruen\/#primaryimage\"},\"thumbnailUrl\":\"https:\/\/tonymora.com\/wp-content\/uploads\/2022\/09\/10-2000-BOTO-ALARO-PALERMO-CUERO-SERRAJE-AFELPADO-VERDE.jpg\",\"datePublished\":\"2022-09-27T07:47:33+00:00\",\"dateModified\":\"2023-11-09T09:47:12+00:00\",\"description\":\"Stiefel mit breiter und klassisch runder Spitze und niedrigem Absatz. In einer eleganten Farbkombination gestaltet: zuerst das Leder Palermo.\",\"breadcrumb\":{\"@id\":\"https:\/\/tonymora.com\/de\/produkt\/2000-boto-alaro-palermo-cuero-afelpado-gruen\/#breadcrumb\"},\"inLanguage\":\"de\",\"potentialAction\":[{\"@type\":\"ReadAction\",\"target\":[\"https:\/\/tonymora.com\/de\/produkt\/2000-boto-alaro-palermo-cuero-afelpado-gruen\/\"]}]},{\"@type\":\"ImageObject\",\"inLanguage\":\"de\",\"@id\":\"https:\/\/tonymora.com\/de\/produkt\/2000-boto-alaro-palermo-cuero-afelpado-gruen\/#primaryimage\",\"url\":\"https:\/\/tonymora.com\/wp-content\/uploads\/2022\/09\/10-2000-BOTO-ALARO-PALERMO-CUERO-SERRAJE-AFELPADO-VERDE.jpg\",\"contentUrl\":\"https:\/\/tonymora.com\/wp-content\/uploads\/2022\/09\/10-2000-BOTO-ALARO-PALERMO-CUERO-SERRAJE-AFELPADO-VERDE.jpg\",\"width\":866,\"height\":1032},{\"@type\":\"BreadcrumbList\",\"@id\":\"https:\/\/tonymora.com\/de\/produkt\/2000-boto-alaro-palermo-cuero-afelpado-gruen\/#breadcrumb\",\"itemListElement\":[{\"@type\":\"ListItem\",\"position\":1,\"name\":\"Portada\",\"item\":\"https:\/\/tonymora.com\/de\/\"},{\"@type\":\"ListItem\",\"position\":2,\"name\":\"Shop\",\"item\":\"https:\/\/tonymora.com\/de\/shop\/\"},{\"@type\":\"ListItem\",\"position\":3,\"name\":\"Rabatte Damenstiefel\",\"item\":\"https:\/\/tonymora.com\/de\/produkt-kategorie\/rabatte-damenstiefel\/\"},{\"@type\":\"ListItem\",\"position\":4,\"name\":\"Lederstiefel Damen\",\"item\":\"https:\/\/tonymora.com\/de\/produkt-kategorie\/rabatte-damenstiefel\/lederstiefel-damen\/\"},{\"@type\":\"ListItem\",\"position\":5,\"name\":\"2000 BOTO ALARO PALERMO CUERO AFELPADO VERDE\"}]},{\"@type\":\"WebSite\",\"@id\":\"https:\/\/tonymora.com\/de\/#website\",\"url\":\"https:\/\/tonymora.com\/de\/\",\"name\":\"Tony Mora\u00ae Boots Official Store\",\"description\":\"Cowboy Boots\",\"publisher\":{\"@id\":\"https:\/\/tonymora.com\/de\/#organization\"},\"potentialAction\":[{\"@type\":\"SearchAction\",\"target\":{\"@type\":\"EntryPoint\",\"urlTemplate\":\"https:\/\/tonymora.com\/de\/?s={search_term_string}\"},\"query-input\":{\"@type\":\"PropertyValueSpecification\",\"valueRequired\":true,\"valueName\":\"search_term_string\"}}],\"inLanguage\":\"de\"},{\"@type\":\"Organization\",\"@id\":\"https:\/\/tonymora.com\/de\/#organization\",\"name\":\"Tony Mora Boots\",\"url\":\"https:\/\/tonymora.com\/de\/\",\"logo\":{\"@type\":\"ImageObject\",\"inLanguage\":\"de\",\"@id\":\"https:\/\/tonymora.com\/de\/#\/schema\/logo\/image\/\",\"url\":\"https:\/\/tonymora.com\/wp-content\/uploads\/2023\/12\/LOGO.jpg\",\"contentUrl\":\"https:\/\/tonymora.com\/wp-content\/uploads\/2023\/12\/LOGO.jpg\",\"width\":2272,\"height\":1411,\"caption\":\"Tony Mora Boots\"},\"image\":{\"@id\":\"https:\/\/tonymora.com\/de\/#\/schema\/logo\/image\/\"},\"sameAs\":[\"https:\/\/www.facebook.com\/Tonymoraofficial\/\",\"https:\/\/www.instagram.com\/tonymoraofficial\/?hl=es\"]}]}<\/script>\n<!-- \/ Yoast SEO plugin. -->","yoast_head_json":{"title":"2000 BOTO ALARO PALERMO CUERO AFELPADO VERDE - Tony Mora\u00ae Boots Official Store","description":"Stiefel mit breiter und klassisch runder Spitze und niedrigem Absatz. In einer eleganten Farbkombination gestaltet: zuerst das Leder Palermo.","robots":{"index":"index","follow":"follow","max-snippet":"max-snippet:-1","max-image-preview":"max-image-preview:large","max-video-preview":"max-video-preview:-1"},"canonical":"https:\/\/tonymora.com\/de\/produkt\/2000-boto-alaro-palermo-cuero-afelpado-gruen\/","og_locale":"de_DE","og_type":"article","og_title":"2000 BOTO ALARO PALERMO CUERO AFELPADO VERDE - Tony Mora\u00ae Boots Official Store","og_description":"Stiefel mit breiter und klassisch runder Spitze und niedrigem Absatz. In einer eleganten Farbkombination gestaltet: zuerst das Leder Palermo.","og_url":"https:\/\/tonymora.com\/de\/produkt\/2000-boto-alaro-palermo-cuero-afelpado-gruen\/","og_site_name":"Tony Mora\u00ae Boots Official Store","article_publisher":"https:\/\/www.facebook.com\/Tonymoraofficial\/","article_modified_time":"2023-11-09T09:47:12+00:00","og_image":[{"width":866,"height":1032,"url":"https:\/\/tonymora.com\/wp-content\/uploads\/2022\/09\/10-2000-BOTO-ALARO-PALERMO-CUERO-SERRAJE-AFELPADO-VERDE.jpg","type":"image\/jpeg"}],"twitter_card":"summary_large_image","schema":{"@context":"https:\/\/schema.org","@graph":[{"@type":"WebPage","@id":"https:\/\/tonymora.com\/de\/produkt\/2000-boto-alaro-palermo-cuero-afelpado-gruen\/","url":"https:\/\/tonymora.com\/de\/produkt\/2000-boto-alaro-palermo-cuero-afelpado-gruen\/","name":"2000 BOTO ALARO PALERMO CUERO AFELPADO VERDE - Tony Mora\u00ae Boots Official Store","isPartOf":{"@id":"https:\/\/tonymora.com\/de\/#website"},"primaryImageOfPage":{"@id":"https:\/\/tonymora.com\/de\/produkt\/2000-boto-alaro-palermo-cuero-afelpado-gruen\/#primaryimage"},"image":{"@id":"https:\/\/tonymora.com\/de\/produkt\/2000-boto-alaro-palermo-cuero-afelpado-gruen\/#primaryimage"},"thumbnailUrl":"https:\/\/tonymora.com\/wp-content\/uploads\/2022\/09\/10-2000-BOTO-ALARO-PALERMO-CUERO-SERRAJE-AFELPADO-VERDE.jpg","datePublished":"2022-09-27T07:47:33+00:00","dateModified":"2023-11-09T09:47:12+00:00","description":"Stiefel mit breiter und klassisch runder Spitze und niedrigem Absatz. In einer eleganten Farbkombination gestaltet: zuerst das Leder Palermo.","breadcrumb":{"@id":"https:\/\/tonymora.com\/de\/produkt\/2000-boto-alaro-palermo-cuero-afelpado-gruen\/#breadcrumb"},"inLanguage":"de","potentialAction":[{"@type":"ReadAction","target":["https:\/\/tonymora.com\/de\/produkt\/2000-boto-alaro-palermo-cuero-afelpado-gruen\/"]}]},{"@type":"ImageObject","inLanguage":"de","@id":"https:\/\/tonymora.com\/de\/produkt\/2000-boto-alaro-palermo-cuero-afelpado-gruen\/#primaryimage","url":"https:\/\/tonymora.com\/wp-content\/uploads\/2022\/09\/10-2000-BOTO-ALARO-PALERMO-CUERO-SERRAJE-AFELPADO-VERDE.jpg","contentUrl":"https:\/\/tonymora.com\/wp-content\/uploads\/2022\/09\/10-2000-BOTO-ALARO-PALERMO-CUERO-SERRAJE-AFELPADO-VERDE.jpg","width":866,"height":1032},{"@type":"BreadcrumbList","@id":"https:\/\/tonymora.com\/de\/produkt\/2000-boto-alaro-palermo-cuero-afelpado-gruen\/#breadcrumb","itemListElement":[{"@type":"ListItem","position":1,"name":"Portada","item":"https:\/\/tonymora.com\/de\/"},{"@type":"ListItem","position":2,"name":"Shop","item":"https:\/\/tonymora.com\/de\/shop\/"},{"@type":"ListItem","position":3,"name":"Rabatte Damenstiefel","item":"https:\/\/tonymora.com\/de\/produkt-kategorie\/rabatte-damenstiefel\/"},{"@type":"ListItem","position":4,"name":"Lederstiefel Damen","item":"https:\/\/tonymora.com\/de\/produkt-kategorie\/rabatte-damenstiefel\/lederstiefel-damen\/"},{"@type":"ListItem","position":5,"name":"2000 BOTO ALARO PALERMO CUERO AFELPADO VERDE"}]},{"@type":"WebSite","@id":"https:\/\/tonymora.com\/de\/#website","url":"https:\/\/tonymora.com\/de\/","name":"Tony Mora\u00ae Boots Official Store","description":"Cowboy Boots","publisher":{"@id":"https:\/\/tonymora.com\/de\/#organization"},"potentialAction":[{"@type":"SearchAction","target":{"@type":"EntryPoint","urlTemplate":"https:\/\/tonymora.com\/de\/?s={search_term_string}"},"query-input":{"@type":"PropertyValueSpecification","valueRequired":true,"valueName":"search_term_string"}}],"inLanguage":"de"},{"@type":"Organization","@id":"https:\/\/tonymora.com\/de\/#organization","name":"Tony Mora Boots","url":"https:\/\/tonymora.com\/de\/","logo":{"@type":"ImageObject","inLanguage":"de","@id":"https:\/\/tonymora.com\/de\/#\/schema\/logo\/image\/","url":"https:\/\/tonymora.com\/wp-content\/uploads\/2023\/12\/LOGO.jpg","contentUrl":"https:\/\/tonymora.com\/wp-content\/uploads\/2023\/12\/LOGO.jpg","width":2272,"height":1411,"caption":"Tony Mora Boots"},"image":{"@id":"https:\/\/tonymora.com\/de\/#\/schema\/logo\/image\/"},"sameAs":["https:\/\/www.facebook.com\/Tonymoraofficial\/","https:\/\/www.instagram.com\/tonymoraofficial\/?hl=es"]}]}},"_links":{"self":[{"href":"https:\/\/tonymora.com\/de\/wp-json\/wp\/v2\/product\/697736","targetHints":{"allow":["GET"]}}],"collection":[{"href":"https:\/\/tonymora.com\/de\/wp-json\/wp\/v2\/product"}],"about":[{"href":"https:\/\/tonymora.com\/de\/wp-json\/wp\/v2\/types\/product"}],"wp:featuredmedia":[{"embeddable":true,"href":"https:\/\/tonymora.com\/de\/wp-json\/wp\/v2\/media\/697726"}],"wp:attachment":[{"href":"https:\/\/tonymora.com\/de\/wp-json\/wp\/v2\/media?parent=697736"}],"wp:term":[{"taxonomy":"product_brand","embeddable":true,"href":"https:\/\/tonymora.com\/de\/wp-json\/wp\/v2\/product_brand?post=697736"},{"taxonomy":"product_cat","embeddable":true,"href":"https:\/\/tonymora.com\/de\/wp-json\/wp\/v2\/product_cat?post=697736"},{"taxonomy":"product_tag","embeddable":true,"href":"https:\/\/tonymora.com\/de\/wp-json\/wp\/v2\/product_tag?post=697736"}],"curies":[{"name":"wp","href":"https:\/\/api.w.org\/{rel}","templated":true}]}}