{"id":697857,"date":"2022-09-27T10:23:35","date_gmt":"2022-09-27T08:23:35","guid":{"rendered":"https:\/\/tonymora.com\/producto\/684-daslu-lini-piton-taupe\/"},"modified":"2026-05-11T19:24:50","modified_gmt":"2026-05-11T17:24:50","slug":"684-daslu-lini-piton-taupe","status":"publish","type":"product","link":"https:\/\/tonymora.com\/de\/produkt\/684-daslu-lini-piton-taupe\/","title":{"rendered":"684 DASLU LINI PITON TAUPE"},"content":{"rendered":"<p>Ein Stil, den Sie nicht bereuen werden, ein Designklassiker. Die Stiefeletten bestehen aus Pythonleder in einem melierten Braunton mit besonderem Glanz, der zu jeder Farbe und jedem Anlass passt. Es verf\u00fcgt \u00fcber einen Innenrei\u00dfverschluss, der das Anziehen erleichtert und ihm einen modischen Touch verleiht. Die Abs\u00e4tze sind mittelhoch, ideal, um jeden Tag damit zu verbringen. Ein klassisches Muss.<\/p>\n","protected":false},"excerpt":{"rendered":"<p>Charakter und Eleganz in perfekter Balance. Selbstbewusstes Auftreten und m\u00fcheloser Stil.<br \/>\nAuthentisch und elegant gekleidet sein.<\/p>\n","protected":false},"featured_media":697847,"template":"","meta":{"_mbp_gutenberg_autopost":false},"product_brand":[757,759,761,763,767],"product_cat":[167,226,224,1139,1135],"product_tag":[],"class_list":{"0":"post-697857","1":"product","2":"type-product","3":"status-publish","4":"has-post-thumbnail","6":"product_brand-talla-mujer-36","7":"product_brand-talla-mujer-37","8":"product_brand-talla-mujer-38","9":"product_brand-talla-mujer-39","10":"product_brand-talla-mujer-41","11":"product_cat-damen","12":"product_cat-damen-stiefeletten","13":"product_cat-luxusstiefel-damen","14":"product_cat-python-stiefel-damen","15":"product_cat-rabatte-damenstiefel","17":"first","18":"outofstock","19":"taxable","20":"shipping-taxable","21":"purchasable","22":"product-type-variable"},"_links":{"self":[{"href":"https:\/\/tonymora.com\/de\/wp-json\/wp\/v2\/product\/697857","targetHints":{"allow":["GET"]}}],"collection":[{"href":"https:\/\/tonymora.com\/de\/wp-json\/wp\/v2\/product"}],"about":[{"href":"https:\/\/tonymora.com\/de\/wp-json\/wp\/v2\/types\/product"}],"wp:featuredmedia":[{"embeddable":true,"href":"https:\/\/tonymora.com\/de\/wp-json\/wp\/v2\/media\/697847"}],"wp:attachment":[{"href":"https:\/\/tonymora.com\/de\/wp-json\/wp\/v2\/media?parent=697857"}],"wp:term":[{"taxonomy":"product_brand","embeddable":true,"href":"https:\/\/tonymora.com\/de\/wp-json\/wp\/v2\/product_brand?post=697857"},{"taxonomy":"product_cat","embeddable":true,"href":"https:\/\/tonymora.com\/de\/wp-json\/wp\/v2\/product_cat?post=697857"},{"taxonomy":"product_tag","embeddable":true,"href":"https:\/\/tonymora.com\/de\/wp-json\/wp\/v2\/product_tag?post=697857"}],"curies":[{"name":"wp","href":"https:\/\/api.w.org\/{rel}","templated":true}]}}