{"id":697965,"date":"2022-09-27T10:37:37","date_gmt":"2022-09-27T08:37:37","guid":{"rendered":"https:\/\/tonymora.com\/producto\/1909-j-lini-ciclone-verde\/"},"modified":"2025-08-01T09:13:47","modified_gmt":"2025-08-01T07:13:47","slug":"1909-j-lini-ciclone-gruen","status":"publish","type":"product","link":"https:\/\/tonymora.com\/de\/produkt\/1909-j-lini-ciclone-gruen\/","title":{"rendered":"1909 J LINI CICLONE GRUEN"},"content":{"rendered":"<p>Mit diesem Modell pr\u00e4sentieren wir Ihnen ein perfektes Beispiel f\u00fcr die feine Handwerkskunst, die uns charakterisiert. Jedes St\u00fcck des Musters wurde mit feiner Pr\u00e4zision ausgeschnitten, um diese fr\u00f6hliche gr\u00fcne Farbe mit einem sch\u00f6nen beigen Hintergrund zu kombinieren. F\u00fcr zus\u00e4tzlichen Schutz sind die Schnittkanten von Hand gen\u00e4ht, um diesem Modell ein elegantes Finish zu verleihen.<\/p>\n","protected":false},"excerpt":{"rendered":"<p>Charakter und Eleganz in perfekter Harmonie.<br \/>\nEntworfen f\u00fcr all jene, die Eleganz als Lebenseinstellung verstehen.<\/p>\n","protected":false},"featured_media":697955,"template":"","meta":{"_mbp_gutenberg_autopost":false},"product_brand":[757,761,763,767],"product_cat":[1174,169,170,167,1141,168,1135],"product_tag":[],"class_list":{"0":"post-697965","1":"product","2":"type-product","3":"status-publish","4":"has-post-thumbnail","6":"product_brand-talla-mujer-36","7":"product_brand-talla-mujer-38","8":"product_brand-talla-mujer-39","9":"product_brand-talla-mujer-41","10":"product_cat-black-friday-de","11":"product_cat-casual-damenstiefel","12":"product_cat-cowboystiefel-damen","13":"product_cat-damen","14":"product_cat-lederstiefel-damen","15":"product_cat-line-dancing-stiefel-damen","16":"product_cat-rabatte-damenstiefel","18":"first","19":"outofstock","20":"taxable","21":"shipping-taxable","22":"purchasable","23":"product-type-variable"},"supplier_id":null,"supplier_sku":"","barcode":null,"atum_controlled":true,"out_stock_date":null,"out_stock_threshold":null,"inheritable":true,"inbound_stock":0,"stock_on_hold":0,"sold_today":0,"sales_last_days":0,"reserved_stock":0,"customer_returns":0,"warehouse_damage":0,"lost_in_post":0,"other_logs":0,"out_stock_days":0,"lost_sales":0,"has_location":false,"update_date":"2025-08-01T05:13:53","atum_locations":[],"atum_stock_status":"instock","restock_status":false,"low_stock_amount":"","sales_update_date":"2024-11-14T10:07:14","calc_backorders":null,"yoast_head":"<!-- This site is optimized with the Yoast SEO plugin v27.2 - https:\/\/yoast.com\/product\/yoast-seo-wordpress\/ -->\n<title>Gr\u00fcne Cowboystiefel f\u00fcr Damen | Tony Mora Stiefel<\/title>\n<meta name=\"description\" content=\"Gr\u00fcne Lederstiefel mit handgefertigtem Design, handgen\u00e4ht. Eleganz und Haltbarkeit f\u00fcr einen einzigartigen und anspruchsvollen Stil.\" \/>\n<meta name=\"robots\" content=\"index, follow, max-snippet:-1, max-image-preview:large, max-video-preview:-1\" \/>\n<link rel=\"canonical\" href=\"https:\/\/tonymora.com\/de\/produkt\/1909-j-lini-ciclone-gruen\/\" \/>\n<meta property=\"og:locale\" content=\"de_DE\" \/>\n<meta property=\"og:type\" content=\"article\" \/>\n<meta property=\"og:title\" content=\"Gr\u00fcne Cowboystiefel f\u00fcr Damen | Tony Mora Stiefel\" \/>\n<meta property=\"og:description\" content=\"Gr\u00fcne Lederstiefel mit handgefertigtem Design, handgen\u00e4ht. Eleganz und Haltbarkeit f\u00fcr einen einzigartigen und anspruchsvollen Stil.\" \/>\n<meta property=\"og:url\" content=\"https:\/\/tonymora.com\/de\/produkt\/1909-j-lini-ciclone-gruen\/\" \/>\n<meta property=\"og:site_name\" content=\"Tony Mora\u00ae Boots Official Store\" \/>\n<meta property=\"article:publisher\" content=\"https:\/\/www.facebook.com\/Tonymoraofficial\/\" \/>\n<meta property=\"article:modified_time\" content=\"2025-08-01T07:13:47+00:00\" \/>\n<meta property=\"og:image\" content=\"https:\/\/tonymora.com\/wp-content\/uploads\/2022\/09\/09-1909-J-LINI-CYCLONE-VERDE.jpg\" \/>\n\t<meta property=\"og:image:width\" content=\"866\" \/>\n\t<meta property=\"og:image:height\" content=\"1032\" \/>\n\t<meta property=\"og:image:type\" content=\"image\/jpeg\" \/>\n<meta name=\"twitter:card\" content=\"summary_large_image\" \/>\n<script type=\"application\/ld+json\" class=\"yoast-schema-graph\">{\"@context\":\"https:\/\/schema.org\",\"@graph\":[{\"@type\":\"WebPage\",\"@id\":\"https:\/\/tonymora.com\/de\/produkt\/1909-j-lini-ciclone-gruen\/\",\"url\":\"https:\/\/tonymora.com\/de\/produkt\/1909-j-lini-ciclone-gruen\/\",\"name\":\"Gr\u00fcne Cowboystiefel f\u00fcr Damen | Tony Mora Stiefel\",\"isPartOf\":{\"@id\":\"https:\/\/tonymora.com\/de\/#website\"},\"primaryImageOfPage\":{\"@id\":\"https:\/\/tonymora.com\/de\/produkt\/1909-j-lini-ciclone-gruen\/#primaryimage\"},\"image\":{\"@id\":\"https:\/\/tonymora.com\/de\/produkt\/1909-j-lini-ciclone-gruen\/#primaryimage\"},\"thumbnailUrl\":\"https:\/\/tonymora.com\/wp-content\/uploads\/2022\/09\/09-1909-J-LINI-CYCLONE-VERDE.jpg\",\"datePublished\":\"2022-09-27T08:37:37+00:00\",\"dateModified\":\"2025-08-01T07:13:47+00:00\",\"description\":\"Gr\u00fcne Lederstiefel mit handgefertigtem Design, handgen\u00e4ht. Eleganz und Haltbarkeit f\u00fcr einen einzigartigen und anspruchsvollen Stil.\",\"breadcrumb\":{\"@id\":\"https:\/\/tonymora.com\/de\/produkt\/1909-j-lini-ciclone-gruen\/#breadcrumb\"},\"inLanguage\":\"de\",\"potentialAction\":[{\"@type\":\"ReadAction\",\"target\":[\"https:\/\/tonymora.com\/de\/produkt\/1909-j-lini-ciclone-gruen\/\"]}]},{\"@type\":\"ImageObject\",\"inLanguage\":\"de\",\"@id\":\"https:\/\/tonymora.com\/de\/produkt\/1909-j-lini-ciclone-gruen\/#primaryimage\",\"url\":\"https:\/\/tonymora.com\/wp-content\/uploads\/2022\/09\/09-1909-J-LINI-CYCLONE-VERDE.jpg\",\"contentUrl\":\"https:\/\/tonymora.com\/wp-content\/uploads\/2022\/09\/09-1909-J-LINI-CYCLONE-VERDE.jpg\",\"width\":866,\"height\":1032},{\"@type\":\"BreadcrumbList\",\"@id\":\"https:\/\/tonymora.com\/de\/produkt\/1909-j-lini-ciclone-gruen\/#breadcrumb\",\"itemListElement\":[{\"@type\":\"ListItem\",\"position\":1,\"name\":\"Portada\",\"item\":\"https:\/\/tonymora.com\/de\/\"},{\"@type\":\"ListItem\",\"position\":2,\"name\":\"Shop\",\"item\":\"https:\/\/tonymora.com\/de\/shop\/\"},{\"@type\":\"ListItem\",\"position\":3,\"name\":\"Damen\",\"item\":\"https:\/\/tonymora.com\/de\/produkt-kategorie\/damen\/\"},{\"@type\":\"ListItem\",\"position\":4,\"name\":\"1909 J LINI CICLONE GRUEN\"}]},{\"@type\":\"WebSite\",\"@id\":\"https:\/\/tonymora.com\/de\/#website\",\"url\":\"https:\/\/tonymora.com\/de\/\",\"name\":\"Tony Mora\u00ae Boots Official Store\",\"description\":\"Cowboy Boots\",\"publisher\":{\"@id\":\"https:\/\/tonymora.com\/de\/#organization\"},\"potentialAction\":[{\"@type\":\"SearchAction\",\"target\":{\"@type\":\"EntryPoint\",\"urlTemplate\":\"https:\/\/tonymora.com\/de\/?s={search_term_string}\"},\"query-input\":{\"@type\":\"PropertyValueSpecification\",\"valueRequired\":true,\"valueName\":\"search_term_string\"}}],\"inLanguage\":\"de\"},{\"@type\":\"Organization\",\"@id\":\"https:\/\/tonymora.com\/de\/#organization\",\"name\":\"Tony Mora Boots\",\"url\":\"https:\/\/tonymora.com\/de\/\",\"logo\":{\"@type\":\"ImageObject\",\"inLanguage\":\"de\",\"@id\":\"https:\/\/tonymora.com\/de\/#\/schema\/logo\/image\/\",\"url\":\"https:\/\/tonymora.com\/wp-content\/uploads\/2023\/12\/LOGO.jpg\",\"contentUrl\":\"https:\/\/tonymora.com\/wp-content\/uploads\/2023\/12\/LOGO.jpg\",\"width\":2272,\"height\":1411,\"caption\":\"Tony Mora Boots\"},\"image\":{\"@id\":\"https:\/\/tonymora.com\/de\/#\/schema\/logo\/image\/\"},\"sameAs\":[\"https:\/\/www.facebook.com\/Tonymoraofficial\/\",\"https:\/\/www.instagram.com\/tonymoraofficial\/?hl=es\"]}]}<\/script>\n<!-- \/ Yoast SEO plugin. -->","yoast_head_json":{"title":"Gr\u00fcne Cowboystiefel f\u00fcr Damen | Tony Mora Stiefel","description":"Gr\u00fcne Lederstiefel mit handgefertigtem Design, handgen\u00e4ht. Eleganz und Haltbarkeit f\u00fcr einen einzigartigen und anspruchsvollen Stil.","robots":{"index":"index","follow":"follow","max-snippet":"max-snippet:-1","max-image-preview":"max-image-preview:large","max-video-preview":"max-video-preview:-1"},"canonical":"https:\/\/tonymora.com\/de\/produkt\/1909-j-lini-ciclone-gruen\/","og_locale":"de_DE","og_type":"article","og_title":"Gr\u00fcne Cowboystiefel f\u00fcr Damen | Tony Mora Stiefel","og_description":"Gr\u00fcne Lederstiefel mit handgefertigtem Design, handgen\u00e4ht. Eleganz und Haltbarkeit f\u00fcr einen einzigartigen und anspruchsvollen Stil.","og_url":"https:\/\/tonymora.com\/de\/produkt\/1909-j-lini-ciclone-gruen\/","og_site_name":"Tony Mora\u00ae Boots Official Store","article_publisher":"https:\/\/www.facebook.com\/Tonymoraofficial\/","article_modified_time":"2025-08-01T07:13:47+00:00","og_image":[{"width":866,"height":1032,"url":"https:\/\/tonymora.com\/wp-content\/uploads\/2022\/09\/09-1909-J-LINI-CYCLONE-VERDE.jpg","type":"image\/jpeg"}],"twitter_card":"summary_large_image","schema":{"@context":"https:\/\/schema.org","@graph":[{"@type":"WebPage","@id":"https:\/\/tonymora.com\/de\/produkt\/1909-j-lini-ciclone-gruen\/","url":"https:\/\/tonymora.com\/de\/produkt\/1909-j-lini-ciclone-gruen\/","name":"Gr\u00fcne Cowboystiefel f\u00fcr Damen | Tony Mora Stiefel","isPartOf":{"@id":"https:\/\/tonymora.com\/de\/#website"},"primaryImageOfPage":{"@id":"https:\/\/tonymora.com\/de\/produkt\/1909-j-lini-ciclone-gruen\/#primaryimage"},"image":{"@id":"https:\/\/tonymora.com\/de\/produkt\/1909-j-lini-ciclone-gruen\/#primaryimage"},"thumbnailUrl":"https:\/\/tonymora.com\/wp-content\/uploads\/2022\/09\/09-1909-J-LINI-CYCLONE-VERDE.jpg","datePublished":"2022-09-27T08:37:37+00:00","dateModified":"2025-08-01T07:13:47+00:00","description":"Gr\u00fcne Lederstiefel mit handgefertigtem Design, handgen\u00e4ht. Eleganz und Haltbarkeit f\u00fcr einen einzigartigen und anspruchsvollen Stil.","breadcrumb":{"@id":"https:\/\/tonymora.com\/de\/produkt\/1909-j-lini-ciclone-gruen\/#breadcrumb"},"inLanguage":"de","potentialAction":[{"@type":"ReadAction","target":["https:\/\/tonymora.com\/de\/produkt\/1909-j-lini-ciclone-gruen\/"]}]},{"@type":"ImageObject","inLanguage":"de","@id":"https:\/\/tonymora.com\/de\/produkt\/1909-j-lini-ciclone-gruen\/#primaryimage","url":"https:\/\/tonymora.com\/wp-content\/uploads\/2022\/09\/09-1909-J-LINI-CYCLONE-VERDE.jpg","contentUrl":"https:\/\/tonymora.com\/wp-content\/uploads\/2022\/09\/09-1909-J-LINI-CYCLONE-VERDE.jpg","width":866,"height":1032},{"@type":"BreadcrumbList","@id":"https:\/\/tonymora.com\/de\/produkt\/1909-j-lini-ciclone-gruen\/#breadcrumb","itemListElement":[{"@type":"ListItem","position":1,"name":"Portada","item":"https:\/\/tonymora.com\/de\/"},{"@type":"ListItem","position":2,"name":"Shop","item":"https:\/\/tonymora.com\/de\/shop\/"},{"@type":"ListItem","position":3,"name":"Damen","item":"https:\/\/tonymora.com\/de\/produkt-kategorie\/damen\/"},{"@type":"ListItem","position":4,"name":"1909 J LINI CICLONE GRUEN"}]},{"@type":"WebSite","@id":"https:\/\/tonymora.com\/de\/#website","url":"https:\/\/tonymora.com\/de\/","name":"Tony Mora\u00ae Boots Official Store","description":"Cowboy Boots","publisher":{"@id":"https:\/\/tonymora.com\/de\/#organization"},"potentialAction":[{"@type":"SearchAction","target":{"@type":"EntryPoint","urlTemplate":"https:\/\/tonymora.com\/de\/?s={search_term_string}"},"query-input":{"@type":"PropertyValueSpecification","valueRequired":true,"valueName":"search_term_string"}}],"inLanguage":"de"},{"@type":"Organization","@id":"https:\/\/tonymora.com\/de\/#organization","name":"Tony Mora Boots","url":"https:\/\/tonymora.com\/de\/","logo":{"@type":"ImageObject","inLanguage":"de","@id":"https:\/\/tonymora.com\/de\/#\/schema\/logo\/image\/","url":"https:\/\/tonymora.com\/wp-content\/uploads\/2023\/12\/LOGO.jpg","contentUrl":"https:\/\/tonymora.com\/wp-content\/uploads\/2023\/12\/LOGO.jpg","width":2272,"height":1411,"caption":"Tony Mora Boots"},"image":{"@id":"https:\/\/tonymora.com\/de\/#\/schema\/logo\/image\/"},"sameAs":["https:\/\/www.facebook.com\/Tonymoraofficial\/","https:\/\/www.instagram.com\/tonymoraofficial\/?hl=es"]}]}},"_links":{"self":[{"href":"https:\/\/tonymora.com\/de\/wp-json\/wp\/v2\/product\/697965","targetHints":{"allow":["GET"]}}],"collection":[{"href":"https:\/\/tonymora.com\/de\/wp-json\/wp\/v2\/product"}],"about":[{"href":"https:\/\/tonymora.com\/de\/wp-json\/wp\/v2\/types\/product"}],"wp:featuredmedia":[{"embeddable":true,"href":"https:\/\/tonymora.com\/de\/wp-json\/wp\/v2\/media\/697955"}],"wp:attachment":[{"href":"https:\/\/tonymora.com\/de\/wp-json\/wp\/v2\/media?parent=697965"}],"wp:term":[{"taxonomy":"product_brand","embeddable":true,"href":"https:\/\/tonymora.com\/de\/wp-json\/wp\/v2\/product_brand?post=697965"},{"taxonomy":"product_cat","embeddable":true,"href":"https:\/\/tonymora.com\/de\/wp-json\/wp\/v2\/product_cat?post=697965"},{"taxonomy":"product_tag","embeddable":true,"href":"https:\/\/tonymora.com\/de\/wp-json\/wp\/v2\/product_tag?post=697965"}],"curies":[{"name":"wp","href":"https:\/\/api.w.org\/{rel}","templated":true}]}}