{"id":698455,"date":"2022-10-11T10:10:02","date_gmt":"2022-10-11T08:10:02","guid":{"rendered":"https:\/\/tonymora.com\/producto\/shopper-bag-piton-burdeos\/"},"modified":"2023-11-09T10:22:37","modified_gmt":"2023-11-09T09:22:37","slug":"shopper-bag-piton-bordeaux","status":"publish","type":"product","link":"https:\/\/tonymora.com\/de\/produkt\/shopper-bag-piton-bordeaux\/","title":{"rendered":"SHOPPER BAG PITON BURDEOS"},"content":{"rendered":"<p>Sp\u00fcren Sie die St\u00e4rke und Eleganz dieser Tasche aus gl\u00e4nzendem Bordeaux Anaconda-Leder. Das Leder f\u00fchlt sich weich an und hat eine beneidenswerte Haltbarkeit. Dieses sch\u00f6ne Design hat einen Vorderriemen aus Kalbsleder und einen mittelgro\u00dfen Griff aus 100% Kalbsleder mit einer \u00e4u\u00dferen Kreuznaht<\/p>\n","protected":false},"excerpt":{"rendered":"<p>Charakter und Eleganz in perfekter Balance. Selbstbewusstes Auftreten und m\u00fcheloser Stil.<br \/>\nAuthentisch und elegant gekleidet sein.<\/p>\n","protected":false},"featured_media":698450,"template":"","meta":{"_mbp_gutenberg_autopost":false},"product_brand":[],"product_cat":[1174,541],"product_tag":[],"class_list":{"0":"post-698455","1":"product","2":"type-product","3":"status-publish","4":"has-post-thumbnail","6":"product_cat-black-friday-de","7":"product_cat-handtaschen","9":"first","10":"outofstock","11":"taxable","12":"shipping-taxable","13":"purchasable","14":"product-type-simple"},"supplier_id":null,"supplier_sku":"","barcode":null,"atum_controlled":true,"out_stock_date":"2025-04-29 05:31:54","out_stock_threshold":null,"inheritable":false,"inbound_stock":0,"stock_on_hold":0,"sold_today":0,"sales_last_days":0,"reserved_stock":0,"customer_returns":0,"warehouse_damage":0,"lost_in_post":0,"other_logs":0,"out_stock_days":10,"lost_sales":0,"has_location":false,"update_date":"2025-04-29T03:31:54","atum_locations":[],"atum_stock_status":"outofstock","restock_status":false,"low_stock_amount":"","sales_update_date":"2024-04-24T22:34:28","calc_backorders":null,"yoast_head":"<!-- This site is optimized with the Yoast SEO plugin v27.2 - https:\/\/yoast.com\/product\/yoast-seo-wordpress\/ -->\n<title>SHOPPER BAG PITON BURDEOS - Tony Mora\u00ae Boots Official Store<\/title>\n<meta name=\"description\" content=\"Sp\u00fcren Sie die St\u00e4rke und Eleganz dieser Tasche aus gl\u00e4nzendem Bordeaux Anaconda-Leder. Das Leder f\u00fchlt sich weich\" \/>\n<meta name=\"robots\" content=\"index, follow, max-snippet:-1, max-image-preview:large, max-video-preview:-1\" \/>\n<link rel=\"canonical\" href=\"https:\/\/tonymora.com\/de\/produkt\/shopper-bag-piton-bordeaux\/\" \/>\n<meta property=\"og:locale\" content=\"de_DE\" \/>\n<meta property=\"og:type\" content=\"article\" \/>\n<meta property=\"og:title\" content=\"SHOPPER BAG PITON BURDEOS - Tony Mora\u00ae Boots Official Store\" \/>\n<meta property=\"og:description\" content=\"Sp\u00fcren Sie die St\u00e4rke und Eleganz dieser Tasche aus gl\u00e4nzendem Bordeaux Anaconda-Leder. Das Leder f\u00fchlt sich weich\" \/>\n<meta property=\"og:url\" content=\"https:\/\/tonymora.com\/de\/produkt\/shopper-bag-piton-bordeaux\/\" \/>\n<meta property=\"og:site_name\" content=\"Tony Mora\u00ae Boots Official Store\" \/>\n<meta property=\"article:publisher\" content=\"https:\/\/www.facebook.com\/Tonymoraofficial\/\" \/>\n<meta property=\"article:modified_time\" content=\"2023-11-09T09:22:37+00:00\" \/>\n<meta property=\"og:image\" content=\"https:\/\/tonymora.com\/wp-content\/uploads\/2022\/10\/01-SHOPPER-BAG-PITO\u0301N-BURDEOS.jpg\" \/>\n\t<meta property=\"og:image:width\" content=\"866\" \/>\n\t<meta property=\"og:image:height\" content=\"1032\" \/>\n\t<meta property=\"og:image:type\" content=\"image\/jpeg\" \/>\n<meta name=\"twitter:card\" content=\"summary_large_image\" \/>\n<script type=\"application\/ld+json\" class=\"yoast-schema-graph\">{\"@context\":\"https:\/\/schema.org\",\"@graph\":[{\"@type\":\"WebPage\",\"@id\":\"https:\/\/tonymora.com\/de\/produkt\/shopper-bag-piton-bordeaux\/\",\"url\":\"https:\/\/tonymora.com\/de\/produkt\/shopper-bag-piton-bordeaux\/\",\"name\":\"SHOPPER BAG PITON BURDEOS - Tony Mora\u00ae Boots Official Store\",\"isPartOf\":{\"@id\":\"https:\/\/tonymora.com\/de\/#website\"},\"primaryImageOfPage\":{\"@id\":\"https:\/\/tonymora.com\/de\/produkt\/shopper-bag-piton-bordeaux\/#primaryimage\"},\"image\":{\"@id\":\"https:\/\/tonymora.com\/de\/produkt\/shopper-bag-piton-bordeaux\/#primaryimage\"},\"thumbnailUrl\":\"https:\/\/tonymora.com\/wp-content\/uploads\/2022\/10\/01-SHOPPER-BAG-PITO\u0301N-BURDEOS.jpg\",\"datePublished\":\"2022-10-11T08:10:02+00:00\",\"dateModified\":\"2023-11-09T09:22:37+00:00\",\"description\":\"Sp\u00fcren Sie die St\u00e4rke und Eleganz dieser Tasche aus gl\u00e4nzendem Bordeaux Anaconda-Leder. Das Leder f\u00fchlt sich weich\",\"breadcrumb\":{\"@id\":\"https:\/\/tonymora.com\/de\/produkt\/shopper-bag-piton-bordeaux\/#breadcrumb\"},\"inLanguage\":\"de\",\"potentialAction\":[{\"@type\":\"ReadAction\",\"target\":[\"https:\/\/tonymora.com\/de\/produkt\/shopper-bag-piton-bordeaux\/\"]}]},{\"@type\":\"ImageObject\",\"inLanguage\":\"de\",\"@id\":\"https:\/\/tonymora.com\/de\/produkt\/shopper-bag-piton-bordeaux\/#primaryimage\",\"url\":\"https:\/\/tonymora.com\/wp-content\/uploads\/2022\/10\/01-SHOPPER-BAG-PITO\u0301N-BURDEOS.jpg\",\"contentUrl\":\"https:\/\/tonymora.com\/wp-content\/uploads\/2022\/10\/01-SHOPPER-BAG-PITO\u0301N-BURDEOS.jpg\",\"width\":866,\"height\":1032},{\"@type\":\"BreadcrumbList\",\"@id\":\"https:\/\/tonymora.com\/de\/produkt\/shopper-bag-piton-bordeaux\/#breadcrumb\",\"itemListElement\":[{\"@type\":\"ListItem\",\"position\":1,\"name\":\"Portada\",\"item\":\"https:\/\/tonymora.com\/de\/\"},{\"@type\":\"ListItem\",\"position\":2,\"name\":\"Shop\",\"item\":\"https:\/\/tonymora.com\/de\/shop\/\"},{\"@type\":\"ListItem\",\"position\":3,\"name\":\"Damen\",\"item\":\"https:\/\/tonymora.com\/de\/produkt-kategorie\/damen\/\"},{\"@type\":\"ListItem\",\"position\":4,\"name\":\"Handtaschen\",\"item\":\"https:\/\/tonymora.com\/de\/produkt-kategorie\/damen\/handtaschen\/\"},{\"@type\":\"ListItem\",\"position\":5,\"name\":\"SHOPPER BAG PITON BURDEOS\"}]},{\"@type\":\"WebSite\",\"@id\":\"https:\/\/tonymora.com\/de\/#website\",\"url\":\"https:\/\/tonymora.com\/de\/\",\"name\":\"Tony Mora\u00ae Boots Official Store\",\"description\":\"Cowboy Boots\",\"publisher\":{\"@id\":\"https:\/\/tonymora.com\/de\/#organization\"},\"potentialAction\":[{\"@type\":\"SearchAction\",\"target\":{\"@type\":\"EntryPoint\",\"urlTemplate\":\"https:\/\/tonymora.com\/de\/?s={search_term_string}\"},\"query-input\":{\"@type\":\"PropertyValueSpecification\",\"valueRequired\":true,\"valueName\":\"search_term_string\"}}],\"inLanguage\":\"de\"},{\"@type\":\"Organization\",\"@id\":\"https:\/\/tonymora.com\/de\/#organization\",\"name\":\"Tony Mora Boots\",\"url\":\"https:\/\/tonymora.com\/de\/\",\"logo\":{\"@type\":\"ImageObject\",\"inLanguage\":\"de\",\"@id\":\"https:\/\/tonymora.com\/de\/#\/schema\/logo\/image\/\",\"url\":\"https:\/\/tonymora.com\/wp-content\/uploads\/2023\/12\/LOGO.jpg\",\"contentUrl\":\"https:\/\/tonymora.com\/wp-content\/uploads\/2023\/12\/LOGO.jpg\",\"width\":2272,\"height\":1411,\"caption\":\"Tony Mora Boots\"},\"image\":{\"@id\":\"https:\/\/tonymora.com\/de\/#\/schema\/logo\/image\/\"},\"sameAs\":[\"https:\/\/www.facebook.com\/Tonymoraofficial\/\",\"https:\/\/www.instagram.com\/tonymoraofficial\/?hl=es\"]}]}<\/script>\n<!-- \/ Yoast SEO plugin. -->","yoast_head_json":{"title":"SHOPPER BAG PITON BURDEOS - Tony Mora\u00ae Boots Official Store","description":"Sp\u00fcren Sie die St\u00e4rke und Eleganz dieser Tasche aus gl\u00e4nzendem Bordeaux Anaconda-Leder. Das Leder f\u00fchlt sich weich","robots":{"index":"index","follow":"follow","max-snippet":"max-snippet:-1","max-image-preview":"max-image-preview:large","max-video-preview":"max-video-preview:-1"},"canonical":"https:\/\/tonymora.com\/de\/produkt\/shopper-bag-piton-bordeaux\/","og_locale":"de_DE","og_type":"article","og_title":"SHOPPER BAG PITON BURDEOS - Tony Mora\u00ae Boots Official Store","og_description":"Sp\u00fcren Sie die St\u00e4rke und Eleganz dieser Tasche aus gl\u00e4nzendem Bordeaux Anaconda-Leder. Das Leder f\u00fchlt sich weich","og_url":"https:\/\/tonymora.com\/de\/produkt\/shopper-bag-piton-bordeaux\/","og_site_name":"Tony Mora\u00ae Boots Official Store","article_publisher":"https:\/\/www.facebook.com\/Tonymoraofficial\/","article_modified_time":"2023-11-09T09:22:37+00:00","og_image":[{"width":866,"height":1032,"url":"https:\/\/tonymora.com\/wp-content\/uploads\/2022\/10\/01-SHOPPER-BAG-PITO\u0301N-BURDEOS.jpg","type":"image\/jpeg"}],"twitter_card":"summary_large_image","schema":{"@context":"https:\/\/schema.org","@graph":[{"@type":"WebPage","@id":"https:\/\/tonymora.com\/de\/produkt\/shopper-bag-piton-bordeaux\/","url":"https:\/\/tonymora.com\/de\/produkt\/shopper-bag-piton-bordeaux\/","name":"SHOPPER BAG PITON BURDEOS - Tony Mora\u00ae Boots Official Store","isPartOf":{"@id":"https:\/\/tonymora.com\/de\/#website"},"primaryImageOfPage":{"@id":"https:\/\/tonymora.com\/de\/produkt\/shopper-bag-piton-bordeaux\/#primaryimage"},"image":{"@id":"https:\/\/tonymora.com\/de\/produkt\/shopper-bag-piton-bordeaux\/#primaryimage"},"thumbnailUrl":"https:\/\/tonymora.com\/wp-content\/uploads\/2022\/10\/01-SHOPPER-BAG-PITO\u0301N-BURDEOS.jpg","datePublished":"2022-10-11T08:10:02+00:00","dateModified":"2023-11-09T09:22:37+00:00","description":"Sp\u00fcren Sie die St\u00e4rke und Eleganz dieser Tasche aus gl\u00e4nzendem Bordeaux Anaconda-Leder. Das Leder f\u00fchlt sich weich","breadcrumb":{"@id":"https:\/\/tonymora.com\/de\/produkt\/shopper-bag-piton-bordeaux\/#breadcrumb"},"inLanguage":"de","potentialAction":[{"@type":"ReadAction","target":["https:\/\/tonymora.com\/de\/produkt\/shopper-bag-piton-bordeaux\/"]}]},{"@type":"ImageObject","inLanguage":"de","@id":"https:\/\/tonymora.com\/de\/produkt\/shopper-bag-piton-bordeaux\/#primaryimage","url":"https:\/\/tonymora.com\/wp-content\/uploads\/2022\/10\/01-SHOPPER-BAG-PITO\u0301N-BURDEOS.jpg","contentUrl":"https:\/\/tonymora.com\/wp-content\/uploads\/2022\/10\/01-SHOPPER-BAG-PITO\u0301N-BURDEOS.jpg","width":866,"height":1032},{"@type":"BreadcrumbList","@id":"https:\/\/tonymora.com\/de\/produkt\/shopper-bag-piton-bordeaux\/#breadcrumb","itemListElement":[{"@type":"ListItem","position":1,"name":"Portada","item":"https:\/\/tonymora.com\/de\/"},{"@type":"ListItem","position":2,"name":"Shop","item":"https:\/\/tonymora.com\/de\/shop\/"},{"@type":"ListItem","position":3,"name":"Damen","item":"https:\/\/tonymora.com\/de\/produkt-kategorie\/damen\/"},{"@type":"ListItem","position":4,"name":"Handtaschen","item":"https:\/\/tonymora.com\/de\/produkt-kategorie\/damen\/handtaschen\/"},{"@type":"ListItem","position":5,"name":"SHOPPER BAG PITON BURDEOS"}]},{"@type":"WebSite","@id":"https:\/\/tonymora.com\/de\/#website","url":"https:\/\/tonymora.com\/de\/","name":"Tony Mora\u00ae Boots Official Store","description":"Cowboy Boots","publisher":{"@id":"https:\/\/tonymora.com\/de\/#organization"},"potentialAction":[{"@type":"SearchAction","target":{"@type":"EntryPoint","urlTemplate":"https:\/\/tonymora.com\/de\/?s={search_term_string}"},"query-input":{"@type":"PropertyValueSpecification","valueRequired":true,"valueName":"search_term_string"}}],"inLanguage":"de"},{"@type":"Organization","@id":"https:\/\/tonymora.com\/de\/#organization","name":"Tony Mora Boots","url":"https:\/\/tonymora.com\/de\/","logo":{"@type":"ImageObject","inLanguage":"de","@id":"https:\/\/tonymora.com\/de\/#\/schema\/logo\/image\/","url":"https:\/\/tonymora.com\/wp-content\/uploads\/2023\/12\/LOGO.jpg","contentUrl":"https:\/\/tonymora.com\/wp-content\/uploads\/2023\/12\/LOGO.jpg","width":2272,"height":1411,"caption":"Tony Mora Boots"},"image":{"@id":"https:\/\/tonymora.com\/de\/#\/schema\/logo\/image\/"},"sameAs":["https:\/\/www.facebook.com\/Tonymoraofficial\/","https:\/\/www.instagram.com\/tonymoraofficial\/?hl=es"]}]}},"_links":{"self":[{"href":"https:\/\/tonymora.com\/de\/wp-json\/wp\/v2\/product\/698455","targetHints":{"allow":["GET"]}}],"collection":[{"href":"https:\/\/tonymora.com\/de\/wp-json\/wp\/v2\/product"}],"about":[{"href":"https:\/\/tonymora.com\/de\/wp-json\/wp\/v2\/types\/product"}],"wp:featuredmedia":[{"embeddable":true,"href":"https:\/\/tonymora.com\/de\/wp-json\/wp\/v2\/media\/698450"}],"wp:attachment":[{"href":"https:\/\/tonymora.com\/de\/wp-json\/wp\/v2\/media?parent=698455"}],"wp:term":[{"taxonomy":"product_brand","embeddable":true,"href":"https:\/\/tonymora.com\/de\/wp-json\/wp\/v2\/product_brand?post=698455"},{"taxonomy":"product_cat","embeddable":true,"href":"https:\/\/tonymora.com\/de\/wp-json\/wp\/v2\/product_cat?post=698455"},{"taxonomy":"product_tag","embeddable":true,"href":"https:\/\/tonymora.com\/de\/wp-json\/wp\/v2\/product_tag?post=698455"}],"curies":[{"name":"wp","href":"https:\/\/api.w.org\/{rel}","templated":true}]}}