{"id":698998,"date":"2022-10-28T12:02:55","date_gmt":"2022-10-28T10:02:55","guid":{"rendered":"https:\/\/tonymora.com\/producto\/1763-j-lini-piton-gris-washed-negro\/"},"modified":"2023-07-26T16:03:58","modified_gmt":"2023-07-26T14:03:58","slug":"1763-j-lini-piton-grau-washed-schwarz","status":"publish","type":"product","link":"https:\/\/tonymora.com\/de\/produkt\/1763-j-lini-piton-grau-washed-schwarz\/","title":{"rendered":"1763 J LINI PITON GRAU \/ WASHED SCHWARZ"},"content":{"rendered":"<p>Wir haben ein Modell \u00fcberarbeitet, das wir schon seit langem kennen. Wir haben der Indigo-Stickerei auf den Sch\u00e4ften besondere Aufmerksamkeit gewidmet. Jedes Element wurde sorgf\u00e4ltig ausgearbeitet, mit F\u00e4den in Farben, die sich von dem schwarzen Leder abheben. Auf der R\u00fcckseite finden Sie weitere Details, St\u00fcck f\u00fcr St\u00fcck einzeln von Hand zugeschnitten. Die Schuhspitze besticht durch graues Pythonleder mit leichtem Glanz, was sie zu einem Modell mit einem einzigartigen und eleganten Charakter macht.<\/p>\n","protected":false},"excerpt":{"rendered":"<p>Ein Kleidungsst\u00fcck, das mit unaufdringlicher Selbstsicherheit besticht.<br \/>\nEine M\u00f6glichkeit, Authentizit\u00e4t elegant zu tragen.<\/p>\n","protected":false},"featured_media":698988,"template":"","meta":{"_mbp_gutenberg_autopost":false},"product_brand":[757,761,763,765,767],"product_cat":[167,224,1139,1135],"product_tag":[],"class_list":{"0":"post-698998","1":"product","2":"type-product","3":"status-publish","4":"has-post-thumbnail","6":"product_brand-talla-mujer-36","7":"product_brand-talla-mujer-38","8":"product_brand-talla-mujer-39","9":"product_brand-talla-mujer-40","10":"product_brand-talla-mujer-41","11":"product_cat-damen","12":"product_cat-luxusstiefel-damen","13":"product_cat-python-stiefel-damen","14":"product_cat-rabatte-damenstiefel","16":"first","17":"instock","18":"taxable","19":"shipping-taxable","20":"purchasable","21":"product-type-variable"},"supplier_id":null,"supplier_sku":"","barcode":null,"atum_controlled":true,"out_stock_date":null,"out_stock_threshold":null,"inheritable":true,"inbound_stock":0,"stock_on_hold":1,"sold_today":1,"sales_last_days":1,"reserved_stock":0,"customer_returns":0,"warehouse_damage":0,"lost_in_post":0,"other_logs":0,"out_stock_days":0,"lost_sales":0,"has_location":false,"update_date":"2025-08-08T06:57:35","atum_locations":[],"atum_stock_status":"instock","restock_status":false,"low_stock_amount":"","sales_update_date":"2024-06-24T09:29:13","calc_backorders":null,"yoast_head":"<!-- This site is optimized with the Yoast SEO plugin v27.2 - https:\/\/yoast.com\/product\/yoast-seo-wordpress\/ -->\n<title>1763 J LINI PITON GRAU \/ WASHED SCHWARZ - Tony Mora\u00ae Boots Official Store<\/title>\n<meta name=\"description\" content=\"Wir haben ein Modell \u00fcberarbeitet, das wir schon seit langem kennen. Wir haben der Indigo-Stickerei auf den Sch\u00e4ften besondere Aufmerksamkeit.\" \/>\n<meta name=\"robots\" content=\"index, follow, max-snippet:-1, max-image-preview:large, max-video-preview:-1\" \/>\n<link rel=\"canonical\" href=\"https:\/\/tonymora.com\/de\/produkt\/1763-j-lini-piton-grau-washed-schwarz\/\" \/>\n<meta property=\"og:locale\" content=\"de_DE\" \/>\n<meta property=\"og:type\" content=\"article\" \/>\n<meta property=\"og:title\" content=\"1763 J LINI PITON GRAU \/ WASHED SCHWARZ - Tony Mora\u00ae Boots Official Store\" \/>\n<meta property=\"og:description\" content=\"Wir haben ein Modell \u00fcberarbeitet, das wir schon seit langem kennen. Wir haben der Indigo-Stickerei auf den Sch\u00e4ften besondere Aufmerksamkeit.\" \/>\n<meta property=\"og:url\" content=\"https:\/\/tonymora.com\/de\/produkt\/1763-j-lini-piton-grau-washed-schwarz\/\" \/>\n<meta property=\"og:site_name\" content=\"Tony Mora\u00ae Boots Official Store\" \/>\n<meta property=\"article:publisher\" content=\"https:\/\/www.facebook.com\/Tonymoraofficial\/\" \/>\n<meta property=\"article:modified_time\" content=\"2023-07-26T14:03:58+00:00\" \/>\n<meta property=\"og:image\" content=\"https:\/\/tonymora.com\/wp-content\/uploads\/2022\/10\/000.jpg\" \/>\n\t<meta property=\"og:image:width\" content=\"866\" \/>\n\t<meta property=\"og:image:height\" content=\"1032\" \/>\n\t<meta property=\"og:image:type\" content=\"image\/jpeg\" \/>\n<meta name=\"twitter:card\" content=\"summary_large_image\" \/>\n<script type=\"application\/ld+json\" class=\"yoast-schema-graph\">{\"@context\":\"https:\/\/schema.org\",\"@graph\":[{\"@type\":\"WebPage\",\"@id\":\"https:\/\/tonymora.com\/de\/produkt\/1763-j-lini-piton-grau-washed-schwarz\/\",\"url\":\"https:\/\/tonymora.com\/de\/produkt\/1763-j-lini-piton-grau-washed-schwarz\/\",\"name\":\"1763 J LINI PITON GRAU \/ WASHED SCHWARZ - Tony Mora\u00ae Boots Official Store\",\"isPartOf\":{\"@id\":\"https:\/\/tonymora.com\/de\/#website\"},\"primaryImageOfPage\":{\"@id\":\"https:\/\/tonymora.com\/de\/produkt\/1763-j-lini-piton-grau-washed-schwarz\/#primaryimage\"},\"image\":{\"@id\":\"https:\/\/tonymora.com\/de\/produkt\/1763-j-lini-piton-grau-washed-schwarz\/#primaryimage\"},\"thumbnailUrl\":\"https:\/\/tonymora.com\/wp-content\/uploads\/2022\/10\/000.jpg\",\"datePublished\":\"2022-10-28T10:02:55+00:00\",\"dateModified\":\"2023-07-26T14:03:58+00:00\",\"description\":\"Wir haben ein Modell \u00fcberarbeitet, das wir schon seit langem kennen. Wir haben der Indigo-Stickerei auf den Sch\u00e4ften besondere Aufmerksamkeit.\",\"breadcrumb\":{\"@id\":\"https:\/\/tonymora.com\/de\/produkt\/1763-j-lini-piton-grau-washed-schwarz\/#breadcrumb\"},\"inLanguage\":\"de\",\"potentialAction\":[{\"@type\":\"ReadAction\",\"target\":[\"https:\/\/tonymora.com\/de\/produkt\/1763-j-lini-piton-grau-washed-schwarz\/\"]}]},{\"@type\":\"ImageObject\",\"inLanguage\":\"de\",\"@id\":\"https:\/\/tonymora.com\/de\/produkt\/1763-j-lini-piton-grau-washed-schwarz\/#primaryimage\",\"url\":\"https:\/\/tonymora.com\/wp-content\/uploads\/2022\/10\/000.jpg\",\"contentUrl\":\"https:\/\/tonymora.com\/wp-content\/uploads\/2022\/10\/000.jpg\",\"width\":866,\"height\":1032},{\"@type\":\"BreadcrumbList\",\"@id\":\"https:\/\/tonymora.com\/de\/produkt\/1763-j-lini-piton-grau-washed-schwarz\/#breadcrumb\",\"itemListElement\":[{\"@type\":\"ListItem\",\"position\":1,\"name\":\"Portada\",\"item\":\"https:\/\/tonymora.com\/de\/\"},{\"@type\":\"ListItem\",\"position\":2,\"name\":\"Shop\",\"item\":\"https:\/\/tonymora.com\/de\/shop\/\"},{\"@type\":\"ListItem\",\"position\":3,\"name\":\"Damen\",\"item\":\"https:\/\/tonymora.com\/de\/produkt-kategorie\/damen\/\"},{\"@type\":\"ListItem\",\"position\":4,\"name\":\"1763 J LINI PITON GRAU \/ WASHED SCHWARZ\"}]},{\"@type\":\"WebSite\",\"@id\":\"https:\/\/tonymora.com\/de\/#website\",\"url\":\"https:\/\/tonymora.com\/de\/\",\"name\":\"Tony Mora\u00ae Boots Official Store\",\"description\":\"Cowboy Boots\",\"publisher\":{\"@id\":\"https:\/\/tonymora.com\/de\/#organization\"},\"potentialAction\":[{\"@type\":\"SearchAction\",\"target\":{\"@type\":\"EntryPoint\",\"urlTemplate\":\"https:\/\/tonymora.com\/de\/?s={search_term_string}\"},\"query-input\":{\"@type\":\"PropertyValueSpecification\",\"valueRequired\":true,\"valueName\":\"search_term_string\"}}],\"inLanguage\":\"de\"},{\"@type\":\"Organization\",\"@id\":\"https:\/\/tonymora.com\/de\/#organization\",\"name\":\"Tony Mora Boots\",\"url\":\"https:\/\/tonymora.com\/de\/\",\"logo\":{\"@type\":\"ImageObject\",\"inLanguage\":\"de\",\"@id\":\"https:\/\/tonymora.com\/de\/#\/schema\/logo\/image\/\",\"url\":\"https:\/\/tonymora.com\/wp-content\/uploads\/2023\/12\/LOGO.jpg\",\"contentUrl\":\"https:\/\/tonymora.com\/wp-content\/uploads\/2023\/12\/LOGO.jpg\",\"width\":2272,\"height\":1411,\"caption\":\"Tony Mora Boots\"},\"image\":{\"@id\":\"https:\/\/tonymora.com\/de\/#\/schema\/logo\/image\/\"},\"sameAs\":[\"https:\/\/www.facebook.com\/Tonymoraofficial\/\",\"https:\/\/www.instagram.com\/tonymoraofficial\/?hl=es\"]}]}<\/script>\n<!-- \/ Yoast SEO plugin. -->","yoast_head_json":{"title":"1763 J LINI PITON GRAU \/ WASHED SCHWARZ - Tony Mora\u00ae Boots Official Store","description":"Wir haben ein Modell \u00fcberarbeitet, das wir schon seit langem kennen. Wir haben der Indigo-Stickerei auf den Sch\u00e4ften besondere Aufmerksamkeit.","robots":{"index":"index","follow":"follow","max-snippet":"max-snippet:-1","max-image-preview":"max-image-preview:large","max-video-preview":"max-video-preview:-1"},"canonical":"https:\/\/tonymora.com\/de\/produkt\/1763-j-lini-piton-grau-washed-schwarz\/","og_locale":"de_DE","og_type":"article","og_title":"1763 J LINI PITON GRAU \/ WASHED SCHWARZ - Tony Mora\u00ae Boots Official Store","og_description":"Wir haben ein Modell \u00fcberarbeitet, das wir schon seit langem kennen. Wir haben der Indigo-Stickerei auf den Sch\u00e4ften besondere Aufmerksamkeit.","og_url":"https:\/\/tonymora.com\/de\/produkt\/1763-j-lini-piton-grau-washed-schwarz\/","og_site_name":"Tony Mora\u00ae Boots Official Store","article_publisher":"https:\/\/www.facebook.com\/Tonymoraofficial\/","article_modified_time":"2023-07-26T14:03:58+00:00","og_image":[{"width":866,"height":1032,"url":"https:\/\/tonymora.com\/wp-content\/uploads\/2022\/10\/000.jpg","type":"image\/jpeg"}],"twitter_card":"summary_large_image","schema":{"@context":"https:\/\/schema.org","@graph":[{"@type":"WebPage","@id":"https:\/\/tonymora.com\/de\/produkt\/1763-j-lini-piton-grau-washed-schwarz\/","url":"https:\/\/tonymora.com\/de\/produkt\/1763-j-lini-piton-grau-washed-schwarz\/","name":"1763 J LINI PITON GRAU \/ WASHED SCHWARZ - Tony Mora\u00ae Boots Official Store","isPartOf":{"@id":"https:\/\/tonymora.com\/de\/#website"},"primaryImageOfPage":{"@id":"https:\/\/tonymora.com\/de\/produkt\/1763-j-lini-piton-grau-washed-schwarz\/#primaryimage"},"image":{"@id":"https:\/\/tonymora.com\/de\/produkt\/1763-j-lini-piton-grau-washed-schwarz\/#primaryimage"},"thumbnailUrl":"https:\/\/tonymora.com\/wp-content\/uploads\/2022\/10\/000.jpg","datePublished":"2022-10-28T10:02:55+00:00","dateModified":"2023-07-26T14:03:58+00:00","description":"Wir haben ein Modell \u00fcberarbeitet, das wir schon seit langem kennen. Wir haben der Indigo-Stickerei auf den Sch\u00e4ften besondere Aufmerksamkeit.","breadcrumb":{"@id":"https:\/\/tonymora.com\/de\/produkt\/1763-j-lini-piton-grau-washed-schwarz\/#breadcrumb"},"inLanguage":"de","potentialAction":[{"@type":"ReadAction","target":["https:\/\/tonymora.com\/de\/produkt\/1763-j-lini-piton-grau-washed-schwarz\/"]}]},{"@type":"ImageObject","inLanguage":"de","@id":"https:\/\/tonymora.com\/de\/produkt\/1763-j-lini-piton-grau-washed-schwarz\/#primaryimage","url":"https:\/\/tonymora.com\/wp-content\/uploads\/2022\/10\/000.jpg","contentUrl":"https:\/\/tonymora.com\/wp-content\/uploads\/2022\/10\/000.jpg","width":866,"height":1032},{"@type":"BreadcrumbList","@id":"https:\/\/tonymora.com\/de\/produkt\/1763-j-lini-piton-grau-washed-schwarz\/#breadcrumb","itemListElement":[{"@type":"ListItem","position":1,"name":"Portada","item":"https:\/\/tonymora.com\/de\/"},{"@type":"ListItem","position":2,"name":"Shop","item":"https:\/\/tonymora.com\/de\/shop\/"},{"@type":"ListItem","position":3,"name":"Damen","item":"https:\/\/tonymora.com\/de\/produkt-kategorie\/damen\/"},{"@type":"ListItem","position":4,"name":"1763 J LINI PITON GRAU \/ WASHED SCHWARZ"}]},{"@type":"WebSite","@id":"https:\/\/tonymora.com\/de\/#website","url":"https:\/\/tonymora.com\/de\/","name":"Tony Mora\u00ae Boots Official Store","description":"Cowboy Boots","publisher":{"@id":"https:\/\/tonymora.com\/de\/#organization"},"potentialAction":[{"@type":"SearchAction","target":{"@type":"EntryPoint","urlTemplate":"https:\/\/tonymora.com\/de\/?s={search_term_string}"},"query-input":{"@type":"PropertyValueSpecification","valueRequired":true,"valueName":"search_term_string"}}],"inLanguage":"de"},{"@type":"Organization","@id":"https:\/\/tonymora.com\/de\/#organization","name":"Tony Mora Boots","url":"https:\/\/tonymora.com\/de\/","logo":{"@type":"ImageObject","inLanguage":"de","@id":"https:\/\/tonymora.com\/de\/#\/schema\/logo\/image\/","url":"https:\/\/tonymora.com\/wp-content\/uploads\/2023\/12\/LOGO.jpg","contentUrl":"https:\/\/tonymora.com\/wp-content\/uploads\/2023\/12\/LOGO.jpg","width":2272,"height":1411,"caption":"Tony Mora Boots"},"image":{"@id":"https:\/\/tonymora.com\/de\/#\/schema\/logo\/image\/"},"sameAs":["https:\/\/www.facebook.com\/Tonymoraofficial\/","https:\/\/www.instagram.com\/tonymoraofficial\/?hl=es"]}]}},"_links":{"self":[{"href":"https:\/\/tonymora.com\/de\/wp-json\/wp\/v2\/product\/698998","targetHints":{"allow":["GET"]}}],"collection":[{"href":"https:\/\/tonymora.com\/de\/wp-json\/wp\/v2\/product"}],"about":[{"href":"https:\/\/tonymora.com\/de\/wp-json\/wp\/v2\/types\/product"}],"wp:featuredmedia":[{"embeddable":true,"href":"https:\/\/tonymora.com\/de\/wp-json\/wp\/v2\/media\/698988"}],"wp:attachment":[{"href":"https:\/\/tonymora.com\/de\/wp-json\/wp\/v2\/media?parent=698998"}],"wp:term":[{"taxonomy":"product_brand","embeddable":true,"href":"https:\/\/tonymora.com\/de\/wp-json\/wp\/v2\/product_brand?post=698998"},{"taxonomy":"product_cat","embeddable":true,"href":"https:\/\/tonymora.com\/de\/wp-json\/wp\/v2\/product_cat?post=698998"},{"taxonomy":"product_tag","embeddable":true,"href":"https:\/\/tonymora.com\/de\/wp-json\/wp\/v2\/product_tag?post=698998"}],"curies":[{"name":"wp","href":"https:\/\/api.w.org\/{rel}","templated":true}]}}