{"id":699109,"date":"2022-10-28T13:23:20","date_gmt":"2022-10-28T11:23:20","guid":{"rendered":"https:\/\/tonymora.com\/producto\/3389-daslu-lini-palermo-cuero-especial\/"},"modified":"2026-03-26T06:33:11","modified_gmt":"2026-03-26T05:33:11","slug":"3389-daslu-lini-palermo-braun","status":"publish","type":"product","link":"https:\/\/tonymora.com\/de\/produkt\/3389-daslu-lini-palermo-braun\/","title":{"rendered":"3389 DASLU LINI PALERMO BRAUN"},"content":{"rendered":"<p>Ihr klassischer spitzer Leisten macht sie zu einem idealen Modell, das Sie \u00fcberall tragen k\u00f6nnen: zum Essen, zum Ausgehen, zum Tanzen&#8230; nehmen Sie sie mit, wohin Sie wollen. Elegant oder leger, kombinieren Sie sie, wie Sie wollen. Handgefertigt mit dem rahmengen\u00e4hten Goodyear-System, passt sich das Leder Ihren F\u00fc\u00dfen an, so dass Sie sie den ganzen Tag \u00fcber tragen k\u00f6nnen. Die Sch\u00e4fte sind mit einem klassischen und dezenten Design bestickt, in perfekten Farben, um sie mit allem zu kombinieren.<\/p>\n","protected":false},"excerpt":{"rendered":"<p>Unaufdringliche Eleganz f\u00fcr Kenner. Eine subtile Pr\u00e4senz, die Ihren Stil unterstreicht.<br \/>\nIdeal, um Sie vom Tag bis in die Nacht mit derselben Souver\u00e4nit\u00e4t zu begleiten.<\/p>\n","protected":false},"featured_media":723314,"template":"","meta":{"_mbp_gutenberg_autopost":false},"product_brand":[757,759,761,763,765,767],"product_cat":[1174,169,170,167,1141,1135],"product_tag":[],"class_list":{"0":"post-699109","1":"product","2":"type-product","3":"status-publish","4":"has-post-thumbnail","6":"product_brand-talla-mujer-36","7":"product_brand-talla-mujer-37","8":"product_brand-talla-mujer-38","9":"product_brand-talla-mujer-39","10":"product_brand-talla-mujer-40","11":"product_brand-talla-mujer-41","12":"product_cat-black-friday-de","13":"product_cat-casual-damenstiefel","14":"product_cat-cowboystiefel-damen","15":"product_cat-damen","16":"product_cat-lederstiefel-damen","17":"product_cat-rabatte-damenstiefel","19":"first","20":"instock","21":"taxable","22":"shipping-taxable","23":"purchasable","24":"product-type-variable"},"_links":{"self":[{"href":"https:\/\/tonymora.com\/de\/wp-json\/wp\/v2\/product\/699109","targetHints":{"allow":["GET"]}}],"collection":[{"href":"https:\/\/tonymora.com\/de\/wp-json\/wp\/v2\/product"}],"about":[{"href":"https:\/\/tonymora.com\/de\/wp-json\/wp\/v2\/types\/product"}],"wp:featuredmedia":[{"embeddable":true,"href":"https:\/\/tonymora.com\/de\/wp-json\/wp\/v2\/media\/723314"}],"wp:attachment":[{"href":"https:\/\/tonymora.com\/de\/wp-json\/wp\/v2\/media?parent=699109"}],"wp:term":[{"taxonomy":"product_brand","embeddable":true,"href":"https:\/\/tonymora.com\/de\/wp-json\/wp\/v2\/product_brand?post=699109"},{"taxonomy":"product_cat","embeddable":true,"href":"https:\/\/tonymora.com\/de\/wp-json\/wp\/v2\/product_cat?post=699109"},{"taxonomy":"product_tag","embeddable":true,"href":"https:\/\/tonymora.com\/de\/wp-json\/wp\/v2\/product_tag?post=699109"}],"curies":[{"name":"wp","href":"https:\/\/api.w.org\/{rel}","templated":true}]}}