{"id":699280,"date":"2022-10-31T12:11:16","date_gmt":"2022-10-31T11:11:16","guid":{"rendered":"https:\/\/tonymora.com\/producto\/1212-g-24-palermo-cuero-nuevo\/"},"modified":"2026-03-07T16:05:43","modified_gmt":"2026-03-07T15:05:43","slug":"1212-g-24-palermo-cuero-nuevo","status":"publish","type":"product","link":"https:\/\/tonymora.com\/de\/produkt\/1212-g-24-palermo-cuero-nuevo\/","title":{"rendered":"1212 G 24 PALERMO CUERO NUEVO"},"content":{"rendered":"<p>Diese Chelsea-Stiefel sind ein Synonym f\u00fcr Lebensart<\/p>\n","protected":false},"excerpt":{"rendered":"<p>Zeitlose Eleganz mit unverwechselbarer Pr\u00e4senz. Raffinierter Stil f\u00fcr Anl\u00e4sse, die eine starke Ausstrahlung erfordern. Ein subtiles Statement von gutem Geschmack und Selbstbewusstsein.<\/p>\n","protected":false},"featured_media":700447,"template":"","meta":{"_mbp_gutenberg_autopost":false},"product_brand":[],"product_cat":[1174,216,214,221,1147,1126,222],"product_tag":[],"class_list":{"0":"post-699280","1":"product","2":"type-product","3":"status-publish","4":"has-post-thumbnail","6":"product_cat-black-friday-de","7":"product_cat-casualstiefel-herren","8":"product_cat-herren","9":"product_cat-stiefeletten-herren","10":"product_cat-lederstiefel-herren","11":"product_cat-rabatte-herrenstiefel","12":"product_cat-schuhe-herren","14":"first","15":"instock","16":"taxable","17":"shipping-taxable","18":"purchasable","19":"product-type-variable"},"supplier_id":null,"supplier_sku":"","barcode":null,"atum_controlled":true,"out_stock_date":null,"out_stock_threshold":null,"inheritable":true,"inbound_stock":0,"stock_on_hold":4,"sold_today":1,"sales_last_days":1,"reserved_stock":0,"customer_returns":0,"warehouse_damage":0,"lost_in_post":0,"other_logs":0,"out_stock_days":0,"lost_sales":0,"has_location":false,"update_date":"2026-03-26T12:29:16","atum_locations":[],"atum_stock_status":"instock","restock_status":false,"low_stock_amount":"","sales_update_date":"2026-03-07T14:04:08","calc_backorders":null,"yoast_head":"<!-- This site is optimized with the Yoast SEO plugin v27.2 - https:\/\/yoast.com\/product\/yoast-seo-wordpress\/ -->\n<title>Braune Chelsea Boots aus Leder \u2013 Zeitlose Eleganz | Tony Mora<\/title>\n<meta name=\"description\" content=\"Chelsea-Stiefel aus braunem Leder mit klassischem und anspruchsvollem Design. Komfort und zeitloser Stil f\u00fcr den modernen Mann. Handgefertigt von Tony Mora.\" \/>\n<meta name=\"robots\" content=\"index, follow, max-snippet:-1, max-image-preview:large, max-video-preview:-1\" \/>\n<link rel=\"canonical\" href=\"https:\/\/tonymora.com\/de\/produkt\/1212-g-24-palermo-cuero-nuevo\/\" \/>\n<meta property=\"og:locale\" content=\"de_DE\" \/>\n<meta property=\"og:type\" content=\"article\" \/>\n<meta property=\"og:title\" content=\"Braune Chelsea Boots aus Leder \u2013 Zeitlose Eleganz | Tony Mora\" \/>\n<meta property=\"og:description\" content=\"Chelsea-Stiefel aus braunem Leder mit klassischem und anspruchsvollem Design. Komfort und zeitloser Stil f\u00fcr den modernen Mann. Handgefertigt von Tony Mora.\" \/>\n<meta property=\"og:url\" content=\"https:\/\/tonymora.com\/de\/produkt\/1212-g-24-palermo-cuero-nuevo\/\" \/>\n<meta property=\"og:site_name\" content=\"Tony Mora\u00ae Boots Official Store\" \/>\n<meta property=\"article:publisher\" content=\"https:\/\/www.facebook.com\/Tonymoraofficial\/\" \/>\n<meta property=\"article:modified_time\" content=\"2026-03-07T15:05:43+00:00\" \/>\n<meta property=\"og:image\" content=\"https:\/\/tonymora.com\/wp-content\/uploads\/2022\/10\/02-1212-g24-palerm-cuero-nuevo.jpg\" \/>\n\t<meta property=\"og:image:width\" content=\"866\" \/>\n\t<meta property=\"og:image:height\" content=\"1032\" \/>\n\t<meta property=\"og:image:type\" content=\"image\/jpeg\" \/>\n<meta name=\"twitter:card\" content=\"summary_large_image\" \/>\n<script type=\"application\/ld+json\" class=\"yoast-schema-graph\">{\"@context\":\"https:\/\/schema.org\",\"@graph\":[{\"@type\":\"WebPage\",\"@id\":\"https:\/\/tonymora.com\/de\/produkt\/1212-g-24-palermo-cuero-nuevo\/\",\"url\":\"https:\/\/tonymora.com\/de\/produkt\/1212-g-24-palermo-cuero-nuevo\/\",\"name\":\"Braune Chelsea Boots aus Leder \u2013 Zeitlose Eleganz | Tony Mora\",\"isPartOf\":{\"@id\":\"https:\/\/tonymora.com\/de\/#website\"},\"primaryImageOfPage\":{\"@id\":\"https:\/\/tonymora.com\/de\/produkt\/1212-g-24-palermo-cuero-nuevo\/#primaryimage\"},\"image\":{\"@id\":\"https:\/\/tonymora.com\/de\/produkt\/1212-g-24-palermo-cuero-nuevo\/#primaryimage\"},\"thumbnailUrl\":\"https:\/\/tonymora.com\/wp-content\/uploads\/2022\/10\/02-1212-g24-palerm-cuero-nuevo.jpg\",\"datePublished\":\"2022-10-31T11:11:16+00:00\",\"dateModified\":\"2026-03-07T15:05:43+00:00\",\"description\":\"Chelsea-Stiefel aus braunem Leder mit klassischem und anspruchsvollem Design. Komfort und zeitloser Stil f\u00fcr den modernen Mann. Handgefertigt von Tony Mora.\",\"breadcrumb\":{\"@id\":\"https:\/\/tonymora.com\/de\/produkt\/1212-g-24-palermo-cuero-nuevo\/#breadcrumb\"},\"inLanguage\":\"de\",\"potentialAction\":[{\"@type\":\"ReadAction\",\"target\":[\"https:\/\/tonymora.com\/de\/produkt\/1212-g-24-palermo-cuero-nuevo\/\"]}]},{\"@type\":\"ImageObject\",\"inLanguage\":\"de\",\"@id\":\"https:\/\/tonymora.com\/de\/produkt\/1212-g-24-palermo-cuero-nuevo\/#primaryimage\",\"url\":\"https:\/\/tonymora.com\/wp-content\/uploads\/2022\/10\/02-1212-g24-palerm-cuero-nuevo.jpg\",\"contentUrl\":\"https:\/\/tonymora.com\/wp-content\/uploads\/2022\/10\/02-1212-g24-palerm-cuero-nuevo.jpg\",\"width\":866,\"height\":1032,\"caption\":\"Botines Chelsea cuero marr\u00f3n\"},{\"@type\":\"BreadcrumbList\",\"@id\":\"https:\/\/tonymora.com\/de\/produkt\/1212-g-24-palermo-cuero-nuevo\/#breadcrumb\",\"itemListElement\":[{\"@type\":\"ListItem\",\"position\":1,\"name\":\"Portada\",\"item\":\"https:\/\/tonymora.com\/de\/\"},{\"@type\":\"ListItem\",\"position\":2,\"name\":\"Shop\",\"item\":\"https:\/\/tonymora.com\/de\/shop\/\"},{\"@type\":\"ListItem\",\"position\":3,\"name\":\"Herren\",\"item\":\"https:\/\/tonymora.com\/de\/produkt-kategorie\/herren\/\"},{\"@type\":\"ListItem\",\"position\":4,\"name\":\"1212 G 24 PALERMO CUERO NUEVO\"}]},{\"@type\":\"WebSite\",\"@id\":\"https:\/\/tonymora.com\/de\/#website\",\"url\":\"https:\/\/tonymora.com\/de\/\",\"name\":\"Tony Mora\u00ae Boots Official Store\",\"description\":\"Cowboy Boots\",\"publisher\":{\"@id\":\"https:\/\/tonymora.com\/de\/#organization\"},\"potentialAction\":[{\"@type\":\"SearchAction\",\"target\":{\"@type\":\"EntryPoint\",\"urlTemplate\":\"https:\/\/tonymora.com\/de\/?s={search_term_string}\"},\"query-input\":{\"@type\":\"PropertyValueSpecification\",\"valueRequired\":true,\"valueName\":\"search_term_string\"}}],\"inLanguage\":\"de\"},{\"@type\":\"Organization\",\"@id\":\"https:\/\/tonymora.com\/de\/#organization\",\"name\":\"Tony Mora Boots\",\"url\":\"https:\/\/tonymora.com\/de\/\",\"logo\":{\"@type\":\"ImageObject\",\"inLanguage\":\"de\",\"@id\":\"https:\/\/tonymora.com\/de\/#\/schema\/logo\/image\/\",\"url\":\"https:\/\/tonymora.com\/wp-content\/uploads\/2023\/12\/LOGO.jpg\",\"contentUrl\":\"https:\/\/tonymora.com\/wp-content\/uploads\/2023\/12\/LOGO.jpg\",\"width\":2272,\"height\":1411,\"caption\":\"Tony Mora Boots\"},\"image\":{\"@id\":\"https:\/\/tonymora.com\/de\/#\/schema\/logo\/image\/\"},\"sameAs\":[\"https:\/\/www.facebook.com\/Tonymoraofficial\/\",\"https:\/\/www.instagram.com\/tonymoraofficial\/?hl=es\"]}]}<\/script>\n<!-- \/ Yoast SEO plugin. -->","yoast_head_json":{"title":"Braune Chelsea Boots aus Leder \u2013 Zeitlose Eleganz | Tony Mora","description":"Chelsea-Stiefel aus braunem Leder mit klassischem und anspruchsvollem Design. Komfort und zeitloser Stil f\u00fcr den modernen Mann. Handgefertigt von Tony Mora.","robots":{"index":"index","follow":"follow","max-snippet":"max-snippet:-1","max-image-preview":"max-image-preview:large","max-video-preview":"max-video-preview:-1"},"canonical":"https:\/\/tonymora.com\/de\/produkt\/1212-g-24-palermo-cuero-nuevo\/","og_locale":"de_DE","og_type":"article","og_title":"Braune Chelsea Boots aus Leder \u2013 Zeitlose Eleganz | Tony Mora","og_description":"Chelsea-Stiefel aus braunem Leder mit klassischem und anspruchsvollem Design. Komfort und zeitloser Stil f\u00fcr den modernen Mann. Handgefertigt von Tony Mora.","og_url":"https:\/\/tonymora.com\/de\/produkt\/1212-g-24-palermo-cuero-nuevo\/","og_site_name":"Tony Mora\u00ae Boots Official Store","article_publisher":"https:\/\/www.facebook.com\/Tonymoraofficial\/","article_modified_time":"2026-03-07T15:05:43+00:00","og_image":[{"width":866,"height":1032,"url":"https:\/\/tonymora.com\/wp-content\/uploads\/2022\/10\/02-1212-g24-palerm-cuero-nuevo.jpg","type":"image\/jpeg"}],"twitter_card":"summary_large_image","schema":{"@context":"https:\/\/schema.org","@graph":[{"@type":"WebPage","@id":"https:\/\/tonymora.com\/de\/produkt\/1212-g-24-palermo-cuero-nuevo\/","url":"https:\/\/tonymora.com\/de\/produkt\/1212-g-24-palermo-cuero-nuevo\/","name":"Braune Chelsea Boots aus Leder \u2013 Zeitlose Eleganz | Tony Mora","isPartOf":{"@id":"https:\/\/tonymora.com\/de\/#website"},"primaryImageOfPage":{"@id":"https:\/\/tonymora.com\/de\/produkt\/1212-g-24-palermo-cuero-nuevo\/#primaryimage"},"image":{"@id":"https:\/\/tonymora.com\/de\/produkt\/1212-g-24-palermo-cuero-nuevo\/#primaryimage"},"thumbnailUrl":"https:\/\/tonymora.com\/wp-content\/uploads\/2022\/10\/02-1212-g24-palerm-cuero-nuevo.jpg","datePublished":"2022-10-31T11:11:16+00:00","dateModified":"2026-03-07T15:05:43+00:00","description":"Chelsea-Stiefel aus braunem Leder mit klassischem und anspruchsvollem Design. Komfort und zeitloser Stil f\u00fcr den modernen Mann. Handgefertigt von Tony Mora.","breadcrumb":{"@id":"https:\/\/tonymora.com\/de\/produkt\/1212-g-24-palermo-cuero-nuevo\/#breadcrumb"},"inLanguage":"de","potentialAction":[{"@type":"ReadAction","target":["https:\/\/tonymora.com\/de\/produkt\/1212-g-24-palermo-cuero-nuevo\/"]}]},{"@type":"ImageObject","inLanguage":"de","@id":"https:\/\/tonymora.com\/de\/produkt\/1212-g-24-palermo-cuero-nuevo\/#primaryimage","url":"https:\/\/tonymora.com\/wp-content\/uploads\/2022\/10\/02-1212-g24-palerm-cuero-nuevo.jpg","contentUrl":"https:\/\/tonymora.com\/wp-content\/uploads\/2022\/10\/02-1212-g24-palerm-cuero-nuevo.jpg","width":866,"height":1032,"caption":"Botines Chelsea cuero marr\u00f3n"},{"@type":"BreadcrumbList","@id":"https:\/\/tonymora.com\/de\/produkt\/1212-g-24-palermo-cuero-nuevo\/#breadcrumb","itemListElement":[{"@type":"ListItem","position":1,"name":"Portada","item":"https:\/\/tonymora.com\/de\/"},{"@type":"ListItem","position":2,"name":"Shop","item":"https:\/\/tonymora.com\/de\/shop\/"},{"@type":"ListItem","position":3,"name":"Herren","item":"https:\/\/tonymora.com\/de\/produkt-kategorie\/herren\/"},{"@type":"ListItem","position":4,"name":"1212 G 24 PALERMO CUERO NUEVO"}]},{"@type":"WebSite","@id":"https:\/\/tonymora.com\/de\/#website","url":"https:\/\/tonymora.com\/de\/","name":"Tony Mora\u00ae Boots Official Store","description":"Cowboy Boots","publisher":{"@id":"https:\/\/tonymora.com\/de\/#organization"},"potentialAction":[{"@type":"SearchAction","target":{"@type":"EntryPoint","urlTemplate":"https:\/\/tonymora.com\/de\/?s={search_term_string}"},"query-input":{"@type":"PropertyValueSpecification","valueRequired":true,"valueName":"search_term_string"}}],"inLanguage":"de"},{"@type":"Organization","@id":"https:\/\/tonymora.com\/de\/#organization","name":"Tony Mora Boots","url":"https:\/\/tonymora.com\/de\/","logo":{"@type":"ImageObject","inLanguage":"de","@id":"https:\/\/tonymora.com\/de\/#\/schema\/logo\/image\/","url":"https:\/\/tonymora.com\/wp-content\/uploads\/2023\/12\/LOGO.jpg","contentUrl":"https:\/\/tonymora.com\/wp-content\/uploads\/2023\/12\/LOGO.jpg","width":2272,"height":1411,"caption":"Tony Mora Boots"},"image":{"@id":"https:\/\/tonymora.com\/de\/#\/schema\/logo\/image\/"},"sameAs":["https:\/\/www.facebook.com\/Tonymoraofficial\/","https:\/\/www.instagram.com\/tonymoraofficial\/?hl=es"]}]}},"_links":{"self":[{"href":"https:\/\/tonymora.com\/de\/wp-json\/wp\/v2\/product\/699280","targetHints":{"allow":["GET"]}}],"collection":[{"href":"https:\/\/tonymora.com\/de\/wp-json\/wp\/v2\/product"}],"about":[{"href":"https:\/\/tonymora.com\/de\/wp-json\/wp\/v2\/types\/product"}],"wp:featuredmedia":[{"embeddable":true,"href":"https:\/\/tonymora.com\/de\/wp-json\/wp\/v2\/media\/700447"}],"wp:attachment":[{"href":"https:\/\/tonymora.com\/de\/wp-json\/wp\/v2\/media?parent=699280"}],"wp:term":[{"taxonomy":"product_brand","embeddable":true,"href":"https:\/\/tonymora.com\/de\/wp-json\/wp\/v2\/product_brand?post=699280"},{"taxonomy":"product_cat","embeddable":true,"href":"https:\/\/tonymora.com\/de\/wp-json\/wp\/v2\/product_cat?post=699280"},{"taxonomy":"product_tag","embeddable":true,"href":"https:\/\/tonymora.com\/de\/wp-json\/wp\/v2\/product_tag?post=699280"}],"curies":[{"name":"wp","href":"https:\/\/api.w.org\/{rel}","templated":true}]}}