{"id":699316,"date":"2022-10-31T12:20:17","date_gmt":"2022-10-31T11:20:17","guid":{"rendered":"https:\/\/tonymora.com\/producto\/1212-g-24-club-negro\/"},"modified":"2026-03-07T16:05:43","modified_gmt":"2026-03-07T15:05:43","slug":"1212-g-24-club-schwarz","status":"publish","type":"product","link":"https:\/\/tonymora.com\/de\/produkt\/1212-g-24-club-schwarz\/","title":{"rendered":"1212 G 24 CLUB SCHWARZ"},"content":{"rendered":"<p>Ankle-Boots mit Stil und Charakter. Diese Chelsea-Stiefel machen den Unterschied, ein klassisches Modell, das nie aus der Mode kommt und zu 100 % mit unserem Goodyear- System handgefertigt ist. Der praktische Gummizug erleichtert das Anziehen und verleiht den Stiefeln einen modernen Touch. Die runde Spitze bietet Ihnen den idealen Komfort, um sie jederzeit anzuziehen. Sie wollen einen l\u00e4ssigen und exklusiven Look? Entscheiden Sie sich f\u00fcr dieses Modell.<\/p>\n","protected":false},"excerpt":{"rendered":"<p>Ein Design, das vom ersten Moment an Charakter ausstrahlt.<br \/>\nEin St\u00fcck, das Ihre Identit\u00e4t unterstreicht und Ihnen m\u00fchelos Exklusivit\u00e4t verleiht.<\/p>\n","protected":false},"featured_media":713962,"template":"","meta":{"_mbp_gutenberg_autopost":false},"product_brand":[],"product_cat":[1174,216,214,221,1147,1126,222],"product_tag":[],"class_list":{"0":"post-699316","1":"product","2":"type-product","3":"status-publish","4":"has-post-thumbnail","6":"product_cat-black-friday-de","7":"product_cat-casualstiefel-herren","8":"product_cat-herren","9":"product_cat-stiefeletten-herren","10":"product_cat-lederstiefel-herren","11":"product_cat-rabatte-herrenstiefel","12":"product_cat-schuhe-herren","14":"first","15":"instock","16":"taxable","17":"shipping-taxable","18":"purchasable","19":"product-type-variable"},"supplier_id":null,"supplier_sku":"","barcode":null,"atum_controlled":true,"out_stock_date":null,"out_stock_threshold":null,"inheritable":true,"inbound_stock":0,"stock_on_hold":3,"sold_today":2,"sales_last_days":3,"reserved_stock":0,"customer_returns":0,"warehouse_damage":0,"lost_in_post":0,"other_logs":0,"out_stock_days":0,"lost_sales":0,"has_location":false,"update_date":"2026-03-26T12:27:21","atum_locations":[],"atum_stock_status":"instock","restock_status":false,"low_stock_amount":"","sales_update_date":"2026-03-07T14:04:08","calc_backorders":null,"yoast_head":"<!-- This site is optimized with the Yoast SEO plugin v27.4 - https:\/\/yoast.com\/product\/yoast-seo-wordpress\/ -->\n<title>Schwarze Chelsea Boots f\u00fcr Herren | Eleganz und Komfort<\/title>\n<meta name=\"description\" content=\"Schwarze Chelsea-Stiefel aus Leder mit elastischer Seite. Klassisches und modernes Design, handgefertigt f\u00fcr Komfort und Stil. Signiert von Tony Mora.\" \/>\n<meta name=\"robots\" content=\"index, follow, max-snippet:-1, max-image-preview:large, max-video-preview:-1\" \/>\n<link rel=\"canonical\" href=\"https:\/\/tonymora.com\/de\/produkt\/1212-g-24-club-schwarz\/\" \/>\n<meta property=\"og:locale\" content=\"de_DE\" \/>\n<meta property=\"og:type\" content=\"article\" \/>\n<meta property=\"og:title\" content=\"Schwarze Chelsea Boots f\u00fcr Herren | Eleganz und Komfort\" \/>\n<meta property=\"og:description\" content=\"Schwarze Chelsea-Stiefel aus Leder mit elastischer Seite. Klassisches und modernes Design, handgefertigt f\u00fcr Komfort und Stil. Signiert von Tony Mora.\" \/>\n<meta property=\"og:url\" content=\"https:\/\/tonymora.com\/de\/produkt\/1212-g-24-club-schwarz\/\" \/>\n<meta property=\"og:site_name\" content=\"Tony Mora\u00ae Boots Official Store\" \/>\n<meta property=\"article:publisher\" content=\"https:\/\/www.facebook.com\/Tonymoraofficial\/\" \/>\n<meta property=\"article:modified_time\" content=\"2026-03-07T15:05:43+00:00\" \/>\n<meta property=\"og:image\" content=\"https:\/\/tonymora.com\/wp-content\/uploads\/2022\/10\/canva-1.jpg\" \/>\n\t<meta property=\"og:image:width\" content=\"866\" \/>\n\t<meta property=\"og:image:height\" content=\"1032\" \/>\n\t<meta property=\"og:image:type\" content=\"image\/jpeg\" \/>\n<meta name=\"twitter:card\" content=\"summary_large_image\" \/>\n<script type=\"application\/ld+json\" class=\"yoast-schema-graph\">{\"@context\":\"https:\\\/\\\/schema.org\",\"@graph\":[{\"@type\":\"WebPage\",\"@id\":\"https:\\\/\\\/tonymora.com\\\/de\\\/produkt\\\/1212-g-24-club-schwarz\\\/\",\"url\":\"https:\\\/\\\/tonymora.com\\\/de\\\/produkt\\\/1212-g-24-club-schwarz\\\/\",\"name\":\"Schwarze Chelsea Boots f\u00fcr Herren | Eleganz und Komfort\",\"isPartOf\":{\"@id\":\"https:\\\/\\\/tonymora.com\\\/de\\\/#website\"},\"primaryImageOfPage\":{\"@id\":\"https:\\\/\\\/tonymora.com\\\/de\\\/produkt\\\/1212-g-24-club-schwarz\\\/#primaryimage\"},\"image\":{\"@id\":\"https:\\\/\\\/tonymora.com\\\/de\\\/produkt\\\/1212-g-24-club-schwarz\\\/#primaryimage\"},\"thumbnailUrl\":\"https:\\\/\\\/tonymora.com\\\/wp-content\\\/uploads\\\/2022\\\/10\\\/canva-1.jpg\",\"datePublished\":\"2022-10-31T11:20:17+00:00\",\"dateModified\":\"2026-03-07T15:05:43+00:00\",\"description\":\"Schwarze Chelsea-Stiefel aus Leder mit elastischer Seite. Klassisches und modernes Design, handgefertigt f\u00fcr Komfort und Stil. Signiert von Tony Mora.\",\"breadcrumb\":{\"@id\":\"https:\\\/\\\/tonymora.com\\\/de\\\/produkt\\\/1212-g-24-club-schwarz\\\/#breadcrumb\"},\"inLanguage\":\"de\",\"potentialAction\":[{\"@type\":\"ReadAction\",\"target\":[\"https:\\\/\\\/tonymora.com\\\/de\\\/produkt\\\/1212-g-24-club-schwarz\\\/\"]}]},{\"@type\":\"ImageObject\",\"inLanguage\":\"de\",\"@id\":\"https:\\\/\\\/tonymora.com\\\/de\\\/produkt\\\/1212-g-24-club-schwarz\\\/#primaryimage\",\"url\":\"https:\\\/\\\/tonymora.com\\\/wp-content\\\/uploads\\\/2022\\\/10\\\/canva-1.jpg\",\"contentUrl\":\"https:\\\/\\\/tonymora.com\\\/wp-content\\\/uploads\\\/2022\\\/10\\\/canva-1.jpg\",\"width\":866,\"height\":1032,\"caption\":\"Botines Chelsea negros para hombre\"},{\"@type\":\"BreadcrumbList\",\"@id\":\"https:\\\/\\\/tonymora.com\\\/de\\\/produkt\\\/1212-g-24-club-schwarz\\\/#breadcrumb\",\"itemListElement\":[{\"@type\":\"ListItem\",\"position\":1,\"name\":\"Portada\",\"item\":\"https:\\\/\\\/tonymora.com\\\/de\\\/\"},{\"@type\":\"ListItem\",\"position\":2,\"name\":\"Shop\",\"item\":\"https:\\\/\\\/tonymora.com\\\/de\\\/shop\\\/\"},{\"@type\":\"ListItem\",\"position\":3,\"name\":\"Herren\",\"item\":\"https:\\\/\\\/tonymora.com\\\/de\\\/produkt-kategorie\\\/herren\\\/\"},{\"@type\":\"ListItem\",\"position\":4,\"name\":\"1212 G 24 CLUB SCHWARZ\"}]},{\"@type\":\"WebSite\",\"@id\":\"https:\\\/\\\/tonymora.com\\\/de\\\/#website\",\"url\":\"https:\\\/\\\/tonymora.com\\\/de\\\/\",\"name\":\"Tony Mora\u00ae Boots Official Store\",\"description\":\"Cowboy Boots\",\"publisher\":{\"@id\":\"https:\\\/\\\/tonymora.com\\\/de\\\/#organization\"},\"potentialAction\":[{\"@type\":\"SearchAction\",\"target\":{\"@type\":\"EntryPoint\",\"urlTemplate\":\"https:\\\/\\\/tonymora.com\\\/de\\\/?s={search_term_string}\"},\"query-input\":{\"@type\":\"PropertyValueSpecification\",\"valueRequired\":true,\"valueName\":\"search_term_string\"}}],\"inLanguage\":\"de\"},{\"@type\":\"Organization\",\"@id\":\"https:\\\/\\\/tonymora.com\\\/de\\\/#organization\",\"name\":\"Tony Mora Boots\",\"url\":\"https:\\\/\\\/tonymora.com\\\/de\\\/\",\"logo\":{\"@type\":\"ImageObject\",\"inLanguage\":\"de\",\"@id\":\"https:\\\/\\\/tonymora.com\\\/de\\\/#\\\/schema\\\/logo\\\/image\\\/\",\"url\":\"https:\\\/\\\/tonymora.com\\\/wp-content\\\/uploads\\\/2023\\\/12\\\/LOGO.jpg\",\"contentUrl\":\"https:\\\/\\\/tonymora.com\\\/wp-content\\\/uploads\\\/2023\\\/12\\\/LOGO.jpg\",\"width\":2272,\"height\":1411,\"caption\":\"Tony Mora Boots\"},\"image\":{\"@id\":\"https:\\\/\\\/tonymora.com\\\/de\\\/#\\\/schema\\\/logo\\\/image\\\/\"},\"sameAs\":[\"https:\\\/\\\/www.facebook.com\\\/Tonymoraofficial\\\/\",\"https:\\\/\\\/www.instagram.com\\\/tonymoraofficial\\\/?hl=es\"]}]}<\/script>\n<!-- \/ Yoast SEO plugin. -->","yoast_head_json":{"title":"Schwarze Chelsea Boots f\u00fcr Herren | Eleganz und Komfort","description":"Schwarze Chelsea-Stiefel aus Leder mit elastischer Seite. Klassisches und modernes Design, handgefertigt f\u00fcr Komfort und Stil. Signiert von Tony Mora.","robots":{"index":"index","follow":"follow","max-snippet":"max-snippet:-1","max-image-preview":"max-image-preview:large","max-video-preview":"max-video-preview:-1"},"canonical":"https:\/\/tonymora.com\/de\/produkt\/1212-g-24-club-schwarz\/","og_locale":"de_DE","og_type":"article","og_title":"Schwarze Chelsea Boots f\u00fcr Herren | Eleganz und Komfort","og_description":"Schwarze Chelsea-Stiefel aus Leder mit elastischer Seite. Klassisches und modernes Design, handgefertigt f\u00fcr Komfort und Stil. Signiert von Tony Mora.","og_url":"https:\/\/tonymora.com\/de\/produkt\/1212-g-24-club-schwarz\/","og_site_name":"Tony Mora\u00ae Boots Official Store","article_publisher":"https:\/\/www.facebook.com\/Tonymoraofficial\/","article_modified_time":"2026-03-07T15:05:43+00:00","og_image":[{"width":866,"height":1032,"url":"https:\/\/tonymora.com\/wp-content\/uploads\/2022\/10\/canva-1.jpg","type":"image\/jpeg"}],"twitter_card":"summary_large_image","schema":{"@context":"https:\/\/schema.org","@graph":[{"@type":"WebPage","@id":"https:\/\/tonymora.com\/de\/produkt\/1212-g-24-club-schwarz\/","url":"https:\/\/tonymora.com\/de\/produkt\/1212-g-24-club-schwarz\/","name":"Schwarze Chelsea Boots f\u00fcr Herren | Eleganz und Komfort","isPartOf":{"@id":"https:\/\/tonymora.com\/de\/#website"},"primaryImageOfPage":{"@id":"https:\/\/tonymora.com\/de\/produkt\/1212-g-24-club-schwarz\/#primaryimage"},"image":{"@id":"https:\/\/tonymora.com\/de\/produkt\/1212-g-24-club-schwarz\/#primaryimage"},"thumbnailUrl":"https:\/\/tonymora.com\/wp-content\/uploads\/2022\/10\/canva-1.jpg","datePublished":"2022-10-31T11:20:17+00:00","dateModified":"2026-03-07T15:05:43+00:00","description":"Schwarze Chelsea-Stiefel aus Leder mit elastischer Seite. Klassisches und modernes Design, handgefertigt f\u00fcr Komfort und Stil. Signiert von Tony Mora.","breadcrumb":{"@id":"https:\/\/tonymora.com\/de\/produkt\/1212-g-24-club-schwarz\/#breadcrumb"},"inLanguage":"de","potentialAction":[{"@type":"ReadAction","target":["https:\/\/tonymora.com\/de\/produkt\/1212-g-24-club-schwarz\/"]}]},{"@type":"ImageObject","inLanguage":"de","@id":"https:\/\/tonymora.com\/de\/produkt\/1212-g-24-club-schwarz\/#primaryimage","url":"https:\/\/tonymora.com\/wp-content\/uploads\/2022\/10\/canva-1.jpg","contentUrl":"https:\/\/tonymora.com\/wp-content\/uploads\/2022\/10\/canva-1.jpg","width":866,"height":1032,"caption":"Botines Chelsea negros para hombre"},{"@type":"BreadcrumbList","@id":"https:\/\/tonymora.com\/de\/produkt\/1212-g-24-club-schwarz\/#breadcrumb","itemListElement":[{"@type":"ListItem","position":1,"name":"Portada","item":"https:\/\/tonymora.com\/de\/"},{"@type":"ListItem","position":2,"name":"Shop","item":"https:\/\/tonymora.com\/de\/shop\/"},{"@type":"ListItem","position":3,"name":"Herren","item":"https:\/\/tonymora.com\/de\/produkt-kategorie\/herren\/"},{"@type":"ListItem","position":4,"name":"1212 G 24 CLUB SCHWARZ"}]},{"@type":"WebSite","@id":"https:\/\/tonymora.com\/de\/#website","url":"https:\/\/tonymora.com\/de\/","name":"Tony Mora\u00ae Boots Official Store","description":"Cowboy Boots","publisher":{"@id":"https:\/\/tonymora.com\/de\/#organization"},"potentialAction":[{"@type":"SearchAction","target":{"@type":"EntryPoint","urlTemplate":"https:\/\/tonymora.com\/de\/?s={search_term_string}"},"query-input":{"@type":"PropertyValueSpecification","valueRequired":true,"valueName":"search_term_string"}}],"inLanguage":"de"},{"@type":"Organization","@id":"https:\/\/tonymora.com\/de\/#organization","name":"Tony Mora Boots","url":"https:\/\/tonymora.com\/de\/","logo":{"@type":"ImageObject","inLanguage":"de","@id":"https:\/\/tonymora.com\/de\/#\/schema\/logo\/image\/","url":"https:\/\/tonymora.com\/wp-content\/uploads\/2023\/12\/LOGO.jpg","contentUrl":"https:\/\/tonymora.com\/wp-content\/uploads\/2023\/12\/LOGO.jpg","width":2272,"height":1411,"caption":"Tony Mora Boots"},"image":{"@id":"https:\/\/tonymora.com\/de\/#\/schema\/logo\/image\/"},"sameAs":["https:\/\/www.facebook.com\/Tonymoraofficial\/","https:\/\/www.instagram.com\/tonymoraofficial\/?hl=es"]}]}},"_links":{"self":[{"href":"https:\/\/tonymora.com\/de\/wp-json\/wp\/v2\/product\/699316","targetHints":{"allow":["GET"]}}],"collection":[{"href":"https:\/\/tonymora.com\/de\/wp-json\/wp\/v2\/product"}],"about":[{"href":"https:\/\/tonymora.com\/de\/wp-json\/wp\/v2\/types\/product"}],"wp:featuredmedia":[{"embeddable":true,"href":"https:\/\/tonymora.com\/de\/wp-json\/wp\/v2\/media\/713962"}],"wp:attachment":[{"href":"https:\/\/tonymora.com\/de\/wp-json\/wp\/v2\/media?parent=699316"}],"wp:term":[{"taxonomy":"product_brand","embeddable":true,"href":"https:\/\/tonymora.com\/de\/wp-json\/wp\/v2\/product_brand?post=699316"},{"taxonomy":"product_cat","embeddable":true,"href":"https:\/\/tonymora.com\/de\/wp-json\/wp\/v2\/product_cat?post=699316"},{"taxonomy":"product_tag","embeddable":true,"href":"https:\/\/tonymora.com\/de\/wp-json\/wp\/v2\/product_tag?post=699316"}],"curies":[{"name":"wp","href":"https:\/\/api.w.org\/{rel}","templated":true}]}}