{"id":699366,"date":"2022-10-31T12:30:29","date_gmt":"2022-10-31T11:30:29","guid":{"rendered":"https:\/\/tonymora.com\/producto\/1354-mt-mt-sprinter-engrasado-negro\/"},"modified":"2026-05-11T19:24:50","modified_gmt":"2026-05-11T17:24:50","slug":"1354-mt-mt-sprinter-engrasado-schwarz","status":"publish","type":"product","link":"https:\/\/tonymora.com\/de\/produkt\/1354-mt-mt-sprinter-engrasado-schwarz\/","title":{"rendered":"1354 MT MT SPRINTER ENGRASADO SCHWARZ"},"content":{"rendered":"<p>Lernen Sie unser neues Modell kennen. Tragen Sie diesen unterschiedlischen Stil mit einer Biker-Spitze. Das Leder der Boots passt sich Ihren F\u00fc\u00dfen an und Sie k\u00f6nnen sie jederzeit tragen. Mit ihrer Gummisohle sind sie die perfekten Stiefel f\u00fcr jedes Wetter. Probieren Sie sie aus<\/p>\n","protected":false},"excerpt":{"rendered":"<p>Zeitlose Eleganz mit unverwechselbarer Ausstrahlung. Perfekt f\u00fcr ausdrucksstarke, urbane Looks.<br \/>\nDer letzte Schliff, der Schlichtheit in Unvergessliches verwandelt.<\/p>\n","protected":false},"featured_media":700459,"template":"","meta":{"_mbp_gutenberg_autopost":false},"product_brand":[771,773,775,777,779,781,783,785],"product_cat":[215,1174,216,214,1147,1126],"product_tag":[],"class_list":{"0":"post-699366","1":"product","2":"type-product","3":"status-publish","4":"has-post-thumbnail","6":"product_brand-talla-hombre-40","7":"product_brand-talla-hombre-41","8":"product_brand-talla-hombre-42","9":"product_brand-talla-hombre-43","10":"product_brand-talla-hombre-44","11":"product_brand-talla-hombre-45","12":"product_brand-talla-hombre-46","13":"product_brand-talla-hombre-47","14":"product_cat-bikerstiefel-herren","15":"product_cat-black-friday-de","16":"product_cat-casualstiefel-herren","17":"product_cat-herren","18":"product_cat-lederstiefel-herren","19":"product_cat-rabatte-herrenstiefel","21":"first","22":"instock","23":"taxable","24":"shipping-taxable","25":"purchasable","26":"product-type-variable"},"_links":{"self":[{"href":"https:\/\/tonymora.com\/de\/wp-json\/wp\/v2\/product\/699366","targetHints":{"allow":["GET"]}}],"collection":[{"href":"https:\/\/tonymora.com\/de\/wp-json\/wp\/v2\/product"}],"about":[{"href":"https:\/\/tonymora.com\/de\/wp-json\/wp\/v2\/types\/product"}],"wp:featuredmedia":[{"embeddable":true,"href":"https:\/\/tonymora.com\/de\/wp-json\/wp\/v2\/media\/700459"}],"wp:attachment":[{"href":"https:\/\/tonymora.com\/de\/wp-json\/wp\/v2\/media?parent=699366"}],"wp:term":[{"taxonomy":"product_brand","embeddable":true,"href":"https:\/\/tonymora.com\/de\/wp-json\/wp\/v2\/product_brand?post=699366"},{"taxonomy":"product_cat","embeddable":true,"href":"https:\/\/tonymora.com\/de\/wp-json\/wp\/v2\/product_cat?post=699366"},{"taxonomy":"product_tag","embeddable":true,"href":"https:\/\/tonymora.com\/de\/wp-json\/wp\/v2\/product_tag?post=699366"}],"curies":[{"name":"wp","href":"https:\/\/api.w.org\/{rel}","templated":true}]}}