{"id":699562,"date":"2022-10-31T13:16:32","date_gmt":"2022-10-31T12:16:32","guid":{"rendered":"https:\/\/tonymora.com\/producto\/2263-daslu-lini-piton-bc-gris-serraje-gris\/"},"modified":"2023-11-09T09:36:12","modified_gmt":"2023-11-09T08:36:12","slug":"2263-daslu-lini-piton-bc-grau-serraje-grau","status":"publish","type":"product","link":"https:\/\/tonymora.com\/de\/produkt\/2263-daslu-lini-piton-bc-grau-serraje-grau\/","title":{"rendered":"2263 DASLU LINI PITON BC GRAU \/ SERRAJE GRAU"},"content":{"rendered":"<p>Wir lieben dieses Modell wegen des eleganten Pythonleders im Farbton Grau. Auf der Oberseite und den Sch\u00e4ften k\u00f6nnen Sie eine spezielle Gravur wertsch\u00e4tzen. Mit dieser handwerklichen Arbeit<\/p>\n","protected":false},"excerpt":{"rendered":"<p>Eine ausdrucksstarke Silhouette, die jeden Look aufwertet. Eine ausdrucksstarke Silhouette, die Selbstbewusstsein ausstrahlt.<br \/>\nEine Wahl, die Sie nicht vergessen werden, weil sie Ihnen ein so gutes Gef\u00fchl gibt.<\/p>\n","protected":false},"featured_media":699950,"template":"","meta":{"_mbp_gutenberg_autopost":false},"product_brand":[759,761,765],"product_cat":[167,224,1139,1135],"product_tag":[],"class_list":{"0":"post-699562","1":"product","2":"type-product","3":"status-publish","4":"has-post-thumbnail","6":"product_brand-talla-mujer-37","7":"product_brand-talla-mujer-38","8":"product_brand-talla-mujer-40","9":"product_cat-damen","10":"product_cat-luxusstiefel-damen","11":"product_cat-python-stiefel-damen","12":"product_cat-rabatte-damenstiefel","14":"first","15":"instock","16":"taxable","17":"shipping-taxable","18":"purchasable","19":"product-type-variable"},"supplier_id":null,"supplier_sku":"","barcode":null,"atum_controlled":true,"out_stock_date":null,"out_stock_threshold":null,"inheritable":true,"inbound_stock":0,"stock_on_hold":0,"sold_today":0,"sales_last_days":0,"reserved_stock":0,"customer_returns":0,"warehouse_damage":0,"lost_in_post":0,"other_logs":0,"out_stock_days":0,"lost_sales":0,"has_location":false,"update_date":"2025-04-07T22:34:20","atum_locations":[],"atum_stock_status":"instock","restock_status":false,"low_stock_amount":"","sales_update_date":"2024-04-24T22:32:23","calc_backorders":null,"yoast_head":"<!-- This site is optimized with the Yoast SEO plugin v27.4 - https:\/\/yoast.com\/product\/yoast-seo-wordpress\/ -->\n<title>2263 DASLU LINI PITON BC GRAU \/ SERRAJE GRAU - Tony Mora\u00ae Boots Official Store<\/title>\n<meta name=\"description\" content=\"Wir lieben dieses Modell wegen des eleganten Pythonleders im Farbton Grau. Auf der Oberseite und den Sch\u00e4ften k\u00f6nnen Sie eine spezielle.\" \/>\n<meta name=\"robots\" content=\"index, follow, max-snippet:-1, max-image-preview:large, max-video-preview:-1\" \/>\n<link rel=\"canonical\" href=\"https:\/\/tonymora.com\/de\/produkt\/2263-daslu-lini-piton-bc-grau-serraje-grau\/\" \/>\n<meta property=\"og:locale\" content=\"de_DE\" \/>\n<meta property=\"og:type\" content=\"article\" \/>\n<meta property=\"og:title\" content=\"2263 DASLU LINI PITON BC GRAU \/ SERRAJE GRAU - Tony Mora\u00ae Boots Official Store\" \/>\n<meta property=\"og:description\" content=\"Wir lieben dieses Modell wegen des eleganten Pythonleders im Farbton Grau. Auf der Oberseite und den Sch\u00e4ften k\u00f6nnen Sie eine spezielle.\" \/>\n<meta property=\"og:url\" content=\"https:\/\/tonymora.com\/de\/produkt\/2263-daslu-lini-piton-bc-grau-serraje-grau\/\" \/>\n<meta property=\"og:site_name\" content=\"Tony Mora\u00ae Boots Official Store\" \/>\n<meta property=\"article:publisher\" content=\"https:\/\/www.facebook.com\/Tonymoraofficial\/\" \/>\n<meta property=\"article:modified_time\" content=\"2023-11-09T08:36:12+00:00\" \/>\n<meta property=\"og:image\" content=\"https:\/\/tonymora.com\/wp-content\/uploads\/2022\/10\/02-2263-DASLU-LINI-PITON-BC-GRIS-SERRAJE-GRIS-1.jpg\" \/>\n\t<meta property=\"og:image:width\" content=\"866\" \/>\n\t<meta property=\"og:image:height\" content=\"1032\" \/>\n\t<meta property=\"og:image:type\" content=\"image\/jpeg\" \/>\n<meta name=\"twitter:card\" content=\"summary_large_image\" \/>\n<script type=\"application\/ld+json\" class=\"yoast-schema-graph\">{\"@context\":\"https:\\\/\\\/schema.org\",\"@graph\":[{\"@type\":\"WebPage\",\"@id\":\"https:\\\/\\\/tonymora.com\\\/de\\\/produkt\\\/2263-daslu-lini-piton-bc-grau-serraje-grau\\\/\",\"url\":\"https:\\\/\\\/tonymora.com\\\/de\\\/produkt\\\/2263-daslu-lini-piton-bc-grau-serraje-grau\\\/\",\"name\":\"2263 DASLU LINI PITON BC GRAU \\\/ SERRAJE GRAU - Tony Mora\u00ae Boots Official Store\",\"isPartOf\":{\"@id\":\"https:\\\/\\\/tonymora.com\\\/de\\\/#website\"},\"primaryImageOfPage\":{\"@id\":\"https:\\\/\\\/tonymora.com\\\/de\\\/produkt\\\/2263-daslu-lini-piton-bc-grau-serraje-grau\\\/#primaryimage\"},\"image\":{\"@id\":\"https:\\\/\\\/tonymora.com\\\/de\\\/produkt\\\/2263-daslu-lini-piton-bc-grau-serraje-grau\\\/#primaryimage\"},\"thumbnailUrl\":\"https:\\\/\\\/tonymora.com\\\/wp-content\\\/uploads\\\/2022\\\/10\\\/02-2263-DASLU-LINI-PITON-BC-GRIS-SERRAJE-GRIS-1.jpg\",\"datePublished\":\"2022-10-31T12:16:32+00:00\",\"dateModified\":\"2023-11-09T08:36:12+00:00\",\"description\":\"Wir lieben dieses Modell wegen des eleganten Pythonleders im Farbton Grau. Auf der Oberseite und den Sch\u00e4ften k\u00f6nnen Sie eine spezielle.\",\"breadcrumb\":{\"@id\":\"https:\\\/\\\/tonymora.com\\\/de\\\/produkt\\\/2263-daslu-lini-piton-bc-grau-serraje-grau\\\/#breadcrumb\"},\"inLanguage\":\"de\",\"potentialAction\":[{\"@type\":\"ReadAction\",\"target\":[\"https:\\\/\\\/tonymora.com\\\/de\\\/produkt\\\/2263-daslu-lini-piton-bc-grau-serraje-grau\\\/\"]}]},{\"@type\":\"ImageObject\",\"inLanguage\":\"de\",\"@id\":\"https:\\\/\\\/tonymora.com\\\/de\\\/produkt\\\/2263-daslu-lini-piton-bc-grau-serraje-grau\\\/#primaryimage\",\"url\":\"https:\\\/\\\/tonymora.com\\\/wp-content\\\/uploads\\\/2022\\\/10\\\/02-2263-DASLU-LINI-PITON-BC-GRIS-SERRAJE-GRIS-1.jpg\",\"contentUrl\":\"https:\\\/\\\/tonymora.com\\\/wp-content\\\/uploads\\\/2022\\\/10\\\/02-2263-DASLU-LINI-PITON-BC-GRIS-SERRAJE-GRIS-1.jpg\",\"width\":866,\"height\":1032},{\"@type\":\"BreadcrumbList\",\"@id\":\"https:\\\/\\\/tonymora.com\\\/de\\\/produkt\\\/2263-daslu-lini-piton-bc-grau-serraje-grau\\\/#breadcrumb\",\"itemListElement\":[{\"@type\":\"ListItem\",\"position\":1,\"name\":\"Portada\",\"item\":\"https:\\\/\\\/tonymora.com\\\/de\\\/\"},{\"@type\":\"ListItem\",\"position\":2,\"name\":\"Shop\",\"item\":\"https:\\\/\\\/tonymora.com\\\/de\\\/shop\\\/\"},{\"@type\":\"ListItem\",\"position\":3,\"name\":\"Damen\",\"item\":\"https:\\\/\\\/tonymora.com\\\/de\\\/produkt-kategorie\\\/damen\\\/\"},{\"@type\":\"ListItem\",\"position\":4,\"name\":\"2263 DASLU LINI PITON BC GRAU \\\/ SERRAJE GRAU\"}]},{\"@type\":\"WebSite\",\"@id\":\"https:\\\/\\\/tonymora.com\\\/de\\\/#website\",\"url\":\"https:\\\/\\\/tonymora.com\\\/de\\\/\",\"name\":\"Tony Mora\u00ae Boots Official Store\",\"description\":\"Cowboy Boots\",\"publisher\":{\"@id\":\"https:\\\/\\\/tonymora.com\\\/de\\\/#organization\"},\"potentialAction\":[{\"@type\":\"SearchAction\",\"target\":{\"@type\":\"EntryPoint\",\"urlTemplate\":\"https:\\\/\\\/tonymora.com\\\/de\\\/?s={search_term_string}\"},\"query-input\":{\"@type\":\"PropertyValueSpecification\",\"valueRequired\":true,\"valueName\":\"search_term_string\"}}],\"inLanguage\":\"de\"},{\"@type\":\"Organization\",\"@id\":\"https:\\\/\\\/tonymora.com\\\/de\\\/#organization\",\"name\":\"Tony Mora Boots\",\"url\":\"https:\\\/\\\/tonymora.com\\\/de\\\/\",\"logo\":{\"@type\":\"ImageObject\",\"inLanguage\":\"de\",\"@id\":\"https:\\\/\\\/tonymora.com\\\/de\\\/#\\\/schema\\\/logo\\\/image\\\/\",\"url\":\"https:\\\/\\\/tonymora.com\\\/wp-content\\\/uploads\\\/2023\\\/12\\\/LOGO.jpg\",\"contentUrl\":\"https:\\\/\\\/tonymora.com\\\/wp-content\\\/uploads\\\/2023\\\/12\\\/LOGO.jpg\",\"width\":2272,\"height\":1411,\"caption\":\"Tony Mora Boots\"},\"image\":{\"@id\":\"https:\\\/\\\/tonymora.com\\\/de\\\/#\\\/schema\\\/logo\\\/image\\\/\"},\"sameAs\":[\"https:\\\/\\\/www.facebook.com\\\/Tonymoraofficial\\\/\",\"https:\\\/\\\/www.instagram.com\\\/tonymoraofficial\\\/?hl=es\"]}]}<\/script>\n<!-- \/ Yoast SEO plugin. -->","yoast_head_json":{"title":"2263 DASLU LINI PITON BC GRAU \/ SERRAJE GRAU - Tony Mora\u00ae Boots Official Store","description":"Wir lieben dieses Modell wegen des eleganten Pythonleders im Farbton Grau. Auf der Oberseite und den Sch\u00e4ften k\u00f6nnen Sie eine spezielle.","robots":{"index":"index","follow":"follow","max-snippet":"max-snippet:-1","max-image-preview":"max-image-preview:large","max-video-preview":"max-video-preview:-1"},"canonical":"https:\/\/tonymora.com\/de\/produkt\/2263-daslu-lini-piton-bc-grau-serraje-grau\/","og_locale":"de_DE","og_type":"article","og_title":"2263 DASLU LINI PITON BC GRAU \/ SERRAJE GRAU - Tony Mora\u00ae Boots Official Store","og_description":"Wir lieben dieses Modell wegen des eleganten Pythonleders im Farbton Grau. Auf der Oberseite und den Sch\u00e4ften k\u00f6nnen Sie eine spezielle.","og_url":"https:\/\/tonymora.com\/de\/produkt\/2263-daslu-lini-piton-bc-grau-serraje-grau\/","og_site_name":"Tony Mora\u00ae Boots Official Store","article_publisher":"https:\/\/www.facebook.com\/Tonymoraofficial\/","article_modified_time":"2023-11-09T08:36:12+00:00","og_image":[{"width":866,"height":1032,"url":"https:\/\/tonymora.com\/wp-content\/uploads\/2022\/10\/02-2263-DASLU-LINI-PITON-BC-GRIS-SERRAJE-GRIS-1.jpg","type":"image\/jpeg"}],"twitter_card":"summary_large_image","schema":{"@context":"https:\/\/schema.org","@graph":[{"@type":"WebPage","@id":"https:\/\/tonymora.com\/de\/produkt\/2263-daslu-lini-piton-bc-grau-serraje-grau\/","url":"https:\/\/tonymora.com\/de\/produkt\/2263-daslu-lini-piton-bc-grau-serraje-grau\/","name":"2263 DASLU LINI PITON BC GRAU \/ SERRAJE GRAU - Tony Mora\u00ae Boots Official Store","isPartOf":{"@id":"https:\/\/tonymora.com\/de\/#website"},"primaryImageOfPage":{"@id":"https:\/\/tonymora.com\/de\/produkt\/2263-daslu-lini-piton-bc-grau-serraje-grau\/#primaryimage"},"image":{"@id":"https:\/\/tonymora.com\/de\/produkt\/2263-daslu-lini-piton-bc-grau-serraje-grau\/#primaryimage"},"thumbnailUrl":"https:\/\/tonymora.com\/wp-content\/uploads\/2022\/10\/02-2263-DASLU-LINI-PITON-BC-GRIS-SERRAJE-GRIS-1.jpg","datePublished":"2022-10-31T12:16:32+00:00","dateModified":"2023-11-09T08:36:12+00:00","description":"Wir lieben dieses Modell wegen des eleganten Pythonleders im Farbton Grau. Auf der Oberseite und den Sch\u00e4ften k\u00f6nnen Sie eine spezielle.","breadcrumb":{"@id":"https:\/\/tonymora.com\/de\/produkt\/2263-daslu-lini-piton-bc-grau-serraje-grau\/#breadcrumb"},"inLanguage":"de","potentialAction":[{"@type":"ReadAction","target":["https:\/\/tonymora.com\/de\/produkt\/2263-daslu-lini-piton-bc-grau-serraje-grau\/"]}]},{"@type":"ImageObject","inLanguage":"de","@id":"https:\/\/tonymora.com\/de\/produkt\/2263-daslu-lini-piton-bc-grau-serraje-grau\/#primaryimage","url":"https:\/\/tonymora.com\/wp-content\/uploads\/2022\/10\/02-2263-DASLU-LINI-PITON-BC-GRIS-SERRAJE-GRIS-1.jpg","contentUrl":"https:\/\/tonymora.com\/wp-content\/uploads\/2022\/10\/02-2263-DASLU-LINI-PITON-BC-GRIS-SERRAJE-GRIS-1.jpg","width":866,"height":1032},{"@type":"BreadcrumbList","@id":"https:\/\/tonymora.com\/de\/produkt\/2263-daslu-lini-piton-bc-grau-serraje-grau\/#breadcrumb","itemListElement":[{"@type":"ListItem","position":1,"name":"Portada","item":"https:\/\/tonymora.com\/de\/"},{"@type":"ListItem","position":2,"name":"Shop","item":"https:\/\/tonymora.com\/de\/shop\/"},{"@type":"ListItem","position":3,"name":"Damen","item":"https:\/\/tonymora.com\/de\/produkt-kategorie\/damen\/"},{"@type":"ListItem","position":4,"name":"2263 DASLU LINI PITON BC GRAU \/ SERRAJE GRAU"}]},{"@type":"WebSite","@id":"https:\/\/tonymora.com\/de\/#website","url":"https:\/\/tonymora.com\/de\/","name":"Tony Mora\u00ae Boots Official Store","description":"Cowboy Boots","publisher":{"@id":"https:\/\/tonymora.com\/de\/#organization"},"potentialAction":[{"@type":"SearchAction","target":{"@type":"EntryPoint","urlTemplate":"https:\/\/tonymora.com\/de\/?s={search_term_string}"},"query-input":{"@type":"PropertyValueSpecification","valueRequired":true,"valueName":"search_term_string"}}],"inLanguage":"de"},{"@type":"Organization","@id":"https:\/\/tonymora.com\/de\/#organization","name":"Tony Mora Boots","url":"https:\/\/tonymora.com\/de\/","logo":{"@type":"ImageObject","inLanguage":"de","@id":"https:\/\/tonymora.com\/de\/#\/schema\/logo\/image\/","url":"https:\/\/tonymora.com\/wp-content\/uploads\/2023\/12\/LOGO.jpg","contentUrl":"https:\/\/tonymora.com\/wp-content\/uploads\/2023\/12\/LOGO.jpg","width":2272,"height":1411,"caption":"Tony Mora Boots"},"image":{"@id":"https:\/\/tonymora.com\/de\/#\/schema\/logo\/image\/"},"sameAs":["https:\/\/www.facebook.com\/Tonymoraofficial\/","https:\/\/www.instagram.com\/tonymoraofficial\/?hl=es"]}]}},"_links":{"self":[{"href":"https:\/\/tonymora.com\/de\/wp-json\/wp\/v2\/product\/699562","targetHints":{"allow":["GET"]}}],"collection":[{"href":"https:\/\/tonymora.com\/de\/wp-json\/wp\/v2\/product"}],"about":[{"href":"https:\/\/tonymora.com\/de\/wp-json\/wp\/v2\/types\/product"}],"wp:featuredmedia":[{"embeddable":true,"href":"https:\/\/tonymora.com\/de\/wp-json\/wp\/v2\/media\/699950"}],"wp:attachment":[{"href":"https:\/\/tonymora.com\/de\/wp-json\/wp\/v2\/media?parent=699562"}],"wp:term":[{"taxonomy":"product_brand","embeddable":true,"href":"https:\/\/tonymora.com\/de\/wp-json\/wp\/v2\/product_brand?post=699562"},{"taxonomy":"product_cat","embeddable":true,"href":"https:\/\/tonymora.com\/de\/wp-json\/wp\/v2\/product_cat?post=699562"},{"taxonomy":"product_tag","embeddable":true,"href":"https:\/\/tonymora.com\/de\/wp-json\/wp\/v2\/product_tag?post=699562"}],"curies":[{"name":"wp","href":"https:\/\/api.w.org\/{rel}","templated":true}]}}