{"id":699936,"date":"2022-11-08T15:48:23","date_gmt":"2022-11-08T14:48:23","guid":{"rendered":"https:\/\/tonymora.com\/producto\/2154-daslu-lini-nobuck-washed-vino\/"},"modified":"2023-05-24T12:52:35","modified_gmt":"2023-05-24T10:52:35","slug":"2154-daslu-lini-nobuck-washed-vino","status":"publish","type":"product","link":"https:\/\/tonymora.com\/de\/produkt\/2154-daslu-lini-nobuck-washed-vino\/","title":{"rendered":"2154 DASLU LINI NOBUCK WASHED VINO"},"content":{"rendered":"<p>Verlieben Sie sich in dieses Modell in einem sehr weichen Rotweinton, mit schmaler Schuhspitze und mittlerem Absatz. Die blumenf\u00f6rmigen N\u00e4hte an den Sch\u00e4ften mit wei??en F\u00e4den erzeugen einen Farbkontrast und verleihen dem Stiefel eine einzigartige Note. Auch das silberfarbene Detail am unteren Ende des Schafts bewirkt ein Spiel von Texturen und Farben. Genie??en Sie jeden Schritt mit diesem Modell, das zu jeder Gelegenheit passt!<\/p>\n","protected":false},"excerpt":{"rendered":"<p>Ein Schmuckst\u00fcck mit Seele, geschaffen, um Sie auf ganz besondere Weise zu begleiten. Der perfekte Touch, der Ihre Pers\u00f6nlichkeit unterstreicht.<br \/>\nEin Schmuckst\u00fcck, das Ihre Identit\u00e4t st\u00e4rkt und Ihnen m\u00fchelose Eleganz verleiht.<\/p>\n","protected":false},"featured_media":699911,"template":"","meta":{"_mbp_gutenberg_autopost":false},"product_brand":[757,761,763,765,767],"product_cat":[169,167,1141,1135],"product_tag":[],"class_list":{"0":"post-699936","1":"product","2":"type-product","3":"status-publish","4":"has-post-thumbnail","6":"product_brand-talla-mujer-36","7":"product_brand-talla-mujer-38","8":"product_brand-talla-mujer-39","9":"product_brand-talla-mujer-40","10":"product_brand-talla-mujer-41","11":"product_cat-casual-damenstiefel","12":"product_cat-damen","13":"product_cat-lederstiefel-damen","14":"product_cat-rabatte-damenstiefel","16":"first","17":"outofstock","18":"taxable","19":"shipping-taxable","20":"product-type-variable"},"supplier_id":null,"supplier_sku":"","barcode":null,"atum_controlled":true,"out_stock_date":null,"out_stock_threshold":null,"inheritable":true,"inbound_stock":0,"stock_on_hold":0,"sold_today":0,"sales_last_days":0,"reserved_stock":0,"customer_returns":0,"warehouse_damage":0,"lost_in_post":0,"other_logs":0,"out_stock_days":0,"lost_sales":0,"has_location":false,"update_date":"2025-10-27T12:41:48","atum_locations":[],"atum_stock_status":"outofstock","restock_status":false,"low_stock_amount":"","sales_update_date":"2024-04-24T22:32:23","calc_backorders":null,"yoast_head":"<!-- This site is optimized with the Yoast SEO plugin v27.2 - https:\/\/yoast.com\/product\/yoast-seo-wordpress\/ -->\n<title>2154 DASLU LINI NOBUCK WASHED VINO - Tony Mora\u00ae Boots Official Store<\/title>\n<meta name=\"description\" content=\"Verlieben Sie sich in dieses Modell in einem sehr weichen Rotweinton, mit schmaler Schuhspitze und mittlerem Absatz.\" \/>\n<meta name=\"robots\" content=\"index, follow, max-snippet:-1, max-image-preview:large, max-video-preview:-1\" \/>\n<link rel=\"canonical\" href=\"https:\/\/tonymora.com\/de\/produkt\/2154-daslu-lini-nobuck-washed-vino\/\" \/>\n<meta property=\"og:locale\" content=\"de_DE\" \/>\n<meta property=\"og:type\" content=\"article\" \/>\n<meta property=\"og:title\" content=\"2154 DASLU LINI NOBUCK WASHED VINO - Tony Mora\u00ae Boots Official Store\" \/>\n<meta property=\"og:description\" content=\"Verlieben Sie sich in dieses Modell in einem sehr weichen Rotweinton, mit schmaler Schuhspitze und mittlerem Absatz.\" \/>\n<meta property=\"og:url\" content=\"https:\/\/tonymora.com\/de\/produkt\/2154-daslu-lini-nobuck-washed-vino\/\" \/>\n<meta property=\"og:site_name\" content=\"Tony Mora\u00ae Boots Official Store\" \/>\n<meta property=\"article:publisher\" content=\"https:\/\/www.facebook.com\/Tonymoraofficial\/\" \/>\n<meta property=\"article:modified_time\" content=\"2023-05-24T10:52:35+00:00\" \/>\n<meta property=\"og:image\" content=\"https:\/\/tonymora.com\/wp-content\/uploads\/2022\/11\/03-2154-DASLU-LINI-WASHED-NUBUCK-VINO.jpg\" \/>\n\t<meta property=\"og:image:width\" content=\"866\" \/>\n\t<meta property=\"og:image:height\" content=\"1032\" \/>\n\t<meta property=\"og:image:type\" content=\"image\/jpeg\" \/>\n<meta name=\"twitter:card\" content=\"summary_large_image\" \/>\n<script type=\"application\/ld+json\" class=\"yoast-schema-graph\">{\"@context\":\"https:\/\/schema.org\",\"@graph\":[{\"@type\":\"WebPage\",\"@id\":\"https:\/\/tonymora.com\/de\/produkt\/2154-daslu-lini-nobuck-washed-vino\/\",\"url\":\"https:\/\/tonymora.com\/de\/produkt\/2154-daslu-lini-nobuck-washed-vino\/\",\"name\":\"2154 DASLU LINI NOBUCK WASHED VINO - Tony Mora\u00ae Boots Official Store\",\"isPartOf\":{\"@id\":\"https:\/\/tonymora.com\/de\/#website\"},\"primaryImageOfPage\":{\"@id\":\"https:\/\/tonymora.com\/de\/produkt\/2154-daslu-lini-nobuck-washed-vino\/#primaryimage\"},\"image\":{\"@id\":\"https:\/\/tonymora.com\/de\/produkt\/2154-daslu-lini-nobuck-washed-vino\/#primaryimage\"},\"thumbnailUrl\":\"https:\/\/tonymora.com\/wp-content\/uploads\/2022\/11\/03-2154-DASLU-LINI-WASHED-NUBUCK-VINO.jpg\",\"datePublished\":\"2022-11-08T14:48:23+00:00\",\"dateModified\":\"2023-05-24T10:52:35+00:00\",\"description\":\"Verlieben Sie sich in dieses Modell in einem sehr weichen Rotweinton, mit schmaler Schuhspitze und mittlerem Absatz.\",\"breadcrumb\":{\"@id\":\"https:\/\/tonymora.com\/de\/produkt\/2154-daslu-lini-nobuck-washed-vino\/#breadcrumb\"},\"inLanguage\":\"de\",\"potentialAction\":[{\"@type\":\"ReadAction\",\"target\":[\"https:\/\/tonymora.com\/de\/produkt\/2154-daslu-lini-nobuck-washed-vino\/\"]}]},{\"@type\":\"ImageObject\",\"inLanguage\":\"de\",\"@id\":\"https:\/\/tonymora.com\/de\/produkt\/2154-daslu-lini-nobuck-washed-vino\/#primaryimage\",\"url\":\"https:\/\/tonymora.com\/wp-content\/uploads\/2022\/11\/03-2154-DASLU-LINI-WASHED-NUBUCK-VINO.jpg\",\"contentUrl\":\"https:\/\/tonymora.com\/wp-content\/uploads\/2022\/11\/03-2154-DASLU-LINI-WASHED-NUBUCK-VINO.jpg\",\"width\":866,\"height\":1032},{\"@type\":\"BreadcrumbList\",\"@id\":\"https:\/\/tonymora.com\/de\/produkt\/2154-daslu-lini-nobuck-washed-vino\/#breadcrumb\",\"itemListElement\":[{\"@type\":\"ListItem\",\"position\":1,\"name\":\"Portada\",\"item\":\"https:\/\/tonymora.com\/de\/\"},{\"@type\":\"ListItem\",\"position\":2,\"name\":\"Shop\",\"item\":\"https:\/\/tonymora.com\/de\/shop\/\"},{\"@type\":\"ListItem\",\"position\":3,\"name\":\"Black Friday\",\"item\":\"https:\/\/tonymora.com\/de\/produkt-kategorie\/black-friday-de\/\"},{\"@type\":\"ListItem\",\"position\":4,\"name\":\"2154 DASLU LINI NOBUCK WASHED VINO\"}]},{\"@type\":\"WebSite\",\"@id\":\"https:\/\/tonymora.com\/de\/#website\",\"url\":\"https:\/\/tonymora.com\/de\/\",\"name\":\"Tony Mora\u00ae Boots Official Store\",\"description\":\"Cowboy Boots\",\"publisher\":{\"@id\":\"https:\/\/tonymora.com\/de\/#organization\"},\"potentialAction\":[{\"@type\":\"SearchAction\",\"target\":{\"@type\":\"EntryPoint\",\"urlTemplate\":\"https:\/\/tonymora.com\/de\/?s={search_term_string}\"},\"query-input\":{\"@type\":\"PropertyValueSpecification\",\"valueRequired\":true,\"valueName\":\"search_term_string\"}}],\"inLanguage\":\"de\"},{\"@type\":\"Organization\",\"@id\":\"https:\/\/tonymora.com\/de\/#organization\",\"name\":\"Tony Mora Boots\",\"url\":\"https:\/\/tonymora.com\/de\/\",\"logo\":{\"@type\":\"ImageObject\",\"inLanguage\":\"de\",\"@id\":\"https:\/\/tonymora.com\/de\/#\/schema\/logo\/image\/\",\"url\":\"https:\/\/tonymora.com\/wp-content\/uploads\/2023\/12\/LOGO.jpg\",\"contentUrl\":\"https:\/\/tonymora.com\/wp-content\/uploads\/2023\/12\/LOGO.jpg\",\"width\":2272,\"height\":1411,\"caption\":\"Tony Mora Boots\"},\"image\":{\"@id\":\"https:\/\/tonymora.com\/de\/#\/schema\/logo\/image\/\"},\"sameAs\":[\"https:\/\/www.facebook.com\/Tonymoraofficial\/\",\"https:\/\/www.instagram.com\/tonymoraofficial\/?hl=es\"]}]}<\/script>\n<!-- \/ Yoast SEO plugin. -->","yoast_head_json":{"title":"2154 DASLU LINI NOBUCK WASHED VINO - Tony Mora\u00ae Boots Official Store","description":"Verlieben Sie sich in dieses Modell in einem sehr weichen Rotweinton, mit schmaler Schuhspitze und mittlerem Absatz.","robots":{"index":"index","follow":"follow","max-snippet":"max-snippet:-1","max-image-preview":"max-image-preview:large","max-video-preview":"max-video-preview:-1"},"canonical":"https:\/\/tonymora.com\/de\/produkt\/2154-daslu-lini-nobuck-washed-vino\/","og_locale":"de_DE","og_type":"article","og_title":"2154 DASLU LINI NOBUCK WASHED VINO - Tony Mora\u00ae Boots Official Store","og_description":"Verlieben Sie sich in dieses Modell in einem sehr weichen Rotweinton, mit schmaler Schuhspitze und mittlerem Absatz.","og_url":"https:\/\/tonymora.com\/de\/produkt\/2154-daslu-lini-nobuck-washed-vino\/","og_site_name":"Tony Mora\u00ae Boots Official Store","article_publisher":"https:\/\/www.facebook.com\/Tonymoraofficial\/","article_modified_time":"2023-05-24T10:52:35+00:00","og_image":[{"width":866,"height":1032,"url":"https:\/\/tonymora.com\/wp-content\/uploads\/2022\/11\/03-2154-DASLU-LINI-WASHED-NUBUCK-VINO.jpg","type":"image\/jpeg"}],"twitter_card":"summary_large_image","schema":{"@context":"https:\/\/schema.org","@graph":[{"@type":"WebPage","@id":"https:\/\/tonymora.com\/de\/produkt\/2154-daslu-lini-nobuck-washed-vino\/","url":"https:\/\/tonymora.com\/de\/produkt\/2154-daslu-lini-nobuck-washed-vino\/","name":"2154 DASLU LINI NOBUCK WASHED VINO - Tony Mora\u00ae Boots Official Store","isPartOf":{"@id":"https:\/\/tonymora.com\/de\/#website"},"primaryImageOfPage":{"@id":"https:\/\/tonymora.com\/de\/produkt\/2154-daslu-lini-nobuck-washed-vino\/#primaryimage"},"image":{"@id":"https:\/\/tonymora.com\/de\/produkt\/2154-daslu-lini-nobuck-washed-vino\/#primaryimage"},"thumbnailUrl":"https:\/\/tonymora.com\/wp-content\/uploads\/2022\/11\/03-2154-DASLU-LINI-WASHED-NUBUCK-VINO.jpg","datePublished":"2022-11-08T14:48:23+00:00","dateModified":"2023-05-24T10:52:35+00:00","description":"Verlieben Sie sich in dieses Modell in einem sehr weichen Rotweinton, mit schmaler Schuhspitze und mittlerem Absatz.","breadcrumb":{"@id":"https:\/\/tonymora.com\/de\/produkt\/2154-daslu-lini-nobuck-washed-vino\/#breadcrumb"},"inLanguage":"de","potentialAction":[{"@type":"ReadAction","target":["https:\/\/tonymora.com\/de\/produkt\/2154-daslu-lini-nobuck-washed-vino\/"]}]},{"@type":"ImageObject","inLanguage":"de","@id":"https:\/\/tonymora.com\/de\/produkt\/2154-daslu-lini-nobuck-washed-vino\/#primaryimage","url":"https:\/\/tonymora.com\/wp-content\/uploads\/2022\/11\/03-2154-DASLU-LINI-WASHED-NUBUCK-VINO.jpg","contentUrl":"https:\/\/tonymora.com\/wp-content\/uploads\/2022\/11\/03-2154-DASLU-LINI-WASHED-NUBUCK-VINO.jpg","width":866,"height":1032},{"@type":"BreadcrumbList","@id":"https:\/\/tonymora.com\/de\/produkt\/2154-daslu-lini-nobuck-washed-vino\/#breadcrumb","itemListElement":[{"@type":"ListItem","position":1,"name":"Portada","item":"https:\/\/tonymora.com\/de\/"},{"@type":"ListItem","position":2,"name":"Shop","item":"https:\/\/tonymora.com\/de\/shop\/"},{"@type":"ListItem","position":3,"name":"Black Friday","item":"https:\/\/tonymora.com\/de\/produkt-kategorie\/black-friday-de\/"},{"@type":"ListItem","position":4,"name":"2154 DASLU LINI NOBUCK WASHED VINO"}]},{"@type":"WebSite","@id":"https:\/\/tonymora.com\/de\/#website","url":"https:\/\/tonymora.com\/de\/","name":"Tony Mora\u00ae Boots Official Store","description":"Cowboy Boots","publisher":{"@id":"https:\/\/tonymora.com\/de\/#organization"},"potentialAction":[{"@type":"SearchAction","target":{"@type":"EntryPoint","urlTemplate":"https:\/\/tonymora.com\/de\/?s={search_term_string}"},"query-input":{"@type":"PropertyValueSpecification","valueRequired":true,"valueName":"search_term_string"}}],"inLanguage":"de"},{"@type":"Organization","@id":"https:\/\/tonymora.com\/de\/#organization","name":"Tony Mora Boots","url":"https:\/\/tonymora.com\/de\/","logo":{"@type":"ImageObject","inLanguage":"de","@id":"https:\/\/tonymora.com\/de\/#\/schema\/logo\/image\/","url":"https:\/\/tonymora.com\/wp-content\/uploads\/2023\/12\/LOGO.jpg","contentUrl":"https:\/\/tonymora.com\/wp-content\/uploads\/2023\/12\/LOGO.jpg","width":2272,"height":1411,"caption":"Tony Mora Boots"},"image":{"@id":"https:\/\/tonymora.com\/de\/#\/schema\/logo\/image\/"},"sameAs":["https:\/\/www.facebook.com\/Tonymoraofficial\/","https:\/\/www.instagram.com\/tonymoraofficial\/?hl=es"]}]}},"_links":{"self":[{"href":"https:\/\/tonymora.com\/de\/wp-json\/wp\/v2\/product\/699936","targetHints":{"allow":["GET"]}}],"collection":[{"href":"https:\/\/tonymora.com\/de\/wp-json\/wp\/v2\/product"}],"about":[{"href":"https:\/\/tonymora.com\/de\/wp-json\/wp\/v2\/types\/product"}],"wp:featuredmedia":[{"embeddable":true,"href":"https:\/\/tonymora.com\/de\/wp-json\/wp\/v2\/media\/699911"}],"wp:attachment":[{"href":"https:\/\/tonymora.com\/de\/wp-json\/wp\/v2\/media?parent=699936"}],"wp:term":[{"taxonomy":"product_brand","embeddable":true,"href":"https:\/\/tonymora.com\/de\/wp-json\/wp\/v2\/product_brand?post=699936"},{"taxonomy":"product_cat","embeddable":true,"href":"https:\/\/tonymora.com\/de\/wp-json\/wp\/v2\/product_cat?post=699936"},{"taxonomy":"product_tag","embeddable":true,"href":"https:\/\/tonymora.com\/de\/wp-json\/wp\/v2\/product_tag?post=699936"}],"curies":[{"name":"wp","href":"https:\/\/api.w.org\/{rel}","templated":true}]}}