{"id":700992,"date":"2022-11-24T11:28:46","date_gmt":"2022-11-24T10:28:46","guid":{"rendered":"https:\/\/tonymora.com\/producto\/448-gab-daslu-piton-moteado-marron\/"},"modified":"2023-11-09T09:15:28","modified_gmt":"2023-11-09T08:15:28","slug":"448-gab-daslu-piton-moteado-braun","status":"publish","type":"product","link":"https:\/\/tonymora.com\/de\/produkt\/448-gab-daslu-piton-moteado-braun\/","title":{"rendered":"448 GAB DASLU PITON MOTEADO BRAUN"},"content":{"rendered":"<p>Stil und Eleganz vereinen sich in diesem Paar Ankle Boots. Mit der Tony Mora-Garantie bieten wir Ihnen diesen exotischen und gewagten Look aus Python-Leder an. Das weiche Kalbsleder gibt Ihnen innen den Komfort<\/p>\n","protected":false},"excerpt":{"rendered":"<p>Eine Wahl, die auf den ersten Blick etwas Besonderes ist. Ein ausdrucksstarkes Detail, das Ihrem Outfit das gewisse Etwas verleiht.<br \/>\nEin Kleidungsst\u00fcck, das Ihre Pers\u00f6nlichkeit unterstreicht und Ihren Stil m\u00fchelos perfektioniert.<\/p>\n","protected":false},"featured_media":700982,"template":"","meta":{"_mbp_gutenberg_autopost":false},"product_brand":[757,759,761,763,765,767],"product_cat":[1174,167,226,224,1139,1135],"product_tag":[],"class_list":{"0":"post-700992","1":"product","2":"type-product","3":"status-publish","4":"has-post-thumbnail","6":"product_brand-talla-mujer-36","7":"product_brand-talla-mujer-37","8":"product_brand-talla-mujer-38","9":"product_brand-talla-mujer-39","10":"product_brand-talla-mujer-40","11":"product_brand-talla-mujer-41","12":"product_cat-black-friday-de","13":"product_cat-damen","14":"product_cat-damen-stiefeletten","15":"product_cat-luxusstiefel-damen","16":"product_cat-python-stiefel-damen","17":"product_cat-rabatte-damenstiefel","19":"first","20":"outofstock","21":"taxable","22":"shipping-taxable","23":"purchasable","24":"product-type-variable"},"supplier_id":null,"supplier_sku":"","barcode":null,"atum_controlled":true,"out_stock_date":null,"out_stock_threshold":null,"inheritable":true,"inbound_stock":0,"stock_on_hold":1,"sold_today":0,"sales_last_days":0,"reserved_stock":0,"customer_returns":0,"warehouse_damage":0,"lost_in_post":0,"other_logs":0,"out_stock_days":0,"lost_sales":0,"has_location":false,"update_date":"2025-04-07T22:31:44","atum_locations":[],"atum_stock_status":"instock","restock_status":false,"low_stock_amount":"","sales_update_date":"2024-04-24T22:32:23","calc_backorders":null,"yoast_head":"<!-- This site is optimized with the Yoast SEO plugin v27.2 - https:\/\/yoast.com\/product\/yoast-seo-wordpress\/ -->\n<title>448 GAB DASLU PITON MOTEADO BRAUN - Tony Mora\u00ae Boots Official Store<\/title>\n<meta name=\"description\" content=\"Mit der Tony Mora-Garantie bieten wir Ihnen diesen exotischen und gewagten Look aus Python-Leder an. Das weiche Kalbsleder gibt Ihnen\" \/>\n<meta name=\"robots\" content=\"index, follow, max-snippet:-1, max-image-preview:large, max-video-preview:-1\" \/>\n<link rel=\"canonical\" href=\"https:\/\/tonymora.com\/de\/produkt\/448-gab-daslu-piton-moteado-braun\/\" \/>\n<meta property=\"og:locale\" content=\"de_DE\" \/>\n<meta property=\"og:type\" content=\"article\" \/>\n<meta property=\"og:title\" content=\"448 GAB DASLU PITON MOTEADO BRAUN - Tony Mora\u00ae Boots Official Store\" \/>\n<meta property=\"og:description\" content=\"Mit der Tony Mora-Garantie bieten wir Ihnen diesen exotischen und gewagten Look aus Python-Leder an. Das weiche Kalbsleder gibt Ihnen\" \/>\n<meta property=\"og:url\" content=\"https:\/\/tonymora.com\/de\/produkt\/448-gab-daslu-piton-moteado-braun\/\" \/>\n<meta property=\"og:site_name\" content=\"Tony Mora\u00ae Boots Official Store\" \/>\n<meta property=\"article:publisher\" content=\"https:\/\/www.facebook.com\/Tonymoraofficial\/\" \/>\n<meta property=\"article:modified_time\" content=\"2023-11-09T08:15:28+00:00\" \/>\n<meta property=\"og:image\" content=\"https:\/\/tonymora.com\/wp-content\/uploads\/2022\/11\/07-448-gab-daslu-pinton-marron-bc.jpg\" \/>\n\t<meta property=\"og:image:width\" content=\"866\" \/>\n\t<meta property=\"og:image:height\" content=\"1032\" \/>\n\t<meta property=\"og:image:type\" content=\"image\/jpeg\" \/>\n<meta name=\"twitter:card\" content=\"summary_large_image\" \/>\n<script type=\"application\/ld+json\" class=\"yoast-schema-graph\">{\"@context\":\"https:\/\/schema.org\",\"@graph\":[{\"@type\":\"WebPage\",\"@id\":\"https:\/\/tonymora.com\/de\/produkt\/448-gab-daslu-piton-moteado-braun\/\",\"url\":\"https:\/\/tonymora.com\/de\/produkt\/448-gab-daslu-piton-moteado-braun\/\",\"name\":\"448 GAB DASLU PITON MOTEADO BRAUN - Tony Mora\u00ae Boots Official Store\",\"isPartOf\":{\"@id\":\"https:\/\/tonymora.com\/de\/#website\"},\"primaryImageOfPage\":{\"@id\":\"https:\/\/tonymora.com\/de\/produkt\/448-gab-daslu-piton-moteado-braun\/#primaryimage\"},\"image\":{\"@id\":\"https:\/\/tonymora.com\/de\/produkt\/448-gab-daslu-piton-moteado-braun\/#primaryimage\"},\"thumbnailUrl\":\"https:\/\/tonymora.com\/wp-content\/uploads\/2022\/11\/07-448-gab-daslu-pinton-marron-bc.jpg\",\"datePublished\":\"2022-11-24T10:28:46+00:00\",\"dateModified\":\"2023-11-09T08:15:28+00:00\",\"description\":\"Mit der Tony Mora-Garantie bieten wir Ihnen diesen exotischen und gewagten Look aus Python-Leder an. Das weiche Kalbsleder gibt Ihnen\",\"breadcrumb\":{\"@id\":\"https:\/\/tonymora.com\/de\/produkt\/448-gab-daslu-piton-moteado-braun\/#breadcrumb\"},\"inLanguage\":\"de\",\"potentialAction\":[{\"@type\":\"ReadAction\",\"target\":[\"https:\/\/tonymora.com\/de\/produkt\/448-gab-daslu-piton-moteado-braun\/\"]}]},{\"@type\":\"ImageObject\",\"inLanguage\":\"de\",\"@id\":\"https:\/\/tonymora.com\/de\/produkt\/448-gab-daslu-piton-moteado-braun\/#primaryimage\",\"url\":\"https:\/\/tonymora.com\/wp-content\/uploads\/2022\/11\/07-448-gab-daslu-pinton-marron-bc.jpg\",\"contentUrl\":\"https:\/\/tonymora.com\/wp-content\/uploads\/2022\/11\/07-448-gab-daslu-pinton-marron-bc.jpg\",\"width\":866,\"height\":1032},{\"@type\":\"BreadcrumbList\",\"@id\":\"https:\/\/tonymora.com\/de\/produkt\/448-gab-daslu-piton-moteado-braun\/#breadcrumb\",\"itemListElement\":[{\"@type\":\"ListItem\",\"position\":1,\"name\":\"Portada\",\"item\":\"https:\/\/tonymora.com\/de\/\"},{\"@type\":\"ListItem\",\"position\":2,\"name\":\"Shop\",\"item\":\"https:\/\/tonymora.com\/de\/shop\/\"},{\"@type\":\"ListItem\",\"position\":3,\"name\":\"Rabatte Damenstiefel\",\"item\":\"https:\/\/tonymora.com\/de\/produkt-kategorie\/rabatte-damenstiefel\/\"},{\"@type\":\"ListItem\",\"position\":4,\"name\":\"Python-Stiefel Damen\",\"item\":\"https:\/\/tonymora.com\/de\/produkt-kategorie\/rabatte-damenstiefel\/python-stiefel-damen\/\"},{\"@type\":\"ListItem\",\"position\":5,\"name\":\"448 GAB DASLU PITON MOTEADO BRAUN\"}]},{\"@type\":\"WebSite\",\"@id\":\"https:\/\/tonymora.com\/de\/#website\",\"url\":\"https:\/\/tonymora.com\/de\/\",\"name\":\"Tony Mora\u00ae Boots Official Store\",\"description\":\"Cowboy Boots\",\"publisher\":{\"@id\":\"https:\/\/tonymora.com\/de\/#organization\"},\"potentialAction\":[{\"@type\":\"SearchAction\",\"target\":{\"@type\":\"EntryPoint\",\"urlTemplate\":\"https:\/\/tonymora.com\/de\/?s={search_term_string}\"},\"query-input\":{\"@type\":\"PropertyValueSpecification\",\"valueRequired\":true,\"valueName\":\"search_term_string\"}}],\"inLanguage\":\"de\"},{\"@type\":\"Organization\",\"@id\":\"https:\/\/tonymora.com\/de\/#organization\",\"name\":\"Tony Mora Boots\",\"url\":\"https:\/\/tonymora.com\/de\/\",\"logo\":{\"@type\":\"ImageObject\",\"inLanguage\":\"de\",\"@id\":\"https:\/\/tonymora.com\/de\/#\/schema\/logo\/image\/\",\"url\":\"https:\/\/tonymora.com\/wp-content\/uploads\/2023\/12\/LOGO.jpg\",\"contentUrl\":\"https:\/\/tonymora.com\/wp-content\/uploads\/2023\/12\/LOGO.jpg\",\"width\":2272,\"height\":1411,\"caption\":\"Tony Mora Boots\"},\"image\":{\"@id\":\"https:\/\/tonymora.com\/de\/#\/schema\/logo\/image\/\"},\"sameAs\":[\"https:\/\/www.facebook.com\/Tonymoraofficial\/\",\"https:\/\/www.instagram.com\/tonymoraofficial\/?hl=es\"]}]}<\/script>\n<!-- \/ Yoast SEO plugin. -->","yoast_head_json":{"title":"448 GAB DASLU PITON MOTEADO BRAUN - Tony Mora\u00ae Boots Official Store","description":"Mit der Tony Mora-Garantie bieten wir Ihnen diesen exotischen und gewagten Look aus Python-Leder an. Das weiche Kalbsleder gibt Ihnen","robots":{"index":"index","follow":"follow","max-snippet":"max-snippet:-1","max-image-preview":"max-image-preview:large","max-video-preview":"max-video-preview:-1"},"canonical":"https:\/\/tonymora.com\/de\/produkt\/448-gab-daslu-piton-moteado-braun\/","og_locale":"de_DE","og_type":"article","og_title":"448 GAB DASLU PITON MOTEADO BRAUN - Tony Mora\u00ae Boots Official Store","og_description":"Mit der Tony Mora-Garantie bieten wir Ihnen diesen exotischen und gewagten Look aus Python-Leder an. Das weiche Kalbsleder gibt Ihnen","og_url":"https:\/\/tonymora.com\/de\/produkt\/448-gab-daslu-piton-moteado-braun\/","og_site_name":"Tony Mora\u00ae Boots Official Store","article_publisher":"https:\/\/www.facebook.com\/Tonymoraofficial\/","article_modified_time":"2023-11-09T08:15:28+00:00","og_image":[{"width":866,"height":1032,"url":"https:\/\/tonymora.com\/wp-content\/uploads\/2022\/11\/07-448-gab-daslu-pinton-marron-bc.jpg","type":"image\/jpeg"}],"twitter_card":"summary_large_image","schema":{"@context":"https:\/\/schema.org","@graph":[{"@type":"WebPage","@id":"https:\/\/tonymora.com\/de\/produkt\/448-gab-daslu-piton-moteado-braun\/","url":"https:\/\/tonymora.com\/de\/produkt\/448-gab-daslu-piton-moteado-braun\/","name":"448 GAB DASLU PITON MOTEADO BRAUN - Tony Mora\u00ae Boots Official Store","isPartOf":{"@id":"https:\/\/tonymora.com\/de\/#website"},"primaryImageOfPage":{"@id":"https:\/\/tonymora.com\/de\/produkt\/448-gab-daslu-piton-moteado-braun\/#primaryimage"},"image":{"@id":"https:\/\/tonymora.com\/de\/produkt\/448-gab-daslu-piton-moteado-braun\/#primaryimage"},"thumbnailUrl":"https:\/\/tonymora.com\/wp-content\/uploads\/2022\/11\/07-448-gab-daslu-pinton-marron-bc.jpg","datePublished":"2022-11-24T10:28:46+00:00","dateModified":"2023-11-09T08:15:28+00:00","description":"Mit der Tony Mora-Garantie bieten wir Ihnen diesen exotischen und gewagten Look aus Python-Leder an. Das weiche Kalbsleder gibt Ihnen","breadcrumb":{"@id":"https:\/\/tonymora.com\/de\/produkt\/448-gab-daslu-piton-moteado-braun\/#breadcrumb"},"inLanguage":"de","potentialAction":[{"@type":"ReadAction","target":["https:\/\/tonymora.com\/de\/produkt\/448-gab-daslu-piton-moteado-braun\/"]}]},{"@type":"ImageObject","inLanguage":"de","@id":"https:\/\/tonymora.com\/de\/produkt\/448-gab-daslu-piton-moteado-braun\/#primaryimage","url":"https:\/\/tonymora.com\/wp-content\/uploads\/2022\/11\/07-448-gab-daslu-pinton-marron-bc.jpg","contentUrl":"https:\/\/tonymora.com\/wp-content\/uploads\/2022\/11\/07-448-gab-daslu-pinton-marron-bc.jpg","width":866,"height":1032},{"@type":"BreadcrumbList","@id":"https:\/\/tonymora.com\/de\/produkt\/448-gab-daslu-piton-moteado-braun\/#breadcrumb","itemListElement":[{"@type":"ListItem","position":1,"name":"Portada","item":"https:\/\/tonymora.com\/de\/"},{"@type":"ListItem","position":2,"name":"Shop","item":"https:\/\/tonymora.com\/de\/shop\/"},{"@type":"ListItem","position":3,"name":"Rabatte Damenstiefel","item":"https:\/\/tonymora.com\/de\/produkt-kategorie\/rabatte-damenstiefel\/"},{"@type":"ListItem","position":4,"name":"Python-Stiefel Damen","item":"https:\/\/tonymora.com\/de\/produkt-kategorie\/rabatte-damenstiefel\/python-stiefel-damen\/"},{"@type":"ListItem","position":5,"name":"448 GAB DASLU PITON MOTEADO BRAUN"}]},{"@type":"WebSite","@id":"https:\/\/tonymora.com\/de\/#website","url":"https:\/\/tonymora.com\/de\/","name":"Tony Mora\u00ae Boots Official Store","description":"Cowboy Boots","publisher":{"@id":"https:\/\/tonymora.com\/de\/#organization"},"potentialAction":[{"@type":"SearchAction","target":{"@type":"EntryPoint","urlTemplate":"https:\/\/tonymora.com\/de\/?s={search_term_string}"},"query-input":{"@type":"PropertyValueSpecification","valueRequired":true,"valueName":"search_term_string"}}],"inLanguage":"de"},{"@type":"Organization","@id":"https:\/\/tonymora.com\/de\/#organization","name":"Tony Mora Boots","url":"https:\/\/tonymora.com\/de\/","logo":{"@type":"ImageObject","inLanguage":"de","@id":"https:\/\/tonymora.com\/de\/#\/schema\/logo\/image\/","url":"https:\/\/tonymora.com\/wp-content\/uploads\/2023\/12\/LOGO.jpg","contentUrl":"https:\/\/tonymora.com\/wp-content\/uploads\/2023\/12\/LOGO.jpg","width":2272,"height":1411,"caption":"Tony Mora Boots"},"image":{"@id":"https:\/\/tonymora.com\/de\/#\/schema\/logo\/image\/"},"sameAs":["https:\/\/www.facebook.com\/Tonymoraofficial\/","https:\/\/www.instagram.com\/tonymoraofficial\/?hl=es"]}]}},"_links":{"self":[{"href":"https:\/\/tonymora.com\/de\/wp-json\/wp\/v2\/product\/700992","targetHints":{"allow":["GET"]}}],"collection":[{"href":"https:\/\/tonymora.com\/de\/wp-json\/wp\/v2\/product"}],"about":[{"href":"https:\/\/tonymora.com\/de\/wp-json\/wp\/v2\/types\/product"}],"wp:featuredmedia":[{"embeddable":true,"href":"https:\/\/tonymora.com\/de\/wp-json\/wp\/v2\/media\/700982"}],"wp:attachment":[{"href":"https:\/\/tonymora.com\/de\/wp-json\/wp\/v2\/media?parent=700992"}],"wp:term":[{"taxonomy":"product_brand","embeddable":true,"href":"https:\/\/tonymora.com\/de\/wp-json\/wp\/v2\/product_brand?post=700992"},{"taxonomy":"product_cat","embeddable":true,"href":"https:\/\/tonymora.com\/de\/wp-json\/wp\/v2\/product_cat?post=700992"},{"taxonomy":"product_tag","embeddable":true,"href":"https:\/\/tonymora.com\/de\/wp-json\/wp\/v2\/product_tag?post=700992"}],"curies":[{"name":"wp","href":"https:\/\/api.w.org\/{rel}","templated":true}]}}