{"id":702621,"date":"2023-03-23T09:12:59","date_gmt":"2023-03-23T08:12:59","guid":{"rendered":"https:\/\/tonymora.com\/producto\/7010-daslu-lini-blanco-roto\/"},"modified":"2025-08-01T09:13:22","modified_gmt":"2025-08-01T07:13:22","slug":"7010-daslu-lini-cremefarben","status":"publish","type":"product","link":"https:\/\/tonymora.com\/de\/produkt\/7010-daslu-lini-cremefarben\/","title":{"rendered":"7010 DASLU LINI CREMEFARBEN"},"content":{"rendered":"<p>Machen Sie sich bereit, mit jedem Schritt in diesen Stiefeln zu gl\u00e4nzen. Wir m\u00f6gen es authentisch und besonders, deshalb haben wir dieses Paar aus cremefarbenem, gealtertem Kalbsleder kreiert. Kombiniert mit hellblauen N\u00e4hten am Schaft und am Schaftrand entsteht ein sanfter Farbkontrast. Die Schafth\u00f6he ist mittelhoch und eignet sich ideal zum Tragen mit Kleidern und Jeans. Ein einzigartiger Stiefel mit dem Qualit\u00e4tssiegel von Tony Mora.<\/p>\n","protected":false},"excerpt":{"rendered":"<p>Unaufdringliche Eleganz f\u00fcr Kenner. Souver\u00e4ne Ausstrahlung und m\u00fcheloser Stil.<br \/>\nDer letzte Schliff, der Schlichtheit in etwas Unvergessliches verwandelt.<\/p>\n","protected":false},"featured_media":721352,"template":"","meta":{"_mbp_gutenberg_autopost":false},"product_brand":[],"product_cat":[1174,169,167,1141,1135],"product_tag":[],"class_list":{"0":"post-702621","1":"product","2":"type-product","3":"status-publish","4":"has-post-thumbnail","6":"product_cat-black-friday-de","7":"product_cat-casual-damenstiefel","8":"product_cat-damen","9":"product_cat-lederstiefel-damen","10":"product_cat-rabatte-damenstiefel","12":"first","13":"instock","14":"taxable","15":"shipping-taxable","16":"purchasable","17":"product-type-variable"},"supplier_id":null,"supplier_sku":"","barcode":null,"atum_controlled":true,"out_stock_date":null,"out_stock_threshold":null,"inheritable":true,"inbound_stock":0,"stock_on_hold":1,"sold_today":1,"sales_last_days":1,"reserved_stock":0,"customer_returns":0,"warehouse_damage":0,"lost_in_post":0,"other_logs":0,"out_stock_days":0,"lost_sales":0,"has_location":false,"update_date":"2026-03-16T15:13:08","atum_locations":[],"atum_stock_status":"instock","restock_status":false,"low_stock_amount":"","sales_update_date":"2024-04-24T22:32:23","calc_backorders":null,"yoast_head":"<!-- This site is optimized with the Yoast SEO plugin v27.3 - https:\/\/yoast.com\/product\/yoast-seo-wordpress\/ -->\n<title>Wei\u00dfe Stiefel aus Distressed-Leder | Boho-Chic-Stil f\u00fcr Damen<\/title>\n<meta name=\"description\" content=\"Wei\u00dfe Lederstiefel mit Alterungseffekt und hellblauen Details. Authentisches Tony Mora-Design, perfekt f\u00fcr Kleider oder Jeans. Komfort und Stil f\u00fcr jeden Tag.\" \/>\n<meta name=\"robots\" content=\"index, follow, max-snippet:-1, max-image-preview:large, max-video-preview:-1\" \/>\n<link rel=\"canonical\" href=\"https:\/\/tonymora.com\/de\/produkt\/7010-daslu-lini-cremefarben\/\" \/>\n<meta property=\"og:locale\" content=\"de_DE\" \/>\n<meta property=\"og:type\" content=\"article\" \/>\n<meta property=\"og:title\" content=\"Wei\u00dfe Stiefel aus Distressed-Leder | Boho-Chic-Stil f\u00fcr Damen\" \/>\n<meta property=\"og:description\" content=\"Wei\u00dfe Lederstiefel mit Alterungseffekt und hellblauen Details. Authentisches Tony Mora-Design, perfekt f\u00fcr Kleider oder Jeans. Komfort und Stil f\u00fcr jeden Tag.\" \/>\n<meta property=\"og:url\" content=\"https:\/\/tonymora.com\/de\/produkt\/7010-daslu-lini-cremefarben\/\" \/>\n<meta property=\"og:site_name\" content=\"Tony Mora\u00ae Boots Official Store\" \/>\n<meta property=\"article:publisher\" content=\"https:\/\/www.facebook.com\/Tonymoraofficial\/\" \/>\n<meta property=\"article:modified_time\" content=\"2025-08-01T07:13:22+00:00\" \/>\n<meta property=\"og:image\" content=\"https:\/\/tonymora.com\/wp-content\/uploads\/2023\/03\/TONY-MORA-FOTO-MODELOS-14.png\" \/>\n\t<meta property=\"og:image:width\" content=\"866\" \/>\n\t<meta property=\"og:image:height\" content=\"1032\" \/>\n\t<meta property=\"og:image:type\" content=\"image\/png\" \/>\n<meta name=\"twitter:card\" content=\"summary_large_image\" \/>\n<meta name=\"twitter:label1\" content=\"Gesch\u00e4tzte Lesezeit\" \/>\n\t<meta name=\"twitter:data1\" content=\"1\u00a0Minute\" \/>\n<script type=\"application\/ld+json\" class=\"yoast-schema-graph\">{\"@context\":\"https:\\\/\\\/schema.org\",\"@graph\":[{\"@type\":\"WebPage\",\"@id\":\"https:\\\/\\\/tonymora.com\\\/de\\\/produkt\\\/7010-daslu-lini-cremefarben\\\/\",\"url\":\"https:\\\/\\\/tonymora.com\\\/de\\\/produkt\\\/7010-daslu-lini-cremefarben\\\/\",\"name\":\"Wei\u00dfe Stiefel aus Distressed-Leder | Boho-Chic-Stil f\u00fcr Damen\",\"isPartOf\":{\"@id\":\"https:\\\/\\\/tonymora.com\\\/de\\\/#website\"},\"primaryImageOfPage\":{\"@id\":\"https:\\\/\\\/tonymora.com\\\/de\\\/produkt\\\/7010-daslu-lini-cremefarben\\\/#primaryimage\"},\"image\":{\"@id\":\"https:\\\/\\\/tonymora.com\\\/de\\\/produkt\\\/7010-daslu-lini-cremefarben\\\/#primaryimage\"},\"thumbnailUrl\":\"https:\\\/\\\/tonymora.com\\\/wp-content\\\/uploads\\\/2023\\\/03\\\/TONY-MORA-FOTO-MODELOS-14.png\",\"datePublished\":\"2023-03-23T08:12:59+00:00\",\"dateModified\":\"2025-08-01T07:13:22+00:00\",\"description\":\"Wei\u00dfe Lederstiefel mit Alterungseffekt und hellblauen Details. Authentisches Tony Mora-Design, perfekt f\u00fcr Kleider oder Jeans. Komfort und Stil f\u00fcr jeden Tag.\",\"breadcrumb\":{\"@id\":\"https:\\\/\\\/tonymora.com\\\/de\\\/produkt\\\/7010-daslu-lini-cremefarben\\\/#breadcrumb\"},\"inLanguage\":\"de\",\"potentialAction\":[{\"@type\":\"ReadAction\",\"target\":[\"https:\\\/\\\/tonymora.com\\\/de\\\/produkt\\\/7010-daslu-lini-cremefarben\\\/\"]}]},{\"@type\":\"ImageObject\",\"inLanguage\":\"de\",\"@id\":\"https:\\\/\\\/tonymora.com\\\/de\\\/produkt\\\/7010-daslu-lini-cremefarben\\\/#primaryimage\",\"url\":\"https:\\\/\\\/tonymora.com\\\/wp-content\\\/uploads\\\/2023\\\/03\\\/TONY-MORA-FOTO-MODELOS-14.png\",\"contentUrl\":\"https:\\\/\\\/tonymora.com\\\/wp-content\\\/uploads\\\/2023\\\/03\\\/TONY-MORA-FOTO-MODELOS-14.png\",\"width\":866,\"height\":1032},{\"@type\":\"BreadcrumbList\",\"@id\":\"https:\\\/\\\/tonymora.com\\\/de\\\/produkt\\\/7010-daslu-lini-cremefarben\\\/#breadcrumb\",\"itemListElement\":[{\"@type\":\"ListItem\",\"position\":1,\"name\":\"Portada\",\"item\":\"https:\\\/\\\/tonymora.com\\\/de\\\/\"},{\"@type\":\"ListItem\",\"position\":2,\"name\":\"Shop\",\"item\":\"https:\\\/\\\/tonymora.com\\\/de\\\/shop\\\/\"},{\"@type\":\"ListItem\",\"position\":3,\"name\":\"Rabatte Damenstiefel\",\"item\":\"https:\\\/\\\/tonymora.com\\\/de\\\/produkt-kategorie\\\/rabatte-damenstiefel\\\/\"},{\"@type\":\"ListItem\",\"position\":4,\"name\":\"Lederstiefel Damen\",\"item\":\"https:\\\/\\\/tonymora.com\\\/de\\\/produkt-kategorie\\\/rabatte-damenstiefel\\\/lederstiefel-damen\\\/\"},{\"@type\":\"ListItem\",\"position\":5,\"name\":\"7010 DASLU LINI CREMEFARBEN\"}]},{\"@type\":\"WebSite\",\"@id\":\"https:\\\/\\\/tonymora.com\\\/de\\\/#website\",\"url\":\"https:\\\/\\\/tonymora.com\\\/de\\\/\",\"name\":\"Tony Mora\u00ae Boots Official Store\",\"description\":\"Cowboy Boots\",\"publisher\":{\"@id\":\"https:\\\/\\\/tonymora.com\\\/de\\\/#organization\"},\"potentialAction\":[{\"@type\":\"SearchAction\",\"target\":{\"@type\":\"EntryPoint\",\"urlTemplate\":\"https:\\\/\\\/tonymora.com\\\/de\\\/?s={search_term_string}\"},\"query-input\":{\"@type\":\"PropertyValueSpecification\",\"valueRequired\":true,\"valueName\":\"search_term_string\"}}],\"inLanguage\":\"de\"},{\"@type\":\"Organization\",\"@id\":\"https:\\\/\\\/tonymora.com\\\/de\\\/#organization\",\"name\":\"Tony Mora Boots\",\"url\":\"https:\\\/\\\/tonymora.com\\\/de\\\/\",\"logo\":{\"@type\":\"ImageObject\",\"inLanguage\":\"de\",\"@id\":\"https:\\\/\\\/tonymora.com\\\/de\\\/#\\\/schema\\\/logo\\\/image\\\/\",\"url\":\"https:\\\/\\\/tonymora.com\\\/wp-content\\\/uploads\\\/2023\\\/12\\\/LOGO.jpg\",\"contentUrl\":\"https:\\\/\\\/tonymora.com\\\/wp-content\\\/uploads\\\/2023\\\/12\\\/LOGO.jpg\",\"width\":2272,\"height\":1411,\"caption\":\"Tony Mora Boots\"},\"image\":{\"@id\":\"https:\\\/\\\/tonymora.com\\\/de\\\/#\\\/schema\\\/logo\\\/image\\\/\"},\"sameAs\":[\"https:\\\/\\\/www.facebook.com\\\/Tonymoraofficial\\\/\",\"https:\\\/\\\/www.instagram.com\\\/tonymoraofficial\\\/?hl=es\"]}]}<\/script>\n<!-- \/ Yoast SEO plugin. -->","yoast_head_json":{"title":"Wei\u00dfe Stiefel aus Distressed-Leder | Boho-Chic-Stil f\u00fcr Damen","description":"Wei\u00dfe Lederstiefel mit Alterungseffekt und hellblauen Details. Authentisches Tony Mora-Design, perfekt f\u00fcr Kleider oder Jeans. Komfort und Stil f\u00fcr jeden Tag.","robots":{"index":"index","follow":"follow","max-snippet":"max-snippet:-1","max-image-preview":"max-image-preview:large","max-video-preview":"max-video-preview:-1"},"canonical":"https:\/\/tonymora.com\/de\/produkt\/7010-daslu-lini-cremefarben\/","og_locale":"de_DE","og_type":"article","og_title":"Wei\u00dfe Stiefel aus Distressed-Leder | Boho-Chic-Stil f\u00fcr Damen","og_description":"Wei\u00dfe Lederstiefel mit Alterungseffekt und hellblauen Details. Authentisches Tony Mora-Design, perfekt f\u00fcr Kleider oder Jeans. Komfort und Stil f\u00fcr jeden Tag.","og_url":"https:\/\/tonymora.com\/de\/produkt\/7010-daslu-lini-cremefarben\/","og_site_name":"Tony Mora\u00ae Boots Official Store","article_publisher":"https:\/\/www.facebook.com\/Tonymoraofficial\/","article_modified_time":"2025-08-01T07:13:22+00:00","og_image":[{"width":866,"height":1032,"url":"https:\/\/tonymora.com\/wp-content\/uploads\/2023\/03\/TONY-MORA-FOTO-MODELOS-14.png","type":"image\/png"}],"twitter_card":"summary_large_image","twitter_misc":{"Gesch\u00e4tzte Lesezeit":"1\u00a0Minute"},"schema":{"@context":"https:\/\/schema.org","@graph":[{"@type":"WebPage","@id":"https:\/\/tonymora.com\/de\/produkt\/7010-daslu-lini-cremefarben\/","url":"https:\/\/tonymora.com\/de\/produkt\/7010-daslu-lini-cremefarben\/","name":"Wei\u00dfe Stiefel aus Distressed-Leder | Boho-Chic-Stil f\u00fcr Damen","isPartOf":{"@id":"https:\/\/tonymora.com\/de\/#website"},"primaryImageOfPage":{"@id":"https:\/\/tonymora.com\/de\/produkt\/7010-daslu-lini-cremefarben\/#primaryimage"},"image":{"@id":"https:\/\/tonymora.com\/de\/produkt\/7010-daslu-lini-cremefarben\/#primaryimage"},"thumbnailUrl":"https:\/\/tonymora.com\/wp-content\/uploads\/2023\/03\/TONY-MORA-FOTO-MODELOS-14.png","datePublished":"2023-03-23T08:12:59+00:00","dateModified":"2025-08-01T07:13:22+00:00","description":"Wei\u00dfe Lederstiefel mit Alterungseffekt und hellblauen Details. Authentisches Tony Mora-Design, perfekt f\u00fcr Kleider oder Jeans. Komfort und Stil f\u00fcr jeden Tag.","breadcrumb":{"@id":"https:\/\/tonymora.com\/de\/produkt\/7010-daslu-lini-cremefarben\/#breadcrumb"},"inLanguage":"de","potentialAction":[{"@type":"ReadAction","target":["https:\/\/tonymora.com\/de\/produkt\/7010-daslu-lini-cremefarben\/"]}]},{"@type":"ImageObject","inLanguage":"de","@id":"https:\/\/tonymora.com\/de\/produkt\/7010-daslu-lini-cremefarben\/#primaryimage","url":"https:\/\/tonymora.com\/wp-content\/uploads\/2023\/03\/TONY-MORA-FOTO-MODELOS-14.png","contentUrl":"https:\/\/tonymora.com\/wp-content\/uploads\/2023\/03\/TONY-MORA-FOTO-MODELOS-14.png","width":866,"height":1032},{"@type":"BreadcrumbList","@id":"https:\/\/tonymora.com\/de\/produkt\/7010-daslu-lini-cremefarben\/#breadcrumb","itemListElement":[{"@type":"ListItem","position":1,"name":"Portada","item":"https:\/\/tonymora.com\/de\/"},{"@type":"ListItem","position":2,"name":"Shop","item":"https:\/\/tonymora.com\/de\/shop\/"},{"@type":"ListItem","position":3,"name":"Rabatte Damenstiefel","item":"https:\/\/tonymora.com\/de\/produkt-kategorie\/rabatte-damenstiefel\/"},{"@type":"ListItem","position":4,"name":"Lederstiefel Damen","item":"https:\/\/tonymora.com\/de\/produkt-kategorie\/rabatte-damenstiefel\/lederstiefel-damen\/"},{"@type":"ListItem","position":5,"name":"7010 DASLU LINI CREMEFARBEN"}]},{"@type":"WebSite","@id":"https:\/\/tonymora.com\/de\/#website","url":"https:\/\/tonymora.com\/de\/","name":"Tony Mora\u00ae Boots Official Store","description":"Cowboy Boots","publisher":{"@id":"https:\/\/tonymora.com\/de\/#organization"},"potentialAction":[{"@type":"SearchAction","target":{"@type":"EntryPoint","urlTemplate":"https:\/\/tonymora.com\/de\/?s={search_term_string}"},"query-input":{"@type":"PropertyValueSpecification","valueRequired":true,"valueName":"search_term_string"}}],"inLanguage":"de"},{"@type":"Organization","@id":"https:\/\/tonymora.com\/de\/#organization","name":"Tony Mora Boots","url":"https:\/\/tonymora.com\/de\/","logo":{"@type":"ImageObject","inLanguage":"de","@id":"https:\/\/tonymora.com\/de\/#\/schema\/logo\/image\/","url":"https:\/\/tonymora.com\/wp-content\/uploads\/2023\/12\/LOGO.jpg","contentUrl":"https:\/\/tonymora.com\/wp-content\/uploads\/2023\/12\/LOGO.jpg","width":2272,"height":1411,"caption":"Tony Mora Boots"},"image":{"@id":"https:\/\/tonymora.com\/de\/#\/schema\/logo\/image\/"},"sameAs":["https:\/\/www.facebook.com\/Tonymoraofficial\/","https:\/\/www.instagram.com\/tonymoraofficial\/?hl=es"]}]}},"_links":{"self":[{"href":"https:\/\/tonymora.com\/de\/wp-json\/wp\/v2\/product\/702621","targetHints":{"allow":["GET"]}}],"collection":[{"href":"https:\/\/tonymora.com\/de\/wp-json\/wp\/v2\/product"}],"about":[{"href":"https:\/\/tonymora.com\/de\/wp-json\/wp\/v2\/types\/product"}],"wp:featuredmedia":[{"embeddable":true,"href":"https:\/\/tonymora.com\/de\/wp-json\/wp\/v2\/media\/721352"}],"wp:attachment":[{"href":"https:\/\/tonymora.com\/de\/wp-json\/wp\/v2\/media?parent=702621"}],"wp:term":[{"taxonomy":"product_brand","embeddable":true,"href":"https:\/\/tonymora.com\/de\/wp-json\/wp\/v2\/product_brand?post=702621"},{"taxonomy":"product_cat","embeddable":true,"href":"https:\/\/tonymora.com\/de\/wp-json\/wp\/v2\/product_cat?post=702621"},{"taxonomy":"product_tag","embeddable":true,"href":"https:\/\/tonymora.com\/de\/wp-json\/wp\/v2\/product_tag?post=702621"}],"curies":[{"name":"wp","href":"https:\/\/api.w.org\/{rel}","templated":true}]}}