{"id":702770,"date":"2023-03-23T09:49:25","date_gmt":"2023-03-23T08:49:25","guid":{"rendered":"https:\/\/tonymora.com\/producto\/2684-j-lini-serraje-brash-topo\/"},"modified":"2026-05-11T19:24:49","modified_gmt":"2026-05-11T17:24:49","slug":"2684-j-lini-serraje-brash-topo","status":"publish","type":"product","link":"https:\/\/tonymora.com\/de\/produkt\/2684-j-lini-serraje-brash-topo\/","title":{"rendered":"2684 J LINI SERRAJE BRASH TOPO"},"content":{"rendered":"<p>Diese Stiefelette wird der beste Partner zu allen Zeiten sein und Ihnen erlauben, jeden Moment zu genie\u00dfen. Der Lederton l\u00e4sst sich ideal mit allen Farben kombinieren. Sie k\u00f6nnen sie im Sommer wie im Winter tragen.<br \/>\nDas gewachste Finish des Leders verleiht ihm ein Farbspiel von T\u00f6nen und macht jedes Paar einzigartig.<\/p>\n","protected":false},"excerpt":{"rendered":"<p>Eine Wahl, die auf den ersten Blick besonders wirkt. Ein Hauch von Raffinesse, der Selbstbewusstsein und Eleganz ausstrahlt.<br \/>\nEine M\u00f6glichkeit, sich authentisch und elegant zu kleiden.<\/p>\n","protected":false},"featured_media":711708,"template":"","meta":{"_mbp_gutenberg_autopost":false},"product_brand":[],"product_cat":[1174,169,167,226,1141,1135],"product_tag":[],"class_list":{"0":"post-702770","1":"product","2":"type-product","3":"status-publish","4":"has-post-thumbnail","6":"product_cat-black-friday-de","7":"product_cat-casual-damenstiefel","8":"product_cat-damen","9":"product_cat-damen-stiefeletten","10":"product_cat-lederstiefel-damen","11":"product_cat-rabatte-damenstiefel","13":"first","14":"instock","15":"taxable","16":"shipping-taxable","17":"purchasable","18":"product-type-variable"},"_links":{"self":[{"href":"https:\/\/tonymora.com\/de\/wp-json\/wp\/v2\/product\/702770","targetHints":{"allow":["GET"]}}],"collection":[{"href":"https:\/\/tonymora.com\/de\/wp-json\/wp\/v2\/product"}],"about":[{"href":"https:\/\/tonymora.com\/de\/wp-json\/wp\/v2\/types\/product"}],"wp:featuredmedia":[{"embeddable":true,"href":"https:\/\/tonymora.com\/de\/wp-json\/wp\/v2\/media\/711708"}],"wp:attachment":[{"href":"https:\/\/tonymora.com\/de\/wp-json\/wp\/v2\/media?parent=702770"}],"wp:term":[{"taxonomy":"product_brand","embeddable":true,"href":"https:\/\/tonymora.com\/de\/wp-json\/wp\/v2\/product_brand?post=702770"},{"taxonomy":"product_cat","embeddable":true,"href":"https:\/\/tonymora.com\/de\/wp-json\/wp\/v2\/product_cat?post=702770"},{"taxonomy":"product_tag","embeddable":true,"href":"https:\/\/tonymora.com\/de\/wp-json\/wp\/v2\/product_tag?post=702770"}],"curies":[{"name":"wp","href":"https:\/\/api.w.org\/{rel}","templated":true}]}}