{"id":702906,"date":"2023-03-23T10:37:01","date_gmt":"2023-03-23T09:37:01","guid":{"rendered":"https:\/\/tonymora.com\/producto\/2107-daslu-daslu-piton-mate-negro\/"},"modified":"2023-11-09T08:56:54","modified_gmt":"2023-11-09T07:56:54","slug":"2107-daslu-daslu-piton-mate-negro","status":"publish","type":"product","link":"https:\/\/tonymora.com\/de\/produkt\/2107-daslu-daslu-piton-mate-negro\/","title":{"rendered":"2107 DASLU DASLU PITON MATE NEGRO"},"content":{"rendered":"<p>Stiefel, die die perfekte Kombination zwischen elegant und sexy sind. Ihre hohen Sch\u00e4fte kleiden und stilisieren die Form der Beine und enden in einer eleganten Fu\u00dfspitze; sie haben au\u00dferdem einen hohen Absatz, der ihnen den sexy Touch verleiht. Sie sind aus einem weichen, mattschwarzen Pythonleder gefertigt, das sich sehr fein anf\u00fchlt. Trauen Sie sich und zeigen Sie die gewagteste Seite von Tony Mora.<\/p>\n","protected":false},"excerpt":{"rendered":"<p>Ein Kleidungsst\u00fcck, das mit unaufdringlicher Selbstsicherheit besticht. Ein unverwechselbares Finish, das subtil Akzente setzt. Entworfen, um den Moment zu genie\u00dfen, nicht um Trends zu folgen.<\/p>\n","protected":false},"featured_media":704147,"template":"","meta":{"_mbp_gutenberg_autopost":false},"product_brand":[],"product_cat":[1174,167,224,1139,1135],"product_tag":[],"class_list":{"0":"post-702906","1":"product","2":"type-product","3":"status-publish","4":"has-post-thumbnail","6":"product_cat-black-friday-de","7":"product_cat-damen","8":"product_cat-luxusstiefel-damen","9":"product_cat-python-stiefel-damen","10":"product_cat-rabatte-damenstiefel","12":"first","13":"outofstock","14":"taxable","15":"shipping-taxable","16":"purchasable","17":"product-type-variable"},"supplier_id":null,"supplier_sku":"","barcode":null,"atum_controlled":true,"out_stock_date":null,"out_stock_threshold":null,"inheritable":true,"inbound_stock":0,"stock_on_hold":0,"sold_today":0,"sales_last_days":0,"reserved_stock":0,"customer_returns":0,"warehouse_damage":0,"lost_in_post":0,"other_logs":0,"out_stock_days":0,"lost_sales":0,"has_location":false,"update_date":"2024-10-31T14:55:53","atum_locations":[],"atum_stock_status":"instock","restock_status":false,"low_stock_amount":"","sales_update_date":"2024-04-24T22:32:24","calc_backorders":null,"yoast_head":"<!-- This site is optimized with the Yoast SEO plugin v27.2 - https:\/\/yoast.com\/product\/yoast-seo-wordpress\/ -->\n<title>2107 DASLU DASLU PITON MATE NEGRO - Tony Mora\u00ae Boots Official Store<\/title>\n<meta name=\"description\" content=\"Stiefel, die die perfekte Kombination zwischen elegant und sexy sind. Ihre hohen Sch\u00e4fte kleiden und stilisieren die Form der Beine\" \/>\n<meta name=\"robots\" content=\"index, follow, max-snippet:-1, max-image-preview:large, max-video-preview:-1\" \/>\n<link rel=\"canonical\" href=\"https:\/\/tonymora.com\/de\/produkt\/2107-daslu-daslu-piton-mate-negro\/\" \/>\n<meta property=\"og:locale\" content=\"de_DE\" \/>\n<meta property=\"og:type\" content=\"article\" \/>\n<meta property=\"og:title\" content=\"2107 DASLU DASLU PITON MATE NEGRO - Tony Mora\u00ae Boots Official Store\" \/>\n<meta property=\"og:description\" content=\"Stiefel, die die perfekte Kombination zwischen elegant und sexy sind. Ihre hohen Sch\u00e4fte kleiden und stilisieren die Form der Beine\" \/>\n<meta property=\"og:url\" content=\"https:\/\/tonymora.com\/de\/produkt\/2107-daslu-daslu-piton-mate-negro\/\" \/>\n<meta property=\"og:site_name\" content=\"Tony Mora\u00ae Boots Official Store\" \/>\n<meta property=\"article:publisher\" content=\"https:\/\/www.facebook.com\/Tonymoraofficial\/\" \/>\n<meta property=\"article:modified_time\" content=\"2023-11-09T07:56:54+00:00\" \/>\n<meta property=\"og:image\" content=\"https:\/\/tonymora.com\/wp-content\/uploads\/2023\/03\/02-2107-DASLU-DASLU-ANACONDA-MATE-NEGRO-BC.jpg\" \/>\n\t<meta property=\"og:image:width\" content=\"866\" \/>\n\t<meta property=\"og:image:height\" content=\"1032\" \/>\n\t<meta property=\"og:image:type\" content=\"image\/jpeg\" \/>\n<meta name=\"twitter:card\" content=\"summary_large_image\" \/>\n<script type=\"application\/ld+json\" class=\"yoast-schema-graph\">{\"@context\":\"https:\/\/schema.org\",\"@graph\":[{\"@type\":\"WebPage\",\"@id\":\"https:\/\/tonymora.com\/de\/produkt\/2107-daslu-daslu-piton-mate-negro\/\",\"url\":\"https:\/\/tonymora.com\/de\/produkt\/2107-daslu-daslu-piton-mate-negro\/\",\"name\":\"2107 DASLU DASLU PITON MATE NEGRO - Tony Mora\u00ae Boots Official Store\",\"isPartOf\":{\"@id\":\"https:\/\/tonymora.com\/de\/#website\"},\"primaryImageOfPage\":{\"@id\":\"https:\/\/tonymora.com\/de\/produkt\/2107-daslu-daslu-piton-mate-negro\/#primaryimage\"},\"image\":{\"@id\":\"https:\/\/tonymora.com\/de\/produkt\/2107-daslu-daslu-piton-mate-negro\/#primaryimage\"},\"thumbnailUrl\":\"https:\/\/tonymora.com\/wp-content\/uploads\/2023\/03\/02-2107-DASLU-DASLU-ANACONDA-MATE-NEGRO-BC.jpg\",\"datePublished\":\"2023-03-23T09:37:01+00:00\",\"dateModified\":\"2023-11-09T07:56:54+00:00\",\"description\":\"Stiefel, die die perfekte Kombination zwischen elegant und sexy sind. Ihre hohen Sch\u00e4fte kleiden und stilisieren die Form der Beine\",\"breadcrumb\":{\"@id\":\"https:\/\/tonymora.com\/de\/produkt\/2107-daslu-daslu-piton-mate-negro\/#breadcrumb\"},\"inLanguage\":\"de\",\"potentialAction\":[{\"@type\":\"ReadAction\",\"target\":[\"https:\/\/tonymora.com\/de\/produkt\/2107-daslu-daslu-piton-mate-negro\/\"]}]},{\"@type\":\"ImageObject\",\"inLanguage\":\"de\",\"@id\":\"https:\/\/tonymora.com\/de\/produkt\/2107-daslu-daslu-piton-mate-negro\/#primaryimage\",\"url\":\"https:\/\/tonymora.com\/wp-content\/uploads\/2023\/03\/02-2107-DASLU-DASLU-ANACONDA-MATE-NEGRO-BC.jpg\",\"contentUrl\":\"https:\/\/tonymora.com\/wp-content\/uploads\/2023\/03\/02-2107-DASLU-DASLU-ANACONDA-MATE-NEGRO-BC.jpg\",\"width\":866,\"height\":1032},{\"@type\":\"BreadcrumbList\",\"@id\":\"https:\/\/tonymora.com\/de\/produkt\/2107-daslu-daslu-piton-mate-negro\/#breadcrumb\",\"itemListElement\":[{\"@type\":\"ListItem\",\"position\":1,\"name\":\"Portada\",\"item\":\"https:\/\/tonymora.com\/de\/\"},{\"@type\":\"ListItem\",\"position\":2,\"name\":\"Shop\",\"item\":\"https:\/\/tonymora.com\/de\/shop\/\"},{\"@type\":\"ListItem\",\"position\":3,\"name\":\"Rabatte Damenstiefel\",\"item\":\"https:\/\/tonymora.com\/de\/produkt-kategorie\/rabatte-damenstiefel\/\"},{\"@type\":\"ListItem\",\"position\":4,\"name\":\"Python-Stiefel Damen\",\"item\":\"https:\/\/tonymora.com\/de\/produkt-kategorie\/rabatte-damenstiefel\/python-stiefel-damen\/\"},{\"@type\":\"ListItem\",\"position\":5,\"name\":\"2107 DASLU DASLU PITON MATE NEGRO\"}]},{\"@type\":\"WebSite\",\"@id\":\"https:\/\/tonymora.com\/de\/#website\",\"url\":\"https:\/\/tonymora.com\/de\/\",\"name\":\"Tony Mora\u00ae Boots Official Store\",\"description\":\"Cowboy Boots\",\"publisher\":{\"@id\":\"https:\/\/tonymora.com\/de\/#organization\"},\"potentialAction\":[{\"@type\":\"SearchAction\",\"target\":{\"@type\":\"EntryPoint\",\"urlTemplate\":\"https:\/\/tonymora.com\/de\/?s={search_term_string}\"},\"query-input\":{\"@type\":\"PropertyValueSpecification\",\"valueRequired\":true,\"valueName\":\"search_term_string\"}}],\"inLanguage\":\"de\"},{\"@type\":\"Organization\",\"@id\":\"https:\/\/tonymora.com\/de\/#organization\",\"name\":\"Tony Mora Boots\",\"url\":\"https:\/\/tonymora.com\/de\/\",\"logo\":{\"@type\":\"ImageObject\",\"inLanguage\":\"de\",\"@id\":\"https:\/\/tonymora.com\/de\/#\/schema\/logo\/image\/\",\"url\":\"https:\/\/tonymora.com\/wp-content\/uploads\/2023\/12\/LOGO.jpg\",\"contentUrl\":\"https:\/\/tonymora.com\/wp-content\/uploads\/2023\/12\/LOGO.jpg\",\"width\":2272,\"height\":1411,\"caption\":\"Tony Mora Boots\"},\"image\":{\"@id\":\"https:\/\/tonymora.com\/de\/#\/schema\/logo\/image\/\"},\"sameAs\":[\"https:\/\/www.facebook.com\/Tonymoraofficial\/\",\"https:\/\/www.instagram.com\/tonymoraofficial\/?hl=es\"]}]}<\/script>\n<!-- \/ Yoast SEO plugin. -->","yoast_head_json":{"title":"2107 DASLU DASLU PITON MATE NEGRO - Tony Mora\u00ae Boots Official Store","description":"Stiefel, die die perfekte Kombination zwischen elegant und sexy sind. Ihre hohen Sch\u00e4fte kleiden und stilisieren die Form der Beine","robots":{"index":"index","follow":"follow","max-snippet":"max-snippet:-1","max-image-preview":"max-image-preview:large","max-video-preview":"max-video-preview:-1"},"canonical":"https:\/\/tonymora.com\/de\/produkt\/2107-daslu-daslu-piton-mate-negro\/","og_locale":"de_DE","og_type":"article","og_title":"2107 DASLU DASLU PITON MATE NEGRO - Tony Mora\u00ae Boots Official Store","og_description":"Stiefel, die die perfekte Kombination zwischen elegant und sexy sind. Ihre hohen Sch\u00e4fte kleiden und stilisieren die Form der Beine","og_url":"https:\/\/tonymora.com\/de\/produkt\/2107-daslu-daslu-piton-mate-negro\/","og_site_name":"Tony Mora\u00ae Boots Official Store","article_publisher":"https:\/\/www.facebook.com\/Tonymoraofficial\/","article_modified_time":"2023-11-09T07:56:54+00:00","og_image":[{"width":866,"height":1032,"url":"https:\/\/tonymora.com\/wp-content\/uploads\/2023\/03\/02-2107-DASLU-DASLU-ANACONDA-MATE-NEGRO-BC.jpg","type":"image\/jpeg"}],"twitter_card":"summary_large_image","schema":{"@context":"https:\/\/schema.org","@graph":[{"@type":"WebPage","@id":"https:\/\/tonymora.com\/de\/produkt\/2107-daslu-daslu-piton-mate-negro\/","url":"https:\/\/tonymora.com\/de\/produkt\/2107-daslu-daslu-piton-mate-negro\/","name":"2107 DASLU DASLU PITON MATE NEGRO - Tony Mora\u00ae Boots Official Store","isPartOf":{"@id":"https:\/\/tonymora.com\/de\/#website"},"primaryImageOfPage":{"@id":"https:\/\/tonymora.com\/de\/produkt\/2107-daslu-daslu-piton-mate-negro\/#primaryimage"},"image":{"@id":"https:\/\/tonymora.com\/de\/produkt\/2107-daslu-daslu-piton-mate-negro\/#primaryimage"},"thumbnailUrl":"https:\/\/tonymora.com\/wp-content\/uploads\/2023\/03\/02-2107-DASLU-DASLU-ANACONDA-MATE-NEGRO-BC.jpg","datePublished":"2023-03-23T09:37:01+00:00","dateModified":"2023-11-09T07:56:54+00:00","description":"Stiefel, die die perfekte Kombination zwischen elegant und sexy sind. Ihre hohen Sch\u00e4fte kleiden und stilisieren die Form der Beine","breadcrumb":{"@id":"https:\/\/tonymora.com\/de\/produkt\/2107-daslu-daslu-piton-mate-negro\/#breadcrumb"},"inLanguage":"de","potentialAction":[{"@type":"ReadAction","target":["https:\/\/tonymora.com\/de\/produkt\/2107-daslu-daslu-piton-mate-negro\/"]}]},{"@type":"ImageObject","inLanguage":"de","@id":"https:\/\/tonymora.com\/de\/produkt\/2107-daslu-daslu-piton-mate-negro\/#primaryimage","url":"https:\/\/tonymora.com\/wp-content\/uploads\/2023\/03\/02-2107-DASLU-DASLU-ANACONDA-MATE-NEGRO-BC.jpg","contentUrl":"https:\/\/tonymora.com\/wp-content\/uploads\/2023\/03\/02-2107-DASLU-DASLU-ANACONDA-MATE-NEGRO-BC.jpg","width":866,"height":1032},{"@type":"BreadcrumbList","@id":"https:\/\/tonymora.com\/de\/produkt\/2107-daslu-daslu-piton-mate-negro\/#breadcrumb","itemListElement":[{"@type":"ListItem","position":1,"name":"Portada","item":"https:\/\/tonymora.com\/de\/"},{"@type":"ListItem","position":2,"name":"Shop","item":"https:\/\/tonymora.com\/de\/shop\/"},{"@type":"ListItem","position":3,"name":"Rabatte Damenstiefel","item":"https:\/\/tonymora.com\/de\/produkt-kategorie\/rabatte-damenstiefel\/"},{"@type":"ListItem","position":4,"name":"Python-Stiefel Damen","item":"https:\/\/tonymora.com\/de\/produkt-kategorie\/rabatte-damenstiefel\/python-stiefel-damen\/"},{"@type":"ListItem","position":5,"name":"2107 DASLU DASLU PITON MATE NEGRO"}]},{"@type":"WebSite","@id":"https:\/\/tonymora.com\/de\/#website","url":"https:\/\/tonymora.com\/de\/","name":"Tony Mora\u00ae Boots Official Store","description":"Cowboy Boots","publisher":{"@id":"https:\/\/tonymora.com\/de\/#organization"},"potentialAction":[{"@type":"SearchAction","target":{"@type":"EntryPoint","urlTemplate":"https:\/\/tonymora.com\/de\/?s={search_term_string}"},"query-input":{"@type":"PropertyValueSpecification","valueRequired":true,"valueName":"search_term_string"}}],"inLanguage":"de"},{"@type":"Organization","@id":"https:\/\/tonymora.com\/de\/#organization","name":"Tony Mora Boots","url":"https:\/\/tonymora.com\/de\/","logo":{"@type":"ImageObject","inLanguage":"de","@id":"https:\/\/tonymora.com\/de\/#\/schema\/logo\/image\/","url":"https:\/\/tonymora.com\/wp-content\/uploads\/2023\/12\/LOGO.jpg","contentUrl":"https:\/\/tonymora.com\/wp-content\/uploads\/2023\/12\/LOGO.jpg","width":2272,"height":1411,"caption":"Tony Mora Boots"},"image":{"@id":"https:\/\/tonymora.com\/de\/#\/schema\/logo\/image\/"},"sameAs":["https:\/\/www.facebook.com\/Tonymoraofficial\/","https:\/\/www.instagram.com\/tonymoraofficial\/?hl=es"]}]}},"_links":{"self":[{"href":"https:\/\/tonymora.com\/de\/wp-json\/wp\/v2\/product\/702906","targetHints":{"allow":["GET"]}}],"collection":[{"href":"https:\/\/tonymora.com\/de\/wp-json\/wp\/v2\/product"}],"about":[{"href":"https:\/\/tonymora.com\/de\/wp-json\/wp\/v2\/types\/product"}],"wp:featuredmedia":[{"embeddable":true,"href":"https:\/\/tonymora.com\/de\/wp-json\/wp\/v2\/media\/704147"}],"wp:attachment":[{"href":"https:\/\/tonymora.com\/de\/wp-json\/wp\/v2\/media?parent=702906"}],"wp:term":[{"taxonomy":"product_brand","embeddable":true,"href":"https:\/\/tonymora.com\/de\/wp-json\/wp\/v2\/product_brand?post=702906"},{"taxonomy":"product_cat","embeddable":true,"href":"https:\/\/tonymora.com\/de\/wp-json\/wp\/v2\/product_cat?post=702906"},{"taxonomy":"product_tag","embeddable":true,"href":"https:\/\/tonymora.com\/de\/wp-json\/wp\/v2\/product_tag?post=702906"}],"curies":[{"name":"wp","href":"https:\/\/api.w.org\/{rel}","templated":true}]}}