{"id":703004,"date":"2023-03-23T11:23:10","date_gmt":"2023-03-23T10:23:10","guid":{"rendered":"https:\/\/tonymora.com\/producto\/146-asturias-381-anaconda-kaki\/"},"modified":"2024-08-22T16:53:32","modified_gmt":"2024-08-22T14:53:32","slug":"146-asturias-381-anaconda-kaki","status":"publish","type":"product","link":"https:\/\/tonymora.com\/de\/produkt\/146-asturias-381-anaconda-kaki\/","title":{"rendered":"146 ASTURIAS 381 ANACONDA KAKI"},"content":{"rendered":"<p>Diese stilvollen khakifarbenen Anakonda-Schuhe sind das perfekte Accessoire f\u00fcr jede Gelegenheit. Sie werden in Handarbeit aus Anakonda-Leder hergestellt und zeichnen sich durch ihre beeindruckende Haltbarkeit und Flexibilit\u00e4t aus. Jedes Muster ist ein echtes Unikat, und unsere Kunsthandwerker schneiden jedes St\u00fcck von Hand zu, um einzigartige, einzigartige Schuhe zu schaffen. Jedes Fetzen dieses Anakonda-Leders strahlt Qualit\u00e4t und Exklusivit\u00e4t aus. Er l\u00e4sst sich im Alltag leicht mit Jeans oder einem Anzug kombinieren.<br \/>\nDas mit Kalbsleder gef\u00fctterte Innere bietet h\u00f6chsten Komfort und passt sich im Laufe der Zeit der Form des Fu\u00dfes an. Diese Schuhe sind ein wahres Kunstwerk, handgen\u00e4ht nach dem renommierten &#8222;Goodyear welted&#8220;-System, das Qualit\u00e4t und Haltbarkeit garantiert.<\/p>\n","protected":false},"excerpt":{"rendered":"<p>Eine markante Silhouette, die jeden Look aufwertet. Authentische Inspiration und unverwechselbare Pers\u00f6nlichkeit. Ein Kleidungsst\u00fcck, das heute, morgen und in vielen Jahren mit derselben Ausstrahlung getragen werden kann.<\/p>\n","protected":false},"featured_media":711666,"template":"","meta":{"_mbp_gutenberg_autopost":false},"product_brand":[],"product_cat":[1174,214,1143,1126,222],"product_tag":[],"class_list":{"0":"post-703004","1":"product","2":"type-product","3":"status-publish","4":"has-post-thumbnail","6":"product_cat-black-friday-de","7":"product_cat-herren","8":"product_cat-luxusstiefel-herren-de","9":"product_cat-rabatte-herrenstiefel","10":"product_cat-schuhe-herren","12":"first","13":"instock","14":"taxable","15":"shipping-taxable","16":"purchasable","17":"product-type-variable"},"supplier_id":null,"supplier_sku":"","barcode":null,"atum_controlled":true,"out_stock_date":null,"out_stock_threshold":null,"inheritable":true,"inbound_stock":0,"stock_on_hold":0,"sold_today":0,"sales_last_days":0,"reserved_stock":0,"customer_returns":0,"warehouse_damage":0,"lost_in_post":0,"other_logs":0,"out_stock_days":0,"lost_sales":0,"has_location":false,"update_date":"2026-03-17T11:09:29","atum_locations":[],"atum_stock_status":"instock","restock_status":false,"low_stock_amount":"","sales_update_date":"2026-02-03T10:30:55","calc_backorders":null,"yoast_head":"<!-- This site is optimized with the Yoast SEO plugin v27.4 - https:\/\/yoast.com\/product\/yoast-seo-wordpress\/ -->\n<title>146 ASTURIAS 381 ANACONDA KAKI - Tony Mora\u00ae Boots Official Store<\/title>\n<meta name=\"description\" content=\"Diese stilvollen khakifarbenen Anakonda-Schuhe sind das perfekte Accessoire f\u00fcr jede Gelegenheit. Sie werden in Handarbeit aus Anakonda-Leder\" \/>\n<meta name=\"robots\" content=\"index, follow, max-snippet:-1, max-image-preview:large, max-video-preview:-1\" \/>\n<link rel=\"canonical\" href=\"https:\/\/tonymora.com\/de\/produkt\/146-asturias-381-anaconda-kaki\/\" \/>\n<meta property=\"og:locale\" content=\"de_DE\" \/>\n<meta property=\"og:type\" content=\"article\" \/>\n<meta property=\"og:title\" content=\"146 ASTURIAS 381 ANACONDA KAKI - Tony Mora\u00ae Boots Official Store\" \/>\n<meta property=\"og:description\" content=\"Diese stilvollen khakifarbenen Anakonda-Schuhe sind das perfekte Accessoire f\u00fcr jede Gelegenheit. Sie werden in Handarbeit aus Anakonda-Leder\" \/>\n<meta property=\"og:url\" content=\"https:\/\/tonymora.com\/de\/produkt\/146-asturias-381-anaconda-kaki\/\" \/>\n<meta property=\"og:site_name\" content=\"Tony Mora\u00ae Boots Official Store\" \/>\n<meta property=\"article:publisher\" content=\"https:\/\/www.facebook.com\/Tonymoraofficial\/\" \/>\n<meta property=\"article:modified_time\" content=\"2024-08-22T14:53:32+00:00\" \/>\n<meta property=\"og:image\" content=\"https:\/\/tonymora.com\/wp-content\/uploads\/2023\/03\/02-1146-ASTURIAS-381-ANACONDA-KAKI.jpg\" \/>\n\t<meta property=\"og:image:width\" content=\"866\" \/>\n\t<meta property=\"og:image:height\" content=\"1032\" \/>\n\t<meta property=\"og:image:type\" content=\"image\/jpeg\" \/>\n<meta name=\"twitter:card\" content=\"summary_large_image\" \/>\n<script type=\"application\/ld+json\" class=\"yoast-schema-graph\">{\"@context\":\"https:\\\/\\\/schema.org\",\"@graph\":[{\"@type\":\"WebPage\",\"@id\":\"https:\\\/\\\/tonymora.com\\\/de\\\/produkt\\\/146-asturias-381-anaconda-kaki\\\/\",\"url\":\"https:\\\/\\\/tonymora.com\\\/de\\\/produkt\\\/146-asturias-381-anaconda-kaki\\\/\",\"name\":\"146 ASTURIAS 381 ANACONDA KAKI - Tony Mora\u00ae Boots Official Store\",\"isPartOf\":{\"@id\":\"https:\\\/\\\/tonymora.com\\\/de\\\/#website\"},\"primaryImageOfPage\":{\"@id\":\"https:\\\/\\\/tonymora.com\\\/de\\\/produkt\\\/146-asturias-381-anaconda-kaki\\\/#primaryimage\"},\"image\":{\"@id\":\"https:\\\/\\\/tonymora.com\\\/de\\\/produkt\\\/146-asturias-381-anaconda-kaki\\\/#primaryimage\"},\"thumbnailUrl\":\"https:\\\/\\\/tonymora.com\\\/wp-content\\\/uploads\\\/2023\\\/03\\\/02-1146-ASTURIAS-381-ANACONDA-KAKI.jpg\",\"datePublished\":\"2023-03-23T10:23:10+00:00\",\"dateModified\":\"2024-08-22T14:53:32+00:00\",\"description\":\"Diese stilvollen khakifarbenen Anakonda-Schuhe sind das perfekte Accessoire f\u00fcr jede Gelegenheit. Sie werden in Handarbeit aus Anakonda-Leder\",\"breadcrumb\":{\"@id\":\"https:\\\/\\\/tonymora.com\\\/de\\\/produkt\\\/146-asturias-381-anaconda-kaki\\\/#breadcrumb\"},\"inLanguage\":\"de\",\"potentialAction\":[{\"@type\":\"ReadAction\",\"target\":[\"https:\\\/\\\/tonymora.com\\\/de\\\/produkt\\\/146-asturias-381-anaconda-kaki\\\/\"]}]},{\"@type\":\"ImageObject\",\"inLanguage\":\"de\",\"@id\":\"https:\\\/\\\/tonymora.com\\\/de\\\/produkt\\\/146-asturias-381-anaconda-kaki\\\/#primaryimage\",\"url\":\"https:\\\/\\\/tonymora.com\\\/wp-content\\\/uploads\\\/2023\\\/03\\\/02-1146-ASTURIAS-381-ANACONDA-KAKI.jpg\",\"contentUrl\":\"https:\\\/\\\/tonymora.com\\\/wp-content\\\/uploads\\\/2023\\\/03\\\/02-1146-ASTURIAS-381-ANACONDA-KAKI.jpg\",\"width\":866,\"height\":1032},{\"@type\":\"BreadcrumbList\",\"@id\":\"https:\\\/\\\/tonymora.com\\\/de\\\/produkt\\\/146-asturias-381-anaconda-kaki\\\/#breadcrumb\",\"itemListElement\":[{\"@type\":\"ListItem\",\"position\":1,\"name\":\"Portada\",\"item\":\"https:\\\/\\\/tonymora.com\\\/de\\\/\"},{\"@type\":\"ListItem\",\"position\":2,\"name\":\"Shop\",\"item\":\"https:\\\/\\\/tonymora.com\\\/de\\\/shop\\\/\"},{\"@type\":\"ListItem\",\"position\":3,\"name\":\"Rabatte Herrenstiefel\",\"item\":\"https:\\\/\\\/tonymora.com\\\/de\\\/produkt-kategorie\\\/rabatte-herrenstiefel\\\/\"},{\"@type\":\"ListItem\",\"position\":4,\"name\":\"Luxusstiefel Herren\",\"item\":\"https:\\\/\\\/tonymora.com\\\/de\\\/produkt-kategorie\\\/rabatte-herrenstiefel\\\/luxusstiefel-herren-de\\\/\"},{\"@type\":\"ListItem\",\"position\":5,\"name\":\"146 ASTURIAS 381 ANACONDA KAKI\"}]},{\"@type\":\"WebSite\",\"@id\":\"https:\\\/\\\/tonymora.com\\\/de\\\/#website\",\"url\":\"https:\\\/\\\/tonymora.com\\\/de\\\/\",\"name\":\"Tony Mora\u00ae Boots Official Store\",\"description\":\"Cowboy Boots\",\"publisher\":{\"@id\":\"https:\\\/\\\/tonymora.com\\\/de\\\/#organization\"},\"potentialAction\":[{\"@type\":\"SearchAction\",\"target\":{\"@type\":\"EntryPoint\",\"urlTemplate\":\"https:\\\/\\\/tonymora.com\\\/de\\\/?s={search_term_string}\"},\"query-input\":{\"@type\":\"PropertyValueSpecification\",\"valueRequired\":true,\"valueName\":\"search_term_string\"}}],\"inLanguage\":\"de\"},{\"@type\":\"Organization\",\"@id\":\"https:\\\/\\\/tonymora.com\\\/de\\\/#organization\",\"name\":\"Tony Mora Boots\",\"url\":\"https:\\\/\\\/tonymora.com\\\/de\\\/\",\"logo\":{\"@type\":\"ImageObject\",\"inLanguage\":\"de\",\"@id\":\"https:\\\/\\\/tonymora.com\\\/de\\\/#\\\/schema\\\/logo\\\/image\\\/\",\"url\":\"https:\\\/\\\/tonymora.com\\\/wp-content\\\/uploads\\\/2023\\\/12\\\/LOGO.jpg\",\"contentUrl\":\"https:\\\/\\\/tonymora.com\\\/wp-content\\\/uploads\\\/2023\\\/12\\\/LOGO.jpg\",\"width\":2272,\"height\":1411,\"caption\":\"Tony Mora Boots\"},\"image\":{\"@id\":\"https:\\\/\\\/tonymora.com\\\/de\\\/#\\\/schema\\\/logo\\\/image\\\/\"},\"sameAs\":[\"https:\\\/\\\/www.facebook.com\\\/Tonymoraofficial\\\/\",\"https:\\\/\\\/www.instagram.com\\\/tonymoraofficial\\\/?hl=es\"]}]}<\/script>\n<!-- \/ Yoast SEO plugin. -->","yoast_head_json":{"title":"146 ASTURIAS 381 ANACONDA KAKI - Tony Mora\u00ae Boots Official Store","description":"Diese stilvollen khakifarbenen Anakonda-Schuhe sind das perfekte Accessoire f\u00fcr jede Gelegenheit. Sie werden in Handarbeit aus Anakonda-Leder","robots":{"index":"index","follow":"follow","max-snippet":"max-snippet:-1","max-image-preview":"max-image-preview:large","max-video-preview":"max-video-preview:-1"},"canonical":"https:\/\/tonymora.com\/de\/produkt\/146-asturias-381-anaconda-kaki\/","og_locale":"de_DE","og_type":"article","og_title":"146 ASTURIAS 381 ANACONDA KAKI - Tony Mora\u00ae Boots Official Store","og_description":"Diese stilvollen khakifarbenen Anakonda-Schuhe sind das perfekte Accessoire f\u00fcr jede Gelegenheit. Sie werden in Handarbeit aus Anakonda-Leder","og_url":"https:\/\/tonymora.com\/de\/produkt\/146-asturias-381-anaconda-kaki\/","og_site_name":"Tony Mora\u00ae Boots Official Store","article_publisher":"https:\/\/www.facebook.com\/Tonymoraofficial\/","article_modified_time":"2024-08-22T14:53:32+00:00","og_image":[{"width":866,"height":1032,"url":"https:\/\/tonymora.com\/wp-content\/uploads\/2023\/03\/02-1146-ASTURIAS-381-ANACONDA-KAKI.jpg","type":"image\/jpeg"}],"twitter_card":"summary_large_image","schema":{"@context":"https:\/\/schema.org","@graph":[{"@type":"WebPage","@id":"https:\/\/tonymora.com\/de\/produkt\/146-asturias-381-anaconda-kaki\/","url":"https:\/\/tonymora.com\/de\/produkt\/146-asturias-381-anaconda-kaki\/","name":"146 ASTURIAS 381 ANACONDA KAKI - Tony Mora\u00ae Boots Official Store","isPartOf":{"@id":"https:\/\/tonymora.com\/de\/#website"},"primaryImageOfPage":{"@id":"https:\/\/tonymora.com\/de\/produkt\/146-asturias-381-anaconda-kaki\/#primaryimage"},"image":{"@id":"https:\/\/tonymora.com\/de\/produkt\/146-asturias-381-anaconda-kaki\/#primaryimage"},"thumbnailUrl":"https:\/\/tonymora.com\/wp-content\/uploads\/2023\/03\/02-1146-ASTURIAS-381-ANACONDA-KAKI.jpg","datePublished":"2023-03-23T10:23:10+00:00","dateModified":"2024-08-22T14:53:32+00:00","description":"Diese stilvollen khakifarbenen Anakonda-Schuhe sind das perfekte Accessoire f\u00fcr jede Gelegenheit. Sie werden in Handarbeit aus Anakonda-Leder","breadcrumb":{"@id":"https:\/\/tonymora.com\/de\/produkt\/146-asturias-381-anaconda-kaki\/#breadcrumb"},"inLanguage":"de","potentialAction":[{"@type":"ReadAction","target":["https:\/\/tonymora.com\/de\/produkt\/146-asturias-381-anaconda-kaki\/"]}]},{"@type":"ImageObject","inLanguage":"de","@id":"https:\/\/tonymora.com\/de\/produkt\/146-asturias-381-anaconda-kaki\/#primaryimage","url":"https:\/\/tonymora.com\/wp-content\/uploads\/2023\/03\/02-1146-ASTURIAS-381-ANACONDA-KAKI.jpg","contentUrl":"https:\/\/tonymora.com\/wp-content\/uploads\/2023\/03\/02-1146-ASTURIAS-381-ANACONDA-KAKI.jpg","width":866,"height":1032},{"@type":"BreadcrumbList","@id":"https:\/\/tonymora.com\/de\/produkt\/146-asturias-381-anaconda-kaki\/#breadcrumb","itemListElement":[{"@type":"ListItem","position":1,"name":"Portada","item":"https:\/\/tonymora.com\/de\/"},{"@type":"ListItem","position":2,"name":"Shop","item":"https:\/\/tonymora.com\/de\/shop\/"},{"@type":"ListItem","position":3,"name":"Rabatte Herrenstiefel","item":"https:\/\/tonymora.com\/de\/produkt-kategorie\/rabatte-herrenstiefel\/"},{"@type":"ListItem","position":4,"name":"Luxusstiefel Herren","item":"https:\/\/tonymora.com\/de\/produkt-kategorie\/rabatte-herrenstiefel\/luxusstiefel-herren-de\/"},{"@type":"ListItem","position":5,"name":"146 ASTURIAS 381 ANACONDA KAKI"}]},{"@type":"WebSite","@id":"https:\/\/tonymora.com\/de\/#website","url":"https:\/\/tonymora.com\/de\/","name":"Tony Mora\u00ae Boots Official Store","description":"Cowboy Boots","publisher":{"@id":"https:\/\/tonymora.com\/de\/#organization"},"potentialAction":[{"@type":"SearchAction","target":{"@type":"EntryPoint","urlTemplate":"https:\/\/tonymora.com\/de\/?s={search_term_string}"},"query-input":{"@type":"PropertyValueSpecification","valueRequired":true,"valueName":"search_term_string"}}],"inLanguage":"de"},{"@type":"Organization","@id":"https:\/\/tonymora.com\/de\/#organization","name":"Tony Mora Boots","url":"https:\/\/tonymora.com\/de\/","logo":{"@type":"ImageObject","inLanguage":"de","@id":"https:\/\/tonymora.com\/de\/#\/schema\/logo\/image\/","url":"https:\/\/tonymora.com\/wp-content\/uploads\/2023\/12\/LOGO.jpg","contentUrl":"https:\/\/tonymora.com\/wp-content\/uploads\/2023\/12\/LOGO.jpg","width":2272,"height":1411,"caption":"Tony Mora Boots"},"image":{"@id":"https:\/\/tonymora.com\/de\/#\/schema\/logo\/image\/"},"sameAs":["https:\/\/www.facebook.com\/Tonymoraofficial\/","https:\/\/www.instagram.com\/tonymoraofficial\/?hl=es"]}]}},"_links":{"self":[{"href":"https:\/\/tonymora.com\/de\/wp-json\/wp\/v2\/product\/703004","targetHints":{"allow":["GET"]}}],"collection":[{"href":"https:\/\/tonymora.com\/de\/wp-json\/wp\/v2\/product"}],"about":[{"href":"https:\/\/tonymora.com\/de\/wp-json\/wp\/v2\/types\/product"}],"wp:featuredmedia":[{"embeddable":true,"href":"https:\/\/tonymora.com\/de\/wp-json\/wp\/v2\/media\/711666"}],"wp:attachment":[{"href":"https:\/\/tonymora.com\/de\/wp-json\/wp\/v2\/media?parent=703004"}],"wp:term":[{"taxonomy":"product_brand","embeddable":true,"href":"https:\/\/tonymora.com\/de\/wp-json\/wp\/v2\/product_brand?post=703004"},{"taxonomy":"product_cat","embeddable":true,"href":"https:\/\/tonymora.com\/de\/wp-json\/wp\/v2\/product_cat?post=703004"},{"taxonomy":"product_tag","embeddable":true,"href":"https:\/\/tonymora.com\/de\/wp-json\/wp\/v2\/product_tag?post=703004"}],"curies":[{"name":"wp","href":"https:\/\/api.w.org\/{rel}","templated":true}]}}