{"id":703111,"date":"2023-03-23T11:53:53","date_gmt":"2023-03-23T10:53:53","guid":{"rendered":"https:\/\/tonymora.com\/producto\/1909-j-lini-club-negro-savoe-roe\/"},"modified":"2026-05-11T19:24:49","modified_gmt":"2026-05-11T17:24:49","slug":"1909-j-lini-club-schwarz-rindsleder-beige","status":"publish","type":"product","link":"https:\/\/tonymora.com\/de\/produkt\/1909-j-lini-club-schwarz-rindsleder-beige\/","title":{"rendered":"1909 J LINI CLUB  SCHWARZ \/ RINDSLEDER BEIGE"},"content":{"rendered":"<p>Mit diesem Modell pr\u00e4sentieren wir das perfekte Beispiel f\u00fcr die filigrane Handwerkskunst, die uns auszeichnet. Jeder Schnitt des Designs wird mit feinster Pr\u00e4zision ausgef\u00fchrt, um das klassische schwarze Leder mit einem sch\u00f6nen beigen Hintergrund zu kombinieren.<br \/>\nF\u00fcr zus\u00e4tzlichen Schutz sind die Kanten der Schnitte von Hand vern\u00e4ht, was diesem Modell einen eleganten Abschluss verleiht.<\/p>\n","protected":false},"excerpt":{"rendered":"<p>Unaufdringliche Eleganz f\u00fcr Kenner. Westlich inspirierte Ausstrahlung und souver\u00e4ne Pr\u00e4senz.<\/p>\n<p>F\u00fcr alle, die Stil mit Bedeutung und echter Pr\u00e4senz suchen.<\/p>\n","protected":false},"featured_media":714338,"template":"","meta":{"_mbp_gutenberg_autopost":false},"product_brand":[],"product_cat":[1174,170,167,1141,1135],"product_tag":[],"class_list":{"0":"post-703111","1":"product","2":"type-product","3":"status-publish","4":"has-post-thumbnail","6":"product_cat-black-friday-de","7":"product_cat-cowboystiefel-damen","8":"product_cat-damen","9":"product_cat-lederstiefel-damen","10":"product_cat-rabatte-damenstiefel","12":"first","13":"instock","14":"taxable","15":"shipping-taxable","16":"purchasable","17":"product-type-variable"},"_links":{"self":[{"href":"https:\/\/tonymora.com\/de\/wp-json\/wp\/v2\/product\/703111","targetHints":{"allow":["GET"]}}],"collection":[{"href":"https:\/\/tonymora.com\/de\/wp-json\/wp\/v2\/product"}],"about":[{"href":"https:\/\/tonymora.com\/de\/wp-json\/wp\/v2\/types\/product"}],"wp:featuredmedia":[{"embeddable":true,"href":"https:\/\/tonymora.com\/de\/wp-json\/wp\/v2\/media\/714338"}],"wp:attachment":[{"href":"https:\/\/tonymora.com\/de\/wp-json\/wp\/v2\/media?parent=703111"}],"wp:term":[{"taxonomy":"product_brand","embeddable":true,"href":"https:\/\/tonymora.com\/de\/wp-json\/wp\/v2\/product_brand?post=703111"},{"taxonomy":"product_cat","embeddable":true,"href":"https:\/\/tonymora.com\/de\/wp-json\/wp\/v2\/product_cat?post=703111"},{"taxonomy":"product_tag","embeddable":true,"href":"https:\/\/tonymora.com\/de\/wp-json\/wp\/v2\/product_tag?post=703111"}],"curies":[{"name":"wp","href":"https:\/\/api.w.org\/{rel}","templated":true}]}}