{"id":705302,"date":"2023-10-09T14:49:01","date_gmt":"2023-10-09T12:49:01","guid":{"rendered":"https:\/\/tonymora.com\/?post_type=product&#038;p=705302"},"modified":"2026-05-11T19:24:49","modified_gmt":"2026-05-11T17:24:49","slug":"1802-tx-recto-madison-mostaza","status":"publish","type":"product","link":"https:\/\/tonymora.com\/de\/produkt\/1802-tx-recto-madison-mostaza\/","title":{"rendered":"1802 TX RECTO MADISON MOSTAZA"},"content":{"rendered":"<p>Sind Sie auf der Suche nach einem Boot mit eckiger Schuhspitze? Dann sollten Sie sich dieses Modell ansehen, das durch seine Spitze im Biker-Stil, einem 5 cm hohen geraden Absatz und gerade Sch\u00e4fte besticht. Dar\u00fcber hinaus ziert eine zarte Blumenstickerei die Sch\u00e4fte in einem Garn, das mit der Lederfarbe kontrastiert. Nur zu!<\/p>\n","protected":false},"excerpt":{"rendered":"<p>Ein Stil, der Identit\u00e4t ausstrahlt, ganz ohne Worte. Selbstbewusstes Auftreten und ein Stil, der auf nat\u00fcrliche Weise Aufmerksamkeit erregt.<br \/>\nEntworfen f\u00fcr alle, die Eleganz als Haltung verstehen.<\/p>\n","protected":false},"featured_media":711687,"template":"","meta":{"_mbp_gutenberg_autopost":false},"product_brand":[],"product_cat":[223,1174,169,167,1141,1135],"product_tag":[],"class_list":{"0":"post-705302","1":"product","2":"type-product","3":"status-publish","4":"has-post-thumbnail","6":"product_cat-bikerstiefel-damen","7":"product_cat-black-friday-de","8":"product_cat-casual-damenstiefel","9":"product_cat-damen","10":"product_cat-lederstiefel-damen","11":"product_cat-rabatte-damenstiefel","13":"first","14":"instock","15":"taxable","16":"shipping-taxable","17":"purchasable","18":"product-type-variable"},"_links":{"self":[{"href":"https:\/\/tonymora.com\/de\/wp-json\/wp\/v2\/product\/705302","targetHints":{"allow":["GET"]}}],"collection":[{"href":"https:\/\/tonymora.com\/de\/wp-json\/wp\/v2\/product"}],"about":[{"href":"https:\/\/tonymora.com\/de\/wp-json\/wp\/v2\/types\/product"}],"wp:featuredmedia":[{"embeddable":true,"href":"https:\/\/tonymora.com\/de\/wp-json\/wp\/v2\/media\/711687"}],"wp:attachment":[{"href":"https:\/\/tonymora.com\/de\/wp-json\/wp\/v2\/media?parent=705302"}],"wp:term":[{"taxonomy":"product_brand","embeddable":true,"href":"https:\/\/tonymora.com\/de\/wp-json\/wp\/v2\/product_brand?post=705302"},{"taxonomy":"product_cat","embeddable":true,"href":"https:\/\/tonymora.com\/de\/wp-json\/wp\/v2\/product_cat?post=705302"},{"taxonomy":"product_tag","embeddable":true,"href":"https:\/\/tonymora.com\/de\/wp-json\/wp\/v2\/product_tag?post=705302"}],"curies":[{"name":"wp","href":"https:\/\/api.w.org\/{rel}","templated":true}]}}