{"id":706470,"date":"2023-11-09T15:36:28","date_gmt":"2023-11-09T14:36:28","guid":{"rendered":"https:\/\/staging.tonymora.com\/?post_type=product&#038;p=706470"},"modified":"2026-05-11T19:24:48","modified_gmt":"2026-05-11T17:24:48","slug":"1257-u-mon-engrasado-gacela","status":"publish","type":"product","link":"https:\/\/tonymora.com\/de\/produkt\/1257-u-mon-engrasado-gacela\/","title":{"rendered":"1257 U MON ENGRASADO GACELA"},"content":{"rendered":"<p>Wenn Sie auf der Suche nach Komfort und Stil sind, sind diese Tony Mora Stiefel genau das Richtige f\u00fcr Sie. Diese Stiefel sind aus hochwertigem Leder gefertigt und mit Bienenwachs ge\u00f6lt, um ein gl\u00e4nzendes Finish zu erzielen und sie vor Kratzern zu sch\u00fctzen, das Leder zu n\u00e4hren und es vor dem Austrocknen und Rei\u00dfen zu bewahren.<br \/>\nDie Innenausstattung besteht zu 100 % aus Kalbsleder, das Komfort, Weichheit und au\u00dfergew\u00f6hnliche Haltbarkeit garantiert. Dar\u00fcber hinaus verleiht der halbhohe Schaft Ihren Beinen einen eleganten Touch. Diese Stiefel vereinen Komfort und Eleganz in Perfektion.<\/p>\n","protected":false},"excerpt":{"rendered":"<p>Eine markante Silhouette, die jeden Look aufwertet. Selbstbewusstes Auftreten und m\u00fcheloser Stil. Entworfen, um den Moment zu genie\u00dfen, nicht Trends zu folgen.<\/p>\n","protected":false},"featured_media":714365,"template":"","meta":{"_mbp_gutenberg_autopost":false},"product_brand":[],"product_cat":[1174,216,217,214,1147,1126],"product_tag":[],"class_list":{"0":"post-706470","1":"product","2":"type-product","3":"status-publish","4":"has-post-thumbnail","6":"product_cat-black-friday-de","7":"product_cat-casualstiefel-herren","8":"product_cat-cowboystiefel-herren","9":"product_cat-herren","10":"product_cat-lederstiefel-herren","11":"product_cat-rabatte-herrenstiefel","13":"first","14":"instock","15":"taxable","16":"shipping-taxable","17":"purchasable","18":"product-type-variable"},"_links":{"self":[{"href":"https:\/\/tonymora.com\/de\/wp-json\/wp\/v2\/product\/706470","targetHints":{"allow":["GET"]}}],"collection":[{"href":"https:\/\/tonymora.com\/de\/wp-json\/wp\/v2\/product"}],"about":[{"href":"https:\/\/tonymora.com\/de\/wp-json\/wp\/v2\/types\/product"}],"wp:featuredmedia":[{"embeddable":true,"href":"https:\/\/tonymora.com\/de\/wp-json\/wp\/v2\/media\/714365"}],"wp:attachment":[{"href":"https:\/\/tonymora.com\/de\/wp-json\/wp\/v2\/media?parent=706470"}],"wp:term":[{"taxonomy":"product_brand","embeddable":true,"href":"https:\/\/tonymora.com\/de\/wp-json\/wp\/v2\/product_brand?post=706470"},{"taxonomy":"product_cat","embeddable":true,"href":"https:\/\/tonymora.com\/de\/wp-json\/wp\/v2\/product_cat?post=706470"},{"taxonomy":"product_tag","embeddable":true,"href":"https:\/\/tonymora.com\/de\/wp-json\/wp\/v2\/product_tag?post=706470"}],"curies":[{"name":"wp","href":"https:\/\/api.w.org\/{rel}","templated":true}]}}