{"id":706534,"date":"2023-11-09T15:42:40","date_gmt":"2023-11-09T14:42:40","guid":{"rendered":"https:\/\/staging.tonymora.com\/?post_type=product&#038;p=706534"},"modified":"2026-03-07T16:00:06","modified_gmt":"2026-03-07T15:00:06","slug":"1161-tx-sv-buff-marron","status":"publish","type":"product","link":"https:\/\/tonymora.com\/de\/produkt\/1161-tx-sv-buff-marron\/","title":{"rendered":"1161 TX SV BUFF MARRON"},"content":{"rendered":"<p>Dieses Modell strahlt Stil aus, ein schlankes und doch modernes Design aus hochwertigem Leder mit einem quadratischen Leisten, der den Komfort beim t\u00e4glichen Tragen erh\u00f6ht. Das Leder f\u00fchlt sich nach der speziellen Behandlung, die wir ihm zukommen lassen, unglaublich weich an und bietet dieses Ergebnis vom ersten bis zum letzten Tag.<br \/>\nDie Innenausstattung aus Kalbsleder macht ihn atmungsaktiv und passt sich bei jedem Tragen der Fu\u00dfform an. Der mit Leder \u00fcberzogene Gummizug verleiht den Schuhen nicht nur einen besonderen Charakter, sondern erleichtert auch das Anziehen der Schuhe. Unsere Tony Mora sind handgen\u00e4ht und mit dem renommierten &#8222;Goodyear welted&#8220;-System versehen, das ihre Qualit\u00e4t garantiert.<\/p>\n","protected":false},"excerpt":{"rendered":"<p>Ein Entwurf mit Seele, geschaffen, um Sie wahrhaftig zu begleiten. Absolute Eleganz in dunkler Nuance.<br \/>\nEntworfen f\u00fcr all jene, die Eleganz als Haltung verstehen.<\/p>\n","protected":false},"featured_media":706575,"template":"","meta":{"_mbp_gutenberg_autopost":false},"product_brand":[],"product_cat":[215,1174,216,214,221,1147,1126],"product_tag":[],"class_list":{"0":"post-706534","1":"product","2":"type-product","3":"status-publish","4":"has-post-thumbnail","6":"product_cat-bikerstiefel-herren","7":"product_cat-black-friday-de","8":"product_cat-casualstiefel-herren","9":"product_cat-herren","10":"product_cat-stiefeletten-herren","11":"product_cat-lederstiefel-herren","12":"product_cat-rabatte-herrenstiefel","14":"first","15":"instock","16":"taxable","17":"shipping-taxable","18":"purchasable","19":"product-type-variable"},"_links":{"self":[{"href":"https:\/\/tonymora.com\/de\/wp-json\/wp\/v2\/product\/706534","targetHints":{"allow":["GET"]}}],"collection":[{"href":"https:\/\/tonymora.com\/de\/wp-json\/wp\/v2\/product"}],"about":[{"href":"https:\/\/tonymora.com\/de\/wp-json\/wp\/v2\/types\/product"}],"wp:featuredmedia":[{"embeddable":true,"href":"https:\/\/tonymora.com\/de\/wp-json\/wp\/v2\/media\/706575"}],"wp:attachment":[{"href":"https:\/\/tonymora.com\/de\/wp-json\/wp\/v2\/media?parent=706534"}],"wp:term":[{"taxonomy":"product_brand","embeddable":true,"href":"https:\/\/tonymora.com\/de\/wp-json\/wp\/v2\/product_brand?post=706534"},{"taxonomy":"product_cat","embeddable":true,"href":"https:\/\/tonymora.com\/de\/wp-json\/wp\/v2\/product_cat?post=706534"},{"taxonomy":"product_tag","embeddable":true,"href":"https:\/\/tonymora.com\/de\/wp-json\/wp\/v2\/product_tag?post=706534"}],"curies":[{"name":"wp","href":"https:\/\/api.w.org\/{rel}","templated":true}]}}