{"id":706626,"date":"2023-11-09T15:55:28","date_gmt":"2023-11-09T14:55:28","guid":{"rendered":"https:\/\/staging.tonymora.com\/?post_type=product&#038;p=706626"},"modified":"2026-04-14T11:53:35","modified_gmt":"2026-04-14T09:53:35","slug":"1354-mt-mt-engrasado-marron","status":"publish","type":"product","link":"https:\/\/tonymora.com\/de\/produkt\/1354-mt-mt-engrasado-marron\/","title":{"rendered":"1354 MT MT ENGRASADO MARR\u00d3N"},"content":{"rendered":"<p>Diese un\u00fcbertroffenen Tony Mora Stiefel sind so konzipiert, dass sie Ihnen das Beste an Komfort und Stil bieten. Mit einer robusten Sohle, die Ihnen einen sicheren Halt auf jedem Terrain bietet, sind sie sowohl f\u00fcr den Alltag als auch f\u00fcr besondere Anl\u00e4sse geeignet. Die eleganten Schnallen verleihen Ihrem Look einen Hauch von Raffinesse. Ihre mittlere Wadenh\u00f6he macht nicht nur Ihre Beine schlanker, sondern auch so vielseitig, dass sie zu einer Vielzahl von Outfits passen. Die aus hochwertigem Leder gefertigten Stiefel werden mit Bienenwachs ge\u00f6lt, um sie vor Kratzern und Schrammen zu sch\u00fctzen, das Leder zu n\u00e4hren und es vor dem Austrocknen und Rei\u00dfen zu bewahren.<br \/>\nDie Innenausstattung aus 100 % Kalbsleder ist ein Synonym f\u00fcr Qualit\u00e4t, Haltbarkeit und Komfort. Jeder Schritt, den Sie machen, wird zu einem einzigartigen Erlebnis.<\/p>\n","protected":false},"excerpt":{"rendered":"<p>Charakter und Eleganz in perfekter Balance. Liebevoll gestaltete Details, die handgefertigt und einzigartig wirken. Ein subtiles Statement von gutem Geschmack und Selbstbewusstsein.<\/p>\n","protected":false},"featured_media":706667,"template":"","meta":{"_mbp_gutenberg_autopost":false},"product_brand":[],"product_cat":[215,1174,216,214,1147,1126],"product_tag":[],"class_list":{"0":"post-706626","1":"product","2":"type-product","3":"status-publish","4":"has-post-thumbnail","6":"product_cat-bikerstiefel-herren","7":"product_cat-black-friday-de","8":"product_cat-casualstiefel-herren","9":"product_cat-herren","10":"product_cat-lederstiefel-herren","11":"product_cat-rabatte-herrenstiefel","13":"first","14":"instock","15":"taxable","16":"shipping-taxable","17":"purchasable","18":"product-type-variable"},"supplier_id":null,"supplier_sku":"","barcode":null,"atum_controlled":true,"out_stock_date":null,"out_stock_threshold":null,"inheritable":true,"inbound_stock":0,"stock_on_hold":7,"sold_today":2,"sales_last_days":2,"reserved_stock":0,"customer_returns":0,"warehouse_damage":0,"lost_in_post":0,"other_logs":0,"out_stock_days":0,"lost_sales":0,"has_location":false,"update_date":"2026-03-26T10:18:41","atum_locations":[],"atum_stock_status":"instock","restock_status":false,"low_stock_amount":"","sales_update_date":"2025-11-14T05:30:00","calc_backorders":null,"yoast_head":"<!-- This site is optimized with the Yoast SEO plugin v27.4 - https:\/\/yoast.com\/product\/yoast-seo-wordpress\/ -->\n<title>Herrenstiefel aus ge\u00f6ltem braunem Leder | Tony Mora<\/title>\n<meta name=\"description\" content=\"Ge\u00f6lte braune Lederstiefel mit Schnalle und halbhoher Schafth\u00f6he. Elegant, langlebig und vielseitig. Handgefertigt f\u00fcr allt\u00e4glichen Komfort und Stil.\" \/>\n<meta name=\"robots\" content=\"index, follow, max-snippet:-1, max-image-preview:large, max-video-preview:-1\" \/>\n<link rel=\"canonical\" href=\"https:\/\/tonymora.com\/de\/produkt\/1354-mt-mt-engrasado-marron\/\" \/>\n<meta property=\"og:locale\" content=\"de_DE\" \/>\n<meta property=\"og:type\" content=\"article\" \/>\n<meta property=\"og:title\" content=\"Herrenstiefel aus ge\u00f6ltem braunem Leder | Tony Mora\" \/>\n<meta property=\"og:description\" content=\"Ge\u00f6lte braune Lederstiefel mit Schnalle und halbhoher Schafth\u00f6he. Elegant, langlebig und vielseitig. Handgefertigt f\u00fcr allt\u00e4glichen Komfort und Stil.\" \/>\n<meta property=\"og:url\" content=\"https:\/\/tonymora.com\/de\/produkt\/1354-mt-mt-engrasado-marron\/\" \/>\n<meta property=\"og:site_name\" content=\"Tony Mora\u00ae Boots Official Store\" \/>\n<meta property=\"article:publisher\" content=\"https:\/\/www.facebook.com\/Tonymoraofficial\/\" \/>\n<meta property=\"article:modified_time\" content=\"2026-04-14T09:53:35+00:00\" \/>\n<meta property=\"og:image\" content=\"https:\/\/tonymora.com\/wp-content\/uploads\/2023\/11\/08-1354-MT-MT-ENGRASADO-MARRON.jpg\" \/>\n\t<meta property=\"og:image:width\" content=\"866\" \/>\n\t<meta property=\"og:image:height\" content=\"1032\" \/>\n\t<meta property=\"og:image:type\" content=\"image\/jpeg\" \/>\n<meta name=\"twitter:card\" content=\"summary_large_image\" \/>\n<script type=\"application\/ld+json\" class=\"yoast-schema-graph\">{\"@context\":\"https:\\\/\\\/schema.org\",\"@graph\":[{\"@type\":\"WebPage\",\"@id\":\"https:\\\/\\\/tonymora.com\\\/de\\\/produkt\\\/1354-mt-mt-engrasado-marron\\\/\",\"url\":\"https:\\\/\\\/tonymora.com\\\/de\\\/produkt\\\/1354-mt-mt-engrasado-marron\\\/\",\"name\":\"Herrenstiefel aus ge\u00f6ltem braunem Leder | Tony Mora\",\"isPartOf\":{\"@id\":\"https:\\\/\\\/tonymora.com\\\/de\\\/#website\"},\"primaryImageOfPage\":{\"@id\":\"https:\\\/\\\/tonymora.com\\\/de\\\/produkt\\\/1354-mt-mt-engrasado-marron\\\/#primaryimage\"},\"image\":{\"@id\":\"https:\\\/\\\/tonymora.com\\\/de\\\/produkt\\\/1354-mt-mt-engrasado-marron\\\/#primaryimage\"},\"thumbnailUrl\":\"https:\\\/\\\/tonymora.com\\\/wp-content\\\/uploads\\\/2023\\\/11\\\/08-1354-MT-MT-ENGRASADO-MARRON.jpg\",\"datePublished\":\"2023-11-09T14:55:28+00:00\",\"dateModified\":\"2026-04-14T09:53:35+00:00\",\"description\":\"Ge\u00f6lte braune Lederstiefel mit Schnalle und halbhoher Schafth\u00f6he. Elegant, langlebig und vielseitig. Handgefertigt f\u00fcr allt\u00e4glichen Komfort und Stil.\",\"breadcrumb\":{\"@id\":\"https:\\\/\\\/tonymora.com\\\/de\\\/produkt\\\/1354-mt-mt-engrasado-marron\\\/#breadcrumb\"},\"inLanguage\":\"de\",\"potentialAction\":[{\"@type\":\"ReadAction\",\"target\":[\"https:\\\/\\\/tonymora.com\\\/de\\\/produkt\\\/1354-mt-mt-engrasado-marron\\\/\"]}]},{\"@type\":\"ImageObject\",\"inLanguage\":\"de\",\"@id\":\"https:\\\/\\\/tonymora.com\\\/de\\\/produkt\\\/1354-mt-mt-engrasado-marron\\\/#primaryimage\",\"url\":\"https:\\\/\\\/tonymora.com\\\/wp-content\\\/uploads\\\/2023\\\/11\\\/08-1354-MT-MT-ENGRASADO-MARRON.jpg\",\"contentUrl\":\"https:\\\/\\\/tonymora.com\\\/wp-content\\\/uploads\\\/2023\\\/11\\\/08-1354-MT-MT-ENGRASADO-MARRON.jpg\",\"width\":866,\"height\":1032,\"caption\":\"Botas de piel marr\u00f3n engrasada\"},{\"@type\":\"BreadcrumbList\",\"@id\":\"https:\\\/\\\/tonymora.com\\\/de\\\/produkt\\\/1354-mt-mt-engrasado-marron\\\/#breadcrumb\",\"itemListElement\":[{\"@type\":\"ListItem\",\"position\":1,\"name\":\"Portada\",\"item\":\"https:\\\/\\\/tonymora.com\\\/de\\\/\"},{\"@type\":\"ListItem\",\"position\":2,\"name\":\"Shop\",\"item\":\"https:\\\/\\\/tonymora.com\\\/de\\\/shop\\\/\"},{\"@type\":\"ListItem\",\"position\":3,\"name\":\"Herren\",\"item\":\"https:\\\/\\\/tonymora.com\\\/de\\\/produkt-kategorie\\\/herren\\\/\"},{\"@type\":\"ListItem\",\"position\":4,\"name\":\"1354 MT MT ENGRASADO MARR\u00d3N\"}]},{\"@type\":\"WebSite\",\"@id\":\"https:\\\/\\\/tonymora.com\\\/de\\\/#website\",\"url\":\"https:\\\/\\\/tonymora.com\\\/de\\\/\",\"name\":\"Tony Mora\u00ae Boots Official Store\",\"description\":\"Cowboy Boots\",\"publisher\":{\"@id\":\"https:\\\/\\\/tonymora.com\\\/de\\\/#organization\"},\"potentialAction\":[{\"@type\":\"SearchAction\",\"target\":{\"@type\":\"EntryPoint\",\"urlTemplate\":\"https:\\\/\\\/tonymora.com\\\/de\\\/?s={search_term_string}\"},\"query-input\":{\"@type\":\"PropertyValueSpecification\",\"valueRequired\":true,\"valueName\":\"search_term_string\"}}],\"inLanguage\":\"de\"},{\"@type\":\"Organization\",\"@id\":\"https:\\\/\\\/tonymora.com\\\/de\\\/#organization\",\"name\":\"Tony Mora Boots\",\"url\":\"https:\\\/\\\/tonymora.com\\\/de\\\/\",\"logo\":{\"@type\":\"ImageObject\",\"inLanguage\":\"de\",\"@id\":\"https:\\\/\\\/tonymora.com\\\/de\\\/#\\\/schema\\\/logo\\\/image\\\/\",\"url\":\"https:\\\/\\\/tonymora.com\\\/wp-content\\\/uploads\\\/2023\\\/12\\\/LOGO.jpg\",\"contentUrl\":\"https:\\\/\\\/tonymora.com\\\/wp-content\\\/uploads\\\/2023\\\/12\\\/LOGO.jpg\",\"width\":2272,\"height\":1411,\"caption\":\"Tony Mora Boots\"},\"image\":{\"@id\":\"https:\\\/\\\/tonymora.com\\\/de\\\/#\\\/schema\\\/logo\\\/image\\\/\"},\"sameAs\":[\"https:\\\/\\\/www.facebook.com\\\/Tonymoraofficial\\\/\",\"https:\\\/\\\/www.instagram.com\\\/tonymoraofficial\\\/?hl=es\"]}]}<\/script>\n<!-- \/ Yoast SEO plugin. -->","yoast_head_json":{"title":"Herrenstiefel aus ge\u00f6ltem braunem Leder | Tony Mora","description":"Ge\u00f6lte braune Lederstiefel mit Schnalle und halbhoher Schafth\u00f6he. Elegant, langlebig und vielseitig. Handgefertigt f\u00fcr allt\u00e4glichen Komfort und Stil.","robots":{"index":"index","follow":"follow","max-snippet":"max-snippet:-1","max-image-preview":"max-image-preview:large","max-video-preview":"max-video-preview:-1"},"canonical":"https:\/\/tonymora.com\/de\/produkt\/1354-mt-mt-engrasado-marron\/","og_locale":"de_DE","og_type":"article","og_title":"Herrenstiefel aus ge\u00f6ltem braunem Leder | Tony Mora","og_description":"Ge\u00f6lte braune Lederstiefel mit Schnalle und halbhoher Schafth\u00f6he. Elegant, langlebig und vielseitig. Handgefertigt f\u00fcr allt\u00e4glichen Komfort und Stil.","og_url":"https:\/\/tonymora.com\/de\/produkt\/1354-mt-mt-engrasado-marron\/","og_site_name":"Tony Mora\u00ae Boots Official Store","article_publisher":"https:\/\/www.facebook.com\/Tonymoraofficial\/","article_modified_time":"2026-04-14T09:53:35+00:00","og_image":[{"width":866,"height":1032,"url":"https:\/\/tonymora.com\/wp-content\/uploads\/2023\/11\/08-1354-MT-MT-ENGRASADO-MARRON.jpg","type":"image\/jpeg"}],"twitter_card":"summary_large_image","schema":{"@context":"https:\/\/schema.org","@graph":[{"@type":"WebPage","@id":"https:\/\/tonymora.com\/de\/produkt\/1354-mt-mt-engrasado-marron\/","url":"https:\/\/tonymora.com\/de\/produkt\/1354-mt-mt-engrasado-marron\/","name":"Herrenstiefel aus ge\u00f6ltem braunem Leder | Tony Mora","isPartOf":{"@id":"https:\/\/tonymora.com\/de\/#website"},"primaryImageOfPage":{"@id":"https:\/\/tonymora.com\/de\/produkt\/1354-mt-mt-engrasado-marron\/#primaryimage"},"image":{"@id":"https:\/\/tonymora.com\/de\/produkt\/1354-mt-mt-engrasado-marron\/#primaryimage"},"thumbnailUrl":"https:\/\/tonymora.com\/wp-content\/uploads\/2023\/11\/08-1354-MT-MT-ENGRASADO-MARRON.jpg","datePublished":"2023-11-09T14:55:28+00:00","dateModified":"2026-04-14T09:53:35+00:00","description":"Ge\u00f6lte braune Lederstiefel mit Schnalle und halbhoher Schafth\u00f6he. Elegant, langlebig und vielseitig. Handgefertigt f\u00fcr allt\u00e4glichen Komfort und Stil.","breadcrumb":{"@id":"https:\/\/tonymora.com\/de\/produkt\/1354-mt-mt-engrasado-marron\/#breadcrumb"},"inLanguage":"de","potentialAction":[{"@type":"ReadAction","target":["https:\/\/tonymora.com\/de\/produkt\/1354-mt-mt-engrasado-marron\/"]}]},{"@type":"ImageObject","inLanguage":"de","@id":"https:\/\/tonymora.com\/de\/produkt\/1354-mt-mt-engrasado-marron\/#primaryimage","url":"https:\/\/tonymora.com\/wp-content\/uploads\/2023\/11\/08-1354-MT-MT-ENGRASADO-MARRON.jpg","contentUrl":"https:\/\/tonymora.com\/wp-content\/uploads\/2023\/11\/08-1354-MT-MT-ENGRASADO-MARRON.jpg","width":866,"height":1032,"caption":"Botas de piel marr\u00f3n engrasada"},{"@type":"BreadcrumbList","@id":"https:\/\/tonymora.com\/de\/produkt\/1354-mt-mt-engrasado-marron\/#breadcrumb","itemListElement":[{"@type":"ListItem","position":1,"name":"Portada","item":"https:\/\/tonymora.com\/de\/"},{"@type":"ListItem","position":2,"name":"Shop","item":"https:\/\/tonymora.com\/de\/shop\/"},{"@type":"ListItem","position":3,"name":"Herren","item":"https:\/\/tonymora.com\/de\/produkt-kategorie\/herren\/"},{"@type":"ListItem","position":4,"name":"1354 MT MT ENGRASADO MARR\u00d3N"}]},{"@type":"WebSite","@id":"https:\/\/tonymora.com\/de\/#website","url":"https:\/\/tonymora.com\/de\/","name":"Tony Mora\u00ae Boots Official Store","description":"Cowboy Boots","publisher":{"@id":"https:\/\/tonymora.com\/de\/#organization"},"potentialAction":[{"@type":"SearchAction","target":{"@type":"EntryPoint","urlTemplate":"https:\/\/tonymora.com\/de\/?s={search_term_string}"},"query-input":{"@type":"PropertyValueSpecification","valueRequired":true,"valueName":"search_term_string"}}],"inLanguage":"de"},{"@type":"Organization","@id":"https:\/\/tonymora.com\/de\/#organization","name":"Tony Mora Boots","url":"https:\/\/tonymora.com\/de\/","logo":{"@type":"ImageObject","inLanguage":"de","@id":"https:\/\/tonymora.com\/de\/#\/schema\/logo\/image\/","url":"https:\/\/tonymora.com\/wp-content\/uploads\/2023\/12\/LOGO.jpg","contentUrl":"https:\/\/tonymora.com\/wp-content\/uploads\/2023\/12\/LOGO.jpg","width":2272,"height":1411,"caption":"Tony Mora Boots"},"image":{"@id":"https:\/\/tonymora.com\/de\/#\/schema\/logo\/image\/"},"sameAs":["https:\/\/www.facebook.com\/Tonymoraofficial\/","https:\/\/www.instagram.com\/tonymoraofficial\/?hl=es"]}]}},"_links":{"self":[{"href":"https:\/\/tonymora.com\/de\/wp-json\/wp\/v2\/product\/706626","targetHints":{"allow":["GET"]}}],"collection":[{"href":"https:\/\/tonymora.com\/de\/wp-json\/wp\/v2\/product"}],"about":[{"href":"https:\/\/tonymora.com\/de\/wp-json\/wp\/v2\/types\/product"}],"wp:featuredmedia":[{"embeddable":true,"href":"https:\/\/tonymora.com\/de\/wp-json\/wp\/v2\/media\/706667"}],"wp:attachment":[{"href":"https:\/\/tonymora.com\/de\/wp-json\/wp\/v2\/media?parent=706626"}],"wp:term":[{"taxonomy":"product_brand","embeddable":true,"href":"https:\/\/tonymora.com\/de\/wp-json\/wp\/v2\/product_brand?post=706626"},{"taxonomy":"product_cat","embeddable":true,"href":"https:\/\/tonymora.com\/de\/wp-json\/wp\/v2\/product_cat?post=706626"},{"taxonomy":"product_tag","embeddable":true,"href":"https:\/\/tonymora.com\/de\/wp-json\/wp\/v2\/product_tag?post=706626"}],"curies":[{"name":"wp","href":"https:\/\/api.w.org\/{rel}","templated":true}]}}