{"id":707313,"date":"2023-11-13T14:27:38","date_gmt":"2023-11-13T13:27:38","guid":{"rendered":"https:\/\/tonymora.com\/producto\/2845-j-lini-serraje-gris-club-negro-2\/"},"modified":"2026-05-11T19:24:48","modified_gmt":"2026-05-11T17:24:48","slug":"2845-j-lini-split-wildleder-grau-club-schwarz","status":"publish","type":"product","link":"https:\/\/tonymora.com\/de\/produkt\/2845-j-lini-split-wildleder-grau-club-schwarz\/","title":{"rendered":"2845 J LINI SPLIT WILDLEDER GRAU \/ CLUB SCHWARZ"},"content":{"rendered":"<p>Dieses Modell ist ein wahres Meisterwerk des Designs! Sein Leder von h\u00f6chster Qualit\u00e4t wurde mit der &#8222;Brash&#8220;-Technik behandelt, einer Wachsung mit Bienenwachs, mit der wir eine gl\u00e4nzende Oberfl\u00e4che erhalten und es auch vor m\u00f6glichem Abrieb oder Kratzern sch\u00fctzen, indem wir das Leder n\u00e4hren und Trockenheit und Risse darin verhindern. Die unglaublichen Muster in Form von Rosen und gestickten V\u00f6geln werden von unseren N\u00e4herinnen von Hand gen\u00e4ht und entf\u00fchren uns an einen nat\u00fcrlichen Ort voller Sch\u00f6nheit. Das Innere ist aus Kalbsleder gefertigt, um bequem, atmungsaktiv und flexibel zu sein.<\/p>\n","protected":false},"excerpt":{"rendered":"<p>Eine Wahl, die sich auf den ersten Blick besonders anf\u00fchlt.<br \/>\nEntworfen f\u00fcr all jene, die Eleganz als Haltung verstehen.<\/p>\n","protected":false},"featured_media":723311,"template":"","meta":{"_mbp_gutenberg_autopost":false},"product_brand":[],"product_cat":[1174,167,1141,168,1135],"product_tag":[],"class_list":{"0":"post-707313","1":"product","2":"type-product","3":"status-publish","4":"has-post-thumbnail","6":"product_cat-black-friday-de","7":"product_cat-damen","8":"product_cat-lederstiefel-damen","9":"product_cat-line-dancing-stiefel-damen","10":"product_cat-rabatte-damenstiefel","12":"first","13":"instock","14":"taxable","15":"shipping-taxable","16":"purchasable","17":"product-type-variable"},"_links":{"self":[{"href":"https:\/\/tonymora.com\/de\/wp-json\/wp\/v2\/product\/707313","targetHints":{"allow":["GET"]}}],"collection":[{"href":"https:\/\/tonymora.com\/de\/wp-json\/wp\/v2\/product"}],"about":[{"href":"https:\/\/tonymora.com\/de\/wp-json\/wp\/v2\/types\/product"}],"wp:featuredmedia":[{"embeddable":true,"href":"https:\/\/tonymora.com\/de\/wp-json\/wp\/v2\/media\/723311"}],"wp:attachment":[{"href":"https:\/\/tonymora.com\/de\/wp-json\/wp\/v2\/media?parent=707313"}],"wp:term":[{"taxonomy":"product_brand","embeddable":true,"href":"https:\/\/tonymora.com\/de\/wp-json\/wp\/v2\/product_brand?post=707313"},{"taxonomy":"product_cat","embeddable":true,"href":"https:\/\/tonymora.com\/de\/wp-json\/wp\/v2\/product_cat?post=707313"},{"taxonomy":"product_tag","embeddable":true,"href":"https:\/\/tonymora.com\/de\/wp-json\/wp\/v2\/product_tag?post=707313"}],"curies":[{"name":"wp","href":"https:\/\/api.w.org\/{rel}","templated":true}]}}