{"id":707396,"date":"2023-11-14T08:18:30","date_gmt":"2023-11-14T07:18:30","guid":{"rendered":"https:\/\/tonymora.com\/?post_type=product&#038;p=707396"},"modified":"2025-08-01T09:13:29","modified_gmt":"2025-08-01T07:13:29","slug":"1703-juana-90-irene-madison-kaki","status":"publish","type":"product","link":"https:\/\/tonymora.com\/de\/produkt\/1703-juana-90-irene-madison-kaki\/","title":{"rendered":"1703 JUANA 90 IRENE MADISON KAKI"},"content":{"rendered":"<p>Entdecken Sie die perfekte Harmonie zwischen Mode und Handwerkskunst mit unseren khakifarbenen Lederstiefeln, die sorgf\u00e4ltig mit wei\u00dfem und gr\u00fcnem Garn bestickt sind. Das weiche und bequeme Leder sorgt f\u00fcr eine perfekte Passform, w\u00e4hrend die Stickerei einen Hauch von Eleganz und Originalit\u00e4t verleiht. Das mit Kalbsleder gef\u00fctterte Innere bietet maximalen Komfort, da es sich mit der Zeit an die Form des Fu\u00dfes anpasst und formt. Er ist handgen\u00e4ht und mit dem &#8222;Goodyear welted&#8220;-System versehen, um maximale Haltbarkeit und Qualit\u00e4t zu gew\u00e4hrleisten.<\/p>\n","protected":false},"excerpt":{"rendered":"<p>Eine markante Silhouette, die jeden Look aufwertet. Schlichte Eleganz mit makelloser Ausstrahlung.<br \/>\nEine M\u00f6glichkeit, sich authentisch und stilvoll zu kleiden.<\/p>\n","protected":false},"featured_media":714473,"template":"","meta":{"_mbp_gutenberg_autopost":false},"product_brand":[],"product_cat":[1174,169,170,167,1141,168,1135],"product_tag":[],"class_list":{"0":"post-707396","1":"product","2":"type-product","3":"status-publish","4":"has-post-thumbnail","6":"product_cat-black-friday-de","7":"product_cat-casual-damenstiefel","8":"product_cat-cowboystiefel-damen","9":"product_cat-damen","10":"product_cat-lederstiefel-damen","11":"product_cat-line-dancing-stiefel-damen","12":"product_cat-rabatte-damenstiefel","14":"first","15":"instock","16":"taxable","17":"shipping-taxable","18":"purchasable","19":"product-type-variable"},"supplier_id":null,"supplier_sku":"","barcode":null,"atum_controlled":true,"out_stock_date":null,"out_stock_threshold":null,"inheritable":true,"inbound_stock":0,"stock_on_hold":3,"sold_today":2,"sales_last_days":2,"reserved_stock":0,"customer_returns":0,"warehouse_damage":0,"lost_in_post":0,"other_logs":0,"out_stock_days":0,"lost_sales":0,"has_location":false,"update_date":"2026-03-26T11:33:00","atum_locations":[],"atum_stock_status":"instock","restock_status":false,"low_stock_amount":"","sales_update_date":"2024-11-14T11:13:10","calc_backorders":null,"yoast_head":"<!-- This site is optimized with the Yoast SEO plugin v27.2 - https:\/\/yoast.com\/product\/yoast-seo-wordpress\/ -->\n<title>Gr\u00fcne bestickte Lederstiefel \u2013 Cowboy-Stil | Tony Mora<\/title>\n<meta name=\"description\" content=\"Khakifarbene Lederstiefel mit wei\u00dfer und gr\u00fcner Stickerei. Cowboy-Stil, maximaler Komfort und hochwertige Verarbeitung. Ein elegantes und einzigartiges Modell.\" \/>\n<meta name=\"robots\" content=\"index, follow, max-snippet:-1, max-image-preview:large, max-video-preview:-1\" \/>\n<link rel=\"canonical\" href=\"https:\/\/tonymora.com\/de\/produkt\/1703-juana-90-irene-madison-kaki\/\" \/>\n<meta property=\"og:locale\" content=\"de_DE\" \/>\n<meta property=\"og:type\" content=\"article\" \/>\n<meta property=\"og:title\" content=\"Gr\u00fcne bestickte Lederstiefel \u2013 Cowboy-Stil | Tony Mora\" \/>\n<meta property=\"og:description\" content=\"Khakifarbene Lederstiefel mit wei\u00dfer und gr\u00fcner Stickerei. Cowboy-Stil, maximaler Komfort und hochwertige Verarbeitung. Ein elegantes und einzigartiges Modell.\" \/>\n<meta property=\"og:url\" content=\"https:\/\/tonymora.com\/de\/produkt\/1703-juana-90-irene-madison-kaki\/\" \/>\n<meta property=\"og:site_name\" content=\"Tony Mora\u00ae Boots Official Store\" \/>\n<meta property=\"article:publisher\" content=\"https:\/\/www.facebook.com\/Tonymoraofficial\/\" \/>\n<meta property=\"article:modified_time\" content=\"2025-08-01T07:13:29+00:00\" \/>\n<meta property=\"og:image\" content=\"https:\/\/tonymora.com\/wp-content\/uploads\/2023\/11\/44.jpg\" \/>\n\t<meta property=\"og:image:width\" content=\"866\" \/>\n\t<meta property=\"og:image:height\" content=\"1032\" \/>\n\t<meta property=\"og:image:type\" content=\"image\/jpeg\" \/>\n<meta name=\"twitter:card\" content=\"summary_large_image\" \/>\n<script type=\"application\/ld+json\" class=\"yoast-schema-graph\">{\"@context\":\"https:\/\/schema.org\",\"@graph\":[{\"@type\":\"WebPage\",\"@id\":\"https:\/\/tonymora.com\/de\/produkt\/1703-juana-90-irene-madison-kaki\/\",\"url\":\"https:\/\/tonymora.com\/de\/produkt\/1703-juana-90-irene-madison-kaki\/\",\"name\":\"Gr\u00fcne bestickte Lederstiefel \u2013 Cowboy-Stil | Tony Mora\",\"isPartOf\":{\"@id\":\"https:\/\/tonymora.com\/de\/#website\"},\"primaryImageOfPage\":{\"@id\":\"https:\/\/tonymora.com\/de\/produkt\/1703-juana-90-irene-madison-kaki\/#primaryimage\"},\"image\":{\"@id\":\"https:\/\/tonymora.com\/de\/produkt\/1703-juana-90-irene-madison-kaki\/#primaryimage\"},\"thumbnailUrl\":\"https:\/\/tonymora.com\/wp-content\/uploads\/2023\/11\/44.jpg\",\"datePublished\":\"2023-11-14T07:18:30+00:00\",\"dateModified\":\"2025-08-01T07:13:29+00:00\",\"description\":\"Khakifarbene Lederstiefel mit wei\u00dfer und gr\u00fcner Stickerei. Cowboy-Stil, maximaler Komfort und hochwertige Verarbeitung. Ein elegantes und einzigartiges Modell.\",\"breadcrumb\":{\"@id\":\"https:\/\/tonymora.com\/de\/produkt\/1703-juana-90-irene-madison-kaki\/#breadcrumb\"},\"inLanguage\":\"de\",\"potentialAction\":[{\"@type\":\"ReadAction\",\"target\":[\"https:\/\/tonymora.com\/de\/produkt\/1703-juana-90-irene-madison-kaki\/\"]}]},{\"@type\":\"ImageObject\",\"inLanguage\":\"de\",\"@id\":\"https:\/\/tonymora.com\/de\/produkt\/1703-juana-90-irene-madison-kaki\/#primaryimage\",\"url\":\"https:\/\/tonymora.com\/wp-content\/uploads\/2023\/11\/44.jpg\",\"contentUrl\":\"https:\/\/tonymora.com\/wp-content\/uploads\/2023\/11\/44.jpg\",\"width\":866,\"height\":1032,\"caption\":\"Botas verdes de piel para mujer\"},{\"@type\":\"BreadcrumbList\",\"@id\":\"https:\/\/tonymora.com\/de\/produkt\/1703-juana-90-irene-madison-kaki\/#breadcrumb\",\"itemListElement\":[{\"@type\":\"ListItem\",\"position\":1,\"name\":\"Portada\",\"item\":\"https:\/\/tonymora.com\/de\/\"},{\"@type\":\"ListItem\",\"position\":2,\"name\":\"Shop\",\"item\":\"https:\/\/tonymora.com\/de\/shop\/\"},{\"@type\":\"ListItem\",\"position\":3,\"name\":\"Damen\",\"item\":\"https:\/\/tonymora.com\/de\/produkt-kategorie\/damen\/\"},{\"@type\":\"ListItem\",\"position\":4,\"name\":\"Line Dancing Stiefel Damen\",\"item\":\"https:\/\/tonymora.com\/de\/produkt-kategorie\/damen\/line-dancing-stiefel-damen\/\"},{\"@type\":\"ListItem\",\"position\":5,\"name\":\"1703 JUANA 90 IRENE MADISON KAKI\"}]},{\"@type\":\"WebSite\",\"@id\":\"https:\/\/tonymora.com\/de\/#website\",\"url\":\"https:\/\/tonymora.com\/de\/\",\"name\":\"Tony Mora\u00ae Boots Official Store\",\"description\":\"Cowboy Boots\",\"publisher\":{\"@id\":\"https:\/\/tonymora.com\/de\/#organization\"},\"potentialAction\":[{\"@type\":\"SearchAction\",\"target\":{\"@type\":\"EntryPoint\",\"urlTemplate\":\"https:\/\/tonymora.com\/de\/?s={search_term_string}\"},\"query-input\":{\"@type\":\"PropertyValueSpecification\",\"valueRequired\":true,\"valueName\":\"search_term_string\"}}],\"inLanguage\":\"de\"},{\"@type\":\"Organization\",\"@id\":\"https:\/\/tonymora.com\/de\/#organization\",\"name\":\"Tony Mora Boots\",\"url\":\"https:\/\/tonymora.com\/de\/\",\"logo\":{\"@type\":\"ImageObject\",\"inLanguage\":\"de\",\"@id\":\"https:\/\/tonymora.com\/de\/#\/schema\/logo\/image\/\",\"url\":\"https:\/\/tonymora.com\/wp-content\/uploads\/2023\/12\/LOGO.jpg\",\"contentUrl\":\"https:\/\/tonymora.com\/wp-content\/uploads\/2023\/12\/LOGO.jpg\",\"width\":2272,\"height\":1411,\"caption\":\"Tony Mora Boots\"},\"image\":{\"@id\":\"https:\/\/tonymora.com\/de\/#\/schema\/logo\/image\/\"},\"sameAs\":[\"https:\/\/www.facebook.com\/Tonymoraofficial\/\",\"https:\/\/www.instagram.com\/tonymoraofficial\/?hl=es\"]}]}<\/script>\n<!-- \/ Yoast SEO plugin. -->","yoast_head_json":{"title":"Gr\u00fcne bestickte Lederstiefel \u2013 Cowboy-Stil | Tony Mora","description":"Khakifarbene Lederstiefel mit wei\u00dfer und gr\u00fcner Stickerei. Cowboy-Stil, maximaler Komfort und hochwertige Verarbeitung. Ein elegantes und einzigartiges Modell.","robots":{"index":"index","follow":"follow","max-snippet":"max-snippet:-1","max-image-preview":"max-image-preview:large","max-video-preview":"max-video-preview:-1"},"canonical":"https:\/\/tonymora.com\/de\/produkt\/1703-juana-90-irene-madison-kaki\/","og_locale":"de_DE","og_type":"article","og_title":"Gr\u00fcne bestickte Lederstiefel \u2013 Cowboy-Stil | Tony Mora","og_description":"Khakifarbene Lederstiefel mit wei\u00dfer und gr\u00fcner Stickerei. Cowboy-Stil, maximaler Komfort und hochwertige Verarbeitung. Ein elegantes und einzigartiges Modell.","og_url":"https:\/\/tonymora.com\/de\/produkt\/1703-juana-90-irene-madison-kaki\/","og_site_name":"Tony Mora\u00ae Boots Official Store","article_publisher":"https:\/\/www.facebook.com\/Tonymoraofficial\/","article_modified_time":"2025-08-01T07:13:29+00:00","og_image":[{"width":866,"height":1032,"url":"https:\/\/tonymora.com\/wp-content\/uploads\/2023\/11\/44.jpg","type":"image\/jpeg"}],"twitter_card":"summary_large_image","schema":{"@context":"https:\/\/schema.org","@graph":[{"@type":"WebPage","@id":"https:\/\/tonymora.com\/de\/produkt\/1703-juana-90-irene-madison-kaki\/","url":"https:\/\/tonymora.com\/de\/produkt\/1703-juana-90-irene-madison-kaki\/","name":"Gr\u00fcne bestickte Lederstiefel \u2013 Cowboy-Stil | Tony Mora","isPartOf":{"@id":"https:\/\/tonymora.com\/de\/#website"},"primaryImageOfPage":{"@id":"https:\/\/tonymora.com\/de\/produkt\/1703-juana-90-irene-madison-kaki\/#primaryimage"},"image":{"@id":"https:\/\/tonymora.com\/de\/produkt\/1703-juana-90-irene-madison-kaki\/#primaryimage"},"thumbnailUrl":"https:\/\/tonymora.com\/wp-content\/uploads\/2023\/11\/44.jpg","datePublished":"2023-11-14T07:18:30+00:00","dateModified":"2025-08-01T07:13:29+00:00","description":"Khakifarbene Lederstiefel mit wei\u00dfer und gr\u00fcner Stickerei. Cowboy-Stil, maximaler Komfort und hochwertige Verarbeitung. Ein elegantes und einzigartiges Modell.","breadcrumb":{"@id":"https:\/\/tonymora.com\/de\/produkt\/1703-juana-90-irene-madison-kaki\/#breadcrumb"},"inLanguage":"de","potentialAction":[{"@type":"ReadAction","target":["https:\/\/tonymora.com\/de\/produkt\/1703-juana-90-irene-madison-kaki\/"]}]},{"@type":"ImageObject","inLanguage":"de","@id":"https:\/\/tonymora.com\/de\/produkt\/1703-juana-90-irene-madison-kaki\/#primaryimage","url":"https:\/\/tonymora.com\/wp-content\/uploads\/2023\/11\/44.jpg","contentUrl":"https:\/\/tonymora.com\/wp-content\/uploads\/2023\/11\/44.jpg","width":866,"height":1032,"caption":"Botas verdes de piel para mujer"},{"@type":"BreadcrumbList","@id":"https:\/\/tonymora.com\/de\/produkt\/1703-juana-90-irene-madison-kaki\/#breadcrumb","itemListElement":[{"@type":"ListItem","position":1,"name":"Portada","item":"https:\/\/tonymora.com\/de\/"},{"@type":"ListItem","position":2,"name":"Shop","item":"https:\/\/tonymora.com\/de\/shop\/"},{"@type":"ListItem","position":3,"name":"Damen","item":"https:\/\/tonymora.com\/de\/produkt-kategorie\/damen\/"},{"@type":"ListItem","position":4,"name":"Line Dancing Stiefel Damen","item":"https:\/\/tonymora.com\/de\/produkt-kategorie\/damen\/line-dancing-stiefel-damen\/"},{"@type":"ListItem","position":5,"name":"1703 JUANA 90 IRENE MADISON KAKI"}]},{"@type":"WebSite","@id":"https:\/\/tonymora.com\/de\/#website","url":"https:\/\/tonymora.com\/de\/","name":"Tony Mora\u00ae Boots Official Store","description":"Cowboy Boots","publisher":{"@id":"https:\/\/tonymora.com\/de\/#organization"},"potentialAction":[{"@type":"SearchAction","target":{"@type":"EntryPoint","urlTemplate":"https:\/\/tonymora.com\/de\/?s={search_term_string}"},"query-input":{"@type":"PropertyValueSpecification","valueRequired":true,"valueName":"search_term_string"}}],"inLanguage":"de"},{"@type":"Organization","@id":"https:\/\/tonymora.com\/de\/#organization","name":"Tony Mora Boots","url":"https:\/\/tonymora.com\/de\/","logo":{"@type":"ImageObject","inLanguage":"de","@id":"https:\/\/tonymora.com\/de\/#\/schema\/logo\/image\/","url":"https:\/\/tonymora.com\/wp-content\/uploads\/2023\/12\/LOGO.jpg","contentUrl":"https:\/\/tonymora.com\/wp-content\/uploads\/2023\/12\/LOGO.jpg","width":2272,"height":1411,"caption":"Tony Mora Boots"},"image":{"@id":"https:\/\/tonymora.com\/de\/#\/schema\/logo\/image\/"},"sameAs":["https:\/\/www.facebook.com\/Tonymoraofficial\/","https:\/\/www.instagram.com\/tonymoraofficial\/?hl=es"]}]}},"_links":{"self":[{"href":"https:\/\/tonymora.com\/de\/wp-json\/wp\/v2\/product\/707396","targetHints":{"allow":["GET"]}}],"collection":[{"href":"https:\/\/tonymora.com\/de\/wp-json\/wp\/v2\/product"}],"about":[{"href":"https:\/\/tonymora.com\/de\/wp-json\/wp\/v2\/types\/product"}],"wp:featuredmedia":[{"embeddable":true,"href":"https:\/\/tonymora.com\/de\/wp-json\/wp\/v2\/media\/714473"}],"wp:attachment":[{"href":"https:\/\/tonymora.com\/de\/wp-json\/wp\/v2\/media?parent=707396"}],"wp:term":[{"taxonomy":"product_brand","embeddable":true,"href":"https:\/\/tonymora.com\/de\/wp-json\/wp\/v2\/product_brand?post=707396"},{"taxonomy":"product_cat","embeddable":true,"href":"https:\/\/tonymora.com\/de\/wp-json\/wp\/v2\/product_cat?post=707396"},{"taxonomy":"product_tag","embeddable":true,"href":"https:\/\/tonymora.com\/de\/wp-json\/wp\/v2\/product_tag?post=707396"}],"curies":[{"name":"wp","href":"https:\/\/api.w.org\/{rel}","templated":true}]}}