{"id":707447,"date":"2023-11-14T09:31:24","date_gmt":"2023-11-14T08:31:24","guid":{"rendered":"https:\/\/tonymora.com\/?post_type=product&#038;p=707447"},"modified":"2025-10-20T20:25:54","modified_gmt":"2025-10-20T18:25:54","slug":"1703-juana-90-irene-madison-navy","status":"publish","type":"product","link":"https:\/\/tonymora.com\/de\/produkt\/1703-juana-90-irene-madison-navy\/","title":{"rendered":"1703 JUANA 90 IRENE MADISON NAVY"},"content":{"rendered":"<p>Modell strahlt Stil aus, ein elegantes Design mit einer einzigartigen und besonderen Farbe. Aus hochwertigem Leder gefertigt, garantieren diese Stiefel Komfort und eine perfekte Passform. Ihre wei\u00dfe und dunkelblaue Fadenstickerei macht sie zu einem Meisterwerk der Handwerkskunst, das jedes Detail beachtet und sie zu einem Produkt f\u00fcr jede Gelegenheit macht. Das Innere ist mit Kalbsleder gef\u00fcttert, um optimale Atmungsaktivit\u00e4t und Anpassungsf\u00e4higkeit zu gew\u00e4hrleisten.<\/p>\n","protected":false},"excerpt":{"rendered":"<p>Ein Kleidungsst\u00fcck, das mit unaufdringlicher Selbstsicherheit besticht. Absolute Eleganz in dunklem Ton.<br \/>\nIdeal, um Sie vom Tag bis in die Nacht mit derselben Souver\u00e4nit\u00e4t zu begleiten.<\/p>\n","protected":false},"featured_media":714479,"template":"","meta":{"_mbp_gutenberg_autopost":false},"product_brand":[],"product_cat":[1174,169,170,167,1141,168,1135],"product_tag":[],"class_list":{"0":"post-707447","1":"product","2":"type-product","3":"status-publish","4":"has-post-thumbnail","6":"product_cat-black-friday-de","7":"product_cat-casual-damenstiefel","8":"product_cat-cowboystiefel-damen","9":"product_cat-damen","10":"product_cat-lederstiefel-damen","11":"product_cat-line-dancing-stiefel-damen","12":"product_cat-rabatte-damenstiefel","14":"first","15":"instock","16":"taxable","17":"shipping-taxable","18":"purchasable","19":"product-type-variable"},"supplier_id":null,"supplier_sku":"","barcode":null,"atum_controlled":true,"out_stock_date":null,"out_stock_threshold":null,"inheritable":true,"inbound_stock":0,"stock_on_hold":6,"sold_today":4,"sales_last_days":4,"reserved_stock":0,"customer_returns":0,"warehouse_damage":0,"lost_in_post":0,"other_logs":0,"out_stock_days":0,"lost_sales":0,"has_location":false,"update_date":"2026-03-26T11:35:26","atum_locations":[],"atum_stock_status":"instock","restock_status":false,"low_stock_amount":"","sales_update_date":"2024-11-14T11:13:10","calc_backorders":null,"yoast_head":"<!-- This site is optimized with the Yoast SEO plugin v27.2 - https:\/\/yoast.com\/product\/yoast-seo-wordpress\/ -->\n<title>Marineblaue Damen-Cowboystiefel mit Stickerei und hochwertigem Leder<\/title>\n<meta name=\"description\" content=\"Damen Cowboystiefel in Blau mit wei\u00df-blauer Stickerei, aus hochwertigem Leder. Kalbslederfutter f\u00fcr maximale Atmungsaktivit\u00e4t und Komfort.\" \/>\n<meta name=\"robots\" content=\"index, follow, max-snippet:-1, max-image-preview:large, max-video-preview:-1\" \/>\n<link rel=\"canonical\" href=\"https:\/\/tonymora.com\/de\/produkt\/1703-juana-90-irene-madison-navy\/\" \/>\n<meta property=\"og:locale\" content=\"de_DE\" \/>\n<meta property=\"og:type\" content=\"article\" \/>\n<meta property=\"og:title\" content=\"Marineblaue Damen-Cowboystiefel mit Stickerei und hochwertigem Leder\" \/>\n<meta property=\"og:description\" content=\"Damen Cowboystiefel in Blau mit wei\u00df-blauer Stickerei, aus hochwertigem Leder. Kalbslederfutter f\u00fcr maximale Atmungsaktivit\u00e4t und Komfort.\" \/>\n<meta property=\"og:url\" content=\"https:\/\/tonymora.com\/de\/produkt\/1703-juana-90-irene-madison-navy\/\" \/>\n<meta property=\"og:site_name\" content=\"Tony Mora\u00ae Boots Official Store\" \/>\n<meta property=\"article:publisher\" content=\"https:\/\/www.facebook.com\/Tonymoraofficial\/\" \/>\n<meta property=\"article:modified_time\" content=\"2025-10-20T18:25:54+00:00\" \/>\n<meta property=\"og:image\" content=\"https:\/\/tonymora.com\/wp-content\/uploads\/2023\/11\/TONY-MORA-FOTO-MODELOS-2.jpg\" \/>\n\t<meta property=\"og:image:width\" content=\"866\" \/>\n\t<meta property=\"og:image:height\" content=\"1032\" \/>\n\t<meta property=\"og:image:type\" content=\"image\/jpeg\" \/>\n<meta name=\"twitter:card\" content=\"summary_large_image\" \/>\n<script type=\"application\/ld+json\" class=\"yoast-schema-graph\">{\"@context\":\"https:\/\/schema.org\",\"@graph\":[{\"@type\":\"WebPage\",\"@id\":\"https:\/\/tonymora.com\/de\/produkt\/1703-juana-90-irene-madison-navy\/\",\"url\":\"https:\/\/tonymora.com\/de\/produkt\/1703-juana-90-irene-madison-navy\/\",\"name\":\"Marineblaue Damen-Cowboystiefel mit Stickerei und hochwertigem Leder\",\"isPartOf\":{\"@id\":\"https:\/\/tonymora.com\/de\/#website\"},\"primaryImageOfPage\":{\"@id\":\"https:\/\/tonymora.com\/de\/produkt\/1703-juana-90-irene-madison-navy\/#primaryimage\"},\"image\":{\"@id\":\"https:\/\/tonymora.com\/de\/produkt\/1703-juana-90-irene-madison-navy\/#primaryimage\"},\"thumbnailUrl\":\"https:\/\/tonymora.com\/wp-content\/uploads\/2023\/11\/TONY-MORA-FOTO-MODELOS-2.jpg\",\"datePublished\":\"2023-11-14T08:31:24+00:00\",\"dateModified\":\"2025-10-20T18:25:54+00:00\",\"description\":\"Damen Cowboystiefel in Blau mit wei\u00df-blauer Stickerei, aus hochwertigem Leder. Kalbslederfutter f\u00fcr maximale Atmungsaktivit\u00e4t und Komfort.\",\"breadcrumb\":{\"@id\":\"https:\/\/tonymora.com\/de\/produkt\/1703-juana-90-irene-madison-navy\/#breadcrumb\"},\"inLanguage\":\"de\",\"potentialAction\":[{\"@type\":\"ReadAction\",\"target\":[\"https:\/\/tonymora.com\/de\/produkt\/1703-juana-90-irene-madison-navy\/\"]}]},{\"@type\":\"ImageObject\",\"inLanguage\":\"de\",\"@id\":\"https:\/\/tonymora.com\/de\/produkt\/1703-juana-90-irene-madison-navy\/#primaryimage\",\"url\":\"https:\/\/tonymora.com\/wp-content\/uploads\/2023\/11\/TONY-MORA-FOTO-MODELOS-2.jpg\",\"contentUrl\":\"https:\/\/tonymora.com\/wp-content\/uploads\/2023\/11\/TONY-MORA-FOTO-MODELOS-2.jpg\",\"width\":866,\"height\":1032,\"caption\":\"Botines cowboy mujer en azul con bordados blancos y azules\"},{\"@type\":\"BreadcrumbList\",\"@id\":\"https:\/\/tonymora.com\/de\/produkt\/1703-juana-90-irene-madison-navy\/#breadcrumb\",\"itemListElement\":[{\"@type\":\"ListItem\",\"position\":1,\"name\":\"Portada\",\"item\":\"https:\/\/tonymora.com\/de\/\"},{\"@type\":\"ListItem\",\"position\":2,\"name\":\"Shop\",\"item\":\"https:\/\/tonymora.com\/de\/shop\/\"},{\"@type\":\"ListItem\",\"position\":3,\"name\":\"Damen\",\"item\":\"https:\/\/tonymora.com\/de\/produkt-kategorie\/damen\/\"},{\"@type\":\"ListItem\",\"position\":4,\"name\":\"Line Dancing Stiefel Damen\",\"item\":\"https:\/\/tonymora.com\/de\/produkt-kategorie\/damen\/line-dancing-stiefel-damen\/\"},{\"@type\":\"ListItem\",\"position\":5,\"name\":\"1703 JUANA 90 IRENE MADISON NAVY\"}]},{\"@type\":\"WebSite\",\"@id\":\"https:\/\/tonymora.com\/de\/#website\",\"url\":\"https:\/\/tonymora.com\/de\/\",\"name\":\"Tony Mora\u00ae Boots Official Store\",\"description\":\"Cowboy Boots\",\"publisher\":{\"@id\":\"https:\/\/tonymora.com\/de\/#organization\"},\"potentialAction\":[{\"@type\":\"SearchAction\",\"target\":{\"@type\":\"EntryPoint\",\"urlTemplate\":\"https:\/\/tonymora.com\/de\/?s={search_term_string}\"},\"query-input\":{\"@type\":\"PropertyValueSpecification\",\"valueRequired\":true,\"valueName\":\"search_term_string\"}}],\"inLanguage\":\"de\"},{\"@type\":\"Organization\",\"@id\":\"https:\/\/tonymora.com\/de\/#organization\",\"name\":\"Tony Mora Boots\",\"url\":\"https:\/\/tonymora.com\/de\/\",\"logo\":{\"@type\":\"ImageObject\",\"inLanguage\":\"de\",\"@id\":\"https:\/\/tonymora.com\/de\/#\/schema\/logo\/image\/\",\"url\":\"https:\/\/tonymora.com\/wp-content\/uploads\/2023\/12\/LOGO.jpg\",\"contentUrl\":\"https:\/\/tonymora.com\/wp-content\/uploads\/2023\/12\/LOGO.jpg\",\"width\":2272,\"height\":1411,\"caption\":\"Tony Mora Boots\"},\"image\":{\"@id\":\"https:\/\/tonymora.com\/de\/#\/schema\/logo\/image\/\"},\"sameAs\":[\"https:\/\/www.facebook.com\/Tonymoraofficial\/\",\"https:\/\/www.instagram.com\/tonymoraofficial\/?hl=es\"]}]}<\/script>\n<!-- \/ Yoast SEO plugin. -->","yoast_head_json":{"title":"Marineblaue Damen-Cowboystiefel mit Stickerei und hochwertigem Leder","description":"Damen Cowboystiefel in Blau mit wei\u00df-blauer Stickerei, aus hochwertigem Leder. Kalbslederfutter f\u00fcr maximale Atmungsaktivit\u00e4t und Komfort.","robots":{"index":"index","follow":"follow","max-snippet":"max-snippet:-1","max-image-preview":"max-image-preview:large","max-video-preview":"max-video-preview:-1"},"canonical":"https:\/\/tonymora.com\/de\/produkt\/1703-juana-90-irene-madison-navy\/","og_locale":"de_DE","og_type":"article","og_title":"Marineblaue Damen-Cowboystiefel mit Stickerei und hochwertigem Leder","og_description":"Damen Cowboystiefel in Blau mit wei\u00df-blauer Stickerei, aus hochwertigem Leder. Kalbslederfutter f\u00fcr maximale Atmungsaktivit\u00e4t und Komfort.","og_url":"https:\/\/tonymora.com\/de\/produkt\/1703-juana-90-irene-madison-navy\/","og_site_name":"Tony Mora\u00ae Boots Official Store","article_publisher":"https:\/\/www.facebook.com\/Tonymoraofficial\/","article_modified_time":"2025-10-20T18:25:54+00:00","og_image":[{"width":866,"height":1032,"url":"https:\/\/tonymora.com\/wp-content\/uploads\/2023\/11\/TONY-MORA-FOTO-MODELOS-2.jpg","type":"image\/jpeg"}],"twitter_card":"summary_large_image","schema":{"@context":"https:\/\/schema.org","@graph":[{"@type":"WebPage","@id":"https:\/\/tonymora.com\/de\/produkt\/1703-juana-90-irene-madison-navy\/","url":"https:\/\/tonymora.com\/de\/produkt\/1703-juana-90-irene-madison-navy\/","name":"Marineblaue Damen-Cowboystiefel mit Stickerei und hochwertigem Leder","isPartOf":{"@id":"https:\/\/tonymora.com\/de\/#website"},"primaryImageOfPage":{"@id":"https:\/\/tonymora.com\/de\/produkt\/1703-juana-90-irene-madison-navy\/#primaryimage"},"image":{"@id":"https:\/\/tonymora.com\/de\/produkt\/1703-juana-90-irene-madison-navy\/#primaryimage"},"thumbnailUrl":"https:\/\/tonymora.com\/wp-content\/uploads\/2023\/11\/TONY-MORA-FOTO-MODELOS-2.jpg","datePublished":"2023-11-14T08:31:24+00:00","dateModified":"2025-10-20T18:25:54+00:00","description":"Damen Cowboystiefel in Blau mit wei\u00df-blauer Stickerei, aus hochwertigem Leder. Kalbslederfutter f\u00fcr maximale Atmungsaktivit\u00e4t und Komfort.","breadcrumb":{"@id":"https:\/\/tonymora.com\/de\/produkt\/1703-juana-90-irene-madison-navy\/#breadcrumb"},"inLanguage":"de","potentialAction":[{"@type":"ReadAction","target":["https:\/\/tonymora.com\/de\/produkt\/1703-juana-90-irene-madison-navy\/"]}]},{"@type":"ImageObject","inLanguage":"de","@id":"https:\/\/tonymora.com\/de\/produkt\/1703-juana-90-irene-madison-navy\/#primaryimage","url":"https:\/\/tonymora.com\/wp-content\/uploads\/2023\/11\/TONY-MORA-FOTO-MODELOS-2.jpg","contentUrl":"https:\/\/tonymora.com\/wp-content\/uploads\/2023\/11\/TONY-MORA-FOTO-MODELOS-2.jpg","width":866,"height":1032,"caption":"Botines cowboy mujer en azul con bordados blancos y azules"},{"@type":"BreadcrumbList","@id":"https:\/\/tonymora.com\/de\/produkt\/1703-juana-90-irene-madison-navy\/#breadcrumb","itemListElement":[{"@type":"ListItem","position":1,"name":"Portada","item":"https:\/\/tonymora.com\/de\/"},{"@type":"ListItem","position":2,"name":"Shop","item":"https:\/\/tonymora.com\/de\/shop\/"},{"@type":"ListItem","position":3,"name":"Damen","item":"https:\/\/tonymora.com\/de\/produkt-kategorie\/damen\/"},{"@type":"ListItem","position":4,"name":"Line Dancing Stiefel Damen","item":"https:\/\/tonymora.com\/de\/produkt-kategorie\/damen\/line-dancing-stiefel-damen\/"},{"@type":"ListItem","position":5,"name":"1703 JUANA 90 IRENE MADISON NAVY"}]},{"@type":"WebSite","@id":"https:\/\/tonymora.com\/de\/#website","url":"https:\/\/tonymora.com\/de\/","name":"Tony Mora\u00ae Boots Official Store","description":"Cowboy Boots","publisher":{"@id":"https:\/\/tonymora.com\/de\/#organization"},"potentialAction":[{"@type":"SearchAction","target":{"@type":"EntryPoint","urlTemplate":"https:\/\/tonymora.com\/de\/?s={search_term_string}"},"query-input":{"@type":"PropertyValueSpecification","valueRequired":true,"valueName":"search_term_string"}}],"inLanguage":"de"},{"@type":"Organization","@id":"https:\/\/tonymora.com\/de\/#organization","name":"Tony Mora Boots","url":"https:\/\/tonymora.com\/de\/","logo":{"@type":"ImageObject","inLanguage":"de","@id":"https:\/\/tonymora.com\/de\/#\/schema\/logo\/image\/","url":"https:\/\/tonymora.com\/wp-content\/uploads\/2023\/12\/LOGO.jpg","contentUrl":"https:\/\/tonymora.com\/wp-content\/uploads\/2023\/12\/LOGO.jpg","width":2272,"height":1411,"caption":"Tony Mora Boots"},"image":{"@id":"https:\/\/tonymora.com\/de\/#\/schema\/logo\/image\/"},"sameAs":["https:\/\/www.facebook.com\/Tonymoraofficial\/","https:\/\/www.instagram.com\/tonymoraofficial\/?hl=es"]}]}},"_links":{"self":[{"href":"https:\/\/tonymora.com\/de\/wp-json\/wp\/v2\/product\/707447","targetHints":{"allow":["GET"]}}],"collection":[{"href":"https:\/\/tonymora.com\/de\/wp-json\/wp\/v2\/product"}],"about":[{"href":"https:\/\/tonymora.com\/de\/wp-json\/wp\/v2\/types\/product"}],"wp:featuredmedia":[{"embeddable":true,"href":"https:\/\/tonymora.com\/de\/wp-json\/wp\/v2\/media\/714479"}],"wp:attachment":[{"href":"https:\/\/tonymora.com\/de\/wp-json\/wp\/v2\/media?parent=707447"}],"wp:term":[{"taxonomy":"product_brand","embeddable":true,"href":"https:\/\/tonymora.com\/de\/wp-json\/wp\/v2\/product_brand?post=707447"},{"taxonomy":"product_cat","embeddable":true,"href":"https:\/\/tonymora.com\/de\/wp-json\/wp\/v2\/product_cat?post=707447"},{"taxonomy":"product_tag","embeddable":true,"href":"https:\/\/tonymora.com\/de\/wp-json\/wp\/v2\/product_tag?post=707447"}],"curies":[{"name":"wp","href":"https:\/\/api.w.org\/{rel}","templated":true}]}}