{"id":707567,"date":"2023-11-14T10:01:09","date_gmt":"2023-11-14T09:01:09","guid":{"rendered":"https:\/\/tonymora.com\/?post_type=product&#038;p=707567"},"modified":"2026-05-11T19:24:48","modified_gmt":"2026-05-11T17:24:48","slug":"2048-j-lini-nobuck-brash-arena-cabra-vino","status":"publish","type":"product","link":"https:\/\/tonymora.com\/de\/produkt\/2048-j-lini-nobuck-brash-arena-cabra-vino\/","title":{"rendered":"2048 J LINI NOBUCK BRASH ARENA \/ CABRA VINO"},"content":{"rendered":"<p>Diese Stiefel sind so konzipiert, dass sie Ihnen das Beste an Komfort und Stil bieten. Sein hochwertiges Leder wurde mit der &#8222;Brash&#8220;-Technik behandelt, einem Wachsen mit Bienenwachs, um eine gl\u00e4nzende Oberfl\u00e4che zu erhalten und sie auch vor m\u00f6glicher Reibung oder Kratzern zu sch\u00fctzen, das Leder zu n\u00e4hren und Trockenheit und Risse in ihm zu verhindern, hat auch ein schmetterlingsf\u00f6rmiges Design auf dem Schaft mit einem niedrigen Lederboden kombiniert mit Handstickerei, um seine Sch\u00f6nheit zu verbessern erstellt. Die Innenausstattung aus Kalbsleder macht ihn atmungsaktiv und passt sich bei jedem Gebrauch der Form unseres Fu\u00dfes an.<\/p>\n","protected":false},"excerpt":{"rendered":"<p>Ein Design, das vom ersten Moment an Charakter ausstrahlt. Vielseitig und leicht zu kombinieren, ohne dabei an Pers\u00f6nlichkeit einzub\u00fc\u00dfen.<br \/>\nEine Wahl, die Sie nicht vergessen werden, weil sie Ihnen ein so gutes Gef\u00fchl gibt.<\/p>\n","protected":false},"featured_media":707540,"template":"","meta":{"_mbp_gutenberg_autopost":false},"product_brand":[],"product_cat":[1174,169,170,167,1141,1135],"product_tag":[],"class_list":{"0":"post-707567","1":"product","2":"type-product","3":"status-publish","4":"has-post-thumbnail","6":"product_cat-black-friday-de","7":"product_cat-casual-damenstiefel","8":"product_cat-cowboystiefel-damen","9":"product_cat-damen","10":"product_cat-lederstiefel-damen","11":"product_cat-rabatte-damenstiefel","13":"first","14":"instock","15":"taxable","16":"shipping-taxable","17":"purchasable","18":"product-type-variable"},"_links":{"self":[{"href":"https:\/\/tonymora.com\/de\/wp-json\/wp\/v2\/product\/707567","targetHints":{"allow":["GET"]}}],"collection":[{"href":"https:\/\/tonymora.com\/de\/wp-json\/wp\/v2\/product"}],"about":[{"href":"https:\/\/tonymora.com\/de\/wp-json\/wp\/v2\/types\/product"}],"wp:featuredmedia":[{"embeddable":true,"href":"https:\/\/tonymora.com\/de\/wp-json\/wp\/v2\/media\/707540"}],"wp:attachment":[{"href":"https:\/\/tonymora.com\/de\/wp-json\/wp\/v2\/media?parent=707567"}],"wp:term":[{"taxonomy":"product_brand","embeddable":true,"href":"https:\/\/tonymora.com\/de\/wp-json\/wp\/v2\/product_brand?post=707567"},{"taxonomy":"product_cat","embeddable":true,"href":"https:\/\/tonymora.com\/de\/wp-json\/wp\/v2\/product_cat?post=707567"},{"taxonomy":"product_tag","embeddable":true,"href":"https:\/\/tonymora.com\/de\/wp-json\/wp\/v2\/product_tag?post=707567"}],"curies":[{"name":"wp","href":"https:\/\/api.w.org\/{rel}","templated":true}]}}