{"id":707689,"date":"2023-11-14T12:03:05","date_gmt":"2023-11-14T11:03:05","guid":{"rendered":"https:\/\/tonymora.com\/producto\/2052-virgi-lini-madison-fuego\/"},"modified":"2025-12-10T01:29:04","modified_gmt":"2025-12-10T00:29:04","slug":"2052-virgi-lini-madison-fuego","status":"publish","type":"product","link":"https:\/\/tonymora.com\/de\/produkt\/2052-virgi-lini-madison-fuego\/","title":{"rendered":"2052 VIRGI LINI MADISON FUEGO"},"content":{"rendered":"<p>Wenn Sie auffallen wollen, sind unsere Stiefel genau das Richtige f\u00fcr Sie! Sie werden in unserer Manufaktur mit Leidenschaft gefertigt und zeichnen sich durch einen k\u00fcrzeren Schaft als \u00fcblich und einen schlanken, spitzen Leisten aus, der alle Blicke auf sich zieht. Das gl\u00e4nzende, hochwertige und bequeme Leder ist perfekt auf die handgefertigten Stickereien aus wei\u00dfen und dunkelroten F\u00e4den abgestimmt, die jedem Paar einen Hauch von Raffinesse und Originalit\u00e4t verleihen. Das Innere dieses Produkts besteht zu 100 % aus Kalbsleder, das Komfort, Weichheit und au\u00dfergew\u00f6hnliche Haltbarkeit garantiert.<\/p>\n","protected":false},"excerpt":{"rendered":"<p>Ein Angebot mit Seele, geschaffen, um Sie wirklich zu begleiten. Klassischer Charakter mit modernem Touch.<\/p>\n<p>F\u00fcr alle, die Stil mit Bedeutung und echter Ausstrahlung suchen.<\/p>\n","protected":false},"featured_media":712714,"template":"","meta":{"_mbp_gutenberg_autopost":false},"product_brand":[],"product_cat":[1174,169,167,1141,1135],"product_tag":[],"class_list":{"0":"post-707689","1":"product","2":"type-product","3":"status-publish","4":"has-post-thumbnail","6":"product_cat-black-friday-de","7":"product_cat-casual-damenstiefel","8":"product_cat-damen","9":"product_cat-lederstiefel-damen","10":"product_cat-rabatte-damenstiefel","12":"first","13":"instock","14":"taxable","15":"shipping-taxable","16":"purchasable","17":"product-type-variable"},"supplier_id":null,"supplier_sku":"","barcode":null,"atum_controlled":true,"out_stock_date":null,"out_stock_threshold":null,"inheritable":true,"inbound_stock":0,"stock_on_hold":3,"sold_today":3,"sales_last_days":3,"reserved_stock":0,"customer_returns":0,"warehouse_damage":0,"lost_in_post":0,"other_logs":0,"out_stock_days":0,"lost_sales":0,"has_location":false,"update_date":"2026-03-19T14:56:45","atum_locations":[],"atum_stock_status":"instock","restock_status":false,"low_stock_amount":"","sales_update_date":"2024-11-20T13:26:14","calc_backorders":null,"yoast_head":"<!-- This site is optimized with the Yoast SEO plugin v27.2 - https:\/\/yoast.com\/product\/yoast-seo-wordpress\/ -->\n<title>Rote Cowboystiefel f\u00fcr Damen | Tony Mora Stiefel<\/title>\n<meta name=\"description\" content=\"Rote Cowboystiefel aus weichem, gl\u00e4nzendem Leder. Exklusives Design mit Handstickerei. Komfort und Stil unterstreichen jeden Schritt.\" \/>\n<meta name=\"robots\" content=\"index, follow, max-snippet:-1, max-image-preview:large, max-video-preview:-1\" \/>\n<link rel=\"canonical\" href=\"https:\/\/tonymora.com\/de\/produkt\/2052-virgi-lini-madison-fuego\/\" \/>\n<meta property=\"og:locale\" content=\"de_DE\" \/>\n<meta property=\"og:type\" content=\"article\" \/>\n<meta property=\"og:title\" content=\"Rote Cowboystiefel f\u00fcr Damen | Tony Mora Stiefel\" \/>\n<meta property=\"og:description\" content=\"Rote Cowboystiefel aus weichem, gl\u00e4nzendem Leder. Exklusives Design mit Handstickerei. Komfort und Stil unterstreichen jeden Schritt.\" \/>\n<meta property=\"og:url\" content=\"https:\/\/tonymora.com\/de\/produkt\/2052-virgi-lini-madison-fuego\/\" \/>\n<meta property=\"og:site_name\" content=\"Tony Mora\u00ae Boots Official Store\" \/>\n<meta property=\"article:publisher\" content=\"https:\/\/www.facebook.com\/Tonymoraofficial\/\" \/>\n<meta property=\"article:modified_time\" content=\"2025-12-10T00:29:04+00:00\" \/>\n<meta property=\"og:image\" content=\"https:\/\/tonymora.com\/wp-content\/uploads\/2023\/11\/1.jpg\" \/>\n\t<meta property=\"og:image:width\" content=\"866\" \/>\n\t<meta property=\"og:image:height\" content=\"1032\" \/>\n\t<meta property=\"og:image:type\" content=\"image\/jpeg\" \/>\n<meta name=\"twitter:card\" content=\"summary_large_image\" \/>\n<script type=\"application\/ld+json\" class=\"yoast-schema-graph\">{\"@context\":\"https:\/\/schema.org\",\"@graph\":[{\"@type\":\"WebPage\",\"@id\":\"https:\/\/tonymora.com\/de\/produkt\/2052-virgi-lini-madison-fuego\/\",\"url\":\"https:\/\/tonymora.com\/de\/produkt\/2052-virgi-lini-madison-fuego\/\",\"name\":\"Rote Cowboystiefel f\u00fcr Damen | Tony Mora Stiefel\",\"isPartOf\":{\"@id\":\"https:\/\/tonymora.com\/de\/#website\"},\"primaryImageOfPage\":{\"@id\":\"https:\/\/tonymora.com\/de\/produkt\/2052-virgi-lini-madison-fuego\/#primaryimage\"},\"image\":{\"@id\":\"https:\/\/tonymora.com\/de\/produkt\/2052-virgi-lini-madison-fuego\/#primaryimage\"},\"thumbnailUrl\":\"https:\/\/tonymora.com\/wp-content\/uploads\/2023\/11\/1.jpg\",\"datePublished\":\"2023-11-14T11:03:05+00:00\",\"dateModified\":\"2025-12-10T00:29:04+00:00\",\"description\":\"Rote Cowboystiefel aus weichem, gl\u00e4nzendem Leder. Exklusives Design mit Handstickerei. Komfort und Stil unterstreichen jeden Schritt.\",\"breadcrumb\":{\"@id\":\"https:\/\/tonymora.com\/de\/produkt\/2052-virgi-lini-madison-fuego\/#breadcrumb\"},\"inLanguage\":\"de\",\"potentialAction\":[{\"@type\":\"ReadAction\",\"target\":[\"https:\/\/tonymora.com\/de\/produkt\/2052-virgi-lini-madison-fuego\/\"]}]},{\"@type\":\"ImageObject\",\"inLanguage\":\"de\",\"@id\":\"https:\/\/tonymora.com\/de\/produkt\/2052-virgi-lini-madison-fuego\/#primaryimage\",\"url\":\"https:\/\/tonymora.com\/wp-content\/uploads\/2023\/11\/1.jpg\",\"contentUrl\":\"https:\/\/tonymora.com\/wp-content\/uploads\/2023\/11\/1.jpg\",\"width\":866,\"height\":1032,\"caption\":\"Botas de Piel Rojas\"},{\"@type\":\"BreadcrumbList\",\"@id\":\"https:\/\/tonymora.com\/de\/produkt\/2052-virgi-lini-madison-fuego\/#breadcrumb\",\"itemListElement\":[{\"@type\":\"ListItem\",\"position\":1,\"name\":\"Portada\",\"item\":\"https:\/\/tonymora.com\/de\/\"},{\"@type\":\"ListItem\",\"position\":2,\"name\":\"Shop\",\"item\":\"https:\/\/tonymora.com\/de\/shop\/\"},{\"@type\":\"ListItem\",\"position\":3,\"name\":\"Damen\",\"item\":\"https:\/\/tonymora.com\/de\/produkt-kategorie\/damen\/\"},{\"@type\":\"ListItem\",\"position\":4,\"name\":\"2052 VIRGI LINI MADISON FUEGO\"}]},{\"@type\":\"WebSite\",\"@id\":\"https:\/\/tonymora.com\/de\/#website\",\"url\":\"https:\/\/tonymora.com\/de\/\",\"name\":\"Tony Mora\u00ae Boots Official Store\",\"description\":\"Cowboy Boots\",\"publisher\":{\"@id\":\"https:\/\/tonymora.com\/de\/#organization\"},\"potentialAction\":[{\"@type\":\"SearchAction\",\"target\":{\"@type\":\"EntryPoint\",\"urlTemplate\":\"https:\/\/tonymora.com\/de\/?s={search_term_string}\"},\"query-input\":{\"@type\":\"PropertyValueSpecification\",\"valueRequired\":true,\"valueName\":\"search_term_string\"}}],\"inLanguage\":\"de\"},{\"@type\":\"Organization\",\"@id\":\"https:\/\/tonymora.com\/de\/#organization\",\"name\":\"Tony Mora Boots\",\"url\":\"https:\/\/tonymora.com\/de\/\",\"logo\":{\"@type\":\"ImageObject\",\"inLanguage\":\"de\",\"@id\":\"https:\/\/tonymora.com\/de\/#\/schema\/logo\/image\/\",\"url\":\"https:\/\/tonymora.com\/wp-content\/uploads\/2023\/12\/LOGO.jpg\",\"contentUrl\":\"https:\/\/tonymora.com\/wp-content\/uploads\/2023\/12\/LOGO.jpg\",\"width\":2272,\"height\":1411,\"caption\":\"Tony Mora Boots\"},\"image\":{\"@id\":\"https:\/\/tonymora.com\/de\/#\/schema\/logo\/image\/\"},\"sameAs\":[\"https:\/\/www.facebook.com\/Tonymoraofficial\/\",\"https:\/\/www.instagram.com\/tonymoraofficial\/?hl=es\"]}]}<\/script>\n<!-- \/ Yoast SEO plugin. -->","yoast_head_json":{"title":"Rote Cowboystiefel f\u00fcr Damen | Tony Mora Stiefel","description":"Rote Cowboystiefel aus weichem, gl\u00e4nzendem Leder. Exklusives Design mit Handstickerei. Komfort und Stil unterstreichen jeden Schritt.","robots":{"index":"index","follow":"follow","max-snippet":"max-snippet:-1","max-image-preview":"max-image-preview:large","max-video-preview":"max-video-preview:-1"},"canonical":"https:\/\/tonymora.com\/de\/produkt\/2052-virgi-lini-madison-fuego\/","og_locale":"de_DE","og_type":"article","og_title":"Rote Cowboystiefel f\u00fcr Damen | Tony Mora Stiefel","og_description":"Rote Cowboystiefel aus weichem, gl\u00e4nzendem Leder. Exklusives Design mit Handstickerei. Komfort und Stil unterstreichen jeden Schritt.","og_url":"https:\/\/tonymora.com\/de\/produkt\/2052-virgi-lini-madison-fuego\/","og_site_name":"Tony Mora\u00ae Boots Official Store","article_publisher":"https:\/\/www.facebook.com\/Tonymoraofficial\/","article_modified_time":"2025-12-10T00:29:04+00:00","og_image":[{"width":866,"height":1032,"url":"https:\/\/tonymora.com\/wp-content\/uploads\/2023\/11\/1.jpg","type":"image\/jpeg"}],"twitter_card":"summary_large_image","schema":{"@context":"https:\/\/schema.org","@graph":[{"@type":"WebPage","@id":"https:\/\/tonymora.com\/de\/produkt\/2052-virgi-lini-madison-fuego\/","url":"https:\/\/tonymora.com\/de\/produkt\/2052-virgi-lini-madison-fuego\/","name":"Rote Cowboystiefel f\u00fcr Damen | Tony Mora Stiefel","isPartOf":{"@id":"https:\/\/tonymora.com\/de\/#website"},"primaryImageOfPage":{"@id":"https:\/\/tonymora.com\/de\/produkt\/2052-virgi-lini-madison-fuego\/#primaryimage"},"image":{"@id":"https:\/\/tonymora.com\/de\/produkt\/2052-virgi-lini-madison-fuego\/#primaryimage"},"thumbnailUrl":"https:\/\/tonymora.com\/wp-content\/uploads\/2023\/11\/1.jpg","datePublished":"2023-11-14T11:03:05+00:00","dateModified":"2025-12-10T00:29:04+00:00","description":"Rote Cowboystiefel aus weichem, gl\u00e4nzendem Leder. Exklusives Design mit Handstickerei. Komfort und Stil unterstreichen jeden Schritt.","breadcrumb":{"@id":"https:\/\/tonymora.com\/de\/produkt\/2052-virgi-lini-madison-fuego\/#breadcrumb"},"inLanguage":"de","potentialAction":[{"@type":"ReadAction","target":["https:\/\/tonymora.com\/de\/produkt\/2052-virgi-lini-madison-fuego\/"]}]},{"@type":"ImageObject","inLanguage":"de","@id":"https:\/\/tonymora.com\/de\/produkt\/2052-virgi-lini-madison-fuego\/#primaryimage","url":"https:\/\/tonymora.com\/wp-content\/uploads\/2023\/11\/1.jpg","contentUrl":"https:\/\/tonymora.com\/wp-content\/uploads\/2023\/11\/1.jpg","width":866,"height":1032,"caption":"Botas de Piel Rojas"},{"@type":"BreadcrumbList","@id":"https:\/\/tonymora.com\/de\/produkt\/2052-virgi-lini-madison-fuego\/#breadcrumb","itemListElement":[{"@type":"ListItem","position":1,"name":"Portada","item":"https:\/\/tonymora.com\/de\/"},{"@type":"ListItem","position":2,"name":"Shop","item":"https:\/\/tonymora.com\/de\/shop\/"},{"@type":"ListItem","position":3,"name":"Damen","item":"https:\/\/tonymora.com\/de\/produkt-kategorie\/damen\/"},{"@type":"ListItem","position":4,"name":"2052 VIRGI LINI MADISON FUEGO"}]},{"@type":"WebSite","@id":"https:\/\/tonymora.com\/de\/#website","url":"https:\/\/tonymora.com\/de\/","name":"Tony Mora\u00ae Boots Official Store","description":"Cowboy Boots","publisher":{"@id":"https:\/\/tonymora.com\/de\/#organization"},"potentialAction":[{"@type":"SearchAction","target":{"@type":"EntryPoint","urlTemplate":"https:\/\/tonymora.com\/de\/?s={search_term_string}"},"query-input":{"@type":"PropertyValueSpecification","valueRequired":true,"valueName":"search_term_string"}}],"inLanguage":"de"},{"@type":"Organization","@id":"https:\/\/tonymora.com\/de\/#organization","name":"Tony Mora Boots","url":"https:\/\/tonymora.com\/de\/","logo":{"@type":"ImageObject","inLanguage":"de","@id":"https:\/\/tonymora.com\/de\/#\/schema\/logo\/image\/","url":"https:\/\/tonymora.com\/wp-content\/uploads\/2023\/12\/LOGO.jpg","contentUrl":"https:\/\/tonymora.com\/wp-content\/uploads\/2023\/12\/LOGO.jpg","width":2272,"height":1411,"caption":"Tony Mora Boots"},"image":{"@id":"https:\/\/tonymora.com\/de\/#\/schema\/logo\/image\/"},"sameAs":["https:\/\/www.facebook.com\/Tonymoraofficial\/","https:\/\/www.instagram.com\/tonymoraofficial\/?hl=es"]}]}},"_links":{"self":[{"href":"https:\/\/tonymora.com\/de\/wp-json\/wp\/v2\/product\/707689","targetHints":{"allow":["GET"]}}],"collection":[{"href":"https:\/\/tonymora.com\/de\/wp-json\/wp\/v2\/product"}],"about":[{"href":"https:\/\/tonymora.com\/de\/wp-json\/wp\/v2\/types\/product"}],"wp:featuredmedia":[{"embeddable":true,"href":"https:\/\/tonymora.com\/de\/wp-json\/wp\/v2\/media\/712714"}],"wp:attachment":[{"href":"https:\/\/tonymora.com\/de\/wp-json\/wp\/v2\/media?parent=707689"}],"wp:term":[{"taxonomy":"product_brand","embeddable":true,"href":"https:\/\/tonymora.com\/de\/wp-json\/wp\/v2\/product_brand?post=707689"},{"taxonomy":"product_cat","embeddable":true,"href":"https:\/\/tonymora.com\/de\/wp-json\/wp\/v2\/product_cat?post=707689"},{"taxonomy":"product_tag","embeddable":true,"href":"https:\/\/tonymora.com\/de\/wp-json\/wp\/v2\/product_tag?post=707689"}],"curies":[{"name":"wp","href":"https:\/\/api.w.org\/{rel}","templated":true}]}}