{"id":707734,"date":"2023-11-14T12:16:20","date_gmt":"2023-11-14T11:16:20","guid":{"rendered":"https:\/\/tonymora.com\/producto\/2107-daslu-daslu-piton-bc-mate-marron\/"},"modified":"2023-11-14T12:18:38","modified_gmt":"2023-11-14T11:18:38","slug":"2107-daslu-daslu-piton-bc-mate-marron","status":"publish","type":"product","link":"https:\/\/tonymora.com\/de\/produkt\/2107-daslu-daslu-piton-bc-mate-marron\/","title":{"rendered":"2107 DASLU DASLU PITON BC MATE MARRON"},"content":{"rendered":"<p>Unsere braunen Pythonstiefel sind wahre Kunstwerke voller Eleganz. Jedes Paar ist ein einzigartiges und exklusives St\u00fcck dank seines unverwechselbaren Musters und seines exotischen Aussehens. Unsere Handwerker schneiden jedes St\u00fcck von Hand und f\u00fcgen es dann sorgf\u00e4ltig zusammen, um ein elegantes und besonderes Produkt zu schaffen, das langlebig und sehr exklusiv ist. Mit einem l\u00e4ngeren Schaft als \u00fcblich und einem h\u00f6heren Absatz sind diese Stiefel die perfekte Wahl f\u00fcr alle, die Qualit\u00e4t und einen unvergleichlichen Stil suchen. Sie werden von Hand nach dem &#8222;Goodyear welted&#8220;-System gen\u00e4ht, um maximale Haltbarkeit zu gew\u00e4hrleisten.<\/p>\n","protected":false},"excerpt":{"rendered":"<p>Eine Wahl, die auf den ersten Blick besonders wirkt. Ein Hauch von Raffinesse, der Selbstbewusstsein und Eleganz ausstrahlt.<br \/>\nEin subtiles Statement von gutem Geschmack und Souver\u00e4nit\u00e4t.<\/p>\n","protected":false},"featured_media":707717,"template":"","meta":{"_mbp_gutenberg_autopost":false},"product_brand":[],"product_cat":[1174,167,224,1139,1135],"product_tag":[],"class_list":{"0":"post-707734","1":"product","2":"type-product","3":"status-publish","4":"has-post-thumbnail","6":"product_cat-black-friday-de","7":"product_cat-damen","8":"product_cat-luxusstiefel-damen","9":"product_cat-python-stiefel-damen","10":"product_cat-rabatte-damenstiefel","12":"first","13":"instock","14":"taxable","15":"shipping-taxable","16":"purchasable","17":"product-type-variable"},"supplier_id":null,"supplier_sku":"","barcode":null,"atum_controlled":true,"out_stock_date":null,"out_stock_threshold":null,"inheritable":true,"inbound_stock":0,"stock_on_hold":1,"sold_today":1,"sales_last_days":1,"reserved_stock":0,"customer_returns":0,"warehouse_damage":0,"lost_in_post":0,"other_logs":0,"out_stock_days":0,"lost_sales":0,"has_location":false,"update_date":"2024-12-03T12:34:32","atum_locations":[],"atum_stock_status":"instock","restock_status":false,"low_stock_amount":"","sales_update_date":"2024-07-08T12:00:47","calc_backorders":null,"yoast_head":"<!-- This site is optimized with the Yoast SEO plugin v27.4 - https:\/\/yoast.com\/product\/yoast-seo-wordpress\/ -->\n<title>2107 DASLU DASLU PITON BC MATE MARRON - Tony Mora\u00ae Boots Official Store<\/title>\n<meta name=\"description\" content=\"Unsere braunen Pythonstiefel sind wahre Kunstwerke voller Eleganz. Jedes Paar ist ein einzigartiges und exklusives St\u00fcck dank seines unverwechselbaren\" \/>\n<meta name=\"robots\" content=\"index, follow, max-snippet:-1, max-image-preview:large, max-video-preview:-1\" \/>\n<link rel=\"canonical\" href=\"https:\/\/tonymora.com\/de\/produkt\/2107-daslu-daslu-piton-bc-mate-marron\/\" \/>\n<meta property=\"og:locale\" content=\"de_DE\" \/>\n<meta property=\"og:type\" content=\"article\" \/>\n<meta property=\"og:title\" content=\"2107 DASLU DASLU PITON BC MATE MARRON - Tony Mora\u00ae Boots Official Store\" \/>\n<meta property=\"og:description\" content=\"Unsere braunen Pythonstiefel sind wahre Kunstwerke voller Eleganz. Jedes Paar ist ein einzigartiges und exklusives St\u00fcck dank seines unverwechselbaren\" \/>\n<meta property=\"og:url\" content=\"https:\/\/tonymora.com\/de\/produkt\/2107-daslu-daslu-piton-bc-mate-marron\/\" \/>\n<meta property=\"og:site_name\" content=\"Tony Mora\u00ae Boots Official Store\" \/>\n<meta property=\"article:publisher\" content=\"https:\/\/www.facebook.com\/Tonymoraofficial\/\" \/>\n<meta property=\"article:modified_time\" content=\"2023-11-14T11:18:38+00:00\" \/>\n<meta property=\"og:image\" content=\"https:\/\/tonymora.com\/wp-content\/uploads\/2023\/11\/07-2107-daslu-daslu-PITON-BC-MATE-MARRON.jpg\" \/>\n\t<meta property=\"og:image:width\" content=\"866\" \/>\n\t<meta property=\"og:image:height\" content=\"1032\" \/>\n\t<meta property=\"og:image:type\" content=\"image\/jpeg\" \/>\n<meta name=\"twitter:card\" content=\"summary_large_image\" \/>\n<script type=\"application\/ld+json\" class=\"yoast-schema-graph\">{\"@context\":\"https:\\\/\\\/schema.org\",\"@graph\":[{\"@type\":\"WebPage\",\"@id\":\"https:\\\/\\\/tonymora.com\\\/de\\\/produkt\\\/2107-daslu-daslu-piton-bc-mate-marron\\\/\",\"url\":\"https:\\\/\\\/tonymora.com\\\/de\\\/produkt\\\/2107-daslu-daslu-piton-bc-mate-marron\\\/\",\"name\":\"2107 DASLU DASLU PITON BC MATE MARRON - Tony Mora\u00ae Boots Official Store\",\"isPartOf\":{\"@id\":\"https:\\\/\\\/tonymora.com\\\/de\\\/#website\"},\"primaryImageOfPage\":{\"@id\":\"https:\\\/\\\/tonymora.com\\\/de\\\/produkt\\\/2107-daslu-daslu-piton-bc-mate-marron\\\/#primaryimage\"},\"image\":{\"@id\":\"https:\\\/\\\/tonymora.com\\\/de\\\/produkt\\\/2107-daslu-daslu-piton-bc-mate-marron\\\/#primaryimage\"},\"thumbnailUrl\":\"https:\\\/\\\/tonymora.com\\\/wp-content\\\/uploads\\\/2023\\\/11\\\/07-2107-daslu-daslu-PITON-BC-MATE-MARRON.jpg\",\"datePublished\":\"2023-11-14T11:16:20+00:00\",\"dateModified\":\"2023-11-14T11:18:38+00:00\",\"description\":\"Unsere braunen Pythonstiefel sind wahre Kunstwerke voller Eleganz. Jedes Paar ist ein einzigartiges und exklusives St\u00fcck dank seines unverwechselbaren\",\"breadcrumb\":{\"@id\":\"https:\\\/\\\/tonymora.com\\\/de\\\/produkt\\\/2107-daslu-daslu-piton-bc-mate-marron\\\/#breadcrumb\"},\"inLanguage\":\"de\",\"potentialAction\":[{\"@type\":\"ReadAction\",\"target\":[\"https:\\\/\\\/tonymora.com\\\/de\\\/produkt\\\/2107-daslu-daslu-piton-bc-mate-marron\\\/\"]}]},{\"@type\":\"ImageObject\",\"inLanguage\":\"de\",\"@id\":\"https:\\\/\\\/tonymora.com\\\/de\\\/produkt\\\/2107-daslu-daslu-piton-bc-mate-marron\\\/#primaryimage\",\"url\":\"https:\\\/\\\/tonymora.com\\\/wp-content\\\/uploads\\\/2023\\\/11\\\/07-2107-daslu-daslu-PITON-BC-MATE-MARRON.jpg\",\"contentUrl\":\"https:\\\/\\\/tonymora.com\\\/wp-content\\\/uploads\\\/2023\\\/11\\\/07-2107-daslu-daslu-PITON-BC-MATE-MARRON.jpg\",\"width\":866,\"height\":1032},{\"@type\":\"BreadcrumbList\",\"@id\":\"https:\\\/\\\/tonymora.com\\\/de\\\/produkt\\\/2107-daslu-daslu-piton-bc-mate-marron\\\/#breadcrumb\",\"itemListElement\":[{\"@type\":\"ListItem\",\"position\":1,\"name\":\"Portada\",\"item\":\"https:\\\/\\\/tonymora.com\\\/de\\\/\"},{\"@type\":\"ListItem\",\"position\":2,\"name\":\"Shop\",\"item\":\"https:\\\/\\\/tonymora.com\\\/de\\\/shop\\\/\"},{\"@type\":\"ListItem\",\"position\":3,\"name\":\"Damen\",\"item\":\"https:\\\/\\\/tonymora.com\\\/de\\\/produkt-kategorie\\\/damen\\\/\"},{\"@type\":\"ListItem\",\"position\":4,\"name\":\"2107 DASLU DASLU PITON BC MATE MARRON\"}]},{\"@type\":\"WebSite\",\"@id\":\"https:\\\/\\\/tonymora.com\\\/de\\\/#website\",\"url\":\"https:\\\/\\\/tonymora.com\\\/de\\\/\",\"name\":\"Tony Mora\u00ae Boots Official Store\",\"description\":\"Cowboy Boots\",\"publisher\":{\"@id\":\"https:\\\/\\\/tonymora.com\\\/de\\\/#organization\"},\"potentialAction\":[{\"@type\":\"SearchAction\",\"target\":{\"@type\":\"EntryPoint\",\"urlTemplate\":\"https:\\\/\\\/tonymora.com\\\/de\\\/?s={search_term_string}\"},\"query-input\":{\"@type\":\"PropertyValueSpecification\",\"valueRequired\":true,\"valueName\":\"search_term_string\"}}],\"inLanguage\":\"de\"},{\"@type\":\"Organization\",\"@id\":\"https:\\\/\\\/tonymora.com\\\/de\\\/#organization\",\"name\":\"Tony Mora Boots\",\"url\":\"https:\\\/\\\/tonymora.com\\\/de\\\/\",\"logo\":{\"@type\":\"ImageObject\",\"inLanguage\":\"de\",\"@id\":\"https:\\\/\\\/tonymora.com\\\/de\\\/#\\\/schema\\\/logo\\\/image\\\/\",\"url\":\"https:\\\/\\\/tonymora.com\\\/wp-content\\\/uploads\\\/2023\\\/12\\\/LOGO.jpg\",\"contentUrl\":\"https:\\\/\\\/tonymora.com\\\/wp-content\\\/uploads\\\/2023\\\/12\\\/LOGO.jpg\",\"width\":2272,\"height\":1411,\"caption\":\"Tony Mora Boots\"},\"image\":{\"@id\":\"https:\\\/\\\/tonymora.com\\\/de\\\/#\\\/schema\\\/logo\\\/image\\\/\"},\"sameAs\":[\"https:\\\/\\\/www.facebook.com\\\/Tonymoraofficial\\\/\",\"https:\\\/\\\/www.instagram.com\\\/tonymoraofficial\\\/?hl=es\"]}]}<\/script>\n<!-- \/ Yoast SEO plugin. -->","yoast_head_json":{"title":"2107 DASLU DASLU PITON BC MATE MARRON - Tony Mora\u00ae Boots Official Store","description":"Unsere braunen Pythonstiefel sind wahre Kunstwerke voller Eleganz. Jedes Paar ist ein einzigartiges und exklusives St\u00fcck dank seines unverwechselbaren","robots":{"index":"index","follow":"follow","max-snippet":"max-snippet:-1","max-image-preview":"max-image-preview:large","max-video-preview":"max-video-preview:-1"},"canonical":"https:\/\/tonymora.com\/de\/produkt\/2107-daslu-daslu-piton-bc-mate-marron\/","og_locale":"de_DE","og_type":"article","og_title":"2107 DASLU DASLU PITON BC MATE MARRON - Tony Mora\u00ae Boots Official Store","og_description":"Unsere braunen Pythonstiefel sind wahre Kunstwerke voller Eleganz. Jedes Paar ist ein einzigartiges und exklusives St\u00fcck dank seines unverwechselbaren","og_url":"https:\/\/tonymora.com\/de\/produkt\/2107-daslu-daslu-piton-bc-mate-marron\/","og_site_name":"Tony Mora\u00ae Boots Official Store","article_publisher":"https:\/\/www.facebook.com\/Tonymoraofficial\/","article_modified_time":"2023-11-14T11:18:38+00:00","og_image":[{"width":866,"height":1032,"url":"https:\/\/tonymora.com\/wp-content\/uploads\/2023\/11\/07-2107-daslu-daslu-PITON-BC-MATE-MARRON.jpg","type":"image\/jpeg"}],"twitter_card":"summary_large_image","schema":{"@context":"https:\/\/schema.org","@graph":[{"@type":"WebPage","@id":"https:\/\/tonymora.com\/de\/produkt\/2107-daslu-daslu-piton-bc-mate-marron\/","url":"https:\/\/tonymora.com\/de\/produkt\/2107-daslu-daslu-piton-bc-mate-marron\/","name":"2107 DASLU DASLU PITON BC MATE MARRON - Tony Mora\u00ae Boots Official Store","isPartOf":{"@id":"https:\/\/tonymora.com\/de\/#website"},"primaryImageOfPage":{"@id":"https:\/\/tonymora.com\/de\/produkt\/2107-daslu-daslu-piton-bc-mate-marron\/#primaryimage"},"image":{"@id":"https:\/\/tonymora.com\/de\/produkt\/2107-daslu-daslu-piton-bc-mate-marron\/#primaryimage"},"thumbnailUrl":"https:\/\/tonymora.com\/wp-content\/uploads\/2023\/11\/07-2107-daslu-daslu-PITON-BC-MATE-MARRON.jpg","datePublished":"2023-11-14T11:16:20+00:00","dateModified":"2023-11-14T11:18:38+00:00","description":"Unsere braunen Pythonstiefel sind wahre Kunstwerke voller Eleganz. Jedes Paar ist ein einzigartiges und exklusives St\u00fcck dank seines unverwechselbaren","breadcrumb":{"@id":"https:\/\/tonymora.com\/de\/produkt\/2107-daslu-daslu-piton-bc-mate-marron\/#breadcrumb"},"inLanguage":"de","potentialAction":[{"@type":"ReadAction","target":["https:\/\/tonymora.com\/de\/produkt\/2107-daslu-daslu-piton-bc-mate-marron\/"]}]},{"@type":"ImageObject","inLanguage":"de","@id":"https:\/\/tonymora.com\/de\/produkt\/2107-daslu-daslu-piton-bc-mate-marron\/#primaryimage","url":"https:\/\/tonymora.com\/wp-content\/uploads\/2023\/11\/07-2107-daslu-daslu-PITON-BC-MATE-MARRON.jpg","contentUrl":"https:\/\/tonymora.com\/wp-content\/uploads\/2023\/11\/07-2107-daslu-daslu-PITON-BC-MATE-MARRON.jpg","width":866,"height":1032},{"@type":"BreadcrumbList","@id":"https:\/\/tonymora.com\/de\/produkt\/2107-daslu-daslu-piton-bc-mate-marron\/#breadcrumb","itemListElement":[{"@type":"ListItem","position":1,"name":"Portada","item":"https:\/\/tonymora.com\/de\/"},{"@type":"ListItem","position":2,"name":"Shop","item":"https:\/\/tonymora.com\/de\/shop\/"},{"@type":"ListItem","position":3,"name":"Damen","item":"https:\/\/tonymora.com\/de\/produkt-kategorie\/damen\/"},{"@type":"ListItem","position":4,"name":"2107 DASLU DASLU PITON BC MATE MARRON"}]},{"@type":"WebSite","@id":"https:\/\/tonymora.com\/de\/#website","url":"https:\/\/tonymora.com\/de\/","name":"Tony Mora\u00ae Boots Official Store","description":"Cowboy Boots","publisher":{"@id":"https:\/\/tonymora.com\/de\/#organization"},"potentialAction":[{"@type":"SearchAction","target":{"@type":"EntryPoint","urlTemplate":"https:\/\/tonymora.com\/de\/?s={search_term_string}"},"query-input":{"@type":"PropertyValueSpecification","valueRequired":true,"valueName":"search_term_string"}}],"inLanguage":"de"},{"@type":"Organization","@id":"https:\/\/tonymora.com\/de\/#organization","name":"Tony Mora Boots","url":"https:\/\/tonymora.com\/de\/","logo":{"@type":"ImageObject","inLanguage":"de","@id":"https:\/\/tonymora.com\/de\/#\/schema\/logo\/image\/","url":"https:\/\/tonymora.com\/wp-content\/uploads\/2023\/12\/LOGO.jpg","contentUrl":"https:\/\/tonymora.com\/wp-content\/uploads\/2023\/12\/LOGO.jpg","width":2272,"height":1411,"caption":"Tony Mora Boots"},"image":{"@id":"https:\/\/tonymora.com\/de\/#\/schema\/logo\/image\/"},"sameAs":["https:\/\/www.facebook.com\/Tonymoraofficial\/","https:\/\/www.instagram.com\/tonymoraofficial\/?hl=es"]}]}},"_links":{"self":[{"href":"https:\/\/tonymora.com\/de\/wp-json\/wp\/v2\/product\/707734","targetHints":{"allow":["GET"]}}],"collection":[{"href":"https:\/\/tonymora.com\/de\/wp-json\/wp\/v2\/product"}],"about":[{"href":"https:\/\/tonymora.com\/de\/wp-json\/wp\/v2\/types\/product"}],"wp:featuredmedia":[{"embeddable":true,"href":"https:\/\/tonymora.com\/de\/wp-json\/wp\/v2\/media\/707717"}],"wp:attachment":[{"href":"https:\/\/tonymora.com\/de\/wp-json\/wp\/v2\/media?parent=707734"}],"wp:term":[{"taxonomy":"product_brand","embeddable":true,"href":"https:\/\/tonymora.com\/de\/wp-json\/wp\/v2\/product_brand?post=707734"},{"taxonomy":"product_cat","embeddable":true,"href":"https:\/\/tonymora.com\/de\/wp-json\/wp\/v2\/product_cat?post=707734"},{"taxonomy":"product_tag","embeddable":true,"href":"https:\/\/tonymora.com\/de\/wp-json\/wp\/v2\/product_tag?post=707734"}],"curies":[{"name":"wp","href":"https:\/\/api.w.org\/{rel}","templated":true}]}}