{"id":707779,"date":"2023-11-14T12:28:52","date_gmt":"2023-11-14T11:28:52","guid":{"rendered":"https:\/\/tonymora.com\/producto\/2135-j-lini-madison-ocre-capri-verde\/"},"modified":"2026-05-11T19:24:48","modified_gmt":"2026-05-11T17:24:48","slug":"2135-j-lini-madison-ocre-capri-verde","status":"publish","type":"product","link":"https:\/\/tonymora.com\/de\/produkt\/2135-j-lini-madison-ocre-capri-verde\/","title":{"rendered":"2135 J LINI MADISON OCRE CAPRI VERDE"},"content":{"rendered":"<p>Wir pr\u00e4sentieren eines unserer ersten Designs, ein gewagtes und l\u00e4ssiges Modell. Dieses Paar ist aus hochwertigem Leder gefertigt und verf\u00fcgt \u00fcber ein sternf\u00f6rmiges Design auf dem Schaft, das mit einer gr\u00fcnen Lederunterseite versehen ist. Zus\u00e4tzlich zu ihrer sch\u00f6nen \u00c4sthetik haben sie ein Innenfutter aus 100% Kalbsleder, das sie zu einem sehr bequemen, anpassungsf\u00e4higen und atmungsaktiven Schuh macht. Sie sind handgen\u00e4ht und mit dem &#8222;Goodyear welted&#8220;-System versehen, um maximale Haltbarkeit zu garantieren. Ob f\u00fcr einen besonderen Anlass oder als Teil Ihres Alltagsstils, diese Stiefel sind eine anspruchsvolle und vielseitige Wahl<\/p>\n","protected":false},"excerpt":{"rendered":"<p>Ein Stil, der Identit\u00e4t ausstrahlt, ganz ohne Worte. Ein Klassiker mit viel Pers\u00f6nlichkeit. Ideal, um Sie vom Tag bis in die Nacht mit derselben Souver\u00e4nit\u00e4t zu begleiten.<\/p>\n","protected":false},"featured_media":707762,"template":"","meta":{"_mbp_gutenberg_autopost":false},"product_brand":[],"product_cat":[1174,169,170,167,1141,1135],"product_tag":[],"class_list":{"0":"post-707779","1":"product","2":"type-product","3":"status-publish","4":"has-post-thumbnail","6":"product_cat-black-friday-de","7":"product_cat-casual-damenstiefel","8":"product_cat-cowboystiefel-damen","9":"product_cat-damen","10":"product_cat-lederstiefel-damen","11":"product_cat-rabatte-damenstiefel","13":"first","14":"instock","15":"taxable","16":"shipping-taxable","17":"purchasable","18":"product-type-variable"},"_links":{"self":[{"href":"https:\/\/tonymora.com\/de\/wp-json\/wp\/v2\/product\/707779","targetHints":{"allow":["GET"]}}],"collection":[{"href":"https:\/\/tonymora.com\/de\/wp-json\/wp\/v2\/product"}],"about":[{"href":"https:\/\/tonymora.com\/de\/wp-json\/wp\/v2\/types\/product"}],"wp:featuredmedia":[{"embeddable":true,"href":"https:\/\/tonymora.com\/de\/wp-json\/wp\/v2\/media\/707762"}],"wp:attachment":[{"href":"https:\/\/tonymora.com\/de\/wp-json\/wp\/v2\/media?parent=707779"}],"wp:term":[{"taxonomy":"product_brand","embeddable":true,"href":"https:\/\/tonymora.com\/de\/wp-json\/wp\/v2\/product_brand?post=707779"},{"taxonomy":"product_cat","embeddable":true,"href":"https:\/\/tonymora.com\/de\/wp-json\/wp\/v2\/product_cat?post=707779"},{"taxonomy":"product_tag","embeddable":true,"href":"https:\/\/tonymora.com\/de\/wp-json\/wp\/v2\/product_tag?post=707779"}],"curies":[{"name":"wp","href":"https:\/\/api.w.org\/{rel}","templated":true}]}}