{"id":707824,"date":"2023-11-14T12:36:15","date_gmt":"2023-11-14T11:36:15","guid":{"rendered":"https:\/\/tonymora.com\/producto\/2135-j-lini-nobuck-ocre-brash-arena\/"},"modified":"2026-05-11T19:24:48","modified_gmt":"2026-05-11T17:24:48","slug":"2135-j-lini-nobuck-ocre-brash-arena","status":"publish","type":"product","link":"https:\/\/tonymora.com\/de\/produkt\/2135-j-lini-nobuck-ocre-brash-arena\/","title":{"rendered":"2135 J LINI NOBUCK OCRE BRASH ARENA"},"content":{"rendered":"<p>Dieses Modell strahlt einen unvergleichlichen Stil aus, der sehr leicht zu kombinieren ist. Sein Leder von h\u00f6chster Qualit\u00e4t wurde mit der &#8222;Brash&#8220;-Technik behandelt, einem Wachsen mit Bienenwachs, um eine gl\u00e4nzende Oberfl\u00e4che zu erhalten und sie auch vor m\u00f6glichem Reiben oder Kratzern zu sch\u00fctzen, das Leder zu n\u00e4hren und Trockenheit und Risse darin zu verhindern, au\u00dferdem hat es ein sternf\u00f6rmiges Design auf seinem Schaft mit einem niedrigen Boden in Leder integriert mit Handstickerei von unseren N\u00e4herinnen erstellt. Dieses Produkt hat eine Innenausstattung aus 100% Kalbsleder, die daf\u00fcr sorgt, dass es bequem, weich und atmungsaktiv ist.<\/p>\n","protected":false},"excerpt":{"rendered":"<p>Eine Wahl, die sich vom ersten Augenblick an besonders anf\u00fchlt. Westlich inspirierte Ausstrahlung und eine markante Pr\u00e4senz. Entworfen, um den Moment zu genie\u00dfen, nicht um Trends zu folgen.<\/p>\n","protected":false},"featured_media":707810,"template":"","meta":{"_mbp_gutenberg_autopost":false},"product_brand":[],"product_cat":[1174,169,170,167,1141,1135],"product_tag":[],"class_list":{"0":"post-707824","1":"product","2":"type-product","3":"status-publish","4":"has-post-thumbnail","6":"product_cat-black-friday-de","7":"product_cat-casual-damenstiefel","8":"product_cat-cowboystiefel-damen","9":"product_cat-damen","10":"product_cat-lederstiefel-damen","11":"product_cat-rabatte-damenstiefel","13":"first","14":"instock","15":"taxable","16":"shipping-taxable","17":"purchasable","18":"product-type-variable"},"_links":{"self":[{"href":"https:\/\/tonymora.com\/de\/wp-json\/wp\/v2\/product\/707824","targetHints":{"allow":["GET"]}}],"collection":[{"href":"https:\/\/tonymora.com\/de\/wp-json\/wp\/v2\/product"}],"about":[{"href":"https:\/\/tonymora.com\/de\/wp-json\/wp\/v2\/types\/product"}],"wp:featuredmedia":[{"embeddable":true,"href":"https:\/\/tonymora.com\/de\/wp-json\/wp\/v2\/media\/707810"}],"wp:attachment":[{"href":"https:\/\/tonymora.com\/de\/wp-json\/wp\/v2\/media?parent=707824"}],"wp:term":[{"taxonomy":"product_brand","embeddable":true,"href":"https:\/\/tonymora.com\/de\/wp-json\/wp\/v2\/product_brand?post=707824"},{"taxonomy":"product_cat","embeddable":true,"href":"https:\/\/tonymora.com\/de\/wp-json\/wp\/v2\/product_cat?post=707824"},{"taxonomy":"product_tag","embeddable":true,"href":"https:\/\/tonymora.com\/de\/wp-json\/wp\/v2\/product_tag?post=707824"}],"curies":[{"name":"wp","href":"https:\/\/api.w.org\/{rel}","templated":true}]}}