{"id":707869,"date":"2023-11-14T12:43:45","date_gmt":"2023-11-14T11:43:45","guid":{"rendered":"https:\/\/tonymora.com\/producto\/7025-daslu-lini-cuero-vintage-bronce\/"},"modified":"2025-09-21T14:20:26","modified_gmt":"2025-09-21T12:20:26","slug":"7025-daslu-lini-cuero-vintage-bronce","status":"publish","type":"product","link":"https:\/\/tonymora.com\/de\/produkt\/7025-daslu-lini-cuero-vintage-bronce\/","title":{"rendered":"7025 DASLU LINI CUERO VINTAGE BRONCE"},"content":{"rendered":"<p>Wenn Sie auf der Suche nach einem Paar Stiefel sind, das Stil und Pers\u00f6nlichkeit ausstrahlt, sind Sie bei diesem Produkt genau richtig! Dieses Modell ist ein wahres Meisterwerk. Es wurde aus hochwertigem Leder gefertigt und mit einer Alterungstechnik behandelt, die dem Leder dunklere Schattierungen verleiht und ihm einen einzigartigen und raffinierten Look verleiht. Auf dem Schaft befinden sich Kolibris und verschiedene, von Hand gefertigte Zierstickereien. Die Innenausstattung besteht zu 100 % aus Kalbsleder, das f\u00fcr Komfort, Weichheit und Atmungsaktivit\u00e4t sorgt.<\/p>\n","protected":false},"excerpt":{"rendered":"<p>Nat\u00fcrliche Eleganz in einer Silhouette, die Blicke auf sich zieht. Western-inspirierte Ausstrahlung und eine markante Pr\u00e4senz.<br \/>\nEin Kleidungsst\u00fcck, das Ihre Pers\u00f6nlichkeit unterstreicht und Ihnen m\u00fchelos Eleganz verleiht.<\/p>\n","protected":false},"featured_media":707896,"template":"","meta":{"_mbp_gutenberg_autopost":false},"product_brand":[],"product_cat":[1174,169,170,167,1141,1135],"product_tag":[],"class_list":{"0":"post-707869","1":"product","2":"type-product","3":"status-publish","4":"has-post-thumbnail","6":"product_cat-black-friday-de","7":"product_cat-casual-damenstiefel","8":"product_cat-cowboystiefel-damen","9":"product_cat-damen","10":"product_cat-lederstiefel-damen","11":"product_cat-rabatte-damenstiefel","13":"first","14":"instock","15":"taxable","16":"shipping-taxable","17":"purchasable","18":"product-type-variable"},"supplier_id":null,"supplier_sku":"","barcode":null,"atum_controlled":true,"out_stock_date":null,"out_stock_threshold":null,"inheritable":true,"inbound_stock":0,"stock_on_hold":4,"sold_today":3,"sales_last_days":3,"reserved_stock":0,"customer_returns":0,"warehouse_damage":0,"lost_in_post":0,"other_logs":0,"out_stock_days":0,"lost_sales":0,"has_location":false,"update_date":"2026-03-16T15:11:47","atum_locations":[],"atum_stock_status":"instock","restock_status":false,"low_stock_amount":"","sales_update_date":"2024-05-10T12:47:45","calc_backorders":null,"yoast_head":"<!-- This site is optimized with the Yoast SEO plugin v27.2 - https:\/\/yoast.com\/product\/yoast-seo-wordpress\/ -->\n<title>Cowboystiefel im Vintage-Stil f\u00fcr Damen | Gealtertes Leder | Tony Mora<\/title>\n<meta name=\"description\" content=\"Cowboystiefel aus gealtertem Leder mit handgefertigter Stickerei. Weiches und atmungsaktives Innenfutter. Vintage-Stil und Komfort f\u00fcr Frauen.\" \/>\n<meta name=\"robots\" content=\"index, follow, max-snippet:-1, max-image-preview:large, max-video-preview:-1\" \/>\n<link rel=\"canonical\" href=\"https:\/\/tonymora.com\/de\/produkt\/7025-daslu-lini-cuero-vintage-bronce\/\" \/>\n<meta property=\"og:locale\" content=\"de_DE\" \/>\n<meta property=\"og:type\" content=\"article\" \/>\n<meta property=\"og:title\" content=\"Cowboystiefel im Vintage-Stil f\u00fcr Damen | Gealtertes Leder | Tony Mora\" \/>\n<meta property=\"og:description\" content=\"Cowboystiefel aus gealtertem Leder mit handgefertigter Stickerei. Weiches und atmungsaktives Innenfutter. Vintage-Stil und Komfort f\u00fcr Frauen.\" \/>\n<meta property=\"og:url\" content=\"https:\/\/tonymora.com\/de\/produkt\/7025-daslu-lini-cuero-vintage-bronce\/\" \/>\n<meta property=\"og:site_name\" content=\"Tony Mora\u00ae Boots Official Store\" \/>\n<meta property=\"article:publisher\" content=\"https:\/\/www.facebook.com\/Tonymoraofficial\/\" \/>\n<meta property=\"article:modified_time\" content=\"2025-09-21T12:20:26+00:00\" \/>\n<meta property=\"og:image\" content=\"https:\/\/tonymora.com\/wp-content\/uploads\/2023\/11\/06-7025-DASLU-LINI-CUERO-VINTAGE-BRONCE.jpg\" \/>\n\t<meta property=\"og:image:width\" content=\"866\" \/>\n\t<meta property=\"og:image:height\" content=\"1032\" \/>\n\t<meta property=\"og:image:type\" content=\"image\/jpeg\" \/>\n<meta name=\"twitter:card\" content=\"summary_large_image\" \/>\n<script type=\"application\/ld+json\" class=\"yoast-schema-graph\">{\"@context\":\"https:\/\/schema.org\",\"@graph\":[{\"@type\":\"WebPage\",\"@id\":\"https:\/\/tonymora.com\/de\/produkt\/7025-daslu-lini-cuero-vintage-bronce\/\",\"url\":\"https:\/\/tonymora.com\/de\/produkt\/7025-daslu-lini-cuero-vintage-bronce\/\",\"name\":\"Cowboystiefel im Vintage-Stil f\u00fcr Damen | Gealtertes Leder | Tony Mora\",\"isPartOf\":{\"@id\":\"https:\/\/tonymora.com\/de\/#website\"},\"primaryImageOfPage\":{\"@id\":\"https:\/\/tonymora.com\/de\/produkt\/7025-daslu-lini-cuero-vintage-bronce\/#primaryimage\"},\"image\":{\"@id\":\"https:\/\/tonymora.com\/de\/produkt\/7025-daslu-lini-cuero-vintage-bronce\/#primaryimage\"},\"thumbnailUrl\":\"https:\/\/tonymora.com\/wp-content\/uploads\/2023\/11\/06-7025-DASLU-LINI-CUERO-VINTAGE-BRONCE.jpg\",\"datePublished\":\"2023-11-14T11:43:45+00:00\",\"dateModified\":\"2025-09-21T12:20:26+00:00\",\"description\":\"Cowboystiefel aus gealtertem Leder mit handgefertigter Stickerei. Weiches und atmungsaktives Innenfutter. Vintage-Stil und Komfort f\u00fcr Frauen.\",\"breadcrumb\":{\"@id\":\"https:\/\/tonymora.com\/de\/produkt\/7025-daslu-lini-cuero-vintage-bronce\/#breadcrumb\"},\"inLanguage\":\"de\",\"potentialAction\":[{\"@type\":\"ReadAction\",\"target\":[\"https:\/\/tonymora.com\/de\/produkt\/7025-daslu-lini-cuero-vintage-bronce\/\"]}]},{\"@type\":\"ImageObject\",\"inLanguage\":\"de\",\"@id\":\"https:\/\/tonymora.com\/de\/produkt\/7025-daslu-lini-cuero-vintage-bronce\/#primaryimage\",\"url\":\"https:\/\/tonymora.com\/wp-content\/uploads\/2023\/11\/06-7025-DASLU-LINI-CUERO-VINTAGE-BRONCE.jpg\",\"contentUrl\":\"https:\/\/tonymora.com\/wp-content\/uploads\/2023\/11\/06-7025-DASLU-LINI-CUERO-VINTAGE-BRONCE.jpg\",\"width\":866,\"height\":1032,\"caption\":\"7025-DASLU-LINI-CUERO-VINTAGE-BRONCE\"},{\"@type\":\"BreadcrumbList\",\"@id\":\"https:\/\/tonymora.com\/de\/produkt\/7025-daslu-lini-cuero-vintage-bronce\/#breadcrumb\",\"itemListElement\":[{\"@type\":\"ListItem\",\"position\":1,\"name\":\"Portada\",\"item\":\"https:\/\/tonymora.com\/de\/\"},{\"@type\":\"ListItem\",\"position\":2,\"name\":\"Shop\",\"item\":\"https:\/\/tonymora.com\/de\/shop\/\"},{\"@type\":\"ListItem\",\"position\":3,\"name\":\"Rabatte Damenstiefel\",\"item\":\"https:\/\/tonymora.com\/de\/produkt-kategorie\/rabatte-damenstiefel\/\"},{\"@type\":\"ListItem\",\"position\":4,\"name\":\"Lederstiefel Damen\",\"item\":\"https:\/\/tonymora.com\/de\/produkt-kategorie\/rabatte-damenstiefel\/lederstiefel-damen\/\"},{\"@type\":\"ListItem\",\"position\":5,\"name\":\"7025 DASLU LINI CUERO VINTAGE BRONCE\"}]},{\"@type\":\"WebSite\",\"@id\":\"https:\/\/tonymora.com\/de\/#website\",\"url\":\"https:\/\/tonymora.com\/de\/\",\"name\":\"Tony Mora\u00ae Boots Official Store\",\"description\":\"Cowboy Boots\",\"publisher\":{\"@id\":\"https:\/\/tonymora.com\/de\/#organization\"},\"potentialAction\":[{\"@type\":\"SearchAction\",\"target\":{\"@type\":\"EntryPoint\",\"urlTemplate\":\"https:\/\/tonymora.com\/de\/?s={search_term_string}\"},\"query-input\":{\"@type\":\"PropertyValueSpecification\",\"valueRequired\":true,\"valueName\":\"search_term_string\"}}],\"inLanguage\":\"de\"},{\"@type\":\"Organization\",\"@id\":\"https:\/\/tonymora.com\/de\/#organization\",\"name\":\"Tony Mora Boots\",\"url\":\"https:\/\/tonymora.com\/de\/\",\"logo\":{\"@type\":\"ImageObject\",\"inLanguage\":\"de\",\"@id\":\"https:\/\/tonymora.com\/de\/#\/schema\/logo\/image\/\",\"url\":\"https:\/\/tonymora.com\/wp-content\/uploads\/2023\/12\/LOGO.jpg\",\"contentUrl\":\"https:\/\/tonymora.com\/wp-content\/uploads\/2023\/12\/LOGO.jpg\",\"width\":2272,\"height\":1411,\"caption\":\"Tony Mora Boots\"},\"image\":{\"@id\":\"https:\/\/tonymora.com\/de\/#\/schema\/logo\/image\/\"},\"sameAs\":[\"https:\/\/www.facebook.com\/Tonymoraofficial\/\",\"https:\/\/www.instagram.com\/tonymoraofficial\/?hl=es\"]}]}<\/script>\n<!-- \/ Yoast SEO plugin. -->","yoast_head_json":{"title":"Cowboystiefel im Vintage-Stil f\u00fcr Damen | Gealtertes Leder | Tony Mora","description":"Cowboystiefel aus gealtertem Leder mit handgefertigter Stickerei. Weiches und atmungsaktives Innenfutter. Vintage-Stil und Komfort f\u00fcr Frauen.","robots":{"index":"index","follow":"follow","max-snippet":"max-snippet:-1","max-image-preview":"max-image-preview:large","max-video-preview":"max-video-preview:-1"},"canonical":"https:\/\/tonymora.com\/de\/produkt\/7025-daslu-lini-cuero-vintage-bronce\/","og_locale":"de_DE","og_type":"article","og_title":"Cowboystiefel im Vintage-Stil f\u00fcr Damen | Gealtertes Leder | Tony Mora","og_description":"Cowboystiefel aus gealtertem Leder mit handgefertigter Stickerei. Weiches und atmungsaktives Innenfutter. Vintage-Stil und Komfort f\u00fcr Frauen.","og_url":"https:\/\/tonymora.com\/de\/produkt\/7025-daslu-lini-cuero-vintage-bronce\/","og_site_name":"Tony Mora\u00ae Boots Official Store","article_publisher":"https:\/\/www.facebook.com\/Tonymoraofficial\/","article_modified_time":"2025-09-21T12:20:26+00:00","og_image":[{"width":866,"height":1032,"url":"https:\/\/tonymora.com\/wp-content\/uploads\/2023\/11\/06-7025-DASLU-LINI-CUERO-VINTAGE-BRONCE.jpg","type":"image\/jpeg"}],"twitter_card":"summary_large_image","schema":{"@context":"https:\/\/schema.org","@graph":[{"@type":"WebPage","@id":"https:\/\/tonymora.com\/de\/produkt\/7025-daslu-lini-cuero-vintage-bronce\/","url":"https:\/\/tonymora.com\/de\/produkt\/7025-daslu-lini-cuero-vintage-bronce\/","name":"Cowboystiefel im Vintage-Stil f\u00fcr Damen | Gealtertes Leder | Tony Mora","isPartOf":{"@id":"https:\/\/tonymora.com\/de\/#website"},"primaryImageOfPage":{"@id":"https:\/\/tonymora.com\/de\/produkt\/7025-daslu-lini-cuero-vintage-bronce\/#primaryimage"},"image":{"@id":"https:\/\/tonymora.com\/de\/produkt\/7025-daslu-lini-cuero-vintage-bronce\/#primaryimage"},"thumbnailUrl":"https:\/\/tonymora.com\/wp-content\/uploads\/2023\/11\/06-7025-DASLU-LINI-CUERO-VINTAGE-BRONCE.jpg","datePublished":"2023-11-14T11:43:45+00:00","dateModified":"2025-09-21T12:20:26+00:00","description":"Cowboystiefel aus gealtertem Leder mit handgefertigter Stickerei. Weiches und atmungsaktives Innenfutter. Vintage-Stil und Komfort f\u00fcr Frauen.","breadcrumb":{"@id":"https:\/\/tonymora.com\/de\/produkt\/7025-daslu-lini-cuero-vintage-bronce\/#breadcrumb"},"inLanguage":"de","potentialAction":[{"@type":"ReadAction","target":["https:\/\/tonymora.com\/de\/produkt\/7025-daslu-lini-cuero-vintage-bronce\/"]}]},{"@type":"ImageObject","inLanguage":"de","@id":"https:\/\/tonymora.com\/de\/produkt\/7025-daslu-lini-cuero-vintage-bronce\/#primaryimage","url":"https:\/\/tonymora.com\/wp-content\/uploads\/2023\/11\/06-7025-DASLU-LINI-CUERO-VINTAGE-BRONCE.jpg","contentUrl":"https:\/\/tonymora.com\/wp-content\/uploads\/2023\/11\/06-7025-DASLU-LINI-CUERO-VINTAGE-BRONCE.jpg","width":866,"height":1032,"caption":"7025-DASLU-LINI-CUERO-VINTAGE-BRONCE"},{"@type":"BreadcrumbList","@id":"https:\/\/tonymora.com\/de\/produkt\/7025-daslu-lini-cuero-vintage-bronce\/#breadcrumb","itemListElement":[{"@type":"ListItem","position":1,"name":"Portada","item":"https:\/\/tonymora.com\/de\/"},{"@type":"ListItem","position":2,"name":"Shop","item":"https:\/\/tonymora.com\/de\/shop\/"},{"@type":"ListItem","position":3,"name":"Rabatte Damenstiefel","item":"https:\/\/tonymora.com\/de\/produkt-kategorie\/rabatte-damenstiefel\/"},{"@type":"ListItem","position":4,"name":"Lederstiefel Damen","item":"https:\/\/tonymora.com\/de\/produkt-kategorie\/rabatte-damenstiefel\/lederstiefel-damen\/"},{"@type":"ListItem","position":5,"name":"7025 DASLU LINI CUERO VINTAGE BRONCE"}]},{"@type":"WebSite","@id":"https:\/\/tonymora.com\/de\/#website","url":"https:\/\/tonymora.com\/de\/","name":"Tony Mora\u00ae Boots Official Store","description":"Cowboy Boots","publisher":{"@id":"https:\/\/tonymora.com\/de\/#organization"},"potentialAction":[{"@type":"SearchAction","target":{"@type":"EntryPoint","urlTemplate":"https:\/\/tonymora.com\/de\/?s={search_term_string}"},"query-input":{"@type":"PropertyValueSpecification","valueRequired":true,"valueName":"search_term_string"}}],"inLanguage":"de"},{"@type":"Organization","@id":"https:\/\/tonymora.com\/de\/#organization","name":"Tony Mora Boots","url":"https:\/\/tonymora.com\/de\/","logo":{"@type":"ImageObject","inLanguage":"de","@id":"https:\/\/tonymora.com\/de\/#\/schema\/logo\/image\/","url":"https:\/\/tonymora.com\/wp-content\/uploads\/2023\/12\/LOGO.jpg","contentUrl":"https:\/\/tonymora.com\/wp-content\/uploads\/2023\/12\/LOGO.jpg","width":2272,"height":1411,"caption":"Tony Mora Boots"},"image":{"@id":"https:\/\/tonymora.com\/de\/#\/schema\/logo\/image\/"},"sameAs":["https:\/\/www.facebook.com\/Tonymoraofficial\/","https:\/\/www.instagram.com\/tonymoraofficial\/?hl=es"]}]}},"_links":{"self":[{"href":"https:\/\/tonymora.com\/de\/wp-json\/wp\/v2\/product\/707869","targetHints":{"allow":["GET"]}}],"collection":[{"href":"https:\/\/tonymora.com\/de\/wp-json\/wp\/v2\/product"}],"about":[{"href":"https:\/\/tonymora.com\/de\/wp-json\/wp\/v2\/types\/product"}],"wp:featuredmedia":[{"embeddable":true,"href":"https:\/\/tonymora.com\/de\/wp-json\/wp\/v2\/media\/707896"}],"wp:attachment":[{"href":"https:\/\/tonymora.com\/de\/wp-json\/wp\/v2\/media?parent=707869"}],"wp:term":[{"taxonomy":"product_brand","embeddable":true,"href":"https:\/\/tonymora.com\/de\/wp-json\/wp\/v2\/product_brand?post=707869"},{"taxonomy":"product_cat","embeddable":true,"href":"https:\/\/tonymora.com\/de\/wp-json\/wp\/v2\/product_cat?post=707869"},{"taxonomy":"product_tag","embeddable":true,"href":"https:\/\/tonymora.com\/de\/wp-json\/wp\/v2\/product_tag?post=707869"}],"curies":[{"name":"wp","href":"https:\/\/api.w.org\/{rel}","templated":true}]}}