{"id":707959,"date":"2023-11-15T08:34:27","date_gmt":"2023-11-15T07:34:27","guid":{"rendered":"https:\/\/tonymora.com\/producto\/2048-j-lini-madison-setter-saturno-salmon\/"},"modified":"2026-05-11T19:24:47","modified_gmt":"2026-05-11T17:24:47","slug":"2048-j-lini-madison-setter-saturno-salmon","status":"publish","type":"product","link":"https:\/\/tonymora.com\/de\/produkt\/2048-j-lini-madison-setter-saturno-salmon\/","title":{"rendered":"2048 J LINI MADISON SETTER \/ SATURNO SALMON"},"content":{"rendered":"<p>Diese Stiefel sind entworfen, um Ihnen das Beste an Komfort und Stil zu bieten. Sein hochwertiges Leder verf\u00fcgt \u00fcber ein Schmetterlingsdesign auf dem Schaft, das mit einem lachsfarbenen Lederboden und einer Handstickerei kombiniert wurde, um seine Sch\u00f6nheit zu unterstreichen. Die Innenausstattung aus Kalbsleder macht ihn atmungsaktiv und passt sich bei jedem Tragen der Fu\u00dfform an. Es handelt sich um ein handgen\u00e4htes Einzelst\u00fcck, das mit dem &#8222;Goodyear welted&#8220;-System gen\u00e4ht wurde, um maximale Haltbarkeit und Qualit\u00e4t zu garantieren.<\/p>\n","protected":false},"excerpt":{"rendered":"<p>Eine markante Silhouette, die jedes Outfit aufwertet. Klassischer Charakter mit modernem Flair.<br \/>\nSo kleiden Sie sich authentisch und elegant.<\/p>\n","protected":false},"featured_media":707945,"template":"","meta":{"_mbp_gutenberg_autopost":false},"product_brand":[],"product_cat":[1174,169,167,1141,168,1135],"product_tag":[],"class_list":{"0":"post-707959","1":"product","2":"type-product","3":"status-publish","4":"has-post-thumbnail","6":"product_cat-black-friday-de","7":"product_cat-casual-damenstiefel","8":"product_cat-damen","9":"product_cat-lederstiefel-damen","10":"product_cat-line-dancing-stiefel-damen","11":"product_cat-rabatte-damenstiefel","13":"first","14":"instock","15":"taxable","16":"shipping-taxable","17":"purchasable","18":"product-type-variable"},"_links":{"self":[{"href":"https:\/\/tonymora.com\/de\/wp-json\/wp\/v2\/product\/707959","targetHints":{"allow":["GET"]}}],"collection":[{"href":"https:\/\/tonymora.com\/de\/wp-json\/wp\/v2\/product"}],"about":[{"href":"https:\/\/tonymora.com\/de\/wp-json\/wp\/v2\/types\/product"}],"wp:featuredmedia":[{"embeddable":true,"href":"https:\/\/tonymora.com\/de\/wp-json\/wp\/v2\/media\/707945"}],"wp:attachment":[{"href":"https:\/\/tonymora.com\/de\/wp-json\/wp\/v2\/media?parent=707959"}],"wp:term":[{"taxonomy":"product_brand","embeddable":true,"href":"https:\/\/tonymora.com\/de\/wp-json\/wp\/v2\/product_brand?post=707959"},{"taxonomy":"product_cat","embeddable":true,"href":"https:\/\/tonymora.com\/de\/wp-json\/wp\/v2\/product_cat?post=707959"},{"taxonomy":"product_tag","embeddable":true,"href":"https:\/\/tonymora.com\/de\/wp-json\/wp\/v2\/product_tag?post=707959"}],"curies":[{"name":"wp","href":"https:\/\/api.w.org\/{rel}","templated":true}]}}