{"id":708004,"date":"2023-11-15T08:40:56","date_gmt":"2023-11-15T07:40:56","guid":{"rendered":"https:\/\/tonymora.com\/producto\/7020-daslu-lini-club-negro-club-beige\/"},"modified":"2025-10-07T18:38:40","modified_gmt":"2025-10-07T16:38:40","slug":"7020-daslu-lini-club-negro-club-beige","status":"publish","type":"product","link":"https:\/\/tonymora.com\/de\/produkt\/7020-daslu-lini-club-negro-club-beige\/","title":{"rendered":"7020 DASLU LINI CLUB NEGRO \/ CLUB BEIGE"},"content":{"rendered":"<p>Wenn Sie auf der Suche nach Komfort und Stil sind, suchen Sie nicht weiter, denn diese Tony Mora Stiefel sind f\u00fcr Sie. Diese Stiefel sind aus hochwertigem Leder gefertigt und verf\u00fcgen \u00fcber eine schwarze Fadenstickerei auf dem Schaft, die von unseren N\u00e4herinnen handgefertigt wurde, sowie \u00fcber einen beigen Boden, der sie zu einem eleganten und sehr kombinierbaren Modell macht. Die Innenausstattung besteht zu 100 % aus Kalbsleder, das Komfort, Weichheit und au\u00dfergew\u00f6hnliche Haltbarkeit garantiert. Diese Stiefel vereinen Komfort und Eleganz in Perfektion.<\/p>\n","protected":false},"excerpt":{"rendered":"<p>Nat\u00fcrliche Eleganz in einer Silhouette, die alle Blicke auf sich zieht. Ein zeitloser Klassiker, der immer passt. Ideal, um Sie vom Tag bis in die Nacht mit demselben Selbstbewusstsein zu begleiten.<\/p>\n","protected":false},"featured_media":707990,"template":"","meta":{"_mbp_gutenberg_autopost":false},"product_brand":[],"product_cat":[1174,169,167,1141,168,1135],"product_tag":[],"class_list":{"0":"post-708004","1":"product","2":"type-product","3":"status-publish","4":"has-post-thumbnail","6":"product_cat-black-friday-de","7":"product_cat-casual-damenstiefel","8":"product_cat-damen","9":"product_cat-lederstiefel-damen","10":"product_cat-line-dancing-stiefel-damen","11":"product_cat-rabatte-damenstiefel","13":"first","14":"instock","15":"taxable","16":"shipping-taxable","17":"purchasable","18":"product-type-variable"},"supplier_id":null,"supplier_sku":"","barcode":null,"atum_controlled":true,"out_stock_date":null,"out_stock_threshold":null,"inheritable":true,"inbound_stock":0,"stock_on_hold":6,"sold_today":3,"sales_last_days":3,"reserved_stock":0,"customer_returns":0,"warehouse_damage":0,"lost_in_post":0,"other_logs":0,"out_stock_days":0,"lost_sales":0,"has_location":false,"update_date":"2026-03-10T13:29:04","atum_locations":[],"atum_stock_status":"instock","restock_status":false,"low_stock_amount":"","sales_update_date":"2024-07-09T07:51:36","calc_backorders":null,"yoast_head":"<!-- This site is optimized with the Yoast SEO plugin v27.2 - https:\/\/yoast.com\/product\/yoast-seo-wordpress\/ -->\n<title>Schwarze Cowboystiefel f\u00fcr Damen | Bestickte Stiefel | Tony Mora<\/title>\n<meta name=\"description\" content=\"Handbestickte Cowboystiefel aus schwarzem Leder mit Innenfutter aus Kalbsleder. Elegant, bequem und perfekt f\u00fcr Frauen. Tony Mora, einzigartiger Stil.\" \/>\n<meta name=\"robots\" content=\"index, follow, max-snippet:-1, max-image-preview:large, max-video-preview:-1\" \/>\n<link rel=\"canonical\" href=\"https:\/\/tonymora.com\/de\/produkt\/7020-daslu-lini-club-negro-club-beige\/\" \/>\n<meta property=\"og:locale\" content=\"de_DE\" \/>\n<meta property=\"og:type\" content=\"article\" \/>\n<meta property=\"og:title\" content=\"Schwarze Cowboystiefel f\u00fcr Damen | Bestickte Stiefel | Tony Mora\" \/>\n<meta property=\"og:description\" content=\"Handbestickte Cowboystiefel aus schwarzem Leder mit Innenfutter aus Kalbsleder. Elegant, bequem und perfekt f\u00fcr Frauen. Tony Mora, einzigartiger Stil.\" \/>\n<meta property=\"og:url\" content=\"https:\/\/tonymora.com\/de\/produkt\/7020-daslu-lini-club-negro-club-beige\/\" \/>\n<meta property=\"og:site_name\" content=\"Tony Mora\u00ae Boots Official Store\" \/>\n<meta property=\"article:publisher\" content=\"https:\/\/www.facebook.com\/Tonymoraofficial\/\" \/>\n<meta property=\"article:modified_time\" content=\"2025-10-07T16:38:40+00:00\" \/>\n<meta property=\"og:image\" content=\"https:\/\/tonymora.com\/wp-content\/uploads\/2023\/11\/08-7020-DASLU-LINI-CLUB-NEGRO_CLUB-BEIG.jpg\" \/>\n\t<meta property=\"og:image:width\" content=\"866\" \/>\n\t<meta property=\"og:image:height\" content=\"1032\" \/>\n\t<meta property=\"og:image:type\" content=\"image\/jpeg\" \/>\n<meta name=\"twitter:card\" content=\"summary_large_image\" \/>\n<script type=\"application\/ld+json\" class=\"yoast-schema-graph\">{\"@context\":\"https:\/\/schema.org\",\"@graph\":[{\"@type\":\"WebPage\",\"@id\":\"https:\/\/tonymora.com\/de\/produkt\/7020-daslu-lini-club-negro-club-beige\/\",\"url\":\"https:\/\/tonymora.com\/de\/produkt\/7020-daslu-lini-club-negro-club-beige\/\",\"name\":\"Schwarze Cowboystiefel f\u00fcr Damen | Bestickte Stiefel | Tony Mora\",\"isPartOf\":{\"@id\":\"https:\/\/tonymora.com\/de\/#website\"},\"primaryImageOfPage\":{\"@id\":\"https:\/\/tonymora.com\/de\/produkt\/7020-daslu-lini-club-negro-club-beige\/#primaryimage\"},\"image\":{\"@id\":\"https:\/\/tonymora.com\/de\/produkt\/7020-daslu-lini-club-negro-club-beige\/#primaryimage\"},\"thumbnailUrl\":\"https:\/\/tonymora.com\/wp-content\/uploads\/2023\/11\/08-7020-DASLU-LINI-CLUB-NEGRO_CLUB-BEIG.jpg\",\"datePublished\":\"2023-11-15T07:40:56+00:00\",\"dateModified\":\"2025-10-07T16:38:40+00:00\",\"description\":\"Handbestickte Cowboystiefel aus schwarzem Leder mit Innenfutter aus Kalbsleder. Elegant, bequem und perfekt f\u00fcr Frauen. Tony Mora, einzigartiger Stil.\",\"breadcrumb\":{\"@id\":\"https:\/\/tonymora.com\/de\/produkt\/7020-daslu-lini-club-negro-club-beige\/#breadcrumb\"},\"inLanguage\":\"de\",\"potentialAction\":[{\"@type\":\"ReadAction\",\"target\":[\"https:\/\/tonymora.com\/de\/produkt\/7020-daslu-lini-club-negro-club-beige\/\"]}]},{\"@type\":\"ImageObject\",\"inLanguage\":\"de\",\"@id\":\"https:\/\/tonymora.com\/de\/produkt\/7020-daslu-lini-club-negro-club-beige\/#primaryimage\",\"url\":\"https:\/\/tonymora.com\/wp-content\/uploads\/2023\/11\/08-7020-DASLU-LINI-CLUB-NEGRO_CLUB-BEIG.jpg\",\"contentUrl\":\"https:\/\/tonymora.com\/wp-content\/uploads\/2023\/11\/08-7020-DASLU-LINI-CLUB-NEGRO_CLUB-BEIG.jpg\",\"width\":866,\"height\":1032,\"caption\":\"DASLU LINI CLUB NEGRO_CLUB BEIG\"},{\"@type\":\"BreadcrumbList\",\"@id\":\"https:\/\/tonymora.com\/de\/produkt\/7020-daslu-lini-club-negro-club-beige\/#breadcrumb\",\"itemListElement\":[{\"@type\":\"ListItem\",\"position\":1,\"name\":\"Portada\",\"item\":\"https:\/\/tonymora.com\/de\/\"},{\"@type\":\"ListItem\",\"position\":2,\"name\":\"Shop\",\"item\":\"https:\/\/tonymora.com\/de\/shop\/\"},{\"@type\":\"ListItem\",\"position\":3,\"name\":\"Rabatte Damenstiefel\",\"item\":\"https:\/\/tonymora.com\/de\/produkt-kategorie\/rabatte-damenstiefel\/\"},{\"@type\":\"ListItem\",\"position\":4,\"name\":\"Lederstiefel Damen\",\"item\":\"https:\/\/tonymora.com\/de\/produkt-kategorie\/rabatte-damenstiefel\/lederstiefel-damen\/\"},{\"@type\":\"ListItem\",\"position\":5,\"name\":\"7020 DASLU LINI CLUB NEGRO \/ CLUB BEIGE\"}]},{\"@type\":\"WebSite\",\"@id\":\"https:\/\/tonymora.com\/de\/#website\",\"url\":\"https:\/\/tonymora.com\/de\/\",\"name\":\"Tony Mora\u00ae Boots Official Store\",\"description\":\"Cowboy Boots\",\"publisher\":{\"@id\":\"https:\/\/tonymora.com\/de\/#organization\"},\"potentialAction\":[{\"@type\":\"SearchAction\",\"target\":{\"@type\":\"EntryPoint\",\"urlTemplate\":\"https:\/\/tonymora.com\/de\/?s={search_term_string}\"},\"query-input\":{\"@type\":\"PropertyValueSpecification\",\"valueRequired\":true,\"valueName\":\"search_term_string\"}}],\"inLanguage\":\"de\"},{\"@type\":\"Organization\",\"@id\":\"https:\/\/tonymora.com\/de\/#organization\",\"name\":\"Tony Mora Boots\",\"url\":\"https:\/\/tonymora.com\/de\/\",\"logo\":{\"@type\":\"ImageObject\",\"inLanguage\":\"de\",\"@id\":\"https:\/\/tonymora.com\/de\/#\/schema\/logo\/image\/\",\"url\":\"https:\/\/tonymora.com\/wp-content\/uploads\/2023\/12\/LOGO.jpg\",\"contentUrl\":\"https:\/\/tonymora.com\/wp-content\/uploads\/2023\/12\/LOGO.jpg\",\"width\":2272,\"height\":1411,\"caption\":\"Tony Mora Boots\"},\"image\":{\"@id\":\"https:\/\/tonymora.com\/de\/#\/schema\/logo\/image\/\"},\"sameAs\":[\"https:\/\/www.facebook.com\/Tonymoraofficial\/\",\"https:\/\/www.instagram.com\/tonymoraofficial\/?hl=es\"]}]}<\/script>\n<!-- \/ Yoast SEO plugin. -->","yoast_head_json":{"title":"Schwarze Cowboystiefel f\u00fcr Damen | Bestickte Stiefel | Tony Mora","description":"Handbestickte Cowboystiefel aus schwarzem Leder mit Innenfutter aus Kalbsleder. Elegant, bequem und perfekt f\u00fcr Frauen. Tony Mora, einzigartiger Stil.","robots":{"index":"index","follow":"follow","max-snippet":"max-snippet:-1","max-image-preview":"max-image-preview:large","max-video-preview":"max-video-preview:-1"},"canonical":"https:\/\/tonymora.com\/de\/produkt\/7020-daslu-lini-club-negro-club-beige\/","og_locale":"de_DE","og_type":"article","og_title":"Schwarze Cowboystiefel f\u00fcr Damen | Bestickte Stiefel | Tony Mora","og_description":"Handbestickte Cowboystiefel aus schwarzem Leder mit Innenfutter aus Kalbsleder. Elegant, bequem und perfekt f\u00fcr Frauen. Tony Mora, einzigartiger Stil.","og_url":"https:\/\/tonymora.com\/de\/produkt\/7020-daslu-lini-club-negro-club-beige\/","og_site_name":"Tony Mora\u00ae Boots Official Store","article_publisher":"https:\/\/www.facebook.com\/Tonymoraofficial\/","article_modified_time":"2025-10-07T16:38:40+00:00","og_image":[{"width":866,"height":1032,"url":"https:\/\/tonymora.com\/wp-content\/uploads\/2023\/11\/08-7020-DASLU-LINI-CLUB-NEGRO_CLUB-BEIG.jpg","type":"image\/jpeg"}],"twitter_card":"summary_large_image","schema":{"@context":"https:\/\/schema.org","@graph":[{"@type":"WebPage","@id":"https:\/\/tonymora.com\/de\/produkt\/7020-daslu-lini-club-negro-club-beige\/","url":"https:\/\/tonymora.com\/de\/produkt\/7020-daslu-lini-club-negro-club-beige\/","name":"Schwarze Cowboystiefel f\u00fcr Damen | Bestickte Stiefel | Tony Mora","isPartOf":{"@id":"https:\/\/tonymora.com\/de\/#website"},"primaryImageOfPage":{"@id":"https:\/\/tonymora.com\/de\/produkt\/7020-daslu-lini-club-negro-club-beige\/#primaryimage"},"image":{"@id":"https:\/\/tonymora.com\/de\/produkt\/7020-daslu-lini-club-negro-club-beige\/#primaryimage"},"thumbnailUrl":"https:\/\/tonymora.com\/wp-content\/uploads\/2023\/11\/08-7020-DASLU-LINI-CLUB-NEGRO_CLUB-BEIG.jpg","datePublished":"2023-11-15T07:40:56+00:00","dateModified":"2025-10-07T16:38:40+00:00","description":"Handbestickte Cowboystiefel aus schwarzem Leder mit Innenfutter aus Kalbsleder. Elegant, bequem und perfekt f\u00fcr Frauen. Tony Mora, einzigartiger Stil.","breadcrumb":{"@id":"https:\/\/tonymora.com\/de\/produkt\/7020-daslu-lini-club-negro-club-beige\/#breadcrumb"},"inLanguage":"de","potentialAction":[{"@type":"ReadAction","target":["https:\/\/tonymora.com\/de\/produkt\/7020-daslu-lini-club-negro-club-beige\/"]}]},{"@type":"ImageObject","inLanguage":"de","@id":"https:\/\/tonymora.com\/de\/produkt\/7020-daslu-lini-club-negro-club-beige\/#primaryimage","url":"https:\/\/tonymora.com\/wp-content\/uploads\/2023\/11\/08-7020-DASLU-LINI-CLUB-NEGRO_CLUB-BEIG.jpg","contentUrl":"https:\/\/tonymora.com\/wp-content\/uploads\/2023\/11\/08-7020-DASLU-LINI-CLUB-NEGRO_CLUB-BEIG.jpg","width":866,"height":1032,"caption":"DASLU LINI CLUB NEGRO_CLUB BEIG"},{"@type":"BreadcrumbList","@id":"https:\/\/tonymora.com\/de\/produkt\/7020-daslu-lini-club-negro-club-beige\/#breadcrumb","itemListElement":[{"@type":"ListItem","position":1,"name":"Portada","item":"https:\/\/tonymora.com\/de\/"},{"@type":"ListItem","position":2,"name":"Shop","item":"https:\/\/tonymora.com\/de\/shop\/"},{"@type":"ListItem","position":3,"name":"Rabatte Damenstiefel","item":"https:\/\/tonymora.com\/de\/produkt-kategorie\/rabatte-damenstiefel\/"},{"@type":"ListItem","position":4,"name":"Lederstiefel Damen","item":"https:\/\/tonymora.com\/de\/produkt-kategorie\/rabatte-damenstiefel\/lederstiefel-damen\/"},{"@type":"ListItem","position":5,"name":"7020 DASLU LINI CLUB NEGRO \/ CLUB BEIGE"}]},{"@type":"WebSite","@id":"https:\/\/tonymora.com\/de\/#website","url":"https:\/\/tonymora.com\/de\/","name":"Tony Mora\u00ae Boots Official Store","description":"Cowboy Boots","publisher":{"@id":"https:\/\/tonymora.com\/de\/#organization"},"potentialAction":[{"@type":"SearchAction","target":{"@type":"EntryPoint","urlTemplate":"https:\/\/tonymora.com\/de\/?s={search_term_string}"},"query-input":{"@type":"PropertyValueSpecification","valueRequired":true,"valueName":"search_term_string"}}],"inLanguage":"de"},{"@type":"Organization","@id":"https:\/\/tonymora.com\/de\/#organization","name":"Tony Mora Boots","url":"https:\/\/tonymora.com\/de\/","logo":{"@type":"ImageObject","inLanguage":"de","@id":"https:\/\/tonymora.com\/de\/#\/schema\/logo\/image\/","url":"https:\/\/tonymora.com\/wp-content\/uploads\/2023\/12\/LOGO.jpg","contentUrl":"https:\/\/tonymora.com\/wp-content\/uploads\/2023\/12\/LOGO.jpg","width":2272,"height":1411,"caption":"Tony Mora Boots"},"image":{"@id":"https:\/\/tonymora.com\/de\/#\/schema\/logo\/image\/"},"sameAs":["https:\/\/www.facebook.com\/Tonymoraofficial\/","https:\/\/www.instagram.com\/tonymoraofficial\/?hl=es"]}]}},"_links":{"self":[{"href":"https:\/\/tonymora.com\/de\/wp-json\/wp\/v2\/product\/708004","targetHints":{"allow":["GET"]}}],"collection":[{"href":"https:\/\/tonymora.com\/de\/wp-json\/wp\/v2\/product"}],"about":[{"href":"https:\/\/tonymora.com\/de\/wp-json\/wp\/v2\/types\/product"}],"wp:featuredmedia":[{"embeddable":true,"href":"https:\/\/tonymora.com\/de\/wp-json\/wp\/v2\/media\/707990"}],"wp:attachment":[{"href":"https:\/\/tonymora.com\/de\/wp-json\/wp\/v2\/media?parent=708004"}],"wp:term":[{"taxonomy":"product_brand","embeddable":true,"href":"https:\/\/tonymora.com\/de\/wp-json\/wp\/v2\/product_brand?post=708004"},{"taxonomy":"product_cat","embeddable":true,"href":"https:\/\/tonymora.com\/de\/wp-json\/wp\/v2\/product_cat?post=708004"},{"taxonomy":"product_tag","embeddable":true,"href":"https:\/\/tonymora.com\/de\/wp-json\/wp\/v2\/product_tag?post=708004"}],"curies":[{"name":"wp","href":"https:\/\/api.w.org\/{rel}","templated":true}]}}