{"id":708196,"date":"2023-11-16T11:56:03","date_gmt":"2023-11-16T10:56:03","guid":{"rendered":"https:\/\/tonymora.com\/producto\/7020-daslu-lini-beige-bronce\/"},"modified":"2025-08-01T09:13:56","modified_gmt":"2025-08-01T07:13:56","slug":"7020-daslu-lini-beige-bronce","status":"publish","type":"product","link":"https:\/\/tonymora.com\/de\/produkt\/7020-daslu-lini-beige-bronce\/","title":{"rendered":"Privat: 7020 DASLU LINI BEIGE BRONCE"},"content":{"rendered":"<p>Unser neues Modell! Sie sind authentische Kunstwerke voller Eleganz und Design. Sie sind aus hochwertigem Leder gefertigt und haben einen bronzefarbenen Boden, der sie zu einzigartigen und besonderen St\u00fccken macht, sowie eine Stickerei, die von unseren N\u00e4herinnen in sorgf\u00e4ltiger und detaillierter Handarbeit gefertigt wird. Der Innenraum ist mit 100% Kalbsleder gef\u00fcttert, das f\u00fcr optimale Atmungsaktivit\u00e4t, Komfort und Flexibilit\u00e4t sorgt.<\/p>\n","protected":false},"excerpt":{"rendered":"<p>Ein ausdrucksstarkes Schmuckst\u00fcck, das Sie auf ganzer Linie begleiten soll. Eine subtile Pr\u00e4senz, die Ihren Stil unterstreicht. Ideal, um es vom Tag bis in die Nacht mit demselben Selbstbewusstsein zu tragen.<\/p>\n","protected":false},"featured_media":711732,"template":"","meta":{"_mbp_gutenberg_autopost":false},"product_brand":[],"product_cat":[1174,169,170,167,1141,168,1135],"product_tag":[],"class_list":{"0":"post-708196","1":"product","2":"type-product","3":"status-publish","4":"has-post-thumbnail","6":"product_cat-black-friday-de","7":"product_cat-casual-damenstiefel","8":"product_cat-cowboystiefel-damen","9":"product_cat-damen","10":"product_cat-lederstiefel-damen","11":"product_cat-line-dancing-stiefel-damen","12":"product_cat-rabatte-damenstiefel","14":"first","15":"instock","16":"taxable","17":"shipping-taxable","18":"purchasable","19":"product-type-variable"},"supplier_id":null,"supplier_sku":"","barcode":null,"atum_controlled":true,"out_stock_date":null,"out_stock_threshold":null,"inheritable":true,"inbound_stock":0,"stock_on_hold":4,"sold_today":1,"sales_last_days":1,"reserved_stock":0,"customer_returns":0,"warehouse_damage":0,"lost_in_post":0,"other_logs":0,"out_stock_days":0,"lost_sales":0,"has_location":false,"update_date":"2026-03-26T11:38:02","atum_locations":[],"atum_stock_status":"instock","restock_status":false,"low_stock_amount":"","sales_update_date":"2024-07-09T07:51:36","calc_backorders":null,"yoast_head":"<!-- This site is optimized with the Yoast SEO plugin v27.2 - https:\/\/yoast.com\/product\/yoast-seo-wordpress\/ -->\n<title>Beige Cowboystiefel f\u00fcr Damen | Lederstiefel mit Stickereien | Tony Mora<\/title>\n<meta name=\"description\" content=\"Handbestickte Cowboystiefel aus beigem Leder mit Bronze-Finish. Bequem, flexibel und mit Kalbsleder gef\u00fcttert f\u00fcr maximale Qualit\u00e4t und einzigartigen Stil.\" \/>\n<meta name=\"robots\" content=\"index, follow, max-snippet:-1, max-image-preview:large, max-video-preview:-1\" \/>\n<link rel=\"canonical\" href=\"https:\/\/tonymora.com\/de\/produkt\/7020-daslu-lini-beige-bronce\/\" \/>\n<meta property=\"og:locale\" content=\"de_DE\" \/>\n<meta property=\"og:type\" content=\"article\" \/>\n<meta property=\"og:title\" content=\"Beige Cowboystiefel f\u00fcr Damen | Lederstiefel mit Stickereien | Tony Mora\" \/>\n<meta property=\"og:description\" content=\"Handbestickte Cowboystiefel aus beigem Leder mit Bronze-Finish. Bequem, flexibel und mit Kalbsleder gef\u00fcttert f\u00fcr maximale Qualit\u00e4t und einzigartigen Stil.\" \/>\n<meta property=\"og:url\" content=\"https:\/\/tonymora.com\/de\/produkt\/7020-daslu-lini-beige-bronce\/\" \/>\n<meta property=\"og:site_name\" content=\"Tony Mora\u00ae Boots Official Store\" \/>\n<meta property=\"article:publisher\" content=\"https:\/\/www.facebook.com\/Tonymoraofficial\/\" \/>\n<meta property=\"article:modified_time\" content=\"2025-08-01T07:13:56+00:00\" \/>\n<meta property=\"og:image\" content=\"https:\/\/tonymora.com\/wp-content\/uploads\/2023\/11\/02-7020-DASLU-LINI-BEIGE-BRONCE-1.jpg\" \/>\n\t<meta property=\"og:image:width\" content=\"866\" \/>\n\t<meta property=\"og:image:height\" content=\"1032\" \/>\n\t<meta property=\"og:image:type\" content=\"image\/jpeg\" \/>\n<meta name=\"twitter:card\" content=\"summary_large_image\" \/>\n<script type=\"application\/ld+json\" class=\"yoast-schema-graph\">{\"@context\":\"https:\/\/schema.org\",\"@graph\":[{\"@type\":\"WebPage\",\"@id\":\"https:\/\/tonymora.com\/de\/produkt\/7020-daslu-lini-beige-bronce\/\",\"url\":\"https:\/\/tonymora.com\/de\/produkt\/7020-daslu-lini-beige-bronce\/\",\"name\":\"Beige Cowboystiefel f\u00fcr Damen | Lederstiefel mit Stickereien | Tony Mora\",\"isPartOf\":{\"@id\":\"https:\/\/tonymora.com\/de\/#website\"},\"primaryImageOfPage\":{\"@id\":\"https:\/\/tonymora.com\/de\/produkt\/7020-daslu-lini-beige-bronce\/#primaryimage\"},\"image\":{\"@id\":\"https:\/\/tonymora.com\/de\/produkt\/7020-daslu-lini-beige-bronce\/#primaryimage\"},\"thumbnailUrl\":\"https:\/\/tonymora.com\/wp-content\/uploads\/2023\/11\/02-7020-DASLU-LINI-BEIGE-BRONCE-1.jpg\",\"datePublished\":\"2023-11-16T10:56:03+00:00\",\"dateModified\":\"2025-08-01T07:13:56+00:00\",\"description\":\"Handbestickte Cowboystiefel aus beigem Leder mit Bronze-Finish. Bequem, flexibel und mit Kalbsleder gef\u00fcttert f\u00fcr maximale Qualit\u00e4t und einzigartigen Stil.\",\"breadcrumb\":{\"@id\":\"https:\/\/tonymora.com\/de\/produkt\/7020-daslu-lini-beige-bronce\/#breadcrumb\"},\"inLanguage\":\"de\",\"potentialAction\":[{\"@type\":\"ReadAction\",\"target\":[\"https:\/\/tonymora.com\/de\/produkt\/7020-daslu-lini-beige-bronce\/\"]}]},{\"@type\":\"ImageObject\",\"inLanguage\":\"de\",\"@id\":\"https:\/\/tonymora.com\/de\/produkt\/7020-daslu-lini-beige-bronce\/#primaryimage\",\"url\":\"https:\/\/tonymora.com\/wp-content\/uploads\/2023\/11\/02-7020-DASLU-LINI-BEIGE-BRONCE-1.jpg\",\"contentUrl\":\"https:\/\/tonymora.com\/wp-content\/uploads\/2023\/11\/02-7020-DASLU-LINI-BEIGE-BRONCE-1.jpg\",\"width\":866,\"height\":1032},{\"@type\":\"BreadcrumbList\",\"@id\":\"https:\/\/tonymora.com\/de\/produkt\/7020-daslu-lini-beige-bronce\/#breadcrumb\",\"itemListElement\":[{\"@type\":\"ListItem\",\"position\":1,\"name\":\"Portada\",\"item\":\"https:\/\/tonymora.com\/de\/\"},{\"@type\":\"ListItem\",\"position\":2,\"name\":\"Shop\",\"item\":\"https:\/\/tonymora.com\/de\/shop\/\"},{\"@type\":\"ListItem\",\"position\":3,\"name\":\"Rabatte Damenstiefel\",\"item\":\"https:\/\/tonymora.com\/de\/produkt-kategorie\/rabatte-damenstiefel\/\"},{\"@type\":\"ListItem\",\"position\":4,\"name\":\"Lederstiefel Damen\",\"item\":\"https:\/\/tonymora.com\/de\/produkt-kategorie\/rabatte-damenstiefel\/lederstiefel-damen\/\"},{\"@type\":\"ListItem\",\"position\":5,\"name\":\"Privat: 7020 DASLU LINI BEIGE BRONCE\"}]},{\"@type\":\"WebSite\",\"@id\":\"https:\/\/tonymora.com\/de\/#website\",\"url\":\"https:\/\/tonymora.com\/de\/\",\"name\":\"Tony Mora\u00ae Boots Official Store\",\"description\":\"Cowboy Boots\",\"publisher\":{\"@id\":\"https:\/\/tonymora.com\/de\/#organization\"},\"potentialAction\":[{\"@type\":\"SearchAction\",\"target\":{\"@type\":\"EntryPoint\",\"urlTemplate\":\"https:\/\/tonymora.com\/de\/?s={search_term_string}\"},\"query-input\":{\"@type\":\"PropertyValueSpecification\",\"valueRequired\":true,\"valueName\":\"search_term_string\"}}],\"inLanguage\":\"de\"},{\"@type\":\"Organization\",\"@id\":\"https:\/\/tonymora.com\/de\/#organization\",\"name\":\"Tony Mora Boots\",\"url\":\"https:\/\/tonymora.com\/de\/\",\"logo\":{\"@type\":\"ImageObject\",\"inLanguage\":\"de\",\"@id\":\"https:\/\/tonymora.com\/de\/#\/schema\/logo\/image\/\",\"url\":\"https:\/\/tonymora.com\/wp-content\/uploads\/2023\/12\/LOGO.jpg\",\"contentUrl\":\"https:\/\/tonymora.com\/wp-content\/uploads\/2023\/12\/LOGO.jpg\",\"width\":2272,\"height\":1411,\"caption\":\"Tony Mora Boots\"},\"image\":{\"@id\":\"https:\/\/tonymora.com\/de\/#\/schema\/logo\/image\/\"},\"sameAs\":[\"https:\/\/www.facebook.com\/Tonymoraofficial\/\",\"https:\/\/www.instagram.com\/tonymoraofficial\/?hl=es\"]}]}<\/script>\n<!-- \/ Yoast SEO plugin. -->","yoast_head_json":{"title":"Beige Cowboystiefel f\u00fcr Damen | Lederstiefel mit Stickereien | Tony Mora","description":"Handbestickte Cowboystiefel aus beigem Leder mit Bronze-Finish. Bequem, flexibel und mit Kalbsleder gef\u00fcttert f\u00fcr maximale Qualit\u00e4t und einzigartigen Stil.","robots":{"index":"index","follow":"follow","max-snippet":"max-snippet:-1","max-image-preview":"max-image-preview:large","max-video-preview":"max-video-preview:-1"},"canonical":"https:\/\/tonymora.com\/de\/produkt\/7020-daslu-lini-beige-bronce\/","og_locale":"de_DE","og_type":"article","og_title":"Beige Cowboystiefel f\u00fcr Damen | Lederstiefel mit Stickereien | Tony Mora","og_description":"Handbestickte Cowboystiefel aus beigem Leder mit Bronze-Finish. Bequem, flexibel und mit Kalbsleder gef\u00fcttert f\u00fcr maximale Qualit\u00e4t und einzigartigen Stil.","og_url":"https:\/\/tonymora.com\/de\/produkt\/7020-daslu-lini-beige-bronce\/","og_site_name":"Tony Mora\u00ae Boots Official Store","article_publisher":"https:\/\/www.facebook.com\/Tonymoraofficial\/","article_modified_time":"2025-08-01T07:13:56+00:00","og_image":[{"width":866,"height":1032,"url":"https:\/\/tonymora.com\/wp-content\/uploads\/2023\/11\/02-7020-DASLU-LINI-BEIGE-BRONCE-1.jpg","type":"image\/jpeg"}],"twitter_card":"summary_large_image","schema":{"@context":"https:\/\/schema.org","@graph":[{"@type":"WebPage","@id":"https:\/\/tonymora.com\/de\/produkt\/7020-daslu-lini-beige-bronce\/","url":"https:\/\/tonymora.com\/de\/produkt\/7020-daslu-lini-beige-bronce\/","name":"Beige Cowboystiefel f\u00fcr Damen | Lederstiefel mit Stickereien | Tony Mora","isPartOf":{"@id":"https:\/\/tonymora.com\/de\/#website"},"primaryImageOfPage":{"@id":"https:\/\/tonymora.com\/de\/produkt\/7020-daslu-lini-beige-bronce\/#primaryimage"},"image":{"@id":"https:\/\/tonymora.com\/de\/produkt\/7020-daslu-lini-beige-bronce\/#primaryimage"},"thumbnailUrl":"https:\/\/tonymora.com\/wp-content\/uploads\/2023\/11\/02-7020-DASLU-LINI-BEIGE-BRONCE-1.jpg","datePublished":"2023-11-16T10:56:03+00:00","dateModified":"2025-08-01T07:13:56+00:00","description":"Handbestickte Cowboystiefel aus beigem Leder mit Bronze-Finish. Bequem, flexibel und mit Kalbsleder gef\u00fcttert f\u00fcr maximale Qualit\u00e4t und einzigartigen Stil.","breadcrumb":{"@id":"https:\/\/tonymora.com\/de\/produkt\/7020-daslu-lini-beige-bronce\/#breadcrumb"},"inLanguage":"de","potentialAction":[{"@type":"ReadAction","target":["https:\/\/tonymora.com\/de\/produkt\/7020-daslu-lini-beige-bronce\/"]}]},{"@type":"ImageObject","inLanguage":"de","@id":"https:\/\/tonymora.com\/de\/produkt\/7020-daslu-lini-beige-bronce\/#primaryimage","url":"https:\/\/tonymora.com\/wp-content\/uploads\/2023\/11\/02-7020-DASLU-LINI-BEIGE-BRONCE-1.jpg","contentUrl":"https:\/\/tonymora.com\/wp-content\/uploads\/2023\/11\/02-7020-DASLU-LINI-BEIGE-BRONCE-1.jpg","width":866,"height":1032},{"@type":"BreadcrumbList","@id":"https:\/\/tonymora.com\/de\/produkt\/7020-daslu-lini-beige-bronce\/#breadcrumb","itemListElement":[{"@type":"ListItem","position":1,"name":"Portada","item":"https:\/\/tonymora.com\/de\/"},{"@type":"ListItem","position":2,"name":"Shop","item":"https:\/\/tonymora.com\/de\/shop\/"},{"@type":"ListItem","position":3,"name":"Rabatte Damenstiefel","item":"https:\/\/tonymora.com\/de\/produkt-kategorie\/rabatte-damenstiefel\/"},{"@type":"ListItem","position":4,"name":"Lederstiefel Damen","item":"https:\/\/tonymora.com\/de\/produkt-kategorie\/rabatte-damenstiefel\/lederstiefel-damen\/"},{"@type":"ListItem","position":5,"name":"Privat: 7020 DASLU LINI BEIGE BRONCE"}]},{"@type":"WebSite","@id":"https:\/\/tonymora.com\/de\/#website","url":"https:\/\/tonymora.com\/de\/","name":"Tony Mora\u00ae Boots Official Store","description":"Cowboy Boots","publisher":{"@id":"https:\/\/tonymora.com\/de\/#organization"},"potentialAction":[{"@type":"SearchAction","target":{"@type":"EntryPoint","urlTemplate":"https:\/\/tonymora.com\/de\/?s={search_term_string}"},"query-input":{"@type":"PropertyValueSpecification","valueRequired":true,"valueName":"search_term_string"}}],"inLanguage":"de"},{"@type":"Organization","@id":"https:\/\/tonymora.com\/de\/#organization","name":"Tony Mora Boots","url":"https:\/\/tonymora.com\/de\/","logo":{"@type":"ImageObject","inLanguage":"de","@id":"https:\/\/tonymora.com\/de\/#\/schema\/logo\/image\/","url":"https:\/\/tonymora.com\/wp-content\/uploads\/2023\/12\/LOGO.jpg","contentUrl":"https:\/\/tonymora.com\/wp-content\/uploads\/2023\/12\/LOGO.jpg","width":2272,"height":1411,"caption":"Tony Mora Boots"},"image":{"@id":"https:\/\/tonymora.com\/de\/#\/schema\/logo\/image\/"},"sameAs":["https:\/\/www.facebook.com\/Tonymoraofficial\/","https:\/\/www.instagram.com\/tonymoraofficial\/?hl=es"]}]}},"_links":{"self":[{"href":"https:\/\/tonymora.com\/de\/wp-json\/wp\/v2\/product\/708196","targetHints":{"allow":["GET"]}}],"collection":[{"href":"https:\/\/tonymora.com\/de\/wp-json\/wp\/v2\/product"}],"about":[{"href":"https:\/\/tonymora.com\/de\/wp-json\/wp\/v2\/types\/product"}],"wp:featuredmedia":[{"embeddable":true,"href":"https:\/\/tonymora.com\/de\/wp-json\/wp\/v2\/media\/711732"}],"wp:attachment":[{"href":"https:\/\/tonymora.com\/de\/wp-json\/wp\/v2\/media?parent=708196"}],"wp:term":[{"taxonomy":"product_brand","embeddable":true,"href":"https:\/\/tonymora.com\/de\/wp-json\/wp\/v2\/product_brand?post=708196"},{"taxonomy":"product_cat","embeddable":true,"href":"https:\/\/tonymora.com\/de\/wp-json\/wp\/v2\/product_cat?post=708196"},{"taxonomy":"product_tag","embeddable":true,"href":"https:\/\/tonymora.com\/de\/wp-json\/wp\/v2\/product_tag?post=708196"}],"curies":[{"name":"wp","href":"https:\/\/api.w.org\/{rel}","templated":true}]}}