{"id":710291,"date":"2024-01-23T15:13:35","date_gmt":"2024-01-23T14:13:35","guid":{"rendered":"https:\/\/tonymora.com\/?post_type=product&#038;p=710291"},"modified":"2024-01-23T15:20:02","modified_gmt":"2024-01-23T14:20:02","slug":"621-j-denos-anaconda-schwarz-mate","status":"publish","type":"product","link":"https:\/\/tonymora.com\/de\/produkt\/621-j-denos-anaconda-schwarz-mate\/","title":{"rendered":"621 J DENOS ANACONDA SCHWARZ MATE"},"content":{"rendered":"<p class=\"p1\" style=\"text-align: left;\">Diese Stiefelette wird in Handarbeit aus Anacondaleder hergestellt. Dieses exotische Leder ist atmungsaktiv, widerstandsf\u00e4hig und durch sein exotisches Aussehen sehr exklusiv. Jedes St\u00fcck wird von unseren Handwerkern einzeln von Hand zugeschnitten. Die Exklusivit\u00e4t des Leders zeigt sich in seinen perfekt behandelten und an den Leisten angepassten Schuppen.<br \/>\nDas mit Kalbsleder gef\u00fctterte Innere bietet maximalen Komfort, da es sich mit der Zeit an die Form des Fu\u00dfes anpasst und formt. Er ist handgen\u00e4ht und mit dem &#8222;Goodyear welted&#8220;-System versehen, um maximale Haltbarkeit und Qualit\u00e4t zu garantieren. Erleben Sie mit Ihrem Paar Tony Mora Stiefeletten eine einzigartige Erfahrung von Luxus und Vornehmheit.<\/p>\n","protected":false},"excerpt":{"rendered":"<p>Ein Angebot mit Herz, geschaffen, um Sie wahrhaftig zu begleiten. Unaufdringliche Eleganz mit makelloser Ausstrahlung.<br \/>\nAuthentizit\u00e4t und Eleganz vereint.<\/p>\n","protected":false},"featured_media":706378,"template":"","meta":{"_mbp_gutenberg_autopost":false},"product_brand":[],"product_cat":[1174,218,214,221,1145,1126,222],"product_tag":[],"class_list":{"0":"post-710291","1":"product","2":"type-product","3":"status-publish","4":"has-post-thumbnail","6":"product_cat-black-friday-de","7":"product_cat-luxusstiefel-herren","8":"product_cat-herren","9":"product_cat-stiefeletten-herren","10":"product_cat-python-stiefel-herren","11":"product_cat-rabatte-herrenstiefel","12":"product_cat-schuhe-herren","14":"first","15":"instock","16":"taxable","17":"shipping-taxable","18":"purchasable","19":"product-type-variable"},"supplier_id":null,"supplier_sku":"","barcode":null,"atum_controlled":true,"out_stock_date":null,"out_stock_threshold":null,"inheritable":true,"inbound_stock":0,"stock_on_hold":0,"sold_today":0,"sales_last_days":0,"reserved_stock":0,"customer_returns":0,"warehouse_damage":0,"lost_in_post":0,"other_logs":0,"out_stock_days":0,"lost_sales":0,"has_location":false,"update_date":"2026-03-12T13:44:05","atum_locations":[],"atum_stock_status":"instock","restock_status":false,"low_stock_amount":"","sales_update_date":"2026-03-12T13:44:05","calc_backorders":null,"yoast_head":"<!-- This site is optimized with the Yoast SEO plugin v27.2 - https:\/\/yoast.com\/product\/yoast-seo-wordpress\/ -->\n<title>621 J DENOS ANACONDA SCHWARZ MATE - Tony Mora\u00ae Boots Official Store<\/title>\n<meta name=\"description\" content=\"Treffen Sie unser neues Modell, hergestellt mit nat\u00fcrlichem 100 Leder und von h\u00f6chster Qualit\u00e4t, so dass Sie immer elegant und modisch gehen.\" \/>\n<meta name=\"robots\" content=\"index, follow, max-snippet:-1, max-image-preview:large, max-video-preview:-1\" \/>\n<link rel=\"canonical\" href=\"https:\/\/tonymora.com\/de\/produkt\/621-j-denos-anaconda-schwarz-mate\/\" \/>\n<meta property=\"og:locale\" content=\"de_DE\" \/>\n<meta property=\"og:type\" content=\"article\" \/>\n<meta property=\"og:title\" content=\"621 J DENOS ANACONDA SCHWARZ MATE - Tony Mora\u00ae Boots Official Store\" \/>\n<meta property=\"og:description\" content=\"Treffen Sie unser neues Modell, hergestellt mit nat\u00fcrlichem 100 Leder und von h\u00f6chster Qualit\u00e4t, so dass Sie immer elegant und modisch gehen.\" \/>\n<meta property=\"og:url\" content=\"https:\/\/tonymora.com\/de\/produkt\/621-j-denos-anaconda-schwarz-mate\/\" \/>\n<meta property=\"og:site_name\" content=\"Tony Mora\u00ae Boots Official Store\" \/>\n<meta property=\"article:publisher\" content=\"https:\/\/www.facebook.com\/Tonymoraofficial\/\" \/>\n<meta property=\"article:modified_time\" content=\"2024-01-23T14:20:02+00:00\" \/>\n<meta property=\"og:image\" content=\"https:\/\/tonymora.com\/wp-content\/uploads\/2023\/11\/08-621-J-DENOS-PYTHON-NEGRO-BC.jpg\" \/>\n\t<meta property=\"og:image:width\" content=\"866\" \/>\n\t<meta property=\"og:image:height\" content=\"1032\" \/>\n\t<meta property=\"og:image:type\" content=\"image\/jpeg\" \/>\n<meta name=\"twitter:card\" content=\"summary_large_image\" \/>\n<meta name=\"twitter:label1\" content=\"Gesch\u00e4tzte Lesezeit\" \/>\n\t<meta name=\"twitter:data1\" content=\"1\u00a0Minute\" \/>\n<script type=\"application\/ld+json\" class=\"yoast-schema-graph\">{\"@context\":\"https:\/\/schema.org\",\"@graph\":[{\"@type\":\"WebPage\",\"@id\":\"https:\/\/tonymora.com\/de\/produkt\/621-j-denos-anaconda-schwarz-mate\/\",\"url\":\"https:\/\/tonymora.com\/de\/produkt\/621-j-denos-anaconda-schwarz-mate\/\",\"name\":\"621 J DENOS ANACONDA SCHWARZ MATE - Tony Mora\u00ae Boots Official Store\",\"isPartOf\":{\"@id\":\"https:\/\/tonymora.com\/de\/#website\"},\"primaryImageOfPage\":{\"@id\":\"https:\/\/tonymora.com\/de\/produkt\/621-j-denos-anaconda-schwarz-mate\/#primaryimage\"},\"image\":{\"@id\":\"https:\/\/tonymora.com\/de\/produkt\/621-j-denos-anaconda-schwarz-mate\/#primaryimage\"},\"thumbnailUrl\":\"https:\/\/tonymora.com\/wp-content\/uploads\/2023\/11\/08-621-J-DENOS-PYTHON-NEGRO-BC.jpg\",\"datePublished\":\"2024-01-23T14:13:35+00:00\",\"dateModified\":\"2024-01-23T14:20:02+00:00\",\"description\":\"Treffen Sie unser neues Modell, hergestellt mit nat\u00fcrlichem 100 Leder und von h\u00f6chster Qualit\u00e4t, so dass Sie immer elegant und modisch gehen.\",\"breadcrumb\":{\"@id\":\"https:\/\/tonymora.com\/de\/produkt\/621-j-denos-anaconda-schwarz-mate\/#breadcrumb\"},\"inLanguage\":\"de\",\"potentialAction\":[{\"@type\":\"ReadAction\",\"target\":[\"https:\/\/tonymora.com\/de\/produkt\/621-j-denos-anaconda-schwarz-mate\/\"]}]},{\"@type\":\"ImageObject\",\"inLanguage\":\"de\",\"@id\":\"https:\/\/tonymora.com\/de\/produkt\/621-j-denos-anaconda-schwarz-mate\/#primaryimage\",\"url\":\"https:\/\/tonymora.com\/wp-content\/uploads\/2023\/11\/08-621-J-DENOS-PYTHON-NEGRO-BC.jpg\",\"contentUrl\":\"https:\/\/tonymora.com\/wp-content\/uploads\/2023\/11\/08-621-J-DENOS-PYTHON-NEGRO-BC.jpg\",\"width\":866,\"height\":1032},{\"@type\":\"BreadcrumbList\",\"@id\":\"https:\/\/tonymora.com\/de\/produkt\/621-j-denos-anaconda-schwarz-mate\/#breadcrumb\",\"itemListElement\":[{\"@type\":\"ListItem\",\"position\":1,\"name\":\"Portada\",\"item\":\"https:\/\/tonymora.com\/de\/\"},{\"@type\":\"ListItem\",\"position\":2,\"name\":\"Shop\",\"item\":\"https:\/\/tonymora.com\/de\/shop\/\"},{\"@type\":\"ListItem\",\"position\":3,\"name\":\"Rabatte Herrenstiefel\",\"item\":\"https:\/\/tonymora.com\/de\/produkt-kategorie\/rabatte-herrenstiefel\/\"},{\"@type\":\"ListItem\",\"position\":4,\"name\":\"Python-Stiefel Herren\",\"item\":\"https:\/\/tonymora.com\/de\/produkt-kategorie\/rabatte-herrenstiefel\/python-stiefel-herren\/\"},{\"@type\":\"ListItem\",\"position\":5,\"name\":\"621 J DENOS ANACONDA SCHWARZ MATE\"}]},{\"@type\":\"WebSite\",\"@id\":\"https:\/\/tonymora.com\/de\/#website\",\"url\":\"https:\/\/tonymora.com\/de\/\",\"name\":\"Tony Mora\u00ae Boots Official Store\",\"description\":\"Cowboy Boots\",\"publisher\":{\"@id\":\"https:\/\/tonymora.com\/de\/#organization\"},\"potentialAction\":[{\"@type\":\"SearchAction\",\"target\":{\"@type\":\"EntryPoint\",\"urlTemplate\":\"https:\/\/tonymora.com\/de\/?s={search_term_string}\"},\"query-input\":{\"@type\":\"PropertyValueSpecification\",\"valueRequired\":true,\"valueName\":\"search_term_string\"}}],\"inLanguage\":\"de\"},{\"@type\":\"Organization\",\"@id\":\"https:\/\/tonymora.com\/de\/#organization\",\"name\":\"Tony Mora Boots\",\"url\":\"https:\/\/tonymora.com\/de\/\",\"logo\":{\"@type\":\"ImageObject\",\"inLanguage\":\"de\",\"@id\":\"https:\/\/tonymora.com\/de\/#\/schema\/logo\/image\/\",\"url\":\"https:\/\/tonymora.com\/wp-content\/uploads\/2023\/12\/LOGO.jpg\",\"contentUrl\":\"https:\/\/tonymora.com\/wp-content\/uploads\/2023\/12\/LOGO.jpg\",\"width\":2272,\"height\":1411,\"caption\":\"Tony Mora Boots\"},\"image\":{\"@id\":\"https:\/\/tonymora.com\/de\/#\/schema\/logo\/image\/\"},\"sameAs\":[\"https:\/\/www.facebook.com\/Tonymoraofficial\/\",\"https:\/\/www.instagram.com\/tonymoraofficial\/?hl=es\"]}]}<\/script>\n<!-- \/ Yoast SEO plugin. -->","yoast_head_json":{"title":"621 J DENOS ANACONDA SCHWARZ MATE - Tony Mora\u00ae Boots Official Store","description":"Treffen Sie unser neues Modell, hergestellt mit nat\u00fcrlichem 100 Leder und von h\u00f6chster Qualit\u00e4t, so dass Sie immer elegant und modisch gehen.","robots":{"index":"index","follow":"follow","max-snippet":"max-snippet:-1","max-image-preview":"max-image-preview:large","max-video-preview":"max-video-preview:-1"},"canonical":"https:\/\/tonymora.com\/de\/produkt\/621-j-denos-anaconda-schwarz-mate\/","og_locale":"de_DE","og_type":"article","og_title":"621 J DENOS ANACONDA SCHWARZ MATE - Tony Mora\u00ae Boots Official Store","og_description":"Treffen Sie unser neues Modell, hergestellt mit nat\u00fcrlichem 100 Leder und von h\u00f6chster Qualit\u00e4t, so dass Sie immer elegant und modisch gehen.","og_url":"https:\/\/tonymora.com\/de\/produkt\/621-j-denos-anaconda-schwarz-mate\/","og_site_name":"Tony Mora\u00ae Boots Official Store","article_publisher":"https:\/\/www.facebook.com\/Tonymoraofficial\/","article_modified_time":"2024-01-23T14:20:02+00:00","og_image":[{"width":866,"height":1032,"url":"https:\/\/tonymora.com\/wp-content\/uploads\/2023\/11\/08-621-J-DENOS-PYTHON-NEGRO-BC.jpg","type":"image\/jpeg"}],"twitter_card":"summary_large_image","twitter_misc":{"Gesch\u00e4tzte Lesezeit":"1\u00a0Minute"},"schema":{"@context":"https:\/\/schema.org","@graph":[{"@type":"WebPage","@id":"https:\/\/tonymora.com\/de\/produkt\/621-j-denos-anaconda-schwarz-mate\/","url":"https:\/\/tonymora.com\/de\/produkt\/621-j-denos-anaconda-schwarz-mate\/","name":"621 J DENOS ANACONDA SCHWARZ MATE - Tony Mora\u00ae Boots Official Store","isPartOf":{"@id":"https:\/\/tonymora.com\/de\/#website"},"primaryImageOfPage":{"@id":"https:\/\/tonymora.com\/de\/produkt\/621-j-denos-anaconda-schwarz-mate\/#primaryimage"},"image":{"@id":"https:\/\/tonymora.com\/de\/produkt\/621-j-denos-anaconda-schwarz-mate\/#primaryimage"},"thumbnailUrl":"https:\/\/tonymora.com\/wp-content\/uploads\/2023\/11\/08-621-J-DENOS-PYTHON-NEGRO-BC.jpg","datePublished":"2024-01-23T14:13:35+00:00","dateModified":"2024-01-23T14:20:02+00:00","description":"Treffen Sie unser neues Modell, hergestellt mit nat\u00fcrlichem 100 Leder und von h\u00f6chster Qualit\u00e4t, so dass Sie immer elegant und modisch gehen.","breadcrumb":{"@id":"https:\/\/tonymora.com\/de\/produkt\/621-j-denos-anaconda-schwarz-mate\/#breadcrumb"},"inLanguage":"de","potentialAction":[{"@type":"ReadAction","target":["https:\/\/tonymora.com\/de\/produkt\/621-j-denos-anaconda-schwarz-mate\/"]}]},{"@type":"ImageObject","inLanguage":"de","@id":"https:\/\/tonymora.com\/de\/produkt\/621-j-denos-anaconda-schwarz-mate\/#primaryimage","url":"https:\/\/tonymora.com\/wp-content\/uploads\/2023\/11\/08-621-J-DENOS-PYTHON-NEGRO-BC.jpg","contentUrl":"https:\/\/tonymora.com\/wp-content\/uploads\/2023\/11\/08-621-J-DENOS-PYTHON-NEGRO-BC.jpg","width":866,"height":1032},{"@type":"BreadcrumbList","@id":"https:\/\/tonymora.com\/de\/produkt\/621-j-denos-anaconda-schwarz-mate\/#breadcrumb","itemListElement":[{"@type":"ListItem","position":1,"name":"Portada","item":"https:\/\/tonymora.com\/de\/"},{"@type":"ListItem","position":2,"name":"Shop","item":"https:\/\/tonymora.com\/de\/shop\/"},{"@type":"ListItem","position":3,"name":"Rabatte Herrenstiefel","item":"https:\/\/tonymora.com\/de\/produkt-kategorie\/rabatte-herrenstiefel\/"},{"@type":"ListItem","position":4,"name":"Python-Stiefel Herren","item":"https:\/\/tonymora.com\/de\/produkt-kategorie\/rabatte-herrenstiefel\/python-stiefel-herren\/"},{"@type":"ListItem","position":5,"name":"621 J DENOS ANACONDA SCHWARZ MATE"}]},{"@type":"WebSite","@id":"https:\/\/tonymora.com\/de\/#website","url":"https:\/\/tonymora.com\/de\/","name":"Tony Mora\u00ae Boots Official Store","description":"Cowboy Boots","publisher":{"@id":"https:\/\/tonymora.com\/de\/#organization"},"potentialAction":[{"@type":"SearchAction","target":{"@type":"EntryPoint","urlTemplate":"https:\/\/tonymora.com\/de\/?s={search_term_string}"},"query-input":{"@type":"PropertyValueSpecification","valueRequired":true,"valueName":"search_term_string"}}],"inLanguage":"de"},{"@type":"Organization","@id":"https:\/\/tonymora.com\/de\/#organization","name":"Tony Mora Boots","url":"https:\/\/tonymora.com\/de\/","logo":{"@type":"ImageObject","inLanguage":"de","@id":"https:\/\/tonymora.com\/de\/#\/schema\/logo\/image\/","url":"https:\/\/tonymora.com\/wp-content\/uploads\/2023\/12\/LOGO.jpg","contentUrl":"https:\/\/tonymora.com\/wp-content\/uploads\/2023\/12\/LOGO.jpg","width":2272,"height":1411,"caption":"Tony Mora Boots"},"image":{"@id":"https:\/\/tonymora.com\/de\/#\/schema\/logo\/image\/"},"sameAs":["https:\/\/www.facebook.com\/Tonymoraofficial\/","https:\/\/www.instagram.com\/tonymoraofficial\/?hl=es"]}]}},"_links":{"self":[{"href":"https:\/\/tonymora.com\/de\/wp-json\/wp\/v2\/product\/710291","targetHints":{"allow":["GET"]}}],"collection":[{"href":"https:\/\/tonymora.com\/de\/wp-json\/wp\/v2\/product"}],"about":[{"href":"https:\/\/tonymora.com\/de\/wp-json\/wp\/v2\/types\/product"}],"wp:featuredmedia":[{"embeddable":true,"href":"https:\/\/tonymora.com\/de\/wp-json\/wp\/v2\/media\/706378"}],"wp:attachment":[{"href":"https:\/\/tonymora.com\/de\/wp-json\/wp\/v2\/media?parent=710291"}],"wp:term":[{"taxonomy":"product_brand","embeddable":true,"href":"https:\/\/tonymora.com\/de\/wp-json\/wp\/v2\/product_brand?post=710291"},{"taxonomy":"product_cat","embeddable":true,"href":"https:\/\/tonymora.com\/de\/wp-json\/wp\/v2\/product_cat?post=710291"},{"taxonomy":"product_tag","embeddable":true,"href":"https:\/\/tonymora.com\/de\/wp-json\/wp\/v2\/product_tag?post=710291"}],"curies":[{"name":"wp","href":"https:\/\/api.w.org\/{rel}","templated":true}]}}