{"id":711757,"date":"2024-03-14T17:40:30","date_gmt":"2024-03-14T16:40:30","guid":{"rendered":"https:\/\/tonymora.com\/?post_type=product&#038;p=711757"},"modified":"2026-05-11T19:24:47","modified_gmt":"2026-05-11T17:24:47","slug":"2107-daslu-daslu-python-bc-glaenzend-schwarz","status":"publish","type":"product","link":"https:\/\/tonymora.com\/de\/produkt\/2107-daslu-daslu-python-bc-glaenzend-schwarz\/","title":{"rendered":"2107  DASLU DASLU PYTHON BC GL\u00c4NZEND SCHWARZ"},"content":{"rendered":"<p>Dieses Modell aus schwarzem Pythonleder mit gl\u00e4nzender Oberfl\u00e4che verk\u00f6rpert den Inbegriff von Vornehmheit und Raffinesse. In sorgf\u00e4ltiger Handarbeit gefertigt, zeichnet sich jedes Paar durch einzigartige Muster und eine exotische Textur aus, die das Auge fesselt. Die handgefertigte Konstruktion mit der bekannten Goodyear-Rahmengen\u00e4hten Methode verspricht eine lange Lebensdauer. Mit seiner schlanken Silhouette, die sich durch einen verl\u00e4ngerten Schaft und einen ausgepr\u00e4gten Absatz auszeichnet, ist dieses Modell die perfekte Wahl f\u00fcr Modekenner, die einen hohen Anspruch an Stil und Qualit\u00e4t haben.<\/p>\n","protected":false},"excerpt":{"rendered":"<p>Ein Stil, der Identit\u00e4t ausdr\u00fcckt, ganz ohne Worte.<\/p>\n<p>Ein Kleidungsst\u00fcck, das Ihre Identit\u00e4t unterstreicht und Ihnen m\u00fchelos Exklusivit\u00e4t verleiht.<\/p>\n","protected":false},"featured_media":712744,"template":"","meta":{"_mbp_gutenberg_autopost":false},"product_brand":[],"product_cat":[1174,167,224,1139,1135],"product_tag":[],"class_list":{"0":"post-711757","1":"product","2":"type-product","3":"status-publish","4":"has-post-thumbnail","6":"product_cat-black-friday-de","7":"product_cat-damen","8":"product_cat-luxusstiefel-damen","9":"product_cat-python-stiefel-damen","10":"product_cat-rabatte-damenstiefel","12":"first","13":"instock","14":"taxable","15":"shipping-taxable","16":"purchasable","17":"product-type-variable"},"_links":{"self":[{"href":"https:\/\/tonymora.com\/de\/wp-json\/wp\/v2\/product\/711757","targetHints":{"allow":["GET"]}}],"collection":[{"href":"https:\/\/tonymora.com\/de\/wp-json\/wp\/v2\/product"}],"about":[{"href":"https:\/\/tonymora.com\/de\/wp-json\/wp\/v2\/types\/product"}],"wp:featuredmedia":[{"embeddable":true,"href":"https:\/\/tonymora.com\/de\/wp-json\/wp\/v2\/media\/712744"}],"wp:attachment":[{"href":"https:\/\/tonymora.com\/de\/wp-json\/wp\/v2\/media?parent=711757"}],"wp:term":[{"taxonomy":"product_brand","embeddable":true,"href":"https:\/\/tonymora.com\/de\/wp-json\/wp\/v2\/product_brand?post=711757"},{"taxonomy":"product_cat","embeddable":true,"href":"https:\/\/tonymora.com\/de\/wp-json\/wp\/v2\/product_cat?post=711757"},{"taxonomy":"product_tag","embeddable":true,"href":"https:\/\/tonymora.com\/de\/wp-json\/wp\/v2\/product_tag?post=711757"}],"curies":[{"name":"wp","href":"https:\/\/api.w.org\/{rel}","templated":true}]}}