{"id":712492,"date":"2024-04-22T12:19:16","date_gmt":"2024-04-22T10:19:16","guid":{"rendered":"https:\/\/tonymora.com\/?post_type=product&#038;p=712492"},"modified":"2025-08-01T09:13:30","modified_gmt":"2025-08-01T07:13:30","slug":"0086-graviertes-graues-kalbfleisch-2","status":"publish","type":"product","link":"https:\/\/tonymora.com\/de\/produkt\/0086-graviertes-graues-kalbfleisch-2\/","title":{"rendered":"0086 GRAVIERTES GRAUES KALBFLEISCH"},"content":{"rendered":"<p class=\"p1\">Werten Sie Ihr Outfit mit unserem raffinierten dunkelgrauen G\u00fcrtel auf, der ein Schl\u00fcsselst\u00fcck f\u00fcr jede M\u00e4nnergarderobe ist. Sein einzigartiges, handgepr\u00e4gtes Design verleiht jedem Look einen unverwechselbaren Touch. Der aus feinem Rindsleder gefertigte G\u00fcrtel wird durch eine quadratische Schnalle im antiken Stil erg\u00e4nzt und eignet sich sowohl f\u00fcr formelle als auch f\u00fcr legere Anl\u00e4sse.<\/p>\n","protected":false},"excerpt":{"rendered":"<p>Ein Stil, der Identit\u00e4t ausdr\u00fcckt, ganz ohne Worte. Selbstbewusstes Auftreten und ein Stil, der auf nat\u00fcrliche Weise Aufmerksamkeit erregt.<\/p>\n<p>F\u00fcr alle, die einen Stil mit Bedeutung und echter Pr\u00e4senz suchen.<\/p>\n","protected":false},"featured_media":712134,"template":"","meta":{"_mbp_gutenberg_autopost":false},"product_brand":[],"product_cat":[1174,214,1157],"product_tag":[],"class_list":{"0":"post-712492","1":"product","2":"type-product","3":"status-publish","4":"has-post-thumbnail","6":"product_cat-black-friday-de","7":"product_cat-herren","8":"product_cat-lederguertel-fuer-herren","10":"first","11":"instock","12":"taxable","13":"shipping-taxable","14":"purchasable","15":"product-type-variable"},"supplier_id":null,"supplier_sku":"","barcode":null,"atum_controlled":true,"out_stock_date":null,"out_stock_threshold":null,"inheritable":true,"inbound_stock":0,"stock_on_hold":1,"sold_today":0,"sales_last_days":0,"reserved_stock":0,"customer_returns":0,"warehouse_damage":0,"lost_in_post":0,"other_logs":0,"out_stock_days":0,"lost_sales":0,"has_location":false,"update_date":"2025-09-12T04:51:28","atum_locations":[],"atum_stock_status":"instock","restock_status":false,"low_stock_amount":"","sales_update_date":"2024-11-15T13:34:17","calc_backorders":null,"yoast_head":"<!-- This site is optimized with the Yoast SEO plugin v27.2 - https:\/\/yoast.com\/product\/yoast-seo-wordpress\/ -->\n<title>Grauer G\u00fcrtel aus gepr\u00e4gtem Kalbsleder | Tony Mora<\/title>\n<meta name=\"description\" content=\"Dunkelgrauer Kalbslederg\u00fcrtel mit handgefertigten Gravuren und einer Vintage-Schnalle. Ein stilvolles und unverwechselbares Accessoire f\u00fcr jeden Anlass.\" \/>\n<meta name=\"robots\" content=\"index, follow, max-snippet:-1, max-image-preview:large, max-video-preview:-1\" \/>\n<link rel=\"canonical\" href=\"https:\/\/tonymora.com\/de\/produkt\/0086-graviertes-graues-kalbfleisch-2\/\" \/>\n<meta property=\"og:locale\" content=\"de_DE\" \/>\n<meta property=\"og:type\" content=\"article\" \/>\n<meta property=\"og:title\" content=\"Grauer G\u00fcrtel aus gepr\u00e4gtem Kalbsleder | Tony Mora\" \/>\n<meta property=\"og:description\" content=\"Dunkelgrauer Kalbslederg\u00fcrtel mit handgefertigten Gravuren und einer Vintage-Schnalle. Ein stilvolles und unverwechselbares Accessoire f\u00fcr jeden Anlass.\" \/>\n<meta property=\"og:url\" content=\"https:\/\/tonymora.com\/de\/produkt\/0086-graviertes-graues-kalbfleisch-2\/\" \/>\n<meta property=\"og:site_name\" content=\"Tony Mora\u00ae Boots Official Store\" \/>\n<meta property=\"article:publisher\" content=\"https:\/\/www.facebook.com\/Tonymoraofficial\/\" \/>\n<meta property=\"article:modified_time\" content=\"2025-08-01T07:13:30+00:00\" \/>\n<meta property=\"og:image\" content=\"https:\/\/tonymora.com\/wp-content\/uploads\/2022\/09\/3-1.jpg\" \/>\n\t<meta property=\"og:image:width\" content=\"866\" \/>\n\t<meta property=\"og:image:height\" content=\"1032\" \/>\n\t<meta property=\"og:image:type\" content=\"image\/jpeg\" \/>\n<meta name=\"twitter:card\" content=\"summary_large_image\" \/>\n<meta name=\"twitter:label1\" content=\"Gesch\u00e4tzte Lesezeit\" \/>\n\t<meta name=\"twitter:data1\" content=\"1\u00a0Minute\" \/>\n<script type=\"application\/ld+json\" class=\"yoast-schema-graph\">{\"@context\":\"https:\/\/schema.org\",\"@graph\":[{\"@type\":\"WebPage\",\"@id\":\"https:\/\/tonymora.com\/de\/produkt\/0086-graviertes-graues-kalbfleisch-2\/\",\"url\":\"https:\/\/tonymora.com\/de\/produkt\/0086-graviertes-graues-kalbfleisch-2\/\",\"name\":\"Grauer G\u00fcrtel aus gepr\u00e4gtem Kalbsleder | Tony Mora\",\"isPartOf\":{\"@id\":\"https:\/\/tonymora.com\/de\/#website\"},\"primaryImageOfPage\":{\"@id\":\"https:\/\/tonymora.com\/de\/produkt\/0086-graviertes-graues-kalbfleisch-2\/#primaryimage\"},\"image\":{\"@id\":\"https:\/\/tonymora.com\/de\/produkt\/0086-graviertes-graues-kalbfleisch-2\/#primaryimage\"},\"thumbnailUrl\":\"https:\/\/tonymora.com\/wp-content\/uploads\/2022\/09\/3-1.jpg\",\"datePublished\":\"2024-04-22T10:19:16+00:00\",\"dateModified\":\"2025-08-01T07:13:30+00:00\",\"description\":\"Dunkelgrauer Kalbslederg\u00fcrtel mit handgefertigten Gravuren und einer Vintage-Schnalle. Ein stilvolles und unverwechselbares Accessoire f\u00fcr jeden Anlass.\",\"breadcrumb\":{\"@id\":\"https:\/\/tonymora.com\/de\/produkt\/0086-graviertes-graues-kalbfleisch-2\/#breadcrumb\"},\"inLanguage\":\"de\",\"potentialAction\":[{\"@type\":\"ReadAction\",\"target\":[\"https:\/\/tonymora.com\/de\/produkt\/0086-graviertes-graues-kalbfleisch-2\/\"]}]},{\"@type\":\"ImageObject\",\"inLanguage\":\"de\",\"@id\":\"https:\/\/tonymora.com\/de\/produkt\/0086-graviertes-graues-kalbfleisch-2\/#primaryimage\",\"url\":\"https:\/\/tonymora.com\/wp-content\/uploads\/2022\/09\/3-1.jpg\",\"contentUrl\":\"https:\/\/tonymora.com\/wp-content\/uploads\/2022\/09\/3-1.jpg\",\"width\":866,\"height\":1032,\"caption\":\"Cintur\u00f3n gris grabado en piel de becerro\"},{\"@type\":\"BreadcrumbList\",\"@id\":\"https:\/\/tonymora.com\/de\/produkt\/0086-graviertes-graues-kalbfleisch-2\/#breadcrumb\",\"itemListElement\":[{\"@type\":\"ListItem\",\"position\":1,\"name\":\"Portada\",\"item\":\"https:\/\/tonymora.com\/de\/\"},{\"@type\":\"ListItem\",\"position\":2,\"name\":\"Shop\",\"item\":\"https:\/\/tonymora.com\/de\/shop\/\"},{\"@type\":\"ListItem\",\"position\":3,\"name\":\"Lederg\u00fcrtel f\u00fcr Herren\",\"item\":\"https:\/\/tonymora.com\/de\/produkt-kategorie\/lederguertel-fuer-herren\/\"},{\"@type\":\"ListItem\",\"position\":4,\"name\":\"0086 GRAVIERTES GRAUES KALBFLEISCH\"}]},{\"@type\":\"WebSite\",\"@id\":\"https:\/\/tonymora.com\/de\/#website\",\"url\":\"https:\/\/tonymora.com\/de\/\",\"name\":\"Tony Mora\u00ae Boots Official Store\",\"description\":\"Cowboy Boots\",\"publisher\":{\"@id\":\"https:\/\/tonymora.com\/de\/#organization\"},\"potentialAction\":[{\"@type\":\"SearchAction\",\"target\":{\"@type\":\"EntryPoint\",\"urlTemplate\":\"https:\/\/tonymora.com\/de\/?s={search_term_string}\"},\"query-input\":{\"@type\":\"PropertyValueSpecification\",\"valueRequired\":true,\"valueName\":\"search_term_string\"}}],\"inLanguage\":\"de\"},{\"@type\":\"Organization\",\"@id\":\"https:\/\/tonymora.com\/de\/#organization\",\"name\":\"Tony Mora Boots\",\"url\":\"https:\/\/tonymora.com\/de\/\",\"logo\":{\"@type\":\"ImageObject\",\"inLanguage\":\"de\",\"@id\":\"https:\/\/tonymora.com\/de\/#\/schema\/logo\/image\/\",\"url\":\"https:\/\/tonymora.com\/wp-content\/uploads\/2023\/12\/LOGO.jpg\",\"contentUrl\":\"https:\/\/tonymora.com\/wp-content\/uploads\/2023\/12\/LOGO.jpg\",\"width\":2272,\"height\":1411,\"caption\":\"Tony Mora Boots\"},\"image\":{\"@id\":\"https:\/\/tonymora.com\/de\/#\/schema\/logo\/image\/\"},\"sameAs\":[\"https:\/\/www.facebook.com\/Tonymoraofficial\/\",\"https:\/\/www.instagram.com\/tonymoraofficial\/?hl=es\"]}]}<\/script>\n<!-- \/ Yoast SEO plugin. -->","yoast_head_json":{"title":"Grauer G\u00fcrtel aus gepr\u00e4gtem Kalbsleder | Tony Mora","description":"Dunkelgrauer Kalbslederg\u00fcrtel mit handgefertigten Gravuren und einer Vintage-Schnalle. Ein stilvolles und unverwechselbares Accessoire f\u00fcr jeden Anlass.","robots":{"index":"index","follow":"follow","max-snippet":"max-snippet:-1","max-image-preview":"max-image-preview:large","max-video-preview":"max-video-preview:-1"},"canonical":"https:\/\/tonymora.com\/de\/produkt\/0086-graviertes-graues-kalbfleisch-2\/","og_locale":"de_DE","og_type":"article","og_title":"Grauer G\u00fcrtel aus gepr\u00e4gtem Kalbsleder | Tony Mora","og_description":"Dunkelgrauer Kalbslederg\u00fcrtel mit handgefertigten Gravuren und einer Vintage-Schnalle. Ein stilvolles und unverwechselbares Accessoire f\u00fcr jeden Anlass.","og_url":"https:\/\/tonymora.com\/de\/produkt\/0086-graviertes-graues-kalbfleisch-2\/","og_site_name":"Tony Mora\u00ae Boots Official Store","article_publisher":"https:\/\/www.facebook.com\/Tonymoraofficial\/","article_modified_time":"2025-08-01T07:13:30+00:00","og_image":[{"width":866,"height":1032,"url":"https:\/\/tonymora.com\/wp-content\/uploads\/2022\/09\/3-1.jpg","type":"image\/jpeg"}],"twitter_card":"summary_large_image","twitter_misc":{"Gesch\u00e4tzte Lesezeit":"1\u00a0Minute"},"schema":{"@context":"https:\/\/schema.org","@graph":[{"@type":"WebPage","@id":"https:\/\/tonymora.com\/de\/produkt\/0086-graviertes-graues-kalbfleisch-2\/","url":"https:\/\/tonymora.com\/de\/produkt\/0086-graviertes-graues-kalbfleisch-2\/","name":"Grauer G\u00fcrtel aus gepr\u00e4gtem Kalbsleder | Tony Mora","isPartOf":{"@id":"https:\/\/tonymora.com\/de\/#website"},"primaryImageOfPage":{"@id":"https:\/\/tonymora.com\/de\/produkt\/0086-graviertes-graues-kalbfleisch-2\/#primaryimage"},"image":{"@id":"https:\/\/tonymora.com\/de\/produkt\/0086-graviertes-graues-kalbfleisch-2\/#primaryimage"},"thumbnailUrl":"https:\/\/tonymora.com\/wp-content\/uploads\/2022\/09\/3-1.jpg","datePublished":"2024-04-22T10:19:16+00:00","dateModified":"2025-08-01T07:13:30+00:00","description":"Dunkelgrauer Kalbslederg\u00fcrtel mit handgefertigten Gravuren und einer Vintage-Schnalle. Ein stilvolles und unverwechselbares Accessoire f\u00fcr jeden Anlass.","breadcrumb":{"@id":"https:\/\/tonymora.com\/de\/produkt\/0086-graviertes-graues-kalbfleisch-2\/#breadcrumb"},"inLanguage":"de","potentialAction":[{"@type":"ReadAction","target":["https:\/\/tonymora.com\/de\/produkt\/0086-graviertes-graues-kalbfleisch-2\/"]}]},{"@type":"ImageObject","inLanguage":"de","@id":"https:\/\/tonymora.com\/de\/produkt\/0086-graviertes-graues-kalbfleisch-2\/#primaryimage","url":"https:\/\/tonymora.com\/wp-content\/uploads\/2022\/09\/3-1.jpg","contentUrl":"https:\/\/tonymora.com\/wp-content\/uploads\/2022\/09\/3-1.jpg","width":866,"height":1032,"caption":"Cintur\u00f3n gris grabado en piel de becerro"},{"@type":"BreadcrumbList","@id":"https:\/\/tonymora.com\/de\/produkt\/0086-graviertes-graues-kalbfleisch-2\/#breadcrumb","itemListElement":[{"@type":"ListItem","position":1,"name":"Portada","item":"https:\/\/tonymora.com\/de\/"},{"@type":"ListItem","position":2,"name":"Shop","item":"https:\/\/tonymora.com\/de\/shop\/"},{"@type":"ListItem","position":3,"name":"Lederg\u00fcrtel f\u00fcr Herren","item":"https:\/\/tonymora.com\/de\/produkt-kategorie\/lederguertel-fuer-herren\/"},{"@type":"ListItem","position":4,"name":"0086 GRAVIERTES GRAUES KALBFLEISCH"}]},{"@type":"WebSite","@id":"https:\/\/tonymora.com\/de\/#website","url":"https:\/\/tonymora.com\/de\/","name":"Tony Mora\u00ae Boots Official Store","description":"Cowboy Boots","publisher":{"@id":"https:\/\/tonymora.com\/de\/#organization"},"potentialAction":[{"@type":"SearchAction","target":{"@type":"EntryPoint","urlTemplate":"https:\/\/tonymora.com\/de\/?s={search_term_string}"},"query-input":{"@type":"PropertyValueSpecification","valueRequired":true,"valueName":"search_term_string"}}],"inLanguage":"de"},{"@type":"Organization","@id":"https:\/\/tonymora.com\/de\/#organization","name":"Tony Mora Boots","url":"https:\/\/tonymora.com\/de\/","logo":{"@type":"ImageObject","inLanguage":"de","@id":"https:\/\/tonymora.com\/de\/#\/schema\/logo\/image\/","url":"https:\/\/tonymora.com\/wp-content\/uploads\/2023\/12\/LOGO.jpg","contentUrl":"https:\/\/tonymora.com\/wp-content\/uploads\/2023\/12\/LOGO.jpg","width":2272,"height":1411,"caption":"Tony Mora Boots"},"image":{"@id":"https:\/\/tonymora.com\/de\/#\/schema\/logo\/image\/"},"sameAs":["https:\/\/www.facebook.com\/Tonymoraofficial\/","https:\/\/www.instagram.com\/tonymoraofficial\/?hl=es"]}]}},"_links":{"self":[{"href":"https:\/\/tonymora.com\/de\/wp-json\/wp\/v2\/product\/712492","targetHints":{"allow":["GET"]}}],"collection":[{"href":"https:\/\/tonymora.com\/de\/wp-json\/wp\/v2\/product"}],"about":[{"href":"https:\/\/tonymora.com\/de\/wp-json\/wp\/v2\/types\/product"}],"wp:featuredmedia":[{"embeddable":true,"href":"https:\/\/tonymora.com\/de\/wp-json\/wp\/v2\/media\/712134"}],"wp:attachment":[{"href":"https:\/\/tonymora.com\/de\/wp-json\/wp\/v2\/media?parent=712492"}],"wp:term":[{"taxonomy":"product_brand","embeddable":true,"href":"https:\/\/tonymora.com\/de\/wp-json\/wp\/v2\/product_brand?post=712492"},{"taxonomy":"product_cat","embeddable":true,"href":"https:\/\/tonymora.com\/de\/wp-json\/wp\/v2\/product_cat?post=712492"},{"taxonomy":"product_tag","embeddable":true,"href":"https:\/\/tonymora.com\/de\/wp-json\/wp\/v2\/product_tag?post=712492"}],"curies":[{"name":"wp","href":"https:\/\/api.w.org\/{rel}","templated":true}]}}